{"id":6,"date":"2020-11-16T09:00:43","date_gmt":"2020-11-16T07:00:43","guid":{"rendered":"https:\/\/blogi.eoppimispalvelut.fi\/matkailuntki\/?page_id=6"},"modified":"2025-01-21T15:24:49","modified_gmt":"2025-01-21T13:24:49","slug":"matkailun-tki","status":"publish","type":"page","link":"https:\/\/blogi.eoppimispalvelut.fi\/matkailuntki\/","title":{"rendered":"Matkailun TKI"},"content":{"rendered":"<p>[et_pb_section fb_built=&#8221;1&#8243; fullwidth=&#8221;on&#8221; _builder_version=&#8221;4.27.4&#8243; _module_preset=&#8221;default&#8221; box_shadow_style=&#8221;preset3&#8243; global_colors_info=&#8221;{}&#8221;][et_pb_fullwidth_menu menu_id=&#8221;none&#8221; fullwidth_menu=&#8221;off&#8221; active_link_color=&#8221;#000000&#8243; dropdown_menu_line_color=&#8221;#d1d2d4&#8243; _builder_version=&#8221;4.27.4&#8243; _module_preset=&#8221;default&#8221; menu_font=&#8221;Roboto|700|||||||&#8221; menu_text_color=&#8221;#404040&#8243; menu_font_size=&#8221;15px&#8221; custom_margin=&#8221;|||0px|false|false&#8221; global_colors_info=&#8221;{}&#8221;][\/et_pb_fullwidth_menu][et_pb_fullwidth_slider _builder_version=&#8221;4.16&#8243; _module_preset=&#8221;default&#8221; global_colors_info=&#8221;{}&#8221;][et_pb_slide _builder_version=&#8221;4.16&#8243; _module_preset=&#8221;default&#8221; background_image=&#8221;https:\/\/blogi.eoppimispalvelut.fi\/matkailuntki\/files\/2022\/03\/MTI_koulutuskuvia_2019_Juho_Uutela-10-scaled.jpg&#8221; background_enable_image=&#8221;on&#8221; global_colors_info=&#8221;{}&#8221; sticky_transition=&#8221;on&#8221;][\/et_pb_slide][et_pb_slide _builder_version=&#8221;4.16&#8243; _module_preset=&#8221;default&#8221; background_image=&#8221;https:\/\/blogi.eoppimispalvelut.fi\/matkailuntki\/files\/2020\/11\/slide3.jpg&#8221; background_enable_image=&#8221;on&#8221; background_position=&#8221;top_center&#8221; global_colors_info=&#8221;{}&#8221; sticky_transition=&#8221;on&#8221;][\/et_pb_slide][et_pb_slide _builder_version=&#8221;4.16&#8243; _module_preset=&#8221;default&#8221; header_text_align=&#8221;left&#8221; background_image=&#8221;https:\/\/blogi.eoppimispalvelut.fi\/matkailuntki\/files\/2022\/03\/MTI_koulutuskuvia_2019_Juho_Uutela-13-scaled.jpg&#8221; background_enable_image=&#8221;on&#8221; background_position=&#8221;bottom_center&#8221; button_alignment=&#8221;left&#8221; global_colors_info=&#8221;{}&#8221; sticky_transition=&#8221;on&#8221;][\/et_pb_slide][\/et_pb_fullwidth_slider][\/et_pb_section][et_pb_section fb_built=&#8221;1&#8243; admin_label=&#8221;section&#8221; _builder_version=&#8221;4.16&#8243; global_colors_info=&#8221;{}&#8221;][et_pb_row admin_label=&#8221;row&#8221; _builder_version=&#8221;4.16&#8243; background_size=&#8221;initial&#8221; background_position=&#8221;top_left&#8221; background_repeat=&#8221;repeat&#8221; width=&#8221;57.7%&#8221; custom_padding=&#8221;8px|||||&#8221; global_colors_info=&#8221;{}&#8221;][et_pb_column type=&#8221;4_4&#8243; _builder_version=&#8221;4.16&#8243; custom_padding=&#8221;|||&#8221; global_colors_info=&#8221;{}&#8221; custom_padding__hover=&#8221;|||&#8221;][et_pb_text admin_label=&#8221;Text&#8221; _builder_version=&#8221;4.27.4&#8243; text_font=&#8221;Overpass||||||||&#8221; text_font_size=&#8221;16px&#8221; header_text_color=&#8221;#404040&#8243; header_font_size=&#8221;38px&#8221; background_size=&#8221;initial&#8221; background_position=&#8221;top_left&#8221; background_repeat=&#8221;repeat&#8221; global_colors_info=&#8221;{}&#8221;]<\/p>\n<h1>Tervetuloa Lapin ammattikorkeakoulun matkailun TKI-sivulle!<span style=\"font-size: 16px\">\u00a0<\/span><\/h1>\n<p><em><\/em><\/p>\n<p style=\"text-align: justify\">Tarjoamme matkailualan toimijoille monipuolisesti tutkimus-, kehitys- ja innovaatiopalveluita (TKI). Toimintamme tukee vahvasti Lapin korkeakoulukonsernin (LUC) kest\u00e4v\u00e4n matkailun strategista painoalaa ja toteutamme hanketoiminnassamme YK:n kest\u00e4v\u00e4n kehityksen tavoitteita.<\/p>\n<p style=\"text-align: justify\">Vahvoja osaamisalueitamme ovat\u00a0 matkailun vastuullisuus, turvallisuus ja ennakointi, aluetalousvaikutusten mittaaminen sek\u00e4 matkailun\u00a0 liiketoiminnan kehitt\u00e4minen. Kehitt\u00e4misen l\u00e4pileikkaavina teemoina ovat kest\u00e4v\u00e4 kehitys, digitalisaatio ja tiedolla johtaminen.<\/p>\n<p>[\/et_pb_text][\/et_pb_column][\/et_pb_row][\/et_pb_section][et_pb_section fb_built=&#8221;1&#8243; inner_shadow=&#8221;on&#8221; _builder_version=&#8221;4.27.2&#8243; _module_preset=&#8221;default&#8221; custom_margin=&#8221;0px|1px|0px|1px|false|false&#8221; custom_padding=&#8221;0px|0px|0px|0px|true|true&#8221; global_colors_info=&#8221;{}&#8221;][et_pb_row column_structure=&#8221;1_2,1_2&#8243; use_custom_gutter=&#8221;on&#8221; gutter_width=&#8221;1&#8243; _builder_version=&#8221;4.27.2&#8243; _module_preset=&#8221;default&#8221; background_color=&#8221;rgba(255,220,214,0.6)&#8221; width=&#8221;100%&#8221; max_width=&#8221;2560px&#8221; custom_padding=&#8221;0px|0px|0px|0px|true|true&#8221; global_colors_info=&#8221;{}&#8221;][et_pb_column type=&#8221;1_2&#8243; _builder_version=&#8221;4.27.2&#8243; _module_preset=&#8221;default&#8221; global_colors_info=&#8221;{}&#8221;][et_pb_image src=&#8221;https:\/\/blogi.eoppimispalvelut.fi\/matkailuntki\/files\/2022\/04\/MTI_koulutuskuvia_2019_Juho_Uutela-62-scaled.jpg&#8221; title_text=&#8221;MTI kuvat, vain MTI k\u00e4ytt\u00f6\u00f6n&#8221; _builder_version=&#8221;4.27.2&#8243; _module_preset=&#8221;default&#8221; global_colors_info=&#8221;{}&#8221;][\/et_pb_image][\/et_pb_column][et_pb_column type=&#8221;1_2&#8243; _builder_version=&#8221;4.27.2&#8243; _module_preset=&#8221;default&#8221; global_colors_info=&#8221;{}&#8221;][et_pb_text _builder_version=&#8221;4.27.4&#8243; _module_preset=&#8221;default&#8221; text_font=&#8221;Overpass||||||||&#8221; text_text_color=&#8221;#404040&#8243; header_text_color=&#8221;#404040&#8243; custom_margin=&#8221;20%||||false|false&#8221; global_colors_info=&#8221;{}&#8221;]<\/p>\n<h1 style=\"text-align: center\"><strong>Tutkimus- ja kehitt\u00e4misty\u00f6mme<\/strong><\/h1>\n<p>[\/et_pb_text][et_pb_button button_url=&#8221;https:\/\/blogi.eoppimispalvelut.fi\/matkailuntki\/kehittamishankkeita\/&#8221; url_new_window=&#8221;on&#8221; button_text=&#8221;Tutustu&#8221; button_alignment=&#8221;center&#8221; _builder_version=&#8221;4.27.2&#8243; _module_preset=&#8221;default&#8221; custom_button=&#8221;on&#8221; button_text_color=&#8221;#000000&#8243; button_border_radius=&#8221;7px&#8221; button_font=&#8221;Overpass||||||||&#8221; custom_margin=&#8221;5%||||false|false&#8221; global_colors_info=&#8221;{}&#8221;][\/et_pb_button][\/et_pb_column][\/et_pb_row][et_pb_row column_structure=&#8221;1_2,1_2&#8243; use_custom_gutter=&#8221;on&#8221; gutter_width=&#8221;1&#8243; _builder_version=&#8221;4.27.2&#8243; _module_preset=&#8221;default&#8221; background_color=&#8221;rgba(168,168,168,0.11)&#8221; width=&#8221;100%&#8221; max_width=&#8221;2560px&#8221; custom_padding=&#8221;0px|0px|0px|0px|true|true&#8221; global_colors_info=&#8221;{}&#8221;][et_pb_column type=&#8221;1_2&#8243; _builder_version=&#8221;4.27.2&#8243; _module_preset=&#8221;default&#8221; global_colors_info=&#8221;{}&#8221;][et_pb_text _builder_version=&#8221;4.27.4&#8243; _module_preset=&#8221;default&#8221; text_font=&#8221;Overpass|700|||||||&#8221; text_text_color=&#8221;#404040&#8243; header_text_color=&#8221;#404040&#8243; custom_margin=&#8221;20%||||false|false&#8221; global_colors_info=&#8221;{}&#8221;]<\/p>\n<h1 style=\"text-align: center\"><span style=\"color: #000000\"><strong>Tapaa asiantuntijamme<\/strong><\/span><\/h1>\n<p>[\/et_pb_text][et_pb_button button_url=&#8221;https:\/\/blogi.eoppimispalvelut.fi\/matkailuntki\/henkilosto-ota-yhteytta\/&#8221; url_new_window=&#8221;on&#8221; button_text=&#8221;Tutustu&#8221; button_alignment=&#8221;center&#8221; _builder_version=&#8221;4.27.2&#8243; _module_preset=&#8221;default&#8221; custom_button=&#8221;on&#8221; button_text_color=&#8221;#000000&#8243; button_border_radius=&#8221;7px&#8221; button_font=&#8221;Overpass||||||||&#8221; custom_margin=&#8221;5%||||false|false&#8221; global_colors_info=&#8221;{}&#8221;][\/et_pb_button][\/et_pb_column][et_pb_column type=&#8221;1_2&#8243; _builder_version=&#8221;4.27.2&#8243; _module_preset=&#8221;default&#8221; global_colors_info=&#8221;{}&#8221;][et_pb_image src=&#8221;https:\/\/blogi.eoppimispalvelut.fi\/matkailuntki\/files\/2024\/11\/MTI_Lumikenkaily_2022_Juho_Uutela-6.jpg&#8221; title_text=&#8221;MTI_Lumikenkaily_2022_Juho_Uutela-6&#8243; _builder_version=&#8221;4.27.2&#8243; _module_preset=&#8221;default&#8221; background_image=&#8221;https:\/\/blogi.eoppimispalvelut.fi\/matkailuntki\/files\/2024\/11\/MTI_Lumikenkaily_2022_Juho_Uutela-6.jpg&#8221; global_colors_info=&#8221;{}&#8221;][\/et_pb_image][\/et_pb_column][\/et_pb_row][\/et_pb_section][et_pb_section fb_built=&#8221;1&#8243; inner_shadow=&#8221;on&#8221; _builder_version=&#8221;4.27.2&#8243; _module_preset=&#8221;default&#8221; custom_margin=&#8221;0px|1px|0px|1px|false|false&#8221; custom_padding=&#8221;0px|0px|0px|0px|true|true&#8221; global_colors_info=&#8221;{}&#8221;][et_pb_row column_structure=&#8221;1_2,1_2&#8243; use_custom_gutter=&#8221;on&#8221; gutter_width=&#8221;1&#8243; _builder_version=&#8221;4.27.2&#8243; _module_preset=&#8221;default&#8221; background_color=&#8221;rgba(177,212,237,0.17)&#8221; width=&#8221;100%&#8221; max_width=&#8221;2560px&#8221; custom_padding=&#8221;0px|0px|0px|0px|true|true&#8221; global_colors_info=&#8221;{}&#8221;][et_pb_column type=&#8221;1_2&#8243; _builder_version=&#8221;4.27.2&#8243; _module_preset=&#8221;default&#8221; global_colors_info=&#8221;{}&#8221;][et_pb_image src=&#8221;https:\/\/blogi.eoppimispalvelut.fi\/matkailuntki\/files\/2024\/11\/MTI_Ilmakuvat_2022_Juho_Uutela-25.jpg&#8221; title_text=&#8221;MTI_Ilmakuvat_2022_Juho_Uutela-25&#8243; _builder_version=&#8221;4.27.2&#8243; _module_preset=&#8221;default&#8221; global_colors_info=&#8221;{}&#8221;][\/et_pb_image][\/et_pb_column][et_pb_column type=&#8221;1_2&#8243; _builder_version=&#8221;4.27.2&#8243; _module_preset=&#8221;default&#8221; global_colors_info=&#8221;{}&#8221;][et_pb_text _builder_version=&#8221;4.27.4&#8243; _module_preset=&#8221;default&#8221; text_font=&#8221;Overpass||||||||&#8221; text_text_color=&#8221;#404040&#8243; header_text_color=&#8221;#404040&#8243; custom_margin=&#8221;20%||||false|false&#8221; global_colors_info=&#8221;{}&#8221;]<\/p>\n<h1 style=\"text-align: center\"><strong>Palvelumme<\/strong><\/h1>\n<p>[\/et_pb_text][et_pb_button button_url=&#8221;https:\/\/blogi.eoppimispalvelut.fi\/matkailuntki\/palvelumme\/&#8221; url_new_window=&#8221;on&#8221; button_text=&#8221;Tutustu&#8221; button_alignment=&#8221;center&#8221; _builder_version=&#8221;4.27.4&#8243; _module_preset=&#8221;default&#8221; custom_button=&#8221;on&#8221; button_text_color=&#8221;#000000&#8243; button_border_radius=&#8221;7px&#8221; button_font=&#8221;Overpass||||||||&#8221; custom_margin=&#8221;5%||||false|false&#8221; global_colors_info=&#8221;{}&#8221;][\/et_pb_button][\/et_pb_column][\/et_pb_row][\/et_pb_section]<\/p>\n","protected":false},"excerpt":{"rendered":"<p>Tervetuloa Lapin ammattikorkeakoulun matkailun TKI-sivulle!\u00a0 Tarjoamme matkailualan toimijoille monipuolisesti tutkimus-, kehitys- ja innovaatiopalveluita (TKI). Toimintamme tukee vahvasti Lapin korkeakoulukonsernin (LUC) kest\u00e4v\u00e4n matkailun strategista painoalaa ja toteutamme hanketoiminnassamme YK:n kest\u00e4v\u00e4n kehityksen tavoitteita. Vahvoja osaamisalueitamme ovat\u00a0 matkailun vastuullisuus, turvallisuus ja ennakointi, aluetalousvaikutusten mittaaminen sek\u00e4 matkailun\u00a0 liiketoiminnan kehitt\u00e4minen. Kehitt\u00e4misen l\u00e4pileikkaavina teemoina ovat kest\u00e4v\u00e4 kehitys, digitalisaatio ja tiedolla johtaminen.Tutkimus- [&hellip;]<\/p>\n","protected":false},"author":1613,"featured_media":0,"parent":0,"menu_order":0,"comment_status":"closed","ping_status":"closed","template":"","meta":{"_et_pb_use_builder":"on","_et_pb_old_content":"<strong>Matkailun\u00a0kehitt\u00e4minen\u00a0<\/strong>\r\n\r\nPalveluita\u00a0matkailutoimijoille\r\n\r\n<span data-contrast=\"none\">Tarjoamme\u00a0<\/span><span data-contrast=\"none\">asiakkaillemme<\/span><span data-contrast=\"none\">\u00a0<\/span><span data-contrast=\"none\">asiantuntija<\/span><span data-contrast=\"none\">-,\u00a0<\/span><span data-contrast=\"none\">koulutus<\/span><span data-contrast=\"none\">-,\u00a0<\/span><span data-contrast=\"none\">tutkimus<\/span><span data-contrast=\"none\">- ja\u00a0<\/span><span data-contrast=\"none\">kehitt\u00e4mispalveluita<\/span><span data-contrast=\"none\">.\u00a0<\/span><span data-contrast=\"none\">Palveluntarjoajana<\/span><span data-contrast=\"none\">\u00a0<\/span><span data-contrast=\"none\">ehdoton<\/span><span data-contrast=\"none\">\u00a0<\/span><span data-contrast=\"none\">vahvuutemme<\/span><span data-contrast=\"none\">\u00a0on\u00a0<\/span><span data-contrast=\"none\">matkailualan<\/span><span data-contrast=\"none\">\u00a0<\/span><span data-contrast=\"none\">monipuolinen<\/span><span data-contrast=\"none\">\u00a0<\/span><span data-contrast=\"none\">osaaminen<\/span><span data-contrast=\"none\">\u00a0-\u00a0<\/span><span data-contrast=\"none\">yhdist\u00e4mme<\/span><span data-contrast=\"none\">\u00a0<\/span><span data-contrast=\"none\">toiminnassamme<\/span><span data-contrast=\"none\">\u00a0<\/span><span data-contrast=\"none\">eri<\/span><span data-contrast=\"none\">\u00a0<\/span><span data-contrast=\"none\">koulutusasteiden<\/span><span data-contrast=\"none\">\u00a0<\/span><span data-contrast=\"none\">n\u00e4k\u00f6kulmat<\/span><span data-contrast=\"none\">\u00a0ja\u00a0<\/span><span data-contrast=\"none\">pedagogisen<\/span><span data-contrast=\"none\">\u00a0<\/span><span data-contrast=\"none\">osaamisen<\/span><span data-contrast=\"none\">,\u00a0<\/span><span data-contrast=\"none\">tuoreimmat<\/span><span data-contrast=\"none\">\u00a0<\/span><span data-contrast=\"none\">tutkimustiedot<\/span><span data-contrast=\"none\">\u00a0ja\u00a0<\/span><span data-contrast=\"none\">hankeosaamisen<\/span><span data-contrast=\"none\">.\u00a0<\/span><span data-contrast=\"none\">Tarjoamme<\/span><span data-contrast=\"none\">\u00a0<\/span><span data-contrast=\"none\">monipuolisia<\/span><span data-contrast=\"none\">\u00a0<\/span><span data-contrast=\"none\">matkailualan<\/span><span data-contrast=\"none\">\u00a0<\/span><span data-contrast=\"none\">koulutuspalveluita<\/span><span data-contrast=\"none\">\u00a0ja\u00a0<\/span><span data-contrast=\"none\">tuottamme<\/span><span data-contrast=\"none\">\u00a0<\/span><span data-contrast=\"none\">ammattitaitoista<\/span><span data-contrast=\"none\">\u00a0ja\u00a0<\/span><span data-contrast=\"none\">osaavaa<\/span><span data-contrast=\"none\">\u00a0<\/span><span data-contrast=\"none\">ty\u00f6voimaa<\/span><span data-contrast=\"none\">.<\/span><span data-ccp-props=\"{&quot;201341983&quot;:0,&quot;335559739&quot;:160,&quot;335559740&quot;:259}\">\u00a0<\/span>\r\n\r\n<span data-ccp-props=\"{&quot;201341983&quot;:0,&quot;335559739&quot;:160,&quot;335559740&quot;:259}\">\u00a0<\/span>\r\n\r\n<span data-contrast=\"none\">Tutustu: <\/span><span data-ccp-props=\"{&quot;201341983&quot;:0,&quot;335559739&quot;:160,&quot;335559740&quot;:259}\">\u00a0<\/span>\r\n<ul>\r\n \t<li><span data-contrast=\"none\">Kehitt\u00e4mishankkeet\u00a0(LINKKI\u00a0sivulle)<\/span><span data-ccp-props=\"{&quot;201341983&quot;:0,&quot;335559739&quot;:160,&quot;335559740&quot;:259}\">\u00a0<\/span><\/li>\r\n \t<li><span data-contrast=\"none\">Ty\u00f6kaluja<\/span><span data-contrast=\"none\">\u00a0<\/span><span data-contrast=\"none\">matkailun<\/span><span data-contrast=\"none\">\u00a0<\/span><span data-contrast=\"none\">kehitt\u00e4misen<\/span><span data-contrast=\"none\">\u00a0<\/span><span data-contrast=\"none\">t<\/span><span data-contrast=\"none\">ueksi<\/span><span data-contrast=\"none\">\u00a0(<\/span><span data-contrast=\"none\">linkki<\/span><span data-contrast=\"none\">\u00a0<\/span><span data-contrast=\"none\">ty\u00f6kalut-sivulle<\/span><span data-contrast=\"none\">)<\/span><span data-ccp-props=\"{&quot;201341983&quot;:0,&quot;335559739&quot;:160,&quot;335559740&quot;:259}\">\u00a0<\/span><\/li>\r\n \t<li><span data-contrast=\"none\">Asiantuntijamme<\/span><span data-contrast=\"none\">\u00a0(<\/span><span data-contrast=\"none\">Linkki<\/span><span data-contrast=\"none\">\u00a0<\/span><span data-contrast=\"none\">ota<\/span><span data-contrast=\"none\">\u00a0yhteytt\u00e4-sivulle)<\/span><span data-ccp-props=\"{&quot;201341983&quot;:0,&quot;335559739&quot;:160,&quot;335559740&quot;:259}\">\u00a0<\/span><\/li>\r\n \t<li><span data-contrast=\"none\">Lapin\u00a0<\/span><span data-contrast=\"none\">korkeakoulukonsernin<\/span><span data-contrast=\"none\">\u00a0<\/span><span data-contrast=\"none\">Kest\u00e4v\u00e4<\/span><span data-contrast=\"none\">\u00a0<\/span><span data-contrast=\"none\">matkailu<\/span><span data-contrast=\"none\">\u00a0<\/span><span data-contrast=\"none\">strateginen<\/span><span data-contrast=\"none\">\u00a0painoala<\/span><span data-ccp-props=\"{&quot;201341983&quot;:0,&quot;335559739&quot;:160,&quot;335559740&quot;:259}\">\u00a0<\/span><\/li>\r\n<\/ul>","_et_gb_content_width":"","footnotes":""},"class_list":["post-6","page","type-page","status-publish","hentry"],"yoast_head":"<!-- This site is optimized with the Yoast SEO plugin v27.1.1 - https:\/\/yoast.com\/product\/yoast-seo-wordpress\/ -->\n<title>Matkailun TKI -<\/title>\n<meta name=\"robots\" content=\"index, follow, max-snippet:-1, max-image-preview:large, max-video-preview:-1\" \/>\n<link rel=\"canonical\" href=\"https:\/\/blogi.eoppimispalvelut.fi\/matkailuntki\/\" \/>\n<meta property=\"og:locale\" content=\"fi_FI\" \/>\n<meta property=\"og:type\" content=\"article\" \/>\n<meta property=\"og:title\" content=\"Matkailun TKI -\" \/>\n<meta property=\"og:description\" content=\"Tervetuloa Lapin ammattikorkeakoulun matkailun TKI-sivulle!\u00a0 Tarjoamme matkailualan toimijoille monipuolisesti tutkimus-, kehitys- ja innovaatiopalveluita (TKI). Toimintamme tukee vahvasti Lapin korkeakoulukonsernin (LUC) kest\u00e4v\u00e4n matkailun strategista painoalaa ja toteutamme hanketoiminnassamme YK:n kest\u00e4v\u00e4n kehityksen tavoitteita. Vahvoja osaamisalueitamme ovat\u00a0 matkailun vastuullisuus, turvallisuus ja ennakointi, aluetalousvaikutusten mittaaminen sek\u00e4 matkailun\u00a0 liiketoiminnan kehitt\u00e4minen. Kehitt\u00e4misen l\u00e4pileikkaavina teemoina ovat kest\u00e4v\u00e4 kehitys, digitalisaatio ja tiedolla johtaminen.Tutkimus- [&hellip;]\" \/>\n<meta property=\"og:url\" content=\"https:\/\/blogi.eoppimispalvelut.fi\/matkailuntki\/\" \/>\n<meta property=\"article:modified_time\" content=\"2025-01-21T13:24:49+00:00\" \/>\n<meta name=\"twitter:card\" content=\"summary_large_image\" \/>\n<meta name=\"twitter:label1\" content=\"Est. reading time\" \/>\n\t<meta name=\"twitter:data1\" content=\"5 minutes\" \/>\n<script type=\"application\/ld+json\" class=\"yoast-schema-graph\">{\"@context\":\"https:\/\/schema.org\",\"@graph\":[{\"@type\":\"WebPage\",\"@id\":\"https:\/\/blogi.eoppimispalvelut.fi\/matkailuntki\/\",\"url\":\"https:\/\/blogi.eoppimispalvelut.fi\/matkailuntki\/\",\"name\":\"Matkailun TKI -\",\"isPartOf\":{\"@id\":\"https:\/\/blogi.eoppimispalvelut.fi\/matkailuntki\/#website\"},\"datePublished\":\"2020-11-16T07:00:43+00:00\",\"dateModified\":\"2025-01-21T13:24:49+00:00\",\"breadcrumb\":{\"@id\":\"https:\/\/blogi.eoppimispalvelut.fi\/matkailuntki\/#breadcrumb\"},\"inLanguage\":\"fi\",\"potentialAction\":[{\"@type\":\"ReadAction\",\"target\":[\"https:\/\/blogi.eoppimispalvelut.fi\/matkailuntki\/\"]}]},{\"@type\":\"BreadcrumbList\",\"@id\":\"https:\/\/blogi.eoppimispalvelut.fi\/matkailuntki\/#breadcrumb\",\"itemListElement\":[{\"@type\":\"ListItem\",\"position\":1,\"name\":\"Home\",\"item\":\"https:\/\/blogi.eoppimispalvelut.fi\/matkailuntki\/\"},{\"@type\":\"ListItem\",\"position\":2,\"name\":\"Matkailun TKI\"}]},{\"@type\":\"WebSite\",\"@id\":\"https:\/\/blogi.eoppimispalvelut.fi\/matkailuntki\/#website\",\"url\":\"https:\/\/blogi.eoppimispalvelut.fi\/matkailuntki\/\",\"name\":\"\",\"description\":\"\",\"potentialAction\":[{\"@type\":\"SearchAction\",\"target\":{\"@type\":\"EntryPoint\",\"urlTemplate\":\"https:\/\/blogi.eoppimispalvelut.fi\/matkailuntki\/?s={search_term_string}\"},\"query-input\":{\"@type\":\"PropertyValueSpecification\",\"valueRequired\":true,\"valueName\":\"search_term_string\"}}],\"inLanguage\":\"fi\"}]}<\/script>\n<!-- \/ Yoast SEO plugin. -->","yoast_head_json":{"title":"Matkailun TKI -","robots":{"index":"index","follow":"follow","max-snippet":"max-snippet:-1","max-image-preview":"max-image-preview:large","max-video-preview":"max-video-preview:-1"},"canonical":"https:\/\/blogi.eoppimispalvelut.fi\/matkailuntki\/","og_locale":"fi_FI","og_type":"article","og_title":"Matkailun TKI -","og_description":"Tervetuloa Lapin ammattikorkeakoulun matkailun TKI-sivulle!\u00a0 Tarjoamme matkailualan toimijoille monipuolisesti tutkimus-, kehitys- ja innovaatiopalveluita (TKI). Toimintamme tukee vahvasti Lapin korkeakoulukonsernin (LUC) kest\u00e4v\u00e4n matkailun strategista painoalaa ja toteutamme hanketoiminnassamme YK:n kest\u00e4v\u00e4n kehityksen tavoitteita. Vahvoja osaamisalueitamme ovat\u00a0 matkailun vastuullisuus, turvallisuus ja ennakointi, aluetalousvaikutusten mittaaminen sek\u00e4 matkailun\u00a0 liiketoiminnan kehitt\u00e4minen. Kehitt\u00e4misen l\u00e4pileikkaavina teemoina ovat kest\u00e4v\u00e4 kehitys, digitalisaatio ja tiedolla johtaminen.Tutkimus- [&hellip;]","og_url":"https:\/\/blogi.eoppimispalvelut.fi\/matkailuntki\/","article_modified_time":"2025-01-21T13:24:49+00:00","twitter_card":"summary_large_image","twitter_misc":{"Est. reading time":"5 minutes"},"schema":{"@context":"https:\/\/schema.org","@graph":[{"@type":"WebPage","@id":"https:\/\/blogi.eoppimispalvelut.fi\/matkailuntki\/","url":"https:\/\/blogi.eoppimispalvelut.fi\/matkailuntki\/","name":"Matkailun TKI -","isPartOf":{"@id":"https:\/\/blogi.eoppimispalvelut.fi\/matkailuntki\/#website"},"datePublished":"2020-11-16T07:00:43+00:00","dateModified":"2025-01-21T13:24:49+00:00","breadcrumb":{"@id":"https:\/\/blogi.eoppimispalvelut.fi\/matkailuntki\/#breadcrumb"},"inLanguage":"fi","potentialAction":[{"@type":"ReadAction","target":["https:\/\/blogi.eoppimispalvelut.fi\/matkailuntki\/"]}]},{"@type":"BreadcrumbList","@id":"https:\/\/blogi.eoppimispalvelut.fi\/matkailuntki\/#breadcrumb","itemListElement":[{"@type":"ListItem","position":1,"name":"Home","item":"https:\/\/blogi.eoppimispalvelut.fi\/matkailuntki\/"},{"@type":"ListItem","position":2,"name":"Matkailun TKI"}]},{"@type":"WebSite","@id":"https:\/\/blogi.eoppimispalvelut.fi\/matkailuntki\/#website","url":"https:\/\/blogi.eoppimispalvelut.fi\/matkailuntki\/","name":"","description":"","potentialAction":[{"@type":"SearchAction","target":{"@type":"EntryPoint","urlTemplate":"https:\/\/blogi.eoppimispalvelut.fi\/matkailuntki\/?s={search_term_string}"},"query-input":{"@type":"PropertyValueSpecification","valueRequired":true,"valueName":"search_term_string"}}],"inLanguage":"fi"}]}},"jetpack_sharing_enabled":true,"_links":{"self":[{"href":"https:\/\/blogi.eoppimispalvelut.fi\/matkailuntki\/wp-json\/wp\/v2\/pages\/6","targetHints":{"allow":["GET"]}}],"collection":[{"href":"https:\/\/blogi.eoppimispalvelut.fi\/matkailuntki\/wp-json\/wp\/v2\/pages"}],"about":[{"href":"https:\/\/blogi.eoppimispalvelut.fi\/matkailuntki\/wp-json\/wp\/v2\/types\/page"}],"author":[{"embeddable":true,"href":"https:\/\/blogi.eoppimispalvelut.fi\/matkailuntki\/wp-json\/wp\/v2\/users\/1613"}],"replies":[{"embeddable":true,"href":"https:\/\/blogi.eoppimispalvelut.fi\/matkailuntki\/wp-json\/wp\/v2\/comments?post=6"}],"version-history":[{"count":53,"href":"https:\/\/blogi.eoppimispalvelut.fi\/matkailuntki\/wp-json\/wp\/v2\/pages\/6\/revisions"}],"predecessor-version":[{"id":1621,"href":"https:\/\/blogi.eoppimispalvelut.fi\/matkailuntki\/wp-json\/wp\/v2\/pages\/6\/revisions\/1621"}],"wp:attachment":[{"href":"https:\/\/blogi.eoppimispalvelut.fi\/matkailuntki\/wp-json\/wp\/v2\/media?parent=6"}],"curies":[{"name":"wp","href":"https:\/\/api.w.org\/{rel}","templated":true}]}}