{"id":2,"date":"2022-12-23T13:47:00","date_gmt":"2022-12-23T11:47:00","guid":{"rendered":"https:\/\/blogi.eoppimispalvelut.fi\/matrix1\/?page_id=2"},"modified":"2023-12-04T15:47:43","modified_gmt":"2023-12-04T13:47:43","slug":"esimerkkisivu","status":"publish","type":"page","link":"https:\/\/blogi.eoppimispalvelut.fi\/matrix1\/","title":{"rendered":"Etusivu"},"content":{"rendered":"<p>[et_pb_section fb_built=&#8221;1&#8243; admin_label=&#8221;About&#8221; _builder_version=&#8221;4.18.0&#8243; background_image=&#8221;https:\/\/blogi.eoppimispalvelut.fi\/matrix1\/files\/2022\/12\/Nettisivu-ylapalkki-2-scaled.jpg&#8221; background_size=&#8221;contain&#8221; min_height=&#8221;485px&#8221; height=&#8221;511px&#8221; max_height=&#8221;356px&#8221; custom_padding=&#8221;68px||70px|||&#8221; global_colors_info=&#8221;{}&#8221;][et_pb_row _builder_version=&#8221;4.18.0&#8243; _module_preset=&#8221;default&#8221; min_height=&#8221;107.9px&#8221; custom_margin=&#8221;45px|auto||auto||&#8221; custom_padding=&#8221;||81px|311px||&#8221; global_colors_info=&#8221;{}&#8221;][et_pb_column type=&#8221;4_4&#8243; _builder_version=&#8221;4.18.0&#8243; _module_preset=&#8221;default&#8221; global_colors_info=&#8221;{}&#8221;][et_pb_text _builder_version=&#8221;4.18.0&#8243; _module_preset=&#8221;default&#8221; width=&#8221;100%&#8221; custom_padding=&#8221;|||0px||&#8221; global_colors_info=&#8221;{}&#8221;]<\/p>\n<h1><span style=\"color: #ffffff\">Matkailuyritysten riskienarvioinnin ja kriisinhallinnan konseptointi osana strategista johtamista (Matrix 1)<\/span><\/h1>\n<p>[\/et_pb_text][\/et_pb_column][\/et_pb_row][\/et_pb_section][et_pb_section fb_built=&#8221;1&#8243; specialty=&#8221;on&#8221; padding_top_1=&#8221;6vw&#8221; admin_label=&#8221;Why Choose Us&#8221; _builder_version=&#8221;4.18.0&#8243; inner_width=&#8221;100%&#8221; inner_max_width=&#8221;100%&#8221; custom_margin=&#8221;||-116px|||&#8221; custom_padding=&#8221;|||10%|false|false&#8221; use_custom_width=&#8221;on&#8221; width_unit=&#8221;off&#8221; custom_width_percent=&#8221;100%&#8221; global_colors_info=&#8221;{}&#8221;][et_pb_column type=&#8221;1_2&#8243; specialty_columns=&#8221;2&#8243; _builder_version=&#8221;4.16&#8243; custom_padding=&#8221;|||&#8221; global_colors_info=&#8221;{}&#8221; padding_top__hover=&#8221;6vw&#8221; parallax__hover=&#8221;off&#8221; parallax_method__hover=&#8221;on&#8221; custom_padding__hover=&#8221;|||&#8221;][et_pb_row_inner column_structure=&#8221;1_2,1_2&#8243; _builder_version=&#8221;4.18.0&#8243; width=&#8221;100%&#8221; custom_margin=&#8221;-95px||-94px|||&#8221; custom_padding=&#8221;0|0px|0|0px|false|false&#8221; global_colors_info=&#8221;{}&#8221;][et_pb_column_inner type=&#8221;1_2&#8243; saved_specialty_column_type=&#8221;1_2&#8243; _builder_version=&#8221;4.16&#8243; custom_padding=&#8221;|||&#8221; global_colors_info=&#8221;{}&#8221; parallax__hover=&#8221;off&#8221; parallax_method__hover=&#8221;on&#8221; custom_padding__hover=&#8221;|||&#8221;][et_pb_blurb title=&#8221;Selvitettiin olemassa olevat riskienarvioinnin ja kriisijohtamisen mallit ja k\u00e4yt\u00e4nteet&#8221; use_icon=&#8221;on&#8221; font_icon=&#8221;&#x4e;||divi||400&#8243; icon_color=&#8221;#ffb337&#8243; icon_placement=&#8221;left&#8221; image_icon_width=&#8221;28px&#8221; content_max_width=&#8221;1100px&#8221; _builder_version=&#8221;4.20.4&#8243; header_font=&#8221;Lato||||||||&#8221; header_font_size=&#8221;16px&#8221; header_line_height=&#8221;1.6em&#8221; width=&#8221;100%&#8221; custom_margin=&#8221;||10px&#8221; animation_style=&#8221;slide&#8221; animation_direction=&#8221;left&#8221; animation_intensity_slide=&#8221;5%&#8221; animation=&#8221;off&#8221; hover_enabled=&#8221;0&#8243; icon_font_size=&#8221;28px&#8221; locked=&#8221;off&#8221; global_colors_info=&#8221;{}&#8221; sticky_enabled=&#8221;0&#8243;][\/et_pb_blurb][et_pb_blurb title=&#8221;Kartoitettiin Lapin matkailuelinkeinon muutostarpeet&#8221; use_icon=&#8221;on&#8221; font_icon=&#8221;&#x4e;||divi||400&#8243; icon_color=&#8221;#ffb337&#8243; icon_placement=&#8221;left&#8221; image_icon_width=&#8221;28px&#8221; content_max_width=&#8221;1100px&#8221; _builder_version=&#8221;4.20.4&#8243; header_font=&#8221;Lato||||||||&#8221; header_font_size=&#8221;16px&#8221; header_line_height=&#8221;1.6em&#8221; custom_margin=&#8221;||10px&#8221; custom_padding=&#8221;|0px||||&#8221; animation_style=&#8221;slide&#8221; animation_direction=&#8221;left&#8221; animation_intensity_slide=&#8221;5%&#8221; animation=&#8221;off&#8221; hover_enabled=&#8221;0&#8243; icon_font_size=&#8221;28px&#8221; locked=&#8221;off&#8221; global_colors_info=&#8221;{}&#8221; sticky_enabled=&#8221;0&#8243;][\/et_pb_blurb][et_pb_blurb title=&#8221;Analysoitiin tarpeet suhteessa malleihin ja k\u00e4yt\u00e4nteisiin&#8221; use_icon=&#8221;on&#8221; font_icon=&#8221;&#x4e;||divi||400&#8243; icon_color=&#8221;#ffb337&#8243; icon_placement=&#8221;left&#8221; image_icon_width=&#8221;28px&#8221; content_max_width=&#8221;1100px&#8221; _builder_version=&#8221;4.20.4&#8243; header_font=&#8221;Lato||||||||&#8221; header_font_size=&#8221;16px&#8221; header_line_height=&#8221;1.6em&#8221; width=&#8221;100%&#8221; custom_margin=&#8221;||10px&#8221; animation_style=&#8221;slide&#8221; animation_direction=&#8221;left&#8221; animation_intensity_slide=&#8221;5%&#8221; animation=&#8221;off&#8221; hover_enabled=&#8221;0&#8243; icon_font_size=&#8221;28px&#8221; locked=&#8221;off&#8221; global_colors_info=&#8221;{}&#8221; sticky_enabled=&#8221;0&#8243;][\/et_pb_blurb][\/et_pb_column_inner][et_pb_column_inner type=&#8221;1_2&#8243; saved_specialty_column_type=&#8221;1_2&#8243; _builder_version=&#8221;4.16&#8243; custom_padding=&#8221;|||&#8221; global_colors_info=&#8221;{}&#8221; parallax__hover=&#8221;off&#8221; parallax_method__hover=&#8221;on&#8221; custom_padding__hover=&#8221;|||&#8221;][et_pb_blurb title=&#8221;Pilotoitiin konseptia &#8216;riskienarvioinnin ja kriisijohtamisen prosesseista osana matkailuyrityksen strategista johtamista&#8217; kolmen lappilaisen matkailuyrityksen kanssa. &#8221; use_icon=&#8221;on&#8221; font_icon=&#8221;&#x4e;||divi||400&#8243; icon_color=&#8221;#ffb337&#8243; icon_placement=&#8221;left&#8221; image_icon_width=&#8221;28px&#8221; content_max_width=&#8221;1100px&#8221; _builder_version=&#8221;4.20.4&#8243; header_font=&#8221;Lato||||||||&#8221; header_font_size=&#8221;16px&#8221; header_line_height=&#8221;1.6em&#8221; custom_margin=&#8221;|-70px|10px|||&#8221; custom_padding=&#8221;|36px||||&#8221; animation_style=&#8221;slide&#8221; animation_direction=&#8221;left&#8221; animation_intensity_slide=&#8221;5%&#8221; animation=&#8221;off&#8221; icon_font_size=&#8221;28px&#8221; locked=&#8221;off&#8221; global_colors_info=&#8221;{}&#8221;][\/et_pb_blurb][et_pb_blurb title=&#8221;Viestittiin liiketoimintariskien hallinnan merkityksest\u00e4 &#8221; use_icon=&#8221;on&#8221; font_icon=&#8221;&#x4e;||divi||400&#8243; icon_color=&#8221;#ffb337&#8243; icon_placement=&#8221;left&#8221; image_icon_width=&#8221;28px&#8221; content_max_width=&#8221;1200px&#8221; _builder_version=&#8221;4.20.4&#8243; header_font=&#8221;Lato||||||||&#8221; header_font_size=&#8221;16px&#8221; header_line_height=&#8221;1.6em&#8221; width=&#8221;100%&#8221; custom_margin=&#8221;|-147px|10px|||&#8221; custom_padding=&#8221;|0px||||&#8221; animation_style=&#8221;slide&#8221; animation_direction=&#8221;left&#8221; animation_intensity_slide=&#8221;5%&#8221; animation=&#8221;off&#8221; icon_font_size=&#8221;28px&#8221; locked=&#8221;off&#8221; global_colors_info=&#8221;{}&#8221;][\/et_pb_blurb][\/et_pb_column_inner][\/et_pb_row_inner][\/et_pb_column][et_pb_column type=&#8221;1_2&#8243; _builder_version=&#8221;4.16&#8243; custom_padding=&#8221;|||&#8221; global_colors_info=&#8221;{}&#8221; parallax__hover=&#8221;off&#8221; parallax_method__hover=&#8221;on&#8221; custom_padding__hover=&#8221;|||&#8221;][et_pb_blurb use_icon=&#8221;on&#8221; _builder_version=&#8221;4.20.4&#8243; _module_preset=&#8221;default&#8221; min_height=&#8221;196px&#8221; custom_margin=&#8221;-40px||4px|61px||&#8221; custom_padding=&#8221;0px|113px|10px||false|false&#8221; global_colors_info=&#8221;{}&#8221;]<\/p>\n<h2>Tuloksena: riskienarvioinnin ja kriisinhallinnan <a href=\"https:\/\/blogi.eoppimispalvelut.fi\/matrix1\/konsepti\">konsepti<\/a> tukemaan matkailuyrityksen<br \/>strategista johtamista ja vastaamaan nopeasti muuttuvaan toimintaymp\u00e4rist\u00f6\u00f6n.<\/h2>\n<p>[\/et_pb_blurb][et_pb_blurb use_icon=&#8221;on&#8221; _builder_version=&#8221;4.20.4&#8243; _module_preset=&#8221;default&#8221; width=&#8221;94.1%&#8221; custom_padding=&#8221;|||0px|false|false&#8221; global_colors_info=&#8221;{}&#8221;]<\/p>\n<h3 style=\"text-align: left\">Miksi riskienhallintaa?<\/h3>\n<h4 style=\"text-align: left\"><a href=\"blogi.eoppimispalvelut.fi\/matrix1\/miksi-riskienhallintaa\">Tutustu esitteeseen<\/a><\/h4>\n<h4 style=\"text-align: left\"><a href=\"blogi.eoppimispalvelut.fi\/matrix1\/riskienhallintawebinaari\">Riskienhallintawebinaarissa<\/a> mm. yritt\u00e4j\u00e4n ja pankin edustajan puheenvuorot<\/h4>\n<p>[\/et_pb_blurb][\/et_pb_column][\/et_pb_section][et_pb_section fb_built=&#8221;1&#8243; admin_label=&#8221;Testimonials&#8221; _builder_version=&#8221;4.18.0&#8243; min_height=&#8221;393.5px&#8221; height=&#8221;446px&#8221; custom_margin=&#8221;||-184px|||&#8221; custom_padding=&#8221;33px|||||&#8221; global_colors_info=&#8221;{}&#8221;][et_pb_row column_structure=&#8221;1_2,1_2&#8243; use_custom_gutter=&#8221;on&#8221; gutter_width=&#8221;1&#8243; padding_left_right_link_2=&#8221;false&#8221; _builder_version=&#8221;4.18.0&#8243; width=&#8221;100%&#8221; max_width=&#8221;100%&#8221; custom_margin=&#8221;31px|auto||auto||&#8221; custom_padding=&#8221;0px||4px|||&#8221; use_custom_width=&#8221;on&#8221; width_unit=&#8221;off&#8221; custom_width_percent=&#8221;100%&#8221; global_colors_info=&#8221;{}&#8221;][et_pb_column type=&#8221;1_2&#8243; _builder_version=&#8221;4.16&#8243; custom_padding=&#8221;|||&#8221; global_colors_info=&#8221;{}&#8221; custom_padding__hover=&#8221;|||&#8221;][et_pb_text _builder_version=&#8221;4.18.0&#8243; _module_preset=&#8221;default&#8221; background_image=&#8221;https:\/\/blogi.eoppimispalvelut.fi\/matrix1\/files\/2022\/12\/log-in-gc463639b9_1280.png&#8221; parallax=&#8221;on&#8221; background_blend=&#8221;soft-light&#8221; background_enable_mask_style=&#8221;on&#8221; background_mask_style=&#8221;bean&#8221; background_mask_aspect_ratio=&#8221;square&#8221; background_mask_size=&#8221;cover&#8221; width=&#8221;100%&#8221; max_width=&#8221;100%&#8221; module_alignment=&#8221;center&#8221; min_height=&#8221;257px&#8221; height=&#8221;200px&#8221; max_height=&#8221;308px&#8221; custom_margin=&#8221;10px|10px|10px|10px|false|false&#8221; custom_padding=&#8221;2px||2px||false|false&#8221; global_colors_info=&#8221;{}&#8221;][\/et_pb_text][\/et_pb_column][et_pb_column type=&#8221;1_2&#8243; _builder_version=&#8221;4.16&#8243; background_color_gradient_end_position=&#8221;100&#8243; custom_padding=&#8221;6vw|||&#8221; global_colors_info=&#8221;{}&#8221; custom_padding__hover=&#8221;|||&#8221;][et_pb_slider show_arrows=&#8221;off&#8221; _builder_version=&#8221;4.20.4&#8243; header_font=&#8221;||||||||&#8221; header_text_color=&#8221;#000000&#8243; header_line_height=&#8221;1.7em&#8221; body_font=&#8221;||||||||&#8221; body_text_color=&#8221;rgba(0,0,0,0.43)&#8221; background_color=&#8221;RGBA(255,255,255,0)&#8221; use_background_color_gradient=&#8221;on&#8221; background_color_gradient_direction=&#8221;90deg&#8221; background_color_gradient_stops=&#8221;rgba(245,249,255,0) 0%|#f5f9ff 20%&#8221; background_color_gradient_start=&#8221;rgba(245,249,255,0)&#8221; background_color_gradient_end=&#8221;#f5f9ff&#8221; background_color_gradient_end_position=&#8221;20%&#8221; text_orientation=&#8221;left&#8221; width=&#8221;85%&#8221; content_max_width=&#8221;88%&#8221; min_height=&#8221;194px&#8221; height=&#8221;204px&#8221; max_height=&#8221;422px&#8221; custom_margin=&#8221;-33px|||||&#8221; custom_padding=&#8221;4vw||4vw||false|false&#8221; auto=&#8221;on&#8221; header_text_shadow_style=&#8221;preset3&#8243; header_text_shadow_color=&#8221;rgba(0,0,0,0)&#8221; body_text_shadow_style=&#8221;preset3&#8243; body_text_shadow_color=&#8221;rgba(0,0,0,0)&#8221; locked=&#8221;off&#8221; global_colors_info=&#8221;{}&#8221;][et_pb_slide arrows_custom_color=&#8221;#000000&#8243; dot_nav_custom_color=&#8221;#000000&#8243; _builder_version=&#8221;4.20.4&#8243; locked=&#8221;off&#8221; global_colors_info=&#8221;{}&#8221; alignment__hover=&#8221;center&#8221; alignment__hover_enabled=&#8221;center&#8221; custom_button__hover=&#8221;off&#8221; custom_button__hover_enabled=&#8221;off&#8221; background_layout__hover=&#8221;dark&#8221; background_layout__hover_enabled=&#8221;dark&#8221; allow_player_pause__hover=&#8221;off&#8221; allow_player_pause__hover_enabled=&#8221;off&#8221; background_color__hover=&#8221;#7EBEC5&#8243; background_color__hover_enabled=&#8221;#7EBEC5&#8243; use_background_color_gradient__hover=&#8221;off&#8221; use_background_color_gradient__hover_enabled=&#8221;off&#8221; background_color_gradient_start__hover=&#8221;#2b87da&#8221; background_color_gradient_start__hover_enabled=&#8221;#2b87da&#8221; background_color_gradient_end__hover=&#8221;#29c4a9&#8243; background_color_gradient_end__hover_enabled=&#8221;#29c4a9&#8243; background_color_gradient_type__hover=&#8221;linear&#8221; background_color_gradient_type__hover_enabled=&#8221;linear&#8221; background_color_gradient_direction__hover=&#8221;180deg&#8221; background_color_gradient_direction__hover_enabled=&#8221;180deg&#8221; background_color_gradient_direction_radial__hover=&#8221;center&#8221; background_color_gradient_direction_radial__hover_enabled=&#8221;center&#8221; background_color_gradient_start_position__hover=&#8221;0%&#8221; background_color_gradient_start_position__hover_enabled=&#8221;0%&#8221; background_color_gradient_end_position__hover=&#8221;100%&#8221; background_color_gradient_end_position__hover_enabled=&#8221;100%&#8221; background_color_gradient_overlays_image__hover=&#8221;off&#8221; background_color_gradient_overlays_image__hover_enabled=&#8221;off&#8221; parallax__hover=&#8221;off&#8221; parallax__hover_enabled=&#8221;off&#8221; parallax_method__hover=&#8221;on&#8221; parallax_method__hover_enabled=&#8221;on&#8221; background_size__hover=&#8221;cover&#8221; background_size__hover_enabled=&#8221;cover&#8221; background_position__hover=&#8221;center&#8221; background_position__hover_enabled=&#8221;center&#8221; background_repeat__hover=&#8221;no-repeat&#8221; background_repeat__hover_enabled=&#8221;no-repeat&#8221; background_blend__hover=&#8221;normal&#8221; background_blend__hover_enabled=&#8221;normal&#8221; background_video_pause_outside_viewport__hover=&#8221;on&#8221; background_video_pause_outside_viewport__hover_enabled=&#8221;on&#8221; header_text_shadow_style__hover=&#8221;none&#8221; header_text_shadow_style__hover_enabled=&#8221;none&#8221; header_text_shadow_color__hover=&#8221;rgba(0,0,0,0.4)&#8221; header_text_shadow_color__hover_enabled=&#8221;rgba(0,0,0,0.4)&#8221; body_text_shadow_style__hover=&#8221;none&#8221; body_text_shadow_style__hover_enabled=&#8221;none&#8221; body_text_shadow_color__hover=&#8221;rgba(0,0,0,0.4)&#8221; body_text_shadow_color__hover_enabled=&#8221;rgba(0,0,0,0.4)&#8221; button_bg_use_color_gradient__hover=&#8221;off&#8221; button_bg_use_color_gradient__hover_enabled=&#8221;off&#8221; button_bg_color_gradient_start__hover=&#8221;#2b87da&#8221; button_bg_color_gradient_start__hover_enabled=&#8221;#2b87da&#8221; button_bg_color_gradient_end__hover=&#8221;#29c4a9&#8243; button_bg_color_gradient_end__hover_enabled=&#8221;#29c4a9&#8243; button_bg_color_gradient_type__hover=&#8221;linear&#8221; button_bg_color_gradient_type__hover_enabled=&#8221;linear&#8221; button_bg_color_gradient_direction__hover=&#8221;180deg&#8221; button_bg_color_gradient_direction__hover_enabled=&#8221;180deg&#8221; button_bg_color_gradient_direction_radial__hover=&#8221;center&#8221; button_bg_color_gradient_direction_radial__hover_enabled=&#8221;center&#8221; button_bg_color_gradient_start_position__hover=&#8221;0%&#8221; button_bg_color_gradient_start_position__hover_enabled=&#8221;0%&#8221; button_bg_color_gradient_end_position__hover=&#8221;100%&#8221; button_bg_color_gradient_end_position__hover_enabled=&#8221;100%&#8221; button_bg_color_gradient_overlays_image__hover=&#8221;off&#8221; button_bg_color_gradient_overlays_image__hover_enabled=&#8221;off&#8221; button_bg_parallax__hover=&#8221;off&#8221; button_bg_parallax__hover_enabled=&#8221;off&#8221; button_bg_parallax_method__hover=&#8221;on&#8221; button_bg_parallax_method__hover_enabled=&#8221;on&#8221; button_bg_size__hover=&#8221;cover&#8221; button_bg_size__hover_enabled=&#8221;cover&#8221; button_bg_position__hover=&#8221;center&#8221; button_bg_position__hover_enabled=&#8221;center&#8221; button_bg_repeat__hover=&#8221;no-repeat&#8221; button_bg_repeat__hover_enabled=&#8221;no-repeat&#8221; button_bg_blend__hover=&#8221;normal&#8221; button_bg_blend__hover_enabled=&#8221;normal&#8221; button_bg_allow_player_pause__hover=&#8221;off&#8221; button_bg_allow_player_pause__hover_enabled=&#8221;off&#8221; button_bg_video_pause_outside_viewport__hover=&#8221;on&#8221; button_bg_video_pause_outside_viewport__hover_enabled=&#8221;on&#8221; button_text_shadow_style__hover=&#8221;none&#8221; button_text_shadow_style__hover_enabled=&#8221;none&#8221; button_text_shadow_color__hover=&#8221;rgba(0,0,0,0.4)&#8221; button_text_shadow_color__hover_enabled=&#8221;rgba(0,0,0,0.4)&#8221; box_shadow_style_button__hover=&#8221;none&#8221; box_shadow_style_button__hover_enabled=&#8221;none&#8221; box_shadow_color_button__hover=&#8221;rgba(0,0,0,0.3)&#8221; box_shadow_color_button__hover_enabled=&#8221;rgba(0,0,0,0.3)&#8221; filter_hue_rotate__hover=&#8221;0deg&#8221; filter_hue_rotate__hover_enabled=&#8221;0deg&#8221; filter_saturate__hover=&#8221;100%&#8221; filter_saturate__hover_enabled=&#8221;100%&#8221; filter_brightness__hover=&#8221;100%&#8221; filter_brightness__hover_enabled=&#8221;100%&#8221; filter_contrast__hover=&#8221;100%&#8221; filter_contrast__hover_enabled=&#8221;100%&#8221; filter_invert__hover=&#8221;0%&#8221; filter_invert__hover_enabled=&#8221;0%&#8221; filter_sepia__hover=&#8221;0%&#8221; filter_sepia__hover_enabled=&#8221;0%&#8221; filter_opacity__hover=&#8221;100%&#8221; filter_opacity__hover_enabled=&#8221;100%&#8221; filter_blur__hover=&#8221;0px&#8221; filter_blur__hover_enabled=&#8221;0px&#8221; mix_blend_mode__hover=&#8221;normal&#8221; mix_blend_mode__hover_enabled=&#8221;normal&#8221; child_filter_hue_rotate__hover=&#8221;0deg&#8221; child_filter_hue_rotate__hover_enabled=&#8221;0deg&#8221; child_filter_saturate__hover=&#8221;100%&#8221; child_filter_saturate__hover_enabled=&#8221;100%&#8221; child_filter_brightness__hover=&#8221;100%&#8221; child_filter_brightness__hover_enabled=&#8221;100%&#8221; child_filter_contrast__hover=&#8221;100%&#8221; child_filter_contrast__hover_enabled=&#8221;100%&#8221; child_filter_invert__hover=&#8221;0%&#8221; child_filter_invert__hover_enabled=&#8221;0%&#8221; child_filter_sepia__hover=&#8221;0%&#8221; child_filter_sepia__hover_enabled=&#8221;0%&#8221; child_filter_opacity__hover=&#8221;100%&#8221; child_filter_opacity__hover_enabled=&#8221;100%&#8221; child_filter_blur__hover=&#8221;0px&#8221; child_filter_blur__hover_enabled=&#8221;0px&#8221; child_mix_blend_mode__hover=&#8221;normal&#8221; child_mix_blend_mode__hover_enabled=&#8221;normal&#8221; text_shadow_style__hover=&#8221;none&#8221; text_shadow_style__hover_enabled=&#8221;none&#8221; text_shadow_color__hover=&#8221;rgba(0,0,0,0.4)&#8221; text_shadow_color__hover_enabled=&#8221;rgba(0,0,0,0.4)&#8221; hover_transition_duration__hover=&#8221;300ms&#8221; hover_transition_duration__hover_enabled=&#8221;300ms&#8221; hover_transition_delay__hover=&#8221;0ms&#8221; hover_transition_delay__hover_enabled=&#8221;0ms&#8221; hover_transition_speed_curve__hover=&#8221;ease&#8221; hover_transition_speed_curve__hover_enabled=&#8221;ease&#8221; background_color_gradient_stops__hover=&#8221;#2b87da 0%|#29c4a9 100%&#8221; button_bg_color_gradient_stops__hover=&#8221;#2b87da 0%|#29c4a9 100%&#8221; sticky_transition=&#8221;on&#8221;]<\/p>\n<h4><span style=\"color: #000000\">Hankkeen toiminta-aika oli 1.1. &#8211; 30.9.2023. Sen toteutti Lapin ammattikorkeakoulu, rahoituksen my\u00f6nt\u00e4j\u00e4 Lapin liitto Alueiden kest\u00e4v\u00e4n kasvun ja elinvoiman tukemisen m\u00e4\u00e4r\u00e4rahasta (AKKE). <\/span><\/h4>\n<p>[\/et_pb_slide][\/et_pb_slider][\/et_pb_column][\/et_pb_row][\/et_pb_section][et_pb_section fb_built=&#8221;1&#8243; admin_label=&#8221;Blog&#8221; _builder_version=&#8221;4.16&#8243; background_image=&#8221;https:\/\/blogi.eoppimispalvelut.fi\/matrix1\/files\/2022\/12\/risk-33-scaled.jpg&#8221; background_size=&#8221;initial&#8221; min_height=&#8221;462.7px&#8221; custom_margin=&#8221;||&#8221; global_colors_info=&#8221;{}&#8221;][et_pb_row _builder_version=&#8221;4.18.0&#8243; locked=&#8221;off&#8221; global_colors_info=&#8221;{}&#8221;][et_pb_column type=&#8221;4_4&#8243; _builder_version=&#8221;4.16&#8243; custom_padding=&#8221;|||&#8221; global_colors_info=&#8221;{}&#8221; custom_padding__hover=&#8221;|||&#8221;][et_pb_divider color=&#8221;#2a2a2a&#8221; divider_weight=&#8221;2px&#8221; _builder_version=&#8221;4.16&#8243; max_width=&#8221;50px&#8221; module_alignment=&#8221;center&#8221; animation_style=&#8221;slide&#8221; animation_direction=&#8221;top&#8221; animation_intensity_slide=&#8221;20%&#8221; locked=&#8221;off&#8221; global_colors_info=&#8221;{}&#8221;][\/et_pb_divider][\/et_pb_column][\/et_pb_row][et_pb_row column_structure=&#8221;1_2,1_2&#8243; _builder_version=&#8221;4.18.0&#8243; _module_preset=&#8221;default&#8221; global_colors_info=&#8221;{}&#8221;][et_pb_column type=&#8221;1_2&#8243; _builder_version=&#8221;4.18.0&#8243; _module_preset=&#8221;default&#8221; global_colors_info=&#8221;{}&#8221;][et_pb_text _builder_version=&#8221;4.18.0&#8243; _module_preset=&#8221;default&#8221; max_width=&#8221;81%&#8221; custom_padding=&#8221;0px|||||&#8221; global_colors_info=&#8221;{}&#8221;]<\/p>\n<h1 style=\"text-align: right\">Yhteystiedot<\/h1>\n<p>[\/et_pb_text][\/et_pb_column][et_pb_column type=&#8221;1_2&#8243; _builder_version=&#8221;4.18.0&#8243; _module_preset=&#8221;default&#8221; global_colors_info=&#8221;{}&#8221;][et_pb_text _builder_version=&#8221;4.20.4&#8243; _module_preset=&#8221;default&#8221; global_colors_info=&#8221;{}&#8221;]<\/p>\n<h3>Projektip\u00e4\u00e4llikk\u00f6 Eeva Helameri, <span style=\"color: #e09900\"><a href=\"mailto:eeva.helameri@lapinamk.fi,\" style=\"color: #e09900\">eeva.helameri@lapinamk.fi,<\/a> +358 (0) 40 6195662\u00a0<\/span><\/h3>\n<h3>Asiantuntija Pasi Satokangas, <span style=\"color: #e09900\"><a href=\"mailto:pasi.satokangas@lapinamk.fi\" style=\"color: #e09900\">pasi.satokangas@lapinamk.fi, +358 (0)40 7054976<\/a><\/span><span style=\"color: #e09900\"><\/span><\/h3>\n<h3>Asiantuntija Sari Nisula, <span style=\"color: #e09900\"><a href=\"mailto:pasi.satokangas@lapinamk.fi\" style=\"color: #e09900\">sari.nisula@lapinamk.fi,<\/a><\/span><\/h3>\n<p>[\/et_pb_text][\/et_pb_column][\/et_pb_row][\/et_pb_section]<\/p>\n","protected":false},"excerpt":{"rendered":"<p>Matkailuyritysten riskienarvioinnin ja kriisinhallinnan konseptointi osana strategista johtamista (Matrix 1)Tuloksena: riskienarvioinnin ja kriisinhallinnan konsepti tukemaan matkailuyrityksenstrategista johtamista ja vastaamaan nopeasti muuttuvaan toimintaymp\u00e4rist\u00f6\u00f6n.Miksi riskienhallintaa? Tutustu esitteeseen Riskienhallintawebinaarissa mm. yritt\u00e4j\u00e4n ja pankin edustajan puheenvuorotHankkeen toiminta-aika oli 1.1. &#8211; 30.9.2023. Sen toteutti Lapin ammattikorkeakoulu, rahoituksen my\u00f6nt\u00e4j\u00e4 Lapin liitto Alueiden kest\u00e4v\u00e4n kasvun ja elinvoiman tukemisen m\u00e4\u00e4r\u00e4rahasta (AKKE). YhteystiedotProjektip\u00e4\u00e4llikk\u00f6 Eeva [&hellip;]<\/p>\n","protected":false},"author":6208,"featured_media":0,"parent":0,"menu_order":0,"comment_status":"closed","ping_status":"open","template":"","meta":{"_et_pb_use_builder":"on","_et_pb_old_content":"<!-- wp:paragraph -->\n<p>Viimeaikaiset kriisit ovat johtaneet matkailuelinkeinon voimakkaaseen murrokseen, joka n\u00e4ytt\u00e4\u00e4<br>jatkuvan kuluvan vuosikymmenen aikana. Koronakriisi ja Ven\u00e4j\u00e4n hy\u00f6kk\u00e4yssota Ukrainassa ovat<br>johtaneet voimakkaaseen kansainv\u00e4liseen kriisiin ja sit\u00e4 kautta shokkivaikutuksiin elinkeinoon.<br>N\u00e4iden kriisien v\u00e4litt\u00f6mi\u00e4 seurauksia ovat muun muassa matkailijavirtojen muutokset,<br>ty\u00f6voimahaasteet sek\u00e4 turvallisuusvarautumisen tarpeen lis\u00e4\u00e4ntyminen yrityksiss\u00e4. Kriiseist\u00e4<br>voidaan tunnistaa my\u00f6s mahdollisuuksia ja kriiseist\u00e4 on paljon opittavaa.<br>Yksi keskeisimmist\u00e4 havainnoista on se, ett\u00e4 resilienssi\u00e4 eli kriisinsietokyky\u00e4 ja kriisitietoisuutta<br>tulee kasvattaa elinkeinossa. Globaalien \u00e4killisten muutostilanteiden ravistellessa elinkeinon<br>jatkuvuutta yrityksill\u00e4 on tarvetta tukeen, jolloin esimerkiksi verkostojen merkitys korostuu.<br>Erityisesti on tarvetta vertailtavalle tiedolle erilaisista varautumisen menetelmist\u00e4 ja hyviksi<br>koetuista keinoista, jotka kasvattavat sopeutumiskyky\u00e4 yhteiskunnan\/talouden tasapainon<br>muuttuessa.<br>T\u00e4m\u00e4 hanke kehitt\u00e4\u00e4 riskienarvioinnin ja kriisinhallinnan konseptin matkailuyritysten strategisen<br>johtamisen tueksi ja testaa konseptia kahdessa lappilaisessa yrityksess\u00e4.<br>Hanke t\u00e4ht\u00e4\u00e4 matkailutoimialan ja sen liit\u00e4nn\u00e4istoimialojen nopeaan elvytt\u00e4miseen ja<br>uusiutumiseen. Konseptointi auttaa yritysten johtoa linjaamaan tulevia toimia ja luomaan<br>iskunkest\u00e4vyytt\u00e4 tulevia kriisitilanteita varten niin, ett\u00e4 toiminta voi jatkua mahdollisimman<br>menestyksekk\u00e4\u00e4sti.<br>T\u00e4m\u00e4 konseptointihanke (AKKE 1\/2023-9\/2023, Matrix1) luo ensimm\u00e4isen vaiheen mallista, jota<br>edelleen kehitet\u00e4\u00e4n itsearviointity\u00f6kaluksi ennakoinnin ja laajamittaisen yhteiskehitt\u00e4misen<br>avulla (EAKR 2023-2025, Matrix2) maakunnallisesti Lapissa.<\/p>\n<!-- \/wp:paragraph -->","_et_gb_content_width":"","footnotes":""},"class_list":["post-2","page","type-page","status-publish","hentry"],"_links":{"self":[{"href":"https:\/\/blogi.eoppimispalvelut.fi\/matrix1\/wp-json\/wp\/v2\/pages\/2","targetHints":{"allow":["GET"]}}],"collection":[{"href":"https:\/\/blogi.eoppimispalvelut.fi\/matrix1\/wp-json\/wp\/v2\/pages"}],"about":[{"href":"https:\/\/blogi.eoppimispalvelut.fi\/matrix1\/wp-json\/wp\/v2\/types\/page"}],"author":[{"embeddable":true,"href":"https:\/\/blogi.eoppimispalvelut.fi\/matrix1\/wp-json\/wp\/v2\/users\/6208"}],"replies":[{"embeddable":true,"href":"https:\/\/blogi.eoppimispalvelut.fi\/matrix1\/wp-json\/wp\/v2\/comments?post=2"}],"version-history":[{"count":36,"href":"https:\/\/blogi.eoppimispalvelut.fi\/matrix1\/wp-json\/wp\/v2\/pages\/2\/revisions"}],"predecessor-version":[{"id":231,"href":"https:\/\/blogi.eoppimispalvelut.fi\/matrix1\/wp-json\/wp\/v2\/pages\/2\/revisions\/231"}],"wp:attachment":[{"href":"https:\/\/blogi.eoppimispalvelut.fi\/matrix1\/wp-json\/wp\/v2\/media?parent=2"}],"curies":[{"name":"wp","href":"https:\/\/api.w.org\/{rel}","templated":true}]}}