{"id":213,"date":"2023-12-04T14:57:09","date_gmt":"2023-12-04T12:57:09","guid":{"rendered":"https:\/\/blogi.eoppimispalvelut.fi\/matrix1\/?page_id=213"},"modified":"2024-01-17T15:49:13","modified_gmt":"2024-01-17T13:49:13","slug":"riskienhallintawebinaari","status":"publish","type":"page","link":"https:\/\/blogi.eoppimispalvelut.fi\/matrix1\/riskienhallintawebinaari\/","title":{"rendered":"Riskienhallintawebinaari"},"content":{"rendered":"<p>[et_pb_section fb_built=&#8221;1&#8243; admin_label=&#8221;About&#8221; _builder_version=&#8221;4.20.4&#8243; background_image=&#8221;https:\/\/blogi.eoppimispalvelut.fi\/matrix1\/files\/2023\/10\/Nettisivu-ylapalkki-2-scaled.jpg&#8221; background_size=&#8221;contain&#8221; min_height=&#8221;100px&#8221; height=&#8221;100px&#8221; max_height=&#8221;356px&#8221; custom_padding=&#8221;68px||70px|||&#8221; global_colors_info=&#8221;{}&#8221;][et_pb_row _builder_version=&#8221;4.20.4&#8243; _module_preset=&#8221;default&#8221; max_width=&#8221;994px&#8221; min_height=&#8221;100px&#8221; height=&#8221;142px&#8221; custom_margin=&#8221;-49px|auto||10px||&#8221; global_colors_info=&#8221;{}&#8221;][et_pb_column type=&#8221;4_4&#8243; _builder_version=&#8221;4.20.4&#8243; _module_preset=&#8221;default&#8221; global_colors_info=&#8221;{}&#8221;][et_pb_text _builder_version=&#8221;4.20.4&#8243; _module_preset=&#8221;default&#8221; width=&#8221;100%&#8221; custom_margin=&#8221;|||10px|false|false&#8221; custom_padding=&#8221;0px|157px||0px||&#8221; global_colors_info=&#8221;{}&#8221;]<\/p>\n<h1><span style=\"color: #ffffff\">Matkailuyritysten riskienarvioinnin ja kriisinhallinnan konseptointi osana strategista johtamista (Matrix 1)<\/span><\/h1>\n<p>[\/et_pb_text][\/et_pb_column][\/et_pb_row][\/et_pb_section][et_pb_section fb_built=&#8221;1&#8243; admin_label=&#8221;Testimonials&#8221; _builder_version=&#8221;4.18.0&#8243; min_height=&#8221;393.5px&#8221; height=&#8221;446px&#8221; custom_margin=&#8221;||-184px|||&#8221; custom_padding=&#8221;33px|||||&#8221; global_colors_info=&#8221;{}&#8221;][et_pb_row column_structure=&#8221;1_2,1_2&#8243; _builder_version=&#8221;4.20.4&#8243; _module_preset=&#8221;default&#8221; width=&#8221;90%&#8221; min_height=&#8221;135.5px&#8221; global_colors_info=&#8221;{}&#8221;][et_pb_column type=&#8221;1_2&#8243; _builder_version=&#8221;4.20.4&#8243; _module_preset=&#8221;default&#8221; global_colors_info=&#8221;{}&#8221;][et_pb_blurb title=&#8221;Kohti turvallisempaa matkailuliiketoimintaa 21.9.2023&#8243; use_icon=&#8221;on&#8221; _builder_version=&#8221;4.20.4&#8243; _module_preset=&#8221;default&#8221; global_colors_info=&#8221;{}&#8221;]<\/p>\n<p><strong>Liikeriskien hallinnan perusteet ja hy\u00f6dyt<\/strong><br \/><em>Mika Martikainen, Head of Corporate Risk Management, Cimcorp Oy<br \/><\/em><em>Suomen riskienhallintayhdistys ry:n hallituksen j\u00e4sen <\/em><\/p>\n<p><strong>Matkailuyritysten riskienhallinnan tarpeet pankin n\u00e4k\u00f6kulmasta<\/strong><br \/><em>Hannu-Pekka Alasuutari, Luottojohtaja, Pohjolan Op <\/em><\/p>\n<p><strong>Matkailuyrityksen kokemuksia k\u00e4yt\u00e4nn\u00f6n riskienhallinnasta<\/strong><br \/><em>Petri Saastamoinen, Myyntijohtaja, Visit Inari Oy <\/em><\/p>\n<p><strong>Riskienhallintamalli matkailuyrityksille<\/strong><br \/><em>Matkailuyritysten riskienarvioinnin ja kriisinhallinnan konseptointi osana strategista johtamista (Matrix1) -hanke<\/em><\/p>\n<p>[\/et_pb_blurb][\/et_pb_column][et_pb_column type=&#8221;1_2&#8243; _builder_version=&#8221;4.20.4&#8243; _module_preset=&#8221;default&#8221; global_colors_info=&#8221;{}&#8221;][et_pb_video src=&#8221;https:\/\/youtu.be\/4YkbN-7RWLw?si=9ryFQyWZVOoj9F9s&#8221; _builder_version=&#8221;4.20.4&#8243; _module_preset=&#8221;default&#8221; hover_enabled=&#8221;0&#8243; global_colors_info=&#8221;{}&#8221; sticky_enabled=&#8221;0&#8243;][\/et_pb_video][\/et_pb_column][\/et_pb_row][et_pb_row _builder_version=&#8221;4.20.4&#8243; _module_preset=&#8221;default&#8221; width=&#8221;100%&#8221; max_width=&#8221;1280px&#8221; custom_padding=&#8221;0px||20px|||&#8221; global_colors_info=&#8221;{}&#8221;][et_pb_column type=&#8221;4_4&#8243; _builder_version=&#8221;4.20.4&#8243; _module_preset=&#8221;default&#8221; global_colors_info=&#8221;{}&#8221;][\/et_pb_column][\/et_pb_row][\/et_pb_section][et_pb_section fb_built=&#8221;1&#8243; admin_label=&#8221;Blog&#8221; _builder_version=&#8221;4.16&#8243; background_image=&#8221;https:\/\/blogi.eoppimispalvelut.fi\/matrix1\/files\/2022\/12\/risk-33-scaled.jpg&#8221; background_size=&#8221;initial&#8221; min_height=&#8221;462.7px&#8221; custom_margin=&#8221;||&#8221; custom_padding=&#8221;4px|||||&#8221; global_colors_info=&#8221;{}&#8221;][et_pb_row _builder_version=&#8221;4.20.4&#8243; _module_preset=&#8221;default&#8221; global_colors_info=&#8221;{}&#8221;][et_pb_column type=&#8221;4_4&#8243; _builder_version=&#8221;4.20.4&#8243; _module_preset=&#8221;default&#8221; global_colors_info=&#8221;{}&#8221;][\/et_pb_column][\/et_pb_row][et_pb_row column_structure=&#8221;1_3,2_3&#8243; _builder_version=&#8221;4.20.4&#8243; _module_preset=&#8221;default&#8221; global_colors_info=&#8221;{}&#8221;][et_pb_column type=&#8221;1_3&#8243; _builder_version=&#8221;4.18.0&#8243; _module_preset=&#8221;default&#8221; global_colors_info=&#8221;{}&#8221;][et_pb_text _builder_version=&#8221;4.18.0&#8243; _module_preset=&#8221;default&#8221; max_width=&#8221;81%&#8221; custom_padding=&#8221;0px|||||&#8221; global_colors_info=&#8221;{}&#8221;]<\/p>\n<h1 style=\"text-align: right\">Yhteystiedot<\/h1>\n<p>[\/et_pb_text][\/et_pb_column][et_pb_column type=&#8221;2_3&#8243; _builder_version=&#8221;4.18.0&#8243; _module_preset=&#8221;default&#8221; global_colors_info=&#8221;{}&#8221;][et_pb_text _builder_version=&#8221;4.20.4&#8243; _module_preset=&#8221;default&#8221; global_colors_info=&#8221;{}&#8221;]<\/p>\n<h3>Projektip\u00e4\u00e4llikk\u00f6 Eeva Helameri, <span style=\"color: #e09900\"><a href=\"mailto:eeva.helameri@lapinamk.fi,\" style=\"color: #e09900\">eeva.helameri@lapinamk.fi,<\/a> +358 (0) 40 6195662&nbsp;<\/span><\/h3>\n<h3>Asiantuntija Pasi Satokangas, <span style=\"color: #e09900\"><a href=\"mailto:pasi.satokangas@lapinamk.fi\" style=\"color: #e09900\">pasi.satokangas@lapinamk.fi, +358 (0)40 7054976<\/a><\/span><span style=\"color: #e09900\"><\/span><\/h3>\n<h3>Asiantuntija Sari Nisula, <span style=\"color: #e09900\"><a href=\"mailto:pasi.satokangas@lapinamk.fi\" style=\"color: #e09900\">sari.nisula@lapinamk.fi,<\/a><\/span><\/h3>\n<p>[\/et_pb_text][\/et_pb_column][\/et_pb_row][et_pb_row column_structure=&#8221;1_2,1_2&#8243; _builder_version=&#8221;4.20.4&#8243; _module_preset=&#8221;default&#8221; global_colors_info=&#8221;{}&#8221;][et_pb_column type=&#8221;1_2&#8243; _builder_version=&#8221;4.20.4&#8243; _module_preset=&#8221;default&#8221; global_colors_info=&#8221;{}&#8221;][et_pb_blurb use_icon=&#8221;on&#8221; _builder_version=&#8221;4.20.4&#8243; _module_preset=&#8221;default&#8221; global_colors_info=&#8221;{}&#8221;][\/et_pb_blurb][\/et_pb_column][et_pb_column type=&#8221;1_2&#8243; _builder_version=&#8221;4.20.4&#8243; _module_preset=&#8221;default&#8221; global_colors_info=&#8221;{}&#8221;][\/et_pb_column][\/et_pb_row][\/et_pb_section]<\/p>\n","protected":false},"excerpt":{"rendered":"<p>Matkailuyritysten riskienarvioinnin ja kriisinhallinnan konseptointi osana strategista johtamista (Matrix 1)Liikeriskien hallinnan perusteet ja hy\u00f6dytMika Martikainen, Head of Corporate Risk Management, Cimcorp OySuomen riskienhallintayhdistys ry:n hallituksen j\u00e4sen Matkailuyritysten riskienhallinnan tarpeet pankin n\u00e4k\u00f6kulmastaHannu-Pekka Alasuutari, Luottojohtaja, Pohjolan Op Matkailuyrityksen kokemuksia k\u00e4yt\u00e4nn\u00f6n riskienhallinnastaPetri Saastamoinen, Myyntijohtaja, Visit Inari Oy Riskienhallintamalli matkailuyrityksilleMatkailuyritysten riskienarvioinnin ja kriisinhallinnan konseptointi osana strategista johtamista (Matrix1) -hankeYhteystiedotProjektip\u00e4\u00e4llikk\u00f6 [&hellip;]<\/p>\n","protected":false},"author":6208,"featured_media":0,"parent":0,"menu_order":0,"comment_status":"closed","ping_status":"closed","template":"","meta":{"_et_pb_use_builder":"on","_et_pb_old_content":"<!-- wp:divi\/placeholder \/-->","_et_gb_content_width":"","footnotes":""},"class_list":["post-213","page","type-page","status-publish","hentry"],"_links":{"self":[{"href":"https:\/\/blogi.eoppimispalvelut.fi\/matrix1\/wp-json\/wp\/v2\/pages\/213","targetHints":{"allow":["GET"]}}],"collection":[{"href":"https:\/\/blogi.eoppimispalvelut.fi\/matrix1\/wp-json\/wp\/v2\/pages"}],"about":[{"href":"https:\/\/blogi.eoppimispalvelut.fi\/matrix1\/wp-json\/wp\/v2\/types\/page"}],"author":[{"embeddable":true,"href":"https:\/\/blogi.eoppimispalvelut.fi\/matrix1\/wp-json\/wp\/v2\/users\/6208"}],"replies":[{"embeddable":true,"href":"https:\/\/blogi.eoppimispalvelut.fi\/matrix1\/wp-json\/wp\/v2\/comments?post=213"}],"version-history":[{"count":11,"href":"https:\/\/blogi.eoppimispalvelut.fi\/matrix1\/wp-json\/wp\/v2\/pages\/213\/revisions"}],"predecessor-version":[{"id":257,"href":"https:\/\/blogi.eoppimispalvelut.fi\/matrix1\/wp-json\/wp\/v2\/pages\/213\/revisions\/257"}],"wp:attachment":[{"href":"https:\/\/blogi.eoppimispalvelut.fi\/matrix1\/wp-json\/wp\/v2\/media?parent=213"}],"curies":[{"name":"wp","href":"https:\/\/api.w.org\/{rel}","templated":true}]}}