{"id":106,"date":"2024-09-20T10:32:54","date_gmt":"2024-09-20T07:32:54","guid":{"rendered":"https:\/\/blogi.eoppimispalvelut.fi\/matrix2\/?page_id=106"},"modified":"2026-03-09T14:18:33","modified_gmt":"2026-03-09T12:18:33","slug":"hanketiimi","status":"publish","type":"page","link":"https:\/\/blogi.eoppimispalvelut.fi\/matrix2\/hanketiimi\/","title":{"rendered":"Hanketiimi"},"content":{"rendered":"<p>[et_pb_section fb_built=&#8221;1&#8243; fullwidth=&#8221;on&#8221; _builder_version=&#8221;4.27.0&#8243; _module_preset=&#8221;default&#8221; global_colors_info=&#8221;{}&#8221;][et_pb_fullwidth_menu active_link_color=&#8221;#0C71C3&#8243; logo_width=&#8221;52%&#8221; show_search_icon=&#8221;on&#8221; _builder_version=&#8221;4.27.0&#8243; _module_preset=&#8221;default&#8221; menu_font=&#8221;|600|||||||&#8221; menu_text_color=&#8221;#0C71C3&#8243; menu_font_size=&#8221;18px&#8221; min_height=&#8221;50px&#8221; custom_padding=&#8221;||31px|||&#8221; global_colors_info=&#8221;{}&#8221;][\/et_pb_fullwidth_menu][\/et_pb_section][et_pb_section fb_built=&#8221;1&#8243; _builder_version=&#8221;4.27.0&#8243; _module_preset=&#8221;default&#8221; module_alignment=&#8221;left&#8221; custom_margin=&#8221;||-102px|||&#8221; custom_padding=&#8221;4px||0px|||&#8221; global_colors_info=&#8221;{}&#8221;][et_pb_row _builder_version=&#8221;4.27.4&#8243; _module_preset=&#8221;default&#8221; min_height=&#8221;4.6px&#8221; custom_margin=&#8221;|auto||auto|false|false&#8221; custom_padding=&#8221;||||false|false&#8221; global_colors_info=&#8221;{}&#8221;][et_pb_column type=&#8221;4_4&#8243; _builder_version=&#8221;4.27.0&#8243; _module_preset=&#8221;default&#8221; global_colors_info=&#8221;{}&#8221;][et_pb_image src=&#8221;https:\/\/blogi.eoppimispalvelut.fi\/matrix2\/files\/2024\/09\/Matrix2_logopalkki.jpeg&#8221; title_text=&#8221;Matrix2_logopalkki&#8221; align=&#8221;center&#8221; _builder_version=&#8221;4.27.0&#8243; _module_preset=&#8221;default&#8221; width=&#8221;61%&#8221; module_alignment=&#8221;center&#8221; custom_margin=&#8221;|||-109px||&#8221; custom_padding=&#8221;0px|||||&#8221; global_colors_info=&#8221;{}&#8221;][\/et_pb_image][\/et_pb_column][\/et_pb_row][\/et_pb_section][et_pb_section fb_built=&#8221;1&#8243; custom_padding_last_edited=&#8221;on|phone&#8221; _builder_version=&#8221;4.27.0&#8243; _module_preset=&#8221;default&#8221; min_height=&#8221;487.7px&#8221; custom_margin=&#8221;18px|||||&#8221; custom_padding=&#8221;148px||4px||false|false&#8221; custom_padding_tablet=&#8221;||||false|false&#8221; custom_padding_phone=&#8221;132px||10px||false|false&#8221; global_colors_info=&#8221;{}&#8221;][et_pb_row column_structure=&#8221;1_2,1_2&#8243; _builder_version=&#8221;4.27.0&#8243; _module_preset=&#8221;default&#8221; custom_margin=&#8221;-73px|auto||auto||&#8221; global_colors_info=&#8221;{}&#8221;][et_pb_column type=&#8221;1_2&#8243; _builder_version=&#8221;4.27.0&#8243; _module_preset=&#8221;default&#8221; global_colors_info=&#8221;{}&#8221;][et_pb_image src=&#8221;https:\/\/blogi.eoppimispalvelut.fi\/matrix2\/files\/2024\/10\/AdobeStock_343024211-scaled.jpeg&#8221; alt=&#8221;Image with a hand holding a phone with &#8217;contact us&#8217; above it, and images of a phone, envelope and @ -sign beside.&#8221; title_text=&#8221;Sign of e-mail , address and telephone print screen on wooden bl&#8221; align=&#8221;center&#8221; src_tablet=&#8221;https:\/\/blogi.eoppimispalvelut.fi\/matrix2\/files\/2024\/10\/AdobeStock_343024211-scaled.jpeg&#8221; src_phone=&#8221;https:\/\/blogi.eoppimispalvelut.fi\/matrix2\/files\/2024\/10\/AdobeStock_343024211-scaled.jpeg&#8221; src_last_edited=&#8221;on|phone&#8221; align_tablet=&#8221;center&#8221; align_phone=&#8221;center&#8221; align_last_edited=&#8221;on|tablet&#8221; _builder_version=&#8221;4.27.2&#8243; _module_preset=&#8221;default&#8221; custom_padding=&#8221;|0px||||&#8221; global_colors_info=&#8221;{}&#8221; src__hover_enabled=&#8221;on|desktop&#8221; src__hover=&#8221;https:\/\/blogi.eoppimispalvelut.fi\/matrix2\/files\/2024\/10\/AdobeStock_343024211-scaled.jpeg&#8221;][\/et_pb_image][\/et_pb_column][et_pb_column type=&#8221;1_2&#8243; _builder_version=&#8221;4.27.0&#8243; _module_preset=&#8221;default&#8221; global_colors_info=&#8221;{}&#8221;][et_pb_blurb title=&#8221;Hanketiimi&#8221; use_icon=&#8221;on&#8221; _builder_version=&#8221;4.27.0&#8243; _module_preset=&#8221;default&#8221; header_level=&#8221;h1&#8243; body_font_size=&#8221;16px&#8221; custom_margin=&#8221;|||-16px||&#8221; border_radii=&#8221;on|1px|1px|1px|1px&#8221; global_colors_info=&#8221;{}&#8221;]<\/p>\n<p>Meid\u00e4t saa parhaiten kiinni s\u00e4hk\u00f6postitse, kiireellisiss\u00e4 asioissa puhelimitse.<\/p>\n<p>Ollaan yhteyksiss\u00e4!<\/p>\n<p>[\/et_pb_blurb][\/et_pb_column][\/et_pb_row][\/et_pb_section][et_pb_section fb_built=&#8221;1&#8243; admin_label=&#8221;Services&#8221; _builder_version=&#8221;4.18.1&#8243; _module_preset=&#8221;default&#8221; custom_padding=&#8221;0px|||||&#8221; collapsed=&#8221;on&#8221; global_colors_info=&#8221;{}&#8221;][et_pb_row column_structure=&#8221;1_2,1_2&#8243; make_equal=&#8221;on&#8221; _builder_version=&#8221;4.27.0&#8243; _module_preset=&#8221;default&#8221; width=&#8221;100%&#8221; global_colors_info=&#8221;{}&#8221;][et_pb_column type=&#8221;1_2&#8243; _builder_version=&#8221;4.18.1&#8243; _module_preset=&#8221;default&#8221; custom_padding=&#8221;30px|30px|30px|30px|true|true&#8221; custom_padding_tablet=&#8221;30px|30px|30px|30px|true|true&#8221; custom_padding_phone=&#8221;20px|20px|20px|20px|true|true&#8221; custom_padding_last_edited=&#8221;on|desktop&#8221; border_radii=&#8221;on|10px|10px|10px|10px&#8221; border_width_all=&#8221;1px&#8221; border_color_all=&#8221;#000000&#8243; global_colors_info=&#8221;{}&#8221;][et_pb_image src=&#8221;https:\/\/blogi.eoppimispalvelut.fi\/matrix2\/files\/2024\/10\/matrix2-verkkosivut.jpg&#8221; title_text=&#8221;M\u00e4ki-Pet\u00e4j\u00e4 Tiina&#8221; align=&#8221;center&#8221; _builder_version=&#8221;4.27.0&#8243; _module_preset=&#8221;default&#8221; width=&#8221;60%&#8221; custom_margin=&#8221;||60px||false|false&#8221; global_colors_info=&#8221;{}&#8221;][\/et_pb_image][et_pb_text _builder_version=&#8221;4.27.4&#8243; _module_preset=&#8221;a99195b8-b55c-4d98-84f2-dc89398a8b46&#8243; global_colors_info=&#8221;{}&#8221;]<\/p>\n<h4 style=\"text-align: center\">Tiina M\u00e4ki-Pet\u00e4j\u00e4<\/h4>\n<h6 style=\"text-align: center\">Projektip\u00e4\u00e4llikk\u00f6<\/h6>\n<p>[\/et_pb_text][et_pb_text _builder_version=&#8221;4.27.4&#8243; _module_preset=&#8221;6c681b62-9746-4c70-9548-9d6fac3ac4ba&#8221; global_colors_info=&#8221;{}&#8221;]<\/p>\n<h6 style=\"text-align: center\">tiina.maki-petaja(at)lapinamk.fi<\/h6>\n<h6 style=\"text-align: center\">\u00a0+358 (0)40 671 8146<\/h6>\n<h6 style=\"text-align: center\"><span style=\"color: #3366ff\"><a href=\"https:\/\/www.linkedin.com\/in\/tiina-m%C3%A4ki-pet%C3%A4j%C3%A4\/\" target=\"_blank\" rel=\"noopener\" style=\"color: #3366ff\">Tiina M\u00e4ki-Pet\u00e4j\u00e4 | LinkedIn<\/a><\/span><\/h6>\n<p><span><\/span><\/p>\n<p>[\/et_pb_text][\/et_pb_column][et_pb_column type=&#8221;1_2&#8243; _builder_version=&#8221;4.18.1&#8243; _module_preset=&#8221;default&#8221; custom_padding=&#8221;30px|30px|30px|30px|true|true&#8221; custom_padding_tablet=&#8221;30px|30px|30px|30px|true|true&#8221; custom_padding_phone=&#8221;20px|20px|20px|20px|true|true&#8221; custom_padding_last_edited=&#8221;on|desktop&#8221; border_radii=&#8221;on|10px|10px|10px|10px&#8221; border_width_all=&#8221;1px&#8221; border_color_all=&#8221;#000000&#8243; global_colors_info=&#8221;{}&#8221;][et_pb_image src=&#8221;https:\/\/blogi.eoppimispalvelut.fi\/matrix2\/files\/2024\/10\/PASI_SATOKANGAS_crop4.jpg&#8221; title_text=&#8221;PASI_SATOKANGAS_crop4&#8243; align=&#8221;center&#8221; disabled_on=&#8221;off|off|off&#8221; _builder_version=&#8221;4.27.4&#8243; _module_preset=&#8221;default&#8221; width=&#8221;60%&#8221; custom_margin=&#8221;||60px||false|false&#8221; global_colors_info=&#8221;{}&#8221;][\/et_pb_image][et_pb_text _builder_version=&#8221;4.27.0&#8243; _module_preset=&#8221;a99195b8-b55c-4d98-84f2-dc89398a8b46&#8243; global_colors_info=&#8221;{}&#8221;]<\/p>\n<h4 style=\"text-align: center\">Pasi Satokangas<\/h4>\n<h6 style=\"text-align: center\">Asiantuntija matkailun riskienhallinta ja ennakointi<\/h6>\n<p>[\/et_pb_text][et_pb_text _builder_version=&#8221;4.27.0&#8243; _module_preset=&#8221;6c681b62-9746-4c70-9548-9d6fac3ac4ba&#8221; custom_padding=&#8221;||0px|||&#8221; global_colors_info=&#8221;{}&#8221;]<\/p>\n<h6 style=\"text-align: center\">pasi.satokangas(at)lapinamk.fi<\/h6>\n<h6 style=\"text-align: center\"><span>\u00a0<\/span><span>+358 (0)40 705 4976<\/span><\/h6>\n<p>[\/et_pb_text][\/et_pb_column][\/et_pb_row][et_pb_row column_structure=&#8221;1_2,1_2&#8243; make_equal=&#8221;on&#8221; _builder_version=&#8221;4.27.0&#8243; _module_preset=&#8221;default&#8221; width=&#8221;100%&#8221; global_colors_info=&#8221;{}&#8221;][et_pb_column type=&#8221;1_2&#8243; _builder_version=&#8221;4.18.1&#8243; _module_preset=&#8221;default&#8221; custom_padding=&#8221;30px|30px|30px|30px|true|true&#8221; custom_padding_tablet=&#8221;30px|30px|30px|30px|true|true&#8221; custom_padding_phone=&#8221;20px|20px|20px|20px|true|true&#8221; custom_padding_last_edited=&#8221;on|desktop&#8221; border_radii=&#8221;on|10px|10px|10px|10px&#8221; border_width_all=&#8221;1px&#8221; border_color_all=&#8221;#000000&#8243; global_colors_info=&#8221;{}&#8221;][et_pb_image src=&#8221;https:\/\/blogi.eoppimispalvelut.fi\/matrix2\/files\/2025\/01\/SUSANNA_OLLILA_crop2.jpg&#8221; title_text=&#8221;SUSANNA_OLLILA_crop2&#8243; align=&#8221;center&#8221; _builder_version=&#8221;4.27.4&#8243; _module_preset=&#8221;default&#8221; width=&#8221;60%&#8221; custom_margin=&#8221;||60px||false|false&#8221; global_colors_info=&#8221;{}&#8221;][\/et_pb_image][et_pb_text _builder_version=&#8221;4.27.4&#8243; _module_preset=&#8221;a99195b8-b55c-4d98-84f2-dc89398a8b46&#8243; hover_enabled=&#8221;0&#8243; global_colors_info=&#8221;{}&#8221; sticky_enabled=&#8221;0&#8243;]<\/p>\n<h4 style=\"text-align: center\">Susanna Ollila<\/h4>\n<h6 style=\"text-align: center\">Asiantuntija matkailu ja palvelumuotoilu\/viestint\u00e4<\/h6>\n<h6 style=\"text-align: center\">Ty\u00f6vapaalla<\/h6>\n<h6 style=\"text-align: center\"><\/h6>\n<p>[\/et_pb_text][et_pb_text _builder_version=&#8221;4.27.4&#8243; _module_preset=&#8221;6c681b62-9746-4c70-9548-9d6fac3ac4ba&#8221; global_colors_info=&#8221;{}&#8221;]<\/p>\n<h6 style=\"text-align: center\">susanna.ollila(at)lapinamk.fi<\/h6>\n<h6 style=\"text-align: center\">\u00a0+358 (0)40 352 5242<\/h6>\n<p><span><\/span><\/p>\n<p>[\/et_pb_text][\/et_pb_column][et_pb_column type=&#8221;1_2&#8243; _builder_version=&#8221;4.27.0&#8243; _module_preset=&#8221;default&#8221; custom_padding=&#8221;30px|30px|30px|30px|true|true&#8221; custom_padding_tablet=&#8221;30px|30px|30px|30px|true|true&#8221; custom_padding_phone=&#8221;20px|20px|20px|20px|true|true&#8221; custom_padding_last_edited=&#8221;on|desktop&#8221; border_radii=&#8221;on|10px|10px|10px|10px&#8221; border_width_all=&#8221;1px&#8221; border_color_all=&#8221;#000000&#8243; global_colors_info=&#8221;{}&#8221;][et_pb_image src=&#8221;https:\/\/blogi.eoppimispalvelut.fi\/matrix2\/files\/2025\/11\/kuva_Reko.jpg&#8221; title_text=&#8221;kuva_Reko&#8221; align=&#8221;center&#8221; _builder_version=&#8221;4.27.4&#8243; _module_preset=&#8221;default&#8221; width=&#8221;60%&#8221; custom_margin=&#8221;||60px||false|false&#8221; global_colors_info=&#8221;{}&#8221;][\/et_pb_image][et_pb_text _builder_version=&#8221;4.27.4&#8243; _module_preset=&#8221;a99195b8-b55c-4d98-84f2-dc89398a8b46&#8243; global_colors_info=&#8221;{}&#8221;]<\/p>\n<h4 style=\"text-align: center\">Reko Silvenius<\/h4>\n<h6 style=\"text-align: center\">Asiantuntija riskienhallinta ja turvallisuus<\/h6>\n<p>[\/et_pb_text][et_pb_text _builder_version=&#8221;4.27.4&#8243; _module_preset=&#8221;6c681b62-9746-4c70-9548-9d6fac3ac4ba&#8221; custom_padding=&#8221;||0px|||&#8221; global_colors_info=&#8221;{}&#8221;]<\/p>\n<h6 style=\"text-align: center\">reko.silvenius(at)lapinamk.fi<\/h6>\n<h6 style=\"text-align: center\"><span>\u00a0<\/span><span>+358 (0)40 351 6181<\/span><\/h6>\n<p>[\/et_pb_text][\/et_pb_column][\/et_pb_row][\/et_pb_section][et_pb_section fb_built=&#8221;1&#8243; admin_label=&#8221;Features&#8221; _builder_version=&#8221;4.19.0&#8243; _module_preset=&#8221;default&#8221; collapsed=&#8221;on&#8221; global_colors_info=&#8221;{}&#8221;][et_pb_row column_structure=&#8221;1_2,1_2&#8243; _builder_version=&#8221;4.19.2&#8243; _module_preset=&#8221;default&#8221; global_colors_info=&#8221;{}&#8221;][et_pb_column type=&#8221;1_2&#8243; _builder_version=&#8221;4.18.1&#8243; _module_preset=&#8221;default&#8221; global_colors_info=&#8221;{}&#8221;][et_pb_text _builder_version=&#8221;4.27.0&#8243; _module_preset=&#8221;70def7de-d769-4fcb-9898-dc9694e9c289&#8243; custom_margin=&#8221;||0px||false|false&#8221; global_colors_info=&#8221;{}&#8221;]<\/p>\n<h3>Hanketieto<\/h3>\n<p>[\/et_pb_text][et_pb_text _builder_version=&#8221;4.27.4&#8243; _module_preset=&#8221;6c681b62-9746-4c70-9548-9d6fac3ac4ba&#8221; global_colors_info=&#8221;{}&#8221;]<\/p>\n<p><span>Lapin matkailuyritysten riskienhallinnan ja resilienssin kasvattaminen osana strategista johtamista 2024-2026 (Matrix 2). Hanketta rahoittaa Lapin liitto Euroopan aluekehitysrahastosta (EAKR), ja se on k\u00e4ynniss\u00e4 1.9.2024 &#8211; 31.8.2026. Kokonaisbudjetti on 292 515 \u20ac, josta EU-tuen osuus on 234.008 \u20ac.<\/span><\/p>\n<p>[\/et_pb_text][\/et_pb_column][et_pb_column type=&#8221;1_2&#8243; _builder_version=&#8221;4.19.2&#8243; _module_preset=&#8221;default&#8221; global_colors_info=&#8221;{}&#8221;][et_pb_image src=&#8221;https:\/\/blogi.eoppimispalvelut.fi\/matrix2\/files\/2024\/09\/AdobeStock_335373444-scaled.jpeg&#8221; alt=&#8221;A picture with four wooden building blocks. First three have letters R, I and S on them. A hand is turning over the fourth one and letters K and E are both visible. &#8221; title_text=&#8221;Businessman changes wooden blocks with the words Risk and Rise. Business risk management and growth performance. Risks assessment. Planning strategies and achieving goals.&#8221; _builder_version=&#8221;4.27.0&#8243; _module_preset=&#8221;default&#8221; global_colors_info=&#8221;{}&#8221;][\/et_pb_image][et_pb_icon font_icon=&#8221;&#xf08c;||fa||400&#8243; icon_width=&#8221;40px&#8221; url=&#8221;https:\/\/www.linkedin.com\/company\/matrix2hanke\/&#8221; align=&#8221;right&#8221; _builder_version=&#8221;4.27.0&#8243; _module_preset=&#8221;default&#8221; global_colors_info=&#8221;{}&#8221;][\/et_pb_icon][et_pb_icon font_icon=&#8221;&#xe0c8;||divi||400&#8243; icon_width=&#8221;40px&#8221; url=&#8221;https:\/\/www.instagram.com\/matrix2hanke\/&#8221; align=&#8221;right&#8221; _builder_version=&#8221;4.27.0&#8243; _module_preset=&#8221;default&#8221; global_colors_info=&#8221;{}&#8221;][\/et_pb_icon][et_pb_text disabled_on=&#8221;off|off|off&#8221; _builder_version=&#8221;4.27.2&#8243; _module_preset=&#8221;default&#8221; global_colors_info=&#8221;{}&#8221;]<\/p>\n<h3 style=\"text-align: right\"><a href=\"https:\/\/lapinamk.fi\/lapin-amk\/tietosuoja\/\" target=\"_blank\" rel=\"noopener\">Tietosuoja<\/a><\/h3>\n<p>[\/et_pb_text][\/et_pb_column][\/et_pb_row][\/et_pb_section]<\/p>\n","protected":false},"excerpt":{"rendered":"<p>Meid\u00e4t saa parhaiten kiinni s\u00e4hk\u00f6postitse, kiireellisiss\u00e4 asioissa puhelimitse. Ollaan yhteyksiss\u00e4!Tiina M\u00e4ki-Pet\u00e4j\u00e4 Projektip\u00e4\u00e4llikk\u00f6tiina.maki-petaja(at)lapinamk.fi \u00a0+358 (0)40 671 8146 Tiina M\u00e4ki-Pet\u00e4j\u00e4 | LinkedIn Pasi Satokangas Asiantuntija matkailun riskienhallinta ja ennakointipasi.satokangas(at)lapinamk.fi \u00a0+358 (0)40 705 4976Susanna Ollila Asiantuntija matkailu ja palvelumuotoilu\/viestint\u00e4 Ty\u00f6vapaalla susanna.ollila(at)lapinamk.fi \u00a0+358 (0)40 352 5242 Reko Silvenius Asiantuntija riskienhallinta ja turvallisuusreko.silvenius(at)lapinamk.fi \u00a0+358 (0)40 351 6181HanketietoLapin matkailuyritysten riskienhallinnan ja [&hellip;]<\/p>\n","protected":false},"author":6208,"featured_media":0,"parent":0,"menu_order":0,"comment_status":"closed","ping_status":"closed","template":"","meta":{"_et_pb_use_builder":"on","_et_pb_old_content":"<!-- wp:divi\/placeholder \/-->","_et_gb_content_width":"","footnotes":""},"class_list":["post-106","page","type-page","status-publish","hentry"],"_links":{"self":[{"href":"https:\/\/blogi.eoppimispalvelut.fi\/matrix2\/wp-json\/wp\/v2\/pages\/106","targetHints":{"allow":["GET"]}}],"collection":[{"href":"https:\/\/blogi.eoppimispalvelut.fi\/matrix2\/wp-json\/wp\/v2\/pages"}],"about":[{"href":"https:\/\/blogi.eoppimispalvelut.fi\/matrix2\/wp-json\/wp\/v2\/types\/page"}],"author":[{"embeddable":true,"href":"https:\/\/blogi.eoppimispalvelut.fi\/matrix2\/wp-json\/wp\/v2\/users\/6208"}],"replies":[{"embeddable":true,"href":"https:\/\/blogi.eoppimispalvelut.fi\/matrix2\/wp-json\/wp\/v2\/comments?post=106"}],"version-history":[{"count":43,"href":"https:\/\/blogi.eoppimispalvelut.fi\/matrix2\/wp-json\/wp\/v2\/pages\/106\/revisions"}],"predecessor-version":[{"id":1051,"href":"https:\/\/blogi.eoppimispalvelut.fi\/matrix2\/wp-json\/wp\/v2\/pages\/106\/revisions\/1051"}],"wp:attachment":[{"href":"https:\/\/blogi.eoppimispalvelut.fi\/matrix2\/wp-json\/wp\/v2\/media?parent=106"}],"curies":[{"name":"wp","href":"https:\/\/api.w.org\/{rel}","templated":true}]}}