{"id":451,"date":"2025-01-14T15:27:57","date_gmt":"2025-01-14T13:27:57","guid":{"rendered":"https:\/\/blogi.eoppimispalvelut.fi\/matrix2\/?page_id=451"},"modified":"2025-12-31T12:01:11","modified_gmt":"2025-12-31T10:01:11","slug":"future-risk-lab","status":"publish","type":"page","link":"https:\/\/blogi.eoppimispalvelut.fi\/matrix2\/future-risk-lab\/","title":{"rendered":"Future Risk Lab"},"content":{"rendered":"<p>[et_pb_section fb_built=&#8221;1&#8243; fullwidth=&#8221;on&#8221; _builder_version=&#8221;4.27.4&#8243; _module_preset=&#8221;default&#8221; global_colors_info=&#8221;{}&#8221;][et_pb_fullwidth_menu active_link_color=&#8221;#0C71C3&#8243; logo_width=&#8221;52%&#8221; show_search_icon=&#8221;on&#8221; _builder_version=&#8221;4.27.4&#8243; _module_preset=&#8221;default&#8221; menu_font=&#8221;|600|||||||&#8221; menu_text_color=&#8221;#0C71C3&#8243; menu_font_size=&#8221;18px&#8221; min_height=&#8221;50px&#8221; global_colors_info=&#8221;{}&#8221;][\/et_pb_fullwidth_menu][\/et_pb_section][et_pb_section fb_built=&#8221;1&#8243; _builder_version=&#8221;4.27.4&#8243; _module_preset=&#8221;default&#8221; module_alignment=&#8221;center&#8221; custom_margin=&#8221;||-102px|||&#8221; custom_padding=&#8221;4px||0px|||&#8221; global_colors_info=&#8221;{}&#8221;][et_pb_row _builder_version=&#8221;4.27.4&#8243; _module_preset=&#8221;default&#8221; min_height=&#8221;4.6px&#8221; custom_margin=&#8221;|auto||auto|false|false&#8221; custom_padding=&#8221;||||false|false&#8221; global_colors_info=&#8221;{}&#8221;][et_pb_column type=&#8221;4_4&#8243; _builder_version=&#8221;4.27.0&#8243; _module_preset=&#8221;default&#8221; global_colors_info=&#8221;{}&#8221;][et_pb_image src=&#8221;https:\/\/blogi.eoppimispalvelut.fi\/matrix2\/files\/2024\/09\/Matrix2_logopalkki.jpeg&#8221; title_text=&#8221;Matrix2_logopalkki&#8221; align=&#8221;center&#8221; _builder_version=&#8221;4.27.4&#8243; _module_preset=&#8221;default&#8221; width=&#8221;61%&#8221; module_alignment=&#8221;center&#8221; custom_margin=&#8221;|||-109px||&#8221; custom_padding=&#8221;0px|||||&#8221; global_colors_info=&#8221;{}&#8221;][\/et_pb_image][et_pb_blurb title=&#8221;Future Risk Lab &#8221; image=&#8221;https:\/\/blogi.eoppimispalvelut.fi\/matrix2\/files\/2024\/10\/AdobeStock_440316194-scaled.jpeg&#8221; _builder_version=&#8221;4.27.2&#8243; _module_preset=&#8221;default&#8221; background_color=&#8221;#FFFFFF&#8221; custom_margin=&#8221;0px||||false|false&#8221; custom_padding=&#8221;5px|5px|6px|5px|false|false&#8221; border_radii=&#8221;on|10px|10px|10px|10px&#8221; border_width_all=&#8221;3px&#8221; border_color_all=&#8221;#0C71C3&#8243; box_shadow_style=&#8221;preset2&#8243; global_colors_info=&#8221;{}&#8221;]<\/p>\n<p>Kehit\u00e4mme Future Risk Lab -ty\u00f6skentelytavan, ja toteutamme 5 kpl ty\u00f6pajoja yritysten riskienhallinnan tueksi. Future Risk Labissa yritykset ty\u00f6skentelev\u00e4t asiantuntijoiden kanssa valitsemansa strategisen haasteeseen\/ liiketoiminnan riskiin varautumiseksi. Niiss\u00e4 hy\u00f6dynnet\u00e4\u00e4n ennakointitietoa ja -ty\u00f6kaluja.<\/p>\n<p>[\/et_pb_blurb][\/et_pb_column][\/et_pb_row][et_pb_row column_structure=&#8221;1_2,1_2&#8243; _builder_version=&#8221;4.19.2&#8243; _module_preset=&#8221;default&#8221; global_colors_info=&#8221;{}&#8221;][et_pb_column type=&#8221;1_2&#8243; _builder_version=&#8221;4.18.1&#8243; _module_preset=&#8221;default&#8221; global_colors_info=&#8221;{}&#8221;][et_pb_text _builder_version=&#8221;4.27.0&#8243; _module_preset=&#8221;70def7de-d769-4fcb-9898-dc9694e9c289&#8243; custom_margin=&#8221;||0px||false|false&#8221; global_colors_info=&#8221;{}&#8221;]<\/p>\n<h3>Hanketieto<\/h3>\n<p>[\/et_pb_text][et_pb_text _builder_version=&#8221;4.27.4&#8243; _module_preset=&#8221;6c681b62-9746-4c70-9548-9d6fac3ac4ba&#8221; global_colors_info=&#8221;{}&#8221;]<\/p>\n<p><span>Lapin matkailuyritysten riskienhallinnan ja resilienssin kasvattaminen osana strategista johtamista 2024-2026 (Matrix 2). Hanketta rahoittaa Lapin liitto Euroopan aluekehitysrahastosta (EAKR), ja se on k\u00e4ynniss\u00e4 1.9.2024 &#8211; 31.8.2026. Kokonaisbudjetti on 292 515 \u20ac, josta EU-tuen osuus on 234.008 \u20ac.<\/span><\/p>\n<p>[\/et_pb_text][\/et_pb_column][et_pb_column type=&#8221;1_2&#8243; _builder_version=&#8221;4.19.2&#8243; _module_preset=&#8221;default&#8221; global_colors_info=&#8221;{}&#8221;][et_pb_image src=&#8221;https:\/\/blogi.eoppimispalvelut.fi\/matrix2\/files\/2024\/09\/AdobeStock_335373444-scaled.jpeg&#8221; title_text=&#8221;Businessman changes wooden blocks with the words Risk and Rise. Business risk management and growth performance. Risks assessment. Planning strategies and achieving goals.&#8221; _builder_version=&#8221;4.27.0&#8243; _module_preset=&#8221;default&#8221; global_colors_info=&#8221;{}&#8221;][\/et_pb_image][et_pb_icon font_icon=&#8221;&#xf08c;||fa||400&#8243; icon_width=&#8221;40px&#8221; url=&#8221;https:\/\/www.linkedin.com\/company\/matrix2hanke\/&#8221; align=&#8221;right&#8221; _builder_version=&#8221;4.27.0&#8243; _module_preset=&#8221;default&#8221; global_colors_info=&#8221;{}&#8221;][\/et_pb_icon][et_pb_icon font_icon=&#8221;&#xe0c8;||divi||400&#8243; icon_width=&#8221;40px&#8221; url=&#8221;https:\/\/www.instagram.com\/matrix2hanke\/&#8221; align=&#8221;right&#8221; _builder_version=&#8221;4.27.0&#8243; _module_preset=&#8221;default&#8221; global_colors_info=&#8221;{}&#8221;][\/et_pb_icon][et_pb_text disabled_on=&#8221;off|off|off&#8221; _builder_version=&#8221;4.27.2&#8243; _module_preset=&#8221;default&#8221; global_colors_info=&#8221;{}&#8221;]<\/p>\n<h3 style=\"text-align: right\"><a href=\"https:\/\/lapinamk.fi\/lapin-amk\/tietosuoja\/\" target=\"_blank\" rel=\"noopener\">Tietosuoja<\/a><\/h3>\n<p>[\/et_pb_text][\/et_pb_column][\/et_pb_row][\/et_pb_section]<\/p>\n","protected":false},"excerpt":{"rendered":"<p>Kehit\u00e4mme Future Risk Lab -ty\u00f6skentelytavan, ja toteutamme 5 kpl ty\u00f6pajoja yritysten riskienhallinnan tueksi. Future Risk Labissa yritykset ty\u00f6skentelev\u00e4t asiantuntijoiden kanssa valitsemansa strategisen haasteeseen\/ liiketoiminnan riskiin varautumiseksi. Niiss\u00e4 hy\u00f6dynnet\u00e4\u00e4n ennakointitietoa ja -ty\u00f6kaluja.HanketietoLapin matkailuyritysten riskienhallinnan ja resilienssin kasvattaminen osana strategista johtamista 2024-2026 (Matrix 2). Hanketta rahoittaa Lapin liitto Euroopan aluekehitysrahastosta (EAKR), ja se on k\u00e4ynniss\u00e4 1.9.2024 &#8211; [&hellip;]<\/p>\n","protected":false},"author":47863,"featured_media":0,"parent":0,"menu_order":0,"comment_status":"closed","ping_status":"closed","template":"","meta":{"_et_pb_use_builder":"on","_et_pb_old_content":"","_et_gb_content_width":"","footnotes":""},"class_list":["post-451","page","type-page","status-publish","hentry"],"_links":{"self":[{"href":"https:\/\/blogi.eoppimispalvelut.fi\/matrix2\/wp-json\/wp\/v2\/pages\/451","targetHints":{"allow":["GET"]}}],"collection":[{"href":"https:\/\/blogi.eoppimispalvelut.fi\/matrix2\/wp-json\/wp\/v2\/pages"}],"about":[{"href":"https:\/\/blogi.eoppimispalvelut.fi\/matrix2\/wp-json\/wp\/v2\/types\/page"}],"author":[{"embeddable":true,"href":"https:\/\/blogi.eoppimispalvelut.fi\/matrix2\/wp-json\/wp\/v2\/users\/47863"}],"replies":[{"embeddable":true,"href":"https:\/\/blogi.eoppimispalvelut.fi\/matrix2\/wp-json\/wp\/v2\/comments?post=451"}],"version-history":[{"count":10,"href":"https:\/\/blogi.eoppimispalvelut.fi\/matrix2\/wp-json\/wp\/v2\/pages\/451\/revisions"}],"predecessor-version":[{"id":833,"href":"https:\/\/blogi.eoppimispalvelut.fi\/matrix2\/wp-json\/wp\/v2\/pages\/451\/revisions\/833"}],"wp:attachment":[{"href":"https:\/\/blogi.eoppimispalvelut.fi\/matrix2\/wp-json\/wp\/v2\/media?parent=451"}],"curies":[{"name":"wp","href":"https:\/\/api.w.org\/{rel}","templated":true}]}}