{"id":512,"date":"2025-03-20T09:40:59","date_gmt":"2025-03-20T07:40:59","guid":{"rendered":"https:\/\/blogi.eoppimispalvelut.fi\/matrix2\/?page_id=512"},"modified":"2026-02-27T11:01:50","modified_gmt":"2026-02-27T09:01:50","slug":"materiaaleja","status":"publish","type":"page","link":"https:\/\/blogi.eoppimispalvelut.fi\/matrix2\/materiaaleja\/","title":{"rendered":"Materiaaleja"},"content":{"rendered":"<p>[et_pb_section fb_built=&#8221;1&#8243; fullwidth=&#8221;on&#8221; _builder_version=&#8221;4.27.0&#8243; _module_preset=&#8221;default&#8221; global_colors_info=&#8221;{}&#8221;][et_pb_fullwidth_menu active_link_color=&#8221;#0C71C3&#8243; logo_width=&#8221;52%&#8221; show_search_icon=&#8221;on&#8221; _builder_version=&#8221;4.27.4&#8243; _module_preset=&#8221;default&#8221; menu_font=&#8221;|600|||||||&#8221; menu_text_color=&#8221;#0C71C3&#8243; menu_font_size=&#8221;18px&#8221; min_height=&#8221;50px&#8221; custom_padding=&#8221;||40px|||&#8221; global_colors_info=&#8221;{}&#8221;][\/et_pb_fullwidth_menu][\/et_pb_section][et_pb_section fb_built=&#8221;1&#8243; _builder_version=&#8221;4.27.4&#8243; _module_preset=&#8221;default&#8221; custom_padding=&#8221;7px|||||&#8221; global_colors_info=&#8221;{}&#8221;][et_pb_row _builder_version=&#8221;4.27.4&#8243; _module_preset=&#8221;default&#8221; custom_margin=&#8221;-15px|auto||auto||&#8221; custom_padding=&#8221;0px|||||&#8221; global_colors_info=&#8221;{}&#8221;][et_pb_column type=&#8221;4_4&#8243; _builder_version=&#8221;4.27.4&#8243; _module_preset=&#8221;default&#8221; global_colors_info=&#8221;{}&#8221;][et_pb_image src=&#8221;https:\/\/blogi.eoppimispalvelut.fi\/matrix2\/files\/2024\/09\/Matrix2_logopalkki.jpeg&#8221; title_text=&#8221;Matrix2_logopalkki&#8221; src_tablet=&#8221;https:\/\/blogi.eoppimispalvelut.fi\/matrix2\/files\/2024\/09\/Matrix2_logopalkki.jpeg&#8221; src_phone=&#8221;https:\/\/blogi.eoppimispalvelut.fi\/matrix2\/files\/2024\/09\/Matrix2_logopalkki.jpeg&#8221; src_last_edited=&#8221;on|tablet&#8221; _builder_version=&#8221;4.27.2&#8243; _module_preset=&#8221;default&#8221; width=&#8221;61%&#8221; module_alignment=&#8221;center&#8221; custom_margin=&#8221;|||-109px||&#8221; custom_padding=&#8221;0px|||13px|false|false&#8221; border_radii=&#8221;on|10px|10px|10px|10px&#8221; global_colors_info=&#8221;{}&#8221;][\/et_pb_image][\/et_pb_column][\/et_pb_row][et_pb_row column_structure=&#8221;1_2,1_2&#8243; _builder_version=&#8221;4.27.4&#8243; _module_preset=&#8221;default&#8221; global_colors_info=&#8221;{}&#8221;][et_pb_column type=&#8221;1_2&#8243; _builder_version=&#8221;4.27.4&#8243; _module_preset=&#8221;default&#8221; global_colors_info=&#8221;{}&#8221;][et_pb_image src=&#8221;https:\/\/blogi.eoppimispalvelut.fi\/matrix2\/files\/2025\/12\/AdobeStock_565788288-scaled.jpeg&#8221; title_text=&#8221;Educational scenes. Characters reading learning books, studying online on mobile phone and receiving graduation diploma. Online education concept. flat vector modern illustration&#8221; _builder_version=&#8221;4.27.4&#8243; _module_preset=&#8221;default&#8221; global_colors_info=&#8221;{}&#8221;][\/et_pb_image][et_pb_text _builder_version=&#8221;4.27.4&#8243; _module_preset=&#8221;default&#8221; global_colors_info=&#8221;{}&#8221;]<\/p>\n<p>Hankkeessa tuotettuja materiaaleja, jotka tukevat riskienhallinnan ja resilienssin kehitt\u00e4mist\u00e4 matkailuyrityksiss\u00e4.<\/p>\n<p>[\/et_pb_text][et_pb_blurb use_icon=&#8221;on&#8221; _builder_version=&#8221;4.27.4&#8243; _module_preset=&#8221;default&#8221; body_text_color=&#8221;#0C71C3&#8243; background_color=&#8221;#FFFFFF&#8221; custom_margin=&#8221;0px||-7px||false|false&#8221; custom_padding=&#8221;0px|0px|6px|5px|false|false&#8221; border_radii=&#8221;on|10px|10px|10px|10px&#8221; border_width_all=&#8221;3px&#8221; border_color_all=&#8221;#0C71C3&#8243; box_shadow_style=&#8221;preset2&#8243; global_colors_info=&#8221;{}&#8221;]<\/p>\n<h2>Haastattelutuloksia<\/h2>\n<p>&nbsp;<\/p>\n<h3><strong>Mit\u00e4 tarvitaan matkailun riskienhallintaan?\u00a0<\/strong><\/h3>\n<p><span style=\"color: #3366ff\"><strong> <a href=\"https:\/\/blogi.eoppimispalvelut.fi\/matrix2\/files\/2025\/12\/Matrix2-haastattelut-diakaruselli-Mita-tarvitaan-matkailun-riskienhallintaan.pdf\" rel=\"attachment noopener wp-att-806\" target=\"_blank\" style=\"color: #3366ff\">Diaesitys haastattelutuloksista\u00a0\u00a0<\/a><\/strong><\/span><\/p>\n<p>&nbsp;<\/p>\n<h3><span style=\"color: #000000\"><strong>Mit\u00e4 riskej\u00e4 Lapin matkailuun liittyy? <\/strong><\/span><\/h3>\n<p><span style=\"color: #3366ff\"><strong><a href=\"https:\/\/blogi.eoppimispalvelut.fi\/matrix2\/files\/2025\/12\/Matrix2-haastattelut-diakaruselli-Mita-riskeja-Lapin-matkailuun-liittyy.pdf\" rel=\"attachment noopener wp-att-807\" target=\"_blank\" style=\"color: #3366ff\">Diaesitys haastattelutuloksista\u00a0<\/a><\/strong><\/span><\/p>\n<p>&nbsp;<\/p>\n<p>[\/et_pb_blurb][\/et_pb_column][et_pb_column type=&#8221;1_2&#8243; _builder_version=&#8221;4.27.4&#8243; _module_preset=&#8221;default&#8221; global_colors_info=&#8221;{}&#8221;][et_pb_blurb use_icon=&#8221;on&#8221; _builder_version=&#8221;4.27.4&#8243; _module_preset=&#8221;default&#8221; background_color=&#8221;#FFFFFF&#8221; custom_margin=&#8221;0px||-7px||false|false&#8221; custom_padding=&#8221;0px|0px|6px|5px|false|false&#8221; hover_enabled=&#8221;0&#8243; border_radii=&#8221;on|10px|10px|10px|10px&#8221; border_width_all=&#8221;3px&#8221; border_color_all=&#8221;#0C71C3&#8243; box_shadow_style=&#8221;preset2&#8243; global_colors_info=&#8221;{}&#8221; sticky_enabled=&#8221;0&#8243;]<\/p>\n<h2>Artikkelit<\/h2>\n<p>&nbsp;<\/p>\n<h3><strong>Matkailuelinkeinon huominen tehd\u00e4\u00e4n t\u00e4n\u00e4\u00e4n<\/strong><\/h3>\n<p>Pasi Satokangas &amp; Anssi Tarkiainen, Lapin ammattikorkeakoulun Lumen-verkkolehti 2\/2025<\/p>\n<p><a href=\"https:\/\/blogi.eoppimispalvelut.fi\/lumenlehti\/2025\/04\/24\/matkailuelinkeinon-huominen-tehdaan-tanaan\/\" target=\"_blank\" rel=\"noopener\">Lue t\u00e4\u00e4lt\u00e4<\/a><\/p>\n<p>&nbsp;<\/p>\n<h3><strong>Onko vastuullista matkailua ilman luontoriskien huomioimista?<\/strong><\/h3>\n<p>Eeva Helameri &amp; Susanna Ollila, Lapin ammattikorkeakoulun Lumen-verkkolehti 3\/2025<\/p>\n<p><a href=\"https:\/\/blogi.eoppimispalvelut.fi\/lumenlehti\/2025\/10\/30\/onko-vastuullista-matkailua-ilman-luontoriskien-huomioimista\/\" target=\"_blank\" rel=\"noopener\">Lue t\u00e4\u00e4lt\u00e4 <\/a><\/p>\n<p><strong><\/strong><\/p>\n<p><strong><\/strong><\/p>\n<h3><strong>Riskienhallinnan l\u00e4ht\u00f6kohtia lappilaisen uuden luksusmatkailun kehitt\u00e4misess\u00e4<\/strong><\/h3>\n<p>Pasi Satokangas, Anssi Tarkiainen, Satu Laiho &amp; Tiina M\u00e4ki-Pet\u00e4j\u00e4. Teoksessa A. Harju-Myllyaho, H. Kaihua, P. Paloniemi &amp; M. Tihinen (toim.) Kohti uudistavaa luksusmatkailua &#8211; Yksil\u00f6n kokemukset osana yhteis\u00f6n tarinaa. Pohjoisen tekij\u00e4t. Lapin ammattikorkeakoulun julkaisuja 2\/2025<\/p>\n<p><a href=\"https:\/\/urn.fi\/urn:isbn:978-952-316-565-6\" target=\"_blank\" rel=\"noopener\">Lue t\u00e4\u00e4lt\u00e4<\/a><\/p>\n<p>&nbsp;<\/p>\n<h3><strong>Teko\u00e4lyn mahdollisuudet matkailuyritysten ennakointitoiminnassa<\/strong><\/h3>\n<p>Pasi Satokangas &amp; Tiina M\u00e4ki-Pet\u00e4j\u00e4, Lapin ammattikorkeakoulun Lumen-verkkolehti 1\/2026<\/p>\n<p><a href=\"https:\/\/blogi.eoppimispalvelut.fi\/lumenlehti\/2026\/02\/05\/tekoalyn-mahdollisuudet-matkailuyritysten-ennakointitoiminnassa\/\" target=\"_blank\" rel=\"noopener\">Lue t\u00e4\u00e4lt\u00e4<\/a><\/p>\n<p>&nbsp;<\/p>\n<p>[\/et_pb_blurb][\/et_pb_column][\/et_pb_row][et_pb_row column_structure=&#8221;1_2,1_2&#8243; _builder_version=&#8221;4.19.2&#8243; _module_preset=&#8221;default&#8221; global_colors_info=&#8221;{}&#8221;][et_pb_column type=&#8221;1_2&#8243; _builder_version=&#8221;4.18.1&#8243; _module_preset=&#8221;default&#8221; global_colors_info=&#8221;{}&#8221;][et_pb_text _builder_version=&#8221;4.27.0&#8243; _module_preset=&#8221;70def7de-d769-4fcb-9898-dc9694e9c289&#8243; custom_margin=&#8221;||0px||false|false&#8221; global_colors_info=&#8221;{}&#8221;]<\/p>\n<h3>Hanketieto<\/h3>\n<p>[\/et_pb_text][et_pb_text _builder_version=&#8221;4.27.4&#8243; _module_preset=&#8221;6c681b62-9746-4c70-9548-9d6fac3ac4ba&#8221; global_colors_info=&#8221;{}&#8221;]<\/p>\n<p><span>Lapin matkailuyritysten riskienhallinnan ja resilienssin kasvattaminen osana strategista johtamista 2024-2026 (Matrix 2). Hanketta rahoittaa Lapin liitto Euroopan aluekehitysrahastosta (EAKR), ja se on k\u00e4ynniss\u00e4 1.9.2024 &#8211; 31.8.2026. Kokonaisbudjetti on 292 515 \u20ac, josta EU-tuen osuus on 234.008 \u20ac.<\/span><\/p>\n<p>[\/et_pb_text][\/et_pb_column][et_pb_column type=&#8221;1_2&#8243; _builder_version=&#8221;4.19.2&#8243; _module_preset=&#8221;default&#8221; global_colors_info=&#8221;{}&#8221;][et_pb_image src=&#8221;https:\/\/blogi.eoppimispalvelut.fi\/matrix2\/files\/2024\/09\/AdobeStock_335373444-scaled.jpeg&#8221; title_text=&#8221;Businessman changes wooden blocks with the words Risk and Rise. Business risk management and growth performance. Risks assessment. Planning strategies and achieving goals.&#8221; _builder_version=&#8221;4.27.0&#8243; _module_preset=&#8221;default&#8221; global_colors_info=&#8221;{}&#8221;][\/et_pb_image][et_pb_icon font_icon=&#8221;&#xf08c;||fa||400&#8243; icon_width=&#8221;40px&#8221; url=&#8221;https:\/\/www.linkedin.com\/company\/matrix2hanke\/&#8221; align=&#8221;right&#8221; _builder_version=&#8221;4.27.0&#8243; _module_preset=&#8221;default&#8221; global_colors_info=&#8221;{}&#8221;][\/et_pb_icon][et_pb_icon font_icon=&#8221;&#xe0c8;||divi||400&#8243; icon_width=&#8221;40px&#8221; url=&#8221;https:\/\/www.instagram.com\/matrix2hanke\/&#8221; align=&#8221;right&#8221; _builder_version=&#8221;4.27.0&#8243; _module_preset=&#8221;default&#8221; global_colors_info=&#8221;{}&#8221;][\/et_pb_icon][et_pb_text disabled_on=&#8221;off|off|off&#8221; _builder_version=&#8221;4.27.2&#8243; _module_preset=&#8221;default&#8221; global_colors_info=&#8221;{}&#8221;]<\/p>\n<h3 style=\"text-align: right\"><a href=\"https:\/\/lapinamk.fi\/lapin-amk\/tietosuoja\/\" target=\"_blank\" rel=\"noopener\">Tietosuoja<\/a><\/h3>\n<p>[\/et_pb_text][\/et_pb_column][\/et_pb_row][\/et_pb_section]<\/p>\n","protected":false},"excerpt":{"rendered":"<p>Hankkeessa tuotettuja materiaaleja, jotka tukevat riskienhallinnan ja resilienssin kehitt\u00e4mist\u00e4 matkailuyrityksiss\u00e4.Haastattelutuloksia &nbsp; Mit\u00e4 tarvitaan matkailun riskienhallintaan?\u00a0 Diaesitys haastattelutuloksista\u00a0\u00a0 &nbsp; Mit\u00e4 riskej\u00e4 Lapin matkailuun liittyy? Diaesitys haastattelutuloksista\u00a0 &nbsp;Artikkelit &nbsp; Matkailuelinkeinon huominen tehd\u00e4\u00e4n t\u00e4n\u00e4\u00e4n Pasi Satokangas &amp; Anssi Tarkiainen, Lapin ammattikorkeakoulun Lumen-verkkolehti 2\/2025 Lue t\u00e4\u00e4lt\u00e4 &nbsp; Onko vastuullista matkailua ilman luontoriskien huomioimista? Eeva Helameri &amp; Susanna Ollila, Lapin [&hellip;]<\/p>\n","protected":false},"author":6208,"featured_media":0,"parent":0,"menu_order":0,"comment_status":"closed","ping_status":"closed","template":"","meta":{"_et_pb_use_builder":"on","_et_pb_old_content":"<!-- wp:divi\/placeholder \/-->","_et_gb_content_width":"","footnotes":""},"class_list":["post-512","page","type-page","status-publish","hentry"],"_links":{"self":[{"href":"https:\/\/blogi.eoppimispalvelut.fi\/matrix2\/wp-json\/wp\/v2\/pages\/512","targetHints":{"allow":["GET"]}}],"collection":[{"href":"https:\/\/blogi.eoppimispalvelut.fi\/matrix2\/wp-json\/wp\/v2\/pages"}],"about":[{"href":"https:\/\/blogi.eoppimispalvelut.fi\/matrix2\/wp-json\/wp\/v2\/types\/page"}],"author":[{"embeddable":true,"href":"https:\/\/blogi.eoppimispalvelut.fi\/matrix2\/wp-json\/wp\/v2\/users\/6208"}],"replies":[{"embeddable":true,"href":"https:\/\/blogi.eoppimispalvelut.fi\/matrix2\/wp-json\/wp\/v2\/comments?post=512"}],"version-history":[{"count":33,"href":"https:\/\/blogi.eoppimispalvelut.fi\/matrix2\/wp-json\/wp\/v2\/pages\/512\/revisions"}],"predecessor-version":[{"id":1033,"href":"https:\/\/blogi.eoppimispalvelut.fi\/matrix2\/wp-json\/wp\/v2\/pages\/512\/revisions\/1033"}],"wp:attachment":[{"href":"https:\/\/blogi.eoppimispalvelut.fi\/matrix2\/wp-json\/wp\/v2\/media?parent=512"}],"curies":[{"name":"wp","href":"https:\/\/api.w.org\/{rel}","templated":true}]}}