{"id":615,"date":"2025-08-26T17:17:11","date_gmt":"2025-08-26T14:17:11","guid":{"rendered":"https:\/\/blogi.eoppimispalvelut.fi\/matrix2\/?page_id=615"},"modified":"2025-08-26T17:27:34","modified_gmt":"2025-08-26T14:27:34","slug":"miten-tunnistaa-avainsanat","status":"publish","type":"page","link":"https:\/\/blogi.eoppimispalvelut.fi\/matrix2\/miten-tunnistaa-avainsanat\/","title":{"rendered":"Miten tunnistaa avainsanat?"},"content":{"rendered":"<p>[et_pb_section fb_built=&#8221;1&#8243; fullwidth=&#8221;on&#8221; _builder_version=&#8221;4.27.0&#8243; _module_preset=&#8221;default&#8221; global_colors_info=&#8221;{}&#8221; theme_builder_area=&#8221;post_content&#8221;][et_pb_fullwidth_menu active_link_color=&#8221;#6B6B6B&#8221; logo_width=&#8221;52%&#8221; show_search_icon=&#8221;on&#8221; _builder_version=&#8221;4.27.0&#8243; _module_preset=&#8221;default&#8221; menu_font=&#8221;|600|||||||&#8221; menu_text_color=&#8221;#C5310D&#8221; menu_font_size=&#8221;18px&#8221; min_height=&#8221;50px&#8221; global_colors_info=&#8221;{}&#8221; theme_builder_area=&#8221;post_content&#8221;][\/et_pb_fullwidth_menu][\/et_pb_section][et_pb_section fb_built=&#8221;1&#8243; _builder_version=&#8221;4.27.0&#8243; _module_preset=&#8221;default&#8221; module_alignment=&#8221;left&#8221; custom_margin=&#8221;||-102px|||&#8221; custom_padding=&#8221;4px||0px|||&#8221; global_colors_info=&#8221;{}&#8221; theme_builder_area=&#8221;post_content&#8221;][et_pb_row _builder_version=&#8221;4.27.0&#8243; _module_preset=&#8221;default&#8221; min_height=&#8221;4.6px&#8221; custom_margin=&#8221;-27px|auto||auto||&#8221; custom_padding=&#8221;0px|||||&#8221; global_colors_info=&#8221;{}&#8221; theme_builder_area=&#8221;post_content&#8221;][et_pb_column type=&#8221;4_4&#8243; _builder_version=&#8221;4.27.0&#8243; _module_preset=&#8221;default&#8221; global_colors_info=&#8221;{}&#8221; theme_builder_area=&#8221;post_content&#8221;][et_pb_image src=&#8221;https:\/\/blogi.eoppimispalvelut.fi\/matrix2\/files\/2024\/09\/Matrix2_logopalkki.jpeg&#8221; title_text=&#8221;Matrix2_logopalkki&#8221; align=&#8221;right&#8221; _builder_version=&#8221;4.27.0&#8243; _module_preset=&#8221;default&#8221; width=&#8221;61%&#8221; custom_margin=&#8221;|||-109px||&#8221; custom_padding=&#8221;0px|||||&#8221; global_colors_info=&#8221;{}&#8221; theme_builder_area=&#8221;post_content&#8221;][\/et_pb_image][\/et_pb_column][\/et_pb_row][\/et_pb_section][et_pb_section fb_built=&#8221;1&#8243; custom_padding_last_edited=&#8221;on|phone&#8221; _builder_version=&#8221;4.27.0&#8243; _module_preset=&#8221;default&#8221; custom_padding=&#8221;148px||4px||false|false&#8221; custom_padding_tablet=&#8221;||||false|false&#8221; custom_padding_phone=&#8221;||10px||false|false&#8221; global_colors_info=&#8221;{}&#8221; theme_builder_area=&#8221;post_content&#8221;][et_pb_row column_structure=&#8221;1_2,1_2&#8243; _builder_version=&#8221;4.27.0&#8243; _module_preset=&#8221;default&#8221; custom_margin=&#8221;-73px|auto||auto||&#8221; global_colors_info=&#8221;{}&#8221; theme_builder_area=&#8221;post_content&#8221;][et_pb_column type=&#8221;1_2&#8243; _builder_version=&#8221;4.27.0&#8243; _module_preset=&#8221;default&#8221; global_colors_info=&#8221;{}&#8221; theme_builder_area=&#8221;post_content&#8221;][et_pb_image src=&#8221;https:\/\/blogi.eoppimispalvelut.fi\/matrix2\/files\/2025\/08\/AdobeStock_141263447-scaled.jpeg&#8221; title_text=&#8221;Keywords Research Business Concept. The meeting at the white office table.&#8221; _builder_version=&#8221;4.27.4&#8243; _module_preset=&#8221;default&#8221; custom_padding=&#8221;|0px||||&#8221; hover_enabled=&#8221;0&#8243; global_colors_info=&#8221;{}&#8221; theme_builder_area=&#8221;post_content&#8221; sticky_enabled=&#8221;0&#8243; width=&#8221;80%&#8221;][\/et_pb_image][\/et_pb_column][et_pb_column type=&#8221;1_2&#8243; _builder_version=&#8221;4.27.0&#8243; _module_preset=&#8221;default&#8221; global_colors_info=&#8221;{}&#8221; theme_builder_area=&#8221;post_content&#8221;][et_pb_blurb title=&#8221;Miten tunnistaa avainsanat?&#8221; _builder_version=&#8221;4.27.4&#8243; _module_preset=&#8221;default&#8221; header_level=&#8221;h1&#8243; body_font_size=&#8221;16px&#8221; custom_margin=&#8221;|||-16px||&#8221; hover_enabled=&#8221;0&#8243; border_radii=&#8221;on|1px|1px|1px|1px&#8221; global_colors_info=&#8221;{}&#8221; theme_builder_area=&#8221;post_content&#8221; sticky_enabled=&#8221;0&#8243;]<\/p>\n<p>Ennen Google Trendsin hy\u00f6dynt\u00e4mist\u00e4 on t\u00e4rke\u00e4\u00e4 tunnistaa omalle yritykselle sopivat avainsanat. T\u00e4lt\u00e4 sivulta l\u00f6yd\u00e4t siihen vinkkej\u00e4.\u00a0<\/p>\n<p>[\/et_pb_blurb][\/et_pb_column][\/et_pb_row][\/et_pb_section][et_pb_section fb_built=&#8221;1&#8243; admin_label=&#8221;Services&#8221; _builder_version=&#8221;4.18.1&#8243; _module_preset=&#8221;default&#8221; custom_padding=&#8221;0px|||||&#8221; collapsed=&#8221;on&#8221; global_colors_info=&#8221;{}&#8221; theme_builder_area=&#8221;post_content&#8221;][et_pb_row _builder_version=&#8221;4.27.4&#8243; _module_preset=&#8221;default&#8221; theme_builder_area=&#8221;post_content&#8221; column_structure=&#8221;1_2,1_2&#8243;][et_pb_column _builder_version=&#8221;4.27.4&#8243; _module_preset=&#8221;default&#8221; type=&#8221;1_2&#8243; theme_builder_area=&#8221;post_content&#8221;][et_pb_blurb title=&#8221;Google itse&#8221; _builder_version=&#8221;4.27.4&#8243; _module_preset=&#8221;default&#8221; theme_builder_area=&#8221;post_content&#8221; use_icon=&#8221;on&#8221; hover_enabled=&#8221;0&#8243; sticky_enabled=&#8221;0&#8243;]<\/p>\n<ul data-start=\"330\" data-end=\"838\">\n<li data-start=\"330\" data-end=\"575\">\n<p data-start=\"332\" data-end=\"575\"><strong data-start=\"332\" data-end=\"377\">Google Search -ehdotukset (Autocomplete):<\/strong><br data-start=\"377\" data-end=\"380\" \/>Kun alat kirjoittaa hakua Googleen (<em data-start=\"418\" data-end=\"440\">husky safari Lapland<\/em>), Google ehdottaa jatkoja (\u201chusky safari Lapland price\u201d, \u201chusky safari Rovaniemi\u201d). N\u00e4m\u00e4 ovat oikeita hakuja, joita ihmiset tekev\u00e4t.<\/p>\n<\/li>\n<li data-start=\"576\" data-end=\"734\">\n<p data-start=\"578\" data-end=\"734\"><strong data-start=\"578\" data-end=\"610\">\u201cPeople also ask\u201d -laatikko:<\/strong><br data-start=\"610\" data-end=\"613\" \/>Googlen hakutulosten keskell\u00e4 n\u00e4kyv\u00e4 laatikko (\u201cIhmiset kysyv\u00e4t my\u00f6s\u2026\u201d) kertoo kysymyksi\u00e4, jotka liittyv\u00e4t palveluun.<\/p>\n<\/li>\n<li data-start=\"735\" data-end=\"838\">\n<p data-start=\"737\" data-end=\"838\"><strong data-start=\"737\" data-end=\"776\">Hakusivun alaosan \u201cliittyv\u00e4t haut\u201d:<\/strong><br data-start=\"776\" data-end=\"779\" \/>Sivun lopussa on listaus vaihtoehtoisista hakusanoista.<\/p>\n<\/li>\n<\/ul>\n<p data-start=\"840\" data-end=\"931\">\ud83d\udc49 \u00a0N\u00e4et heti, mit\u00e4 ihmiset haluavat tiet\u00e4\u00e4 juuri siit\u00e4 termist\u00e4, jonka sy\u00f6tit.<\/p>\n<p>[\/et_pb_blurb][\/et_pb_column][et_pb_column _builder_version=&#8221;4.27.4&#8243; _module_preset=&#8221;default&#8221; type=&#8221;1_2&#8243; theme_builder_area=&#8221;post_content&#8221;][et_pb_blurb title=&#8221;Google Ads Keyword Planner (avainsanojen suunnittelija)&#8221; _builder_version=&#8221;4.27.4&#8243; _module_preset=&#8221;default&#8221; theme_builder_area=&#8221;post_content&#8221; use_icon=&#8221;on&#8221; hover_enabled=&#8221;0&#8243; sticky_enabled=&#8221;0&#8243;]<\/p>\n<ul data-start=\"1002\" data-end=\"1252\">\n<li data-start=\"1002\" data-end=\"1081\">\n<p data-start=\"1004\" data-end=\"1081\">Saatavilla Google Ads -tiliss\u00e4 (ilmainen, vaikka ei mainostaisi juuri nyt).<\/p>\n<\/li>\n<li data-start=\"1082\" data-end=\"1184\">\n<p data-start=\"1084\" data-end=\"1184\">Voit sy\u00f6tt\u00e4\u00e4 palvelusi (esim. \u201cglass igloo Finland\u201d), ja ty\u00f6kalu ehdottaa siihen liittyvi\u00e4 hakuja.<\/p>\n<\/li>\n<li data-start=\"1185\" data-end=\"1252\">\n<p data-start=\"1187\" data-end=\"1252\">N\u00e4et my\u00f6s hakum\u00e4\u00e4r\u00e4arvioita, kilpailutason ja hintatason (CPC).<\/p>\n<\/li>\n<\/ul>\n<p data-start=\"1254\" data-end=\"1361\">\ud83d\udc49 Voit l\u00f6yt\u00e4\u00e4 kymmeni\u00e4 uusia sanoja, joita asiakkaat k\u00e4ytt\u00e4v\u00e4t \u2192 hyv\u00e4 sy\u00f6te Google Trendsiin.<\/p>\n<p>[\/et_pb_blurb][\/et_pb_column][\/et_pb_row][et_pb_row _builder_version=&#8221;4.27.4&#8243; _module_preset=&#8221;default&#8221; theme_builder_area=&#8221;post_content&#8221; column_structure=&#8221;1_2,1_2&#8243;][et_pb_column _builder_version=&#8221;4.27.4&#8243; _module_preset=&#8221;default&#8221; type=&#8221;1_2&#8243; theme_builder_area=&#8221;post_content&#8221;][et_pb_blurb title=&#8221;Ilmaiset hakusana-ideaty\u00f6kalut&#8221; _builder_version=&#8221;4.27.4&#8243; _module_preset=&#8221;default&#8221; theme_builder_area=&#8221;post_content&#8221; use_icon=&#8221;on&#8221; hover_enabled=&#8221;0&#8243; sticky_enabled=&#8221;0&#8243;]<\/p>\n<ul data-start=\"1407\" data-end=\"1746\">\n<li data-start=\"1407\" data-end=\"1500\">\n<p data-start=\"1409\" data-end=\"1500\"><strong data-start=\"1409\" data-end=\"1453\">Ubersuggest (neilpatel.com\/ubersuggest):<\/strong> antaa ehdotuksia, hakuvolyymej\u00e4 ja trendej\u00e4.<\/p>\n<\/li>\n<li data-start=\"1501\" data-end=\"1646\">\n<p data-start=\"1503\" data-end=\"1646\"><strong data-start=\"1503\" data-end=\"1545\">AnswerThePublic (answerthepublic.com):<\/strong> muuttaa hakusanan kysymyskartaksi (esim. \u201chusky safari\u201d \u2192 \u201chow much is husky safari in Lapland?\u201d).<\/p>\n<\/li>\n<li data-start=\"1647\" data-end=\"1746\">\n<p data-start=\"1649\" data-end=\"1746\"><strong data-start=\"1649\" data-end=\"1683\">Keyword Tool (keywordtool.io):<\/strong> poimii Googlen, YouTuben ja muiden alustojen hakuehdotukset.<\/p>\n<\/li>\n<\/ul>\n<p data-start=\"1748\" data-end=\"1872\">\ud83d\udc49 Saat idean, millaisia kysymyksi\u00e4 ja variaatioita asiakkaat k\u00e4ytt\u00e4v\u00e4t \u2192 voit testata niit\u00e4 Google Trendsiss\u00e4.<\/p>\n<p>[\/et_pb_blurb][\/et_pb_column][et_pb_column _builder_version=&#8221;4.27.4&#8243; _module_preset=&#8221;default&#8221; type=&#8221;1_2&#8243; theme_builder_area=&#8221;post_content&#8221;][et_pb_blurb title=&#8221;Kilpailijoiden verkkosivut ja Tripadvisor \/ Booking.com&#8221; _builder_version=&#8221;4.27.4&#8243; _module_preset=&#8221;default&#8221; theme_builder_area=&#8221;post_content&#8221; use_icon=&#8221;on&#8221; hover_enabled=&#8221;0&#8243; sticky_enabled=&#8221;0&#8243;]<\/p>\n<ul data-start=\"1943\" data-end=\"2150\">\n<li data-start=\"1943\" data-end=\"2049\">\n<p data-start=\"1945\" data-end=\"2049\">Katso, mill\u00e4 termeill\u00e4 kilpailijat esittelev\u00e4t palvelujaan (\u201caurora tour\u201d, \u201csnow village experience\u201d).<\/p>\n<\/li>\n<li data-start=\"2050\" data-end=\"2150\">\n<p data-start=\"2052\" data-end=\"2150\">Tripadvisorin ja Bookingin kategorioista n\u00e4kee, mit\u00e4 hakusanoja asiakkaat k\u00e4ytt\u00e4v\u00e4t varatessaan.<\/p>\n<\/li>\n<\/ul>\n<p data-start=\"2152\" data-end=\"2243\">\ud83d\udc49 Saat \u201casiakasl\u00e4ht\u00f6isi\u00e4\u201d sanoja \u2013 ei vain sit\u00e4 kielt\u00e4, jota itse k\u00e4ytt\u00e4isit.<\/p>\n<p>[\/et_pb_blurb][\/et_pb_column][\/et_pb_row][et_pb_row _builder_version=&#8221;4.27.4&#8243; _module_preset=&#8221;default&#8221; theme_builder_area=&#8221;post_content&#8221; column_structure=&#8221;1_2,1_2&#8243;][et_pb_column _builder_version=&#8221;4.27.4&#8243; _module_preset=&#8221;default&#8221; type=&#8221;1_2&#8243; theme_builder_area=&#8221;post_content&#8221;][et_pb_blurb title=&#8221;Asiakkaiden oma kieli&#8221; _builder_version=&#8221;4.27.4&#8243; _module_preset=&#8221;default&#8221; theme_builder_area=&#8221;post_content&#8221; use_icon=&#8221;on&#8221; hover_enabled=&#8221;0&#8243; sticky_enabled=&#8221;0&#8243;]<\/p>\n<ul data-start=\"2280\" data-end=\"2467\">\n<li data-start=\"2280\" data-end=\"2341\">\n<p data-start=\"2282\" data-end=\"2341\">Kysy asiakkailtasi: <em data-start=\"2302\" data-end=\"2339\">\u201cMill\u00e4 hakusanoilla l\u00f6ysit meid\u00e4t?\u201d<\/em><\/p>\n<\/li>\n<li data-start=\"2342\" data-end=\"2467\">\n<p data-start=\"2344\" data-end=\"2467\">Tarkista s\u00e4hk\u00f6postikyselyt, some-kommentit, TripAdvisor-arvostelut: mit\u00e4 sanoja asiakkaat k\u00e4ytt\u00e4v\u00e4t kuvatessaan palvelua?<\/p>\n<\/li>\n<\/ul>\n<p data-start=\"2469\" data-end=\"2581\">\ud83d\udc49 Asiakas voi k\u00e4ytt\u00e4\u00e4 eri sanoja kuin yritt\u00e4j\u00e4 itse (esim. \u201creindeer ride\u201d vs. \u201creindeer safari\u201d).<\/p>\n<p>[\/et_pb_blurb][\/et_pb_column][et_pb_column _builder_version=&#8221;4.27.4&#8243; _module_preset=&#8221;default&#8221; type=&#8221;1_2&#8243; theme_builder_area=&#8221;post_content&#8221;][\/et_pb_column][\/et_pb_row][\/et_pb_section][et_pb_section fb_built=&#8221;1&#8243; admin_label=&#8221;Features&#8221; _builder_version=&#8221;4.19.0&#8243; _module_preset=&#8221;default&#8221; collapsed=&#8221;on&#8221; global_colors_info=&#8221;{}&#8221; theme_builder_area=&#8221;post_content&#8221;][et_pb_row column_structure=&#8221;1_2,1_2&#8243; _builder_version=&#8221;4.19.2&#8243; _module_preset=&#8221;default&#8221; global_colors_info=&#8221;{}&#8221; theme_builder_area=&#8221;post_content&#8221;][et_pb_column type=&#8221;1_2&#8243; _builder_version=&#8221;4.18.1&#8243; _module_preset=&#8221;default&#8221; global_colors_info=&#8221;{}&#8221; theme_builder_area=&#8221;post_content&#8221;][et_pb_text _builder_version=&#8221;4.27.0&#8243; _module_preset=&#8221;70def7de-d769-4fcb-9898-dc9694e9c289&#8243; custom_margin=&#8221;||0px||false|false&#8221; global_colors_info=&#8221;{}&#8221; theme_builder_area=&#8221;post_content&#8221;]<\/p>\n<h3>Hanketieto<\/h3>\n<p>[\/et_pb_text][et_pb_text _builder_version=&#8221;4.27.0&#8243; _module_preset=&#8221;6c681b62-9746-4c70-9548-9d6fac3ac4ba&#8221; global_colors_info=&#8221;{}&#8221; theme_builder_area=&#8221;post_content&#8221;]<\/p>\n<p><span>Lapin matkailuyritysten riskienhallinnan ja resilienssin kasvattaminen osana strategista johtamista 2024-2026 (Matrix 2). Hanketta rahoittaa Lapin liitto Euroopan aluekehitysrahastosta (EAKR), ja se on k\u00e4ynniss\u00e4 1.9.2024 &#8211; 31.8.2026. Kokonaisbudjetti on 292 515 \u20ac, josta EU-tuen osuus on 230 008 \u20ac.<\/span><\/p>\n<p>[\/et_pb_text][\/et_pb_column][et_pb_column type=&#8221;1_2&#8243; _builder_version=&#8221;4.19.2&#8243; _module_preset=&#8221;default&#8221; global_colors_info=&#8221;{}&#8221; theme_builder_area=&#8221;post_content&#8221;][et_pb_image src=&#8221;https:\/\/blogi.eoppimispalvelut.fi\/matrix2\/files\/2024\/09\/AdobeStock_335373444-scaled.jpeg&#8221; title_text=&#8221;Businessman changes wooden blocks with the words Risk and Rise. Business risk management and growth performance. Risks assessment. Planning strategies and achieving goals.&#8221; _builder_version=&#8221;4.27.0&#8243; _module_preset=&#8221;default&#8221; global_colors_info=&#8221;{}&#8221; theme_builder_area=&#8221;post_content&#8221;][\/et_pb_image][\/et_pb_column][\/et_pb_row][\/et_pb_section]<\/p>\n","protected":false},"excerpt":{"rendered":"<p>Ennen Google Trendsin hy\u00f6dynt\u00e4mist\u00e4 on t\u00e4rke\u00e4\u00e4 tunnistaa omalle yritykselle sopivat avainsanat. T\u00e4lt\u00e4 sivulta l\u00f6yd\u00e4t siihen vinkkej\u00e4.\u00a0 Google Search -ehdotukset (Autocomplete):Kun alat kirjoittaa hakua Googleen (husky safari Lapland), Google ehdottaa jatkoja (\u201chusky safari Lapland price\u201d, \u201chusky safari Rovaniemi\u201d). N\u00e4m\u00e4 ovat oikeita hakuja, joita ihmiset tekev\u00e4t. \u201cPeople also ask\u201d -laatikko:Googlen hakutulosten keskell\u00e4 n\u00e4kyv\u00e4 laatikko (\u201cIhmiset kysyv\u00e4t my\u00f6s\u2026\u201d) [&hellip;]<\/p>\n","protected":false},"author":6208,"featured_media":0,"parent":0,"menu_order":0,"comment_status":"closed","ping_status":"closed","template":"","meta":{"_et_pb_use_builder":"on","_et_pb_old_content":"<!-- wp:divi\/placeholder \/-->","_et_gb_content_width":"","footnotes":""},"class_list":["post-615","page","type-page","status-publish","hentry"],"_links":{"self":[{"href":"https:\/\/blogi.eoppimispalvelut.fi\/matrix2\/wp-json\/wp\/v2\/pages\/615","targetHints":{"allow":["GET"]}}],"collection":[{"href":"https:\/\/blogi.eoppimispalvelut.fi\/matrix2\/wp-json\/wp\/v2\/pages"}],"about":[{"href":"https:\/\/blogi.eoppimispalvelut.fi\/matrix2\/wp-json\/wp\/v2\/types\/page"}],"author":[{"embeddable":true,"href":"https:\/\/blogi.eoppimispalvelut.fi\/matrix2\/wp-json\/wp\/v2\/users\/6208"}],"replies":[{"embeddable":true,"href":"https:\/\/blogi.eoppimispalvelut.fi\/matrix2\/wp-json\/wp\/v2\/comments?post=615"}],"version-history":[{"count":4,"href":"https:\/\/blogi.eoppimispalvelut.fi\/matrix2\/wp-json\/wp\/v2\/pages\/615\/revisions"}],"predecessor-version":[{"id":623,"href":"https:\/\/blogi.eoppimispalvelut.fi\/matrix2\/wp-json\/wp\/v2\/pages\/615\/revisions\/623"}],"wp:attachment":[{"href":"https:\/\/blogi.eoppimispalvelut.fi\/matrix2\/wp-json\/wp\/v2\/media?parent=615"}],"curies":[{"name":"wp","href":"https:\/\/api.w.org\/{rel}","templated":true}]}}