{"id":678,"date":"2025-10-07T18:20:29","date_gmt":"2025-10-07T15:20:29","guid":{"rendered":"https:\/\/blogi.eoppimispalvelut.fi\/matrix2\/?page_id=678"},"modified":"2026-01-16T09:42:11","modified_gmt":"2026-01-16T07:42:11","slug":"riskienhallinta-valmius","status":"publish","type":"page","link":"https:\/\/blogi.eoppimispalvelut.fi\/matrix2\/riskienhallinta-valmius\/","title":{"rendered":"Riskienhallinta Valmius"},"content":{"rendered":"<p>[et_pb_section fb_built=&#8221;1&#8243; fullwidth=&#8221;on&#8221; _builder_version=&#8221;4.27.0&#8243; _module_preset=&#8221;default&#8221; global_colors_info=&#8221;{}&#8221;][et_pb_fullwidth_menu active_link_color=&#8221;#6B6B6B&#8221; logo_width=&#8221;52%&#8221; show_search_icon=&#8221;on&#8221; _builder_version=&#8221;4.27.4&#8243; _module_preset=&#8221;default&#8221; menu_font=&#8221;|600|||||||&#8221; menu_text_color=&#8221;#0C71C3&#8243; menu_font_size=&#8221;18px&#8221; min_height=&#8221;50px&#8221; global_colors_info=&#8221;{}&#8221;][\/et_pb_fullwidth_menu][\/et_pb_section][et_pb_section fb_built=&#8221;1&#8243; _builder_version=&#8221;4.27.0&#8243; _module_preset=&#8221;default&#8221; module_alignment=&#8221;left&#8221; custom_margin=&#8221;||-102px|||&#8221; custom_padding=&#8221;4px||0px|||&#8221; global_colors_info=&#8221;{}&#8221;][et_pb_row _builder_version=&#8221;4.27.4&#8243; _module_preset=&#8221;default&#8221; module_alignment=&#8221;center&#8221; min_height=&#8221;4.6px&#8221; custom_margin=&#8221;|auto||auto|false|false&#8221; custom_padding=&#8221;||||false|false&#8221; global_colors_info=&#8221;{}&#8221;][et_pb_column type=&#8221;4_4&#8243; _builder_version=&#8221;4.27.0&#8243; _module_preset=&#8221;default&#8221; global_colors_info=&#8221;{}&#8221;][et_pb_image src=&#8221;https:\/\/blogi.eoppimispalvelut.fi\/matrix2\/files\/2024\/09\/Matrix2_logopalkki.jpeg&#8221; title_text=&#8221;Matrix2_logopalkki&#8221; align=&#8221;center&#8221; _builder_version=&#8221;4.27.4&#8243; _module_preset=&#8221;default&#8221; global_colors_info=&#8221;{}&#8221;][\/et_pb_image][\/et_pb_column][\/et_pb_row][\/et_pb_section][et_pb_section fb_built=&#8221;1&#8243; custom_padding_last_edited=&#8221;on|phone&#8221; _builder_version=&#8221;4.27.0&#8243; _module_preset=&#8221;default&#8221; custom_padding=&#8221;148px||4px||false|false&#8221; custom_padding_tablet=&#8221;||||false|false&#8221; custom_padding_phone=&#8221;||10px||false|false&#8221; global_colors_info=&#8221;{}&#8221;][et_pb_row column_structure=&#8221;1_2,1_2&#8243; _builder_version=&#8221;4.27.0&#8243; _module_preset=&#8221;default&#8221; custom_margin=&#8221;-73px|auto||auto||&#8221; global_colors_info=&#8221;{}&#8221;][et_pb_column type=&#8221;1_2&#8243; _builder_version=&#8221;4.27.0&#8243; _module_preset=&#8221;default&#8221; global_colors_info=&#8221;{}&#8221;][et_pb_image src=&#8221;https:\/\/blogi.eoppimispalvelut.fi\/matrix2\/files\/2025\/10\/AdobeStock_806233616-1-scaled.jpeg&#8221; title_text=&#8221;Strategic analysis of business product in benchmark performance. Tiny people compare metrics report and test charts information on dashboard with evaluation tools cartoon vector illustration&#8221; _builder_version=&#8221;4.27.4&#8243; _module_preset=&#8221;default&#8221; width=&#8221;80%&#8221; custom_padding=&#8221;|0px||||&#8221; global_colors_info=&#8221;{}&#8221;][\/et_pb_image][\/et_pb_column][et_pb_column type=&#8221;1_2&#8243; _builder_version=&#8221;4.27.0&#8243; _module_preset=&#8221;default&#8221; global_colors_info=&#8221;{}&#8221;][et_pb_blurb title=&#8221;Riskienhallinta Valmius &#8211; Mik\u00e4 on riskienhallinnan tasosi? &#8221; use_icon=&#8221;on&#8221; _builder_version=&#8221;4.27.4&#8243; _module_preset=&#8221;default&#8221; header_level=&#8221;h1&#8243; body_font_size=&#8221;16px&#8221; custom_margin=&#8221;|||-16px||&#8221; border_radii=&#8221;on|1px|1px|1px|1px&#8221; global_colors_info=&#8221;{}&#8221;]<\/p>\n<p data-start=\"196\" data-end=\"385\"><strong data-start=\"147\" data-end=\"238\">Tee nopea itsearvio matkailuyrityksesi riskienhallinnan valmiudesta \u2013 20\u201330 minuutissa.<\/strong><br data-start=\"238\" data-end=\"241\" \/>Riskienhallinta Valmius -testi auttaa sinua hahmottamaan, kuinka j\u00e4rjestelm\u00e4llisesti yrityksesi tunnistaa, arvioi ja hallitsee riskej\u00e4 arjessa. Testi tuo n\u00e4kyv\u00e4ksi vahvuudet ja kehityskohteet, ja antaa konkreettisia suosituksia seuraaviin askeliin. Saat heti yhteenvedon yrityksesi kypsyystasosta ja k\u00e4yt\u00e4nn\u00f6n vinkkej\u00e4, joilla voit vahvistaa valmiutta muuttuvissa olosuhteissa.<\/p>\n<p data-start=\"387\" data-end=\"483\"><a data-start=\"387\" data-end=\"483\" class=\"decorated-link\" href=\"https:\/\/link.webropolsurveys.com\/S\/19346C04E72C6428?utm_source=chatgpt.com\" target=\"_blank\" rel=\"noopener\"><strong data-start=\"388\" data-end=\"429\">Aloita Riskienhallinta Valmius -testi<\/strong><\/a><\/p>\n<p>[\/et_pb_blurb][\/et_pb_column][\/et_pb_row][\/et_pb_section][et_pb_section fb_built=&#8221;1&#8243; admin_label=&#8221;Services&#8221; _builder_version=&#8221;4.18.1&#8243; _module_preset=&#8221;default&#8221; custom_padding=&#8221;0px|||||&#8221; collapsed=&#8221;on&#8221; global_colors_info=&#8221;{}&#8221;][et_pb_row column_structure=&#8221;1_2,1_2&#8243; _builder_version=&#8221;4.27.4&#8243; _module_preset=&#8221;default&#8221; global_colors_info=&#8221;{}&#8221;][et_pb_column type=&#8221;1_2&#8243; _builder_version=&#8221;4.27.4&#8243; _module_preset=&#8221;default&#8221; global_colors_info=&#8221;{}&#8221;][et_pb_blurb use_icon=&#8221;on&#8221; _builder_version=&#8221;4.27.4&#8243; _module_preset=&#8221;default&#8221; global_colors_info=&#8221;{}&#8221;]<\/p>\n<h2 data-start=\"490\" data-end=\"501\">Kenelle?<\/h2>\n<p data-start=\"502\" data-end=\"613\">Matkailualan yritt\u00e4jille ja tiimeille, jotka haluavat selkeytt\u00e4\u00e4 riskienhallintaa ja vahvistaa arjen valmiutta.<\/p>\n<p data-start=\"502\" data-end=\"613\">\n<h2 data-start=\"615\" data-end=\"628\">Miksi nyt?<\/h2>\n<ul>\n<li data-start=\"631\" data-end=\"668\">N\u00e4et <strong data-start=\"636\" data-end=\"653\">kokonaiskuvan<\/strong> nykytilasta.<\/li>\n<li data-start=\"631\" data-end=\"668\">Saat <strong data-start=\"676\" data-end=\"700\">konkreettiset toimet<\/strong> seuraaville viikoille.<\/li>\n<li data-start=\"728\" data-end=\"772\">Parannat <strong data-start=\"737\" data-end=\"771\">p\u00e4\u00e4t\u00f6ksentekoa ja resilienssi\u00e4<\/strong>.<\/li>\n<\/ul>\n<h2 data-start=\"774\" data-end=\"793\">Miten se toimii?<\/h2>\n<ol>\n<li data-start=\"797\" data-end=\"815\">Varaa 20\u201330 min.<\/li>\n<li data-start=\"819\" data-end=\"861\">Vastaa 9 k\u00e4yt\u00e4nn\u00f6nl\u00e4heiseen kysymykseen.<\/li>\n<li data-start=\"865\" data-end=\"905\">Saat tiiviin yhteenvedon ja suositukset.<\/li>\n<\/ol>\n<p>[\/et_pb_blurb][\/et_pb_column][et_pb_column type=&#8221;1_2&#8243; _builder_version=&#8221;4.27.4&#8243; _module_preset=&#8221;default&#8221; global_colors_info=&#8221;{}&#8221;][et_pb_blurb use_icon=&#8221;on&#8221; _builder_version=&#8221;4.27.4&#8243; _module_preset=&#8221;default&#8221; global_colors_info=&#8221;{}&#8221;]<\/p>\n<h3 data-start=\"912\" data-end=\"935\">Tietosuoja<\/h3>\n<p data-start=\"936\" data-end=\"1018\">Vastaukset k\u00e4sitell\u00e4\u00e4n luottamuksellisesti ja tietoja k\u00e4sitell\u00e4\u00e4n <a href=\"https:\/\/lapinamk.fi\/lapin-amk\/tietosuoja\/\" target=\"_blank\" rel=\"noopener\">Lapin AMKin tietosuojaohjeistuksen<\/a> mukaisesti. Yksitt\u00e4ist\u00e4 yrityst\u00e4 ei voi tunnistaa.<\/p>\n<p data-start=\"1020\" data-end=\"1100\"><a data-start=\"1020\" data-end=\"1100\" rel=\"noopener\" target=\"_blank\" class=\"decorated-link\" href=\"https:\/\/link.webropolsurveys.com\/S\/19346C04E72C6428?utm_source=chatgpt.com\"><strong data-start=\"1021\" data-end=\"1046\">Siirry tekem\u00e4\u00e4n testi<\/strong><span aria-hidden=\"true\" class=\"ms-0.5 inline-block align-middle leading-none\"><\/span><\/a><\/p>\n<hr data-start=\"1102\" data-end=\"1105\" \/>\n<p data-start=\"1107\" data-end=\"1241\"><strong data-start=\"1107\" data-end=\"1118\">Vinkki:<\/strong> Kun saat tulokset, varaa kalenteriin 30 minuuttia kolmeen ensimm\u00e4iseen toimenpiteeseen \u2013 vauhti syntyy pienist\u00e4 voitoista.<\/p>\n<p>[\/et_pb_blurb][\/et_pb_column][\/et_pb_row][\/et_pb_section][et_pb_section fb_built=&#8221;1&#8243; admin_label=&#8221;Features&#8221; _builder_version=&#8221;4.19.0&#8243; _module_preset=&#8221;default&#8221; min_height=&#8221;396.6px&#8221; collapsed=&#8221;on&#8221; global_colors_info=&#8221;{}&#8221;][et_pb_row column_structure=&#8221;1_2,1_2&#8243; _builder_version=&#8221;4.19.2&#8243; _module_preset=&#8221;default&#8221; global_colors_info=&#8221;{}&#8221;][et_pb_column type=&#8221;1_2&#8243; _builder_version=&#8221;4.18.1&#8243; _module_preset=&#8221;default&#8221; global_colors_info=&#8221;{}&#8221;][et_pb_text _builder_version=&#8221;4.27.0&#8243; _module_preset=&#8221;70def7de-d769-4fcb-9898-dc9694e9c289&#8243; custom_margin=&#8221;||0px||false|false&#8221; global_colors_info=&#8221;{}&#8221;]<\/p>\n<h3>Hanketieto<\/h3>\n<p>[\/et_pb_text][et_pb_text _builder_version=&#8221;4.27.0&#8243; _module_preset=&#8221;6c681b62-9746-4c70-9548-9d6fac3ac4ba&#8221; global_colors_info=&#8221;{}&#8221;]<\/p>\n<p><span>Lapin matkailuyritysten riskienhallinnan ja resilienssin kasvattaminen osana strategista johtamista 2024-2026 (Matrix 2). Hanketta rahoittaa Lapin liitto Euroopan aluekehitysrahastosta (EAKR), ja se on k\u00e4ynniss\u00e4 1.9.2024 &#8211; 31.8.2026. Kokonaisbudjetti on 292 515 \u20ac, josta EU-tuen osuus on 230 008 \u20ac.<\/span><\/p>\n<p>[\/et_pb_text][\/et_pb_column][et_pb_column type=&#8221;1_2&#8243; _builder_version=&#8221;4.19.2&#8243; _module_preset=&#8221;default&#8221; global_colors_info=&#8221;{}&#8221;][et_pb_image src=&#8221;https:\/\/blogi.eoppimispalvelut.fi\/matrix2\/files\/2024\/09\/AdobeStock_335373444-scaled.jpeg&#8221; title_text=&#8221;Businessman changes wooden blocks with the words Risk and Rise. Business risk management and growth performance. Risks assessment. Planning strategies and achieving goals.&#8221; _builder_version=&#8221;4.27.0&#8243; _module_preset=&#8221;default&#8221; global_colors_info=&#8221;{}&#8221;][\/et_pb_image][\/et_pb_column][\/et_pb_row][\/et_pb_section]<\/p>\n","protected":false},"excerpt":{"rendered":"<p>Tee nopea itsearvio matkailuyrityksesi riskienhallinnan valmiudesta \u2013 20\u201330 minuutissa.Riskienhallinta Valmius -testi auttaa sinua hahmottamaan, kuinka j\u00e4rjestelm\u00e4llisesti yrityksesi tunnistaa, arvioi ja hallitsee riskej\u00e4 arjessa. Testi tuo n\u00e4kyv\u00e4ksi vahvuudet ja kehityskohteet, ja antaa konkreettisia suosituksia seuraaviin askeliin. Saat heti yhteenvedon yrityksesi kypsyystasosta ja k\u00e4yt\u00e4nn\u00f6n vinkkej\u00e4, joilla voit vahvistaa valmiutta muuttuvissa olosuhteissa. Aloita Riskienhallinta Valmius -testiKenelle? Matkailualan yritt\u00e4jille [&hellip;]<\/p>\n","protected":false},"author":6208,"featured_media":0,"parent":0,"menu_order":0,"comment_status":"closed","ping_status":"closed","template":"","meta":{"_et_pb_use_builder":"on","_et_pb_old_content":"<!-- wp:divi\/placeholder \/-->","_et_gb_content_width":"","footnotes":""},"class_list":["post-678","page","type-page","status-publish","hentry"],"_links":{"self":[{"href":"https:\/\/blogi.eoppimispalvelut.fi\/matrix2\/wp-json\/wp\/v2\/pages\/678","targetHints":{"allow":["GET"]}}],"collection":[{"href":"https:\/\/blogi.eoppimispalvelut.fi\/matrix2\/wp-json\/wp\/v2\/pages"}],"about":[{"href":"https:\/\/blogi.eoppimispalvelut.fi\/matrix2\/wp-json\/wp\/v2\/types\/page"}],"author":[{"embeddable":true,"href":"https:\/\/blogi.eoppimispalvelut.fi\/matrix2\/wp-json\/wp\/v2\/users\/6208"}],"replies":[{"embeddable":true,"href":"https:\/\/blogi.eoppimispalvelut.fi\/matrix2\/wp-json\/wp\/v2\/comments?post=678"}],"version-history":[{"count":9,"href":"https:\/\/blogi.eoppimispalvelut.fi\/matrix2\/wp-json\/wp\/v2\/pages\/678\/revisions"}],"predecessor-version":[{"id":900,"href":"https:\/\/blogi.eoppimispalvelut.fi\/matrix2\/wp-json\/wp\/v2\/pages\/678\/revisions\/900"}],"wp:attachment":[{"href":"https:\/\/blogi.eoppimispalvelut.fi\/matrix2\/wp-json\/wp\/v2\/media?parent=678"}],"curies":[{"name":"wp","href":"https:\/\/api.w.org\/{rel}","templated":true}]}}