{"id":704,"date":"2025-10-08T14:19:25","date_gmt":"2025-10-08T11:19:25","guid":{"rendered":"https:\/\/blogi.eoppimispalvelut.fi\/matrix2\/?page_id=704"},"modified":"2026-01-16T09:22:48","modified_gmt":"2026-01-16T07:22:48","slug":"riskienhallinta-lista","status":"publish","type":"page","link":"https:\/\/blogi.eoppimispalvelut.fi\/matrix2\/riskienhallinta-lista\/","title":{"rendered":"Riskienhallinta Lista"},"content":{"rendered":"<p>[et_pb_section fb_built=&#8221;1&#8243; fullwidth=&#8221;on&#8221; _builder_version=&#8221;4.27.0&#8243; _module_preset=&#8221;default&#8221; global_colors_info=&#8221;{}&#8221;][et_pb_fullwidth_menu active_link_color=&#8221;#6B6B6B&#8221; logo_width=&#8221;52%&#8221; show_search_icon=&#8221;on&#8221; _builder_version=&#8221;4.27.4&#8243; _module_preset=&#8221;default&#8221; menu_font=&#8221;|600|||||||&#8221; menu_text_color=&#8221;#0C71C3&#8243; menu_font_size=&#8221;18px&#8221; min_height=&#8221;50px&#8221; global_colors_info=&#8221;{}&#8221;][\/et_pb_fullwidth_menu][\/et_pb_section][et_pb_section fb_built=&#8221;1&#8243; _builder_version=&#8221;4.27.0&#8243; _module_preset=&#8221;default&#8221; module_alignment=&#8221;left&#8221; custom_margin=&#8221;||-102px|||&#8221; custom_padding=&#8221;4px||0px|||&#8221; global_colors_info=&#8221;{}&#8221;][et_pb_row _builder_version=&#8221;4.27.4&#8243; _module_preset=&#8221;default&#8221; min_height=&#8221;4.6px&#8221; custom_margin=&#8221;|auto||auto|false|false&#8221; custom_padding=&#8221;||||false|false&#8221; global_colors_info=&#8221;{}&#8221;][et_pb_column type=&#8221;4_4&#8243; _builder_version=&#8221;4.27.0&#8243; _module_preset=&#8221;default&#8221; global_colors_info=&#8221;{}&#8221;][et_pb_image src=&#8221;https:\/\/blogi.eoppimispalvelut.fi\/matrix2\/files\/2024\/09\/Matrix2_logopalkki.jpeg&#8221; title_text=&#8221;Matrix2_logopalkki&#8221; align=&#8221;center&#8221; _builder_version=&#8221;4.27.4&#8243; _module_preset=&#8221;default&#8221; global_colors_info=&#8221;{}&#8221;][\/et_pb_image][\/et_pb_column][\/et_pb_row][\/et_pb_section][et_pb_section fb_built=&#8221;1&#8243; custom_padding_last_edited=&#8221;on|phone&#8221; _builder_version=&#8221;4.27.0&#8243; _module_preset=&#8221;default&#8221; custom_padding=&#8221;148px||4px||false|false&#8221; custom_padding_tablet=&#8221;||||false|false&#8221; custom_padding_phone=&#8221;||10px||false|false&#8221; global_colors_info=&#8221;{}&#8221;][et_pb_row column_structure=&#8221;1_2,1_2&#8243; _builder_version=&#8221;4.27.0&#8243; _module_preset=&#8221;default&#8221; custom_margin=&#8221;-73px|auto||auto||&#8221; global_colors_info=&#8221;{}&#8221;][et_pb_column type=&#8221;1_2&#8243; _builder_version=&#8221;4.27.0&#8243; _module_preset=&#8221;default&#8221; global_colors_info=&#8221;{}&#8221;][et_pb_image src=&#8221;https:\/\/blogi.eoppimispalvelut.fi\/matrix2\/files\/2025\/09\/AdobeStock_412032212-scaled.jpeg&#8221; title_text=&#8221;Hand holding pencil and fill check mark on to do lists paper sheet with clipboard and blue background.&#8221; _builder_version=&#8221;4.27.4&#8243; _module_preset=&#8221;default&#8221; width=&#8221;60%&#8221; custom_padding=&#8221;|0px||||&#8221; global_colors_info=&#8221;{}&#8221;][\/et_pb_image][\/et_pb_column][et_pb_column type=&#8221;1_2&#8243; _builder_version=&#8221;4.27.0&#8243; _module_preset=&#8221;default&#8221; global_colors_info=&#8221;{}&#8221;][et_pb_blurb title=&#8221;Riskienhallinta Lista &#8211; tee ainakin t\u00e4m\u00e4! &#8221; use_icon=&#8221;on&#8221; _builder_version=&#8221;4.27.4&#8243; _module_preset=&#8221;default&#8221; header_level=&#8221;h1&#8243; body_font_size=&#8221;16px&#8221; custom_margin=&#8221;|||-16px||&#8221; border_radii=&#8221;on|1px|1px|1px|1px&#8221; global_colors_info=&#8221;{}&#8221;]<\/p>\n<p><strong data-start=\"25\" data-end=\"84\">Nopea, tulostettava tarkistuslista matkailuyrityksille.<\/strong><\/p>\n<p>Lista toimii itsen\u00e4isen\u00e4 ty\u00f6kaluna tai johdantona laajempaan riskienhallintaan ja auttaa arvioimaan yrityksen valmiutta, turvallisuutta ja kehitt\u00e4mistarpeita. Se kattaa kuusi osa-aluetta: henkil\u00f6st\u00f6 &amp; osaaminen, talous &amp; hallinto, asiakkaat &amp; viestint\u00e4, palvelut &amp; arki, vastuullisuus &amp; ymp\u00e4rist\u00f6 sek\u00e4 turvallisuus &amp; tietosuoja. T\u00e4m\u00e4n lis\u00e4ksi Lista sis\u00e4lt\u00e4\u00e4 lakeja ja s\u00e4\u00e4d\u00f6ksi\u00e4, jotka matkailuyrityksen tulee huomioida toiminnassaan.<\/p>\n<p>&nbsp;<\/p>\n<h4><strong data-start=\"1339\" data-end=\"1381\">\u27a1\ufe0f <a href=\"https:\/\/blogi.eoppimispalvelut.fi\/matrix2\/files\/2025\/10\/Riskienhallinta-Lista.pdf\" rel=\"attachment wp-att-710\">Riskienhallinta Lista<\/a><\/strong>\u2013 tulosta ja pid\u00e4 n\u00e4kyvill\u00e4 arjen tukena.<\/h4>\n<p>[\/et_pb_blurb][\/et_pb_column][\/et_pb_row][\/et_pb_section][et_pb_section fb_built=&#8221;1&#8243; admin_label=&#8221;Services&#8221; _builder_version=&#8221;4.18.1&#8243; _module_preset=&#8221;default&#8221; custom_padding=&#8221;0px|||||&#8221; collapsed=&#8221;on&#8221; global_colors_info=&#8221;{}&#8221;][et_pb_row column_structure=&#8221;1_2,1_2&#8243; _builder_version=&#8221;4.27.4&#8243; _module_preset=&#8221;default&#8221; global_colors_info=&#8221;{}&#8221;][et_pb_column type=&#8221;1_2&#8243; _builder_version=&#8221;4.27.4&#8243; _module_preset=&#8221;default&#8221; global_colors_info=&#8221;{}&#8221;][et_pb_blurb title=&#8221;Miten k\u00e4yt\u00e4t &#8221; use_icon=&#8221;on&#8221; _builder_version=&#8221;4.27.4&#8243; _module_preset=&#8221;default&#8221; global_colors_info=&#8221;{}&#8221;]<\/p>\n<ul data-start=\"575\" data-end=\"842\">\n<li data-start=\"575\" data-end=\"615\">\n<p data-start=\"577\" data-end=\"615\"><strong data-start=\"577\" data-end=\"613\">Tulosta A4 ja kiinnit\u00e4 sein\u00e4lle.<\/strong><\/p>\n<\/li>\n<li data-start=\"616\" data-end=\"681\">\n<p data-start=\"618\" data-end=\"681\"><strong data-start=\"618\" data-end=\"636\">Rastita kohdat<\/strong>, jotka ovat kunnossa \u2013 merkitse puuttuvat.<\/p>\n<\/li>\n<li data-start=\"682\" data-end=\"760\">\n<p data-start=\"684\" data-end=\"760\"><strong data-start=\"684\" data-end=\"721\">Nime\u00e4 vastuuhenkil\u00f6 ja p\u00e4iv\u00e4m\u00e4\u00e4r\u00e4<\/strong> jokaiselle keskener\u00e4iselle kohdalle.<\/p>\n<\/li>\n<li data-start=\"761\" data-end=\"842\">\n<p data-start=\"763\" data-end=\"842\"><strong data-start=\"763\" data-end=\"794\">Palaa listaan kuukausittain<\/strong>: p\u00e4ivit\u00e4 tilanne ja lis\u00e4\u00e4 seuraavat askeleet.<\/p>\n<\/li>\n<\/ul>\n<p>[\/et_pb_blurb][\/et_pb_column][et_pb_column type=&#8221;1_2&#8243; _builder_version=&#8221;4.27.4&#8243; _module_preset=&#8221;default&#8221; global_colors_info=&#8221;{}&#8221;][et_pb_blurb title=&#8221;Lait ja s\u00e4\u00e4d\u00f6kset \u2013 tiivis muistilista&#8221; use_icon=&#8221;on&#8221; _builder_version=&#8221;4.27.4&#8243; _module_preset=&#8221;default&#8221; global_colors_info=&#8221;{}&#8221;]<\/p>\n<p data-start=\"891\" data-end=\"1332\">Listassa on koottuna matkailuyritt\u00e4j\u00e4n keskeiset s\u00e4\u00e4d\u00f6salueet (tiivistelm\u00e4, ei kaikenkattava): kuluttajansuoja &amp; sopimukset, ty\u00f6lains\u00e4\u00e4d\u00e4nt\u00f6, verotus &amp; kirjanpito, tietosuoja &amp; tietoturva, terveys &amp; turvallisuus, ymp\u00e4rist\u00f6 &amp; vastuullisuus, alkoholi\/elintarvike &amp; anniskelu sek\u00e4 muut paikalliset velvoitteet. Muistathan tarkistaa ajantasaisuuden viranomaisl\u00e4hteist\u00e4.<\/p>\n<p>[\/et_pb_blurb][\/et_pb_column][\/et_pb_row][\/et_pb_section][et_pb_section fb_built=&#8221;1&#8243; admin_label=&#8221;Features&#8221; _builder_version=&#8221;4.19.0&#8243; _module_preset=&#8221;default&#8221; collapsed=&#8221;on&#8221; global_colors_info=&#8221;{}&#8221;][et_pb_row column_structure=&#8221;1_2,1_2&#8243; _builder_version=&#8221;4.19.2&#8243; _module_preset=&#8221;default&#8221; global_colors_info=&#8221;{}&#8221;][et_pb_column type=&#8221;1_2&#8243; _builder_version=&#8221;4.18.1&#8243; _module_preset=&#8221;default&#8221; global_colors_info=&#8221;{}&#8221;][et_pb_text _builder_version=&#8221;4.27.0&#8243; _module_preset=&#8221;70def7de-d769-4fcb-9898-dc9694e9c289&#8243; custom_margin=&#8221;||0px||false|false&#8221; global_colors_info=&#8221;{}&#8221;]<\/p>\n<h3>Hanketieto<\/h3>\n<p>[\/et_pb_text][et_pb_text _builder_version=&#8221;4.27.0&#8243; _module_preset=&#8221;6c681b62-9746-4c70-9548-9d6fac3ac4ba&#8221; global_colors_info=&#8221;{}&#8221;]<\/p>\n<p><span>Lapin matkailuyritysten riskienhallinnan ja resilienssin kasvattaminen osana strategista johtamista 2024-2026 (Matrix 2). Hanketta rahoittaa Lapin liitto Euroopan aluekehitysrahastosta (EAKR), ja se on k\u00e4ynniss\u00e4 1.9.2024 &#8211; 31.8.2026. Kokonaisbudjetti on 292 515 \u20ac, josta EU-tuen osuus on 230 008 \u20ac.<\/span><\/p>\n<p>[\/et_pb_text][\/et_pb_column][et_pb_column type=&#8221;1_2&#8243; _builder_version=&#8221;4.19.2&#8243; _module_preset=&#8221;default&#8221; global_colors_info=&#8221;{}&#8221;][et_pb_image src=&#8221;https:\/\/blogi.eoppimispalvelut.fi\/matrix2\/files\/2024\/09\/AdobeStock_335373444-scaled.jpeg&#8221; title_text=&#8221;Businessman changes wooden blocks with the words Risk and Rise. Business risk management and growth performance. Risks assessment. Planning strategies and achieving goals.&#8221; _builder_version=&#8221;4.27.0&#8243; _module_preset=&#8221;default&#8221; global_colors_info=&#8221;{}&#8221;][\/et_pb_image][\/et_pb_column][\/et_pb_row][\/et_pb_section]<\/p>\n","protected":false},"excerpt":{"rendered":"<p>Nopea, tulostettava tarkistuslista matkailuyrityksille. Lista toimii itsen\u00e4isen\u00e4 ty\u00f6kaluna tai johdantona laajempaan riskienhallintaan ja auttaa arvioimaan yrityksen valmiutta, turvallisuutta ja kehitt\u00e4mistarpeita. Se kattaa kuusi osa-aluetta: henkil\u00f6st\u00f6 &amp; osaaminen, talous &amp; hallinto, asiakkaat &amp; viestint\u00e4, palvelut &amp; arki, vastuullisuus &amp; ymp\u00e4rist\u00f6 sek\u00e4 turvallisuus &amp; tietosuoja. T\u00e4m\u00e4n lis\u00e4ksi Lista sis\u00e4lt\u00e4\u00e4 lakeja ja s\u00e4\u00e4d\u00f6ksi\u00e4, jotka matkailuyrityksen tulee huomioida toiminnassaan. [&hellip;]<\/p>\n","protected":false},"author":6208,"featured_media":0,"parent":0,"menu_order":0,"comment_status":"closed","ping_status":"closed","template":"","meta":{"_et_pb_use_builder":"on","_et_pb_old_content":"<!-- wp:divi\/placeholder \/-->","_et_gb_content_width":"","footnotes":""},"class_list":["post-704","page","type-page","status-publish","hentry"],"_links":{"self":[{"href":"https:\/\/blogi.eoppimispalvelut.fi\/matrix2\/wp-json\/wp\/v2\/pages\/704","targetHints":{"allow":["GET"]}}],"collection":[{"href":"https:\/\/blogi.eoppimispalvelut.fi\/matrix2\/wp-json\/wp\/v2\/pages"}],"about":[{"href":"https:\/\/blogi.eoppimispalvelut.fi\/matrix2\/wp-json\/wp\/v2\/types\/page"}],"author":[{"embeddable":true,"href":"https:\/\/blogi.eoppimispalvelut.fi\/matrix2\/wp-json\/wp\/v2\/users\/6208"}],"replies":[{"embeddable":true,"href":"https:\/\/blogi.eoppimispalvelut.fi\/matrix2\/wp-json\/wp\/v2\/comments?post=704"}],"version-history":[{"count":8,"href":"https:\/\/blogi.eoppimispalvelut.fi\/matrix2\/wp-json\/wp\/v2\/pages\/704\/revisions"}],"predecessor-version":[{"id":882,"href":"https:\/\/blogi.eoppimispalvelut.fi\/matrix2\/wp-json\/wp\/v2\/pages\/704\/revisions\/882"}],"wp:attachment":[{"href":"https:\/\/blogi.eoppimispalvelut.fi\/matrix2\/wp-json\/wp\/v2\/media?parent=704"}],"curies":[{"name":"wp","href":"https:\/\/api.w.org\/{rel}","templated":true}]}}