{"id":13,"date":"2019-05-25T15:50:56","date_gmt":"2019-05-25T12:50:56","guid":{"rendered":"https:\/\/blogi.eoppimispalvelut.fi\/mhwordpress2\/?page_id=13"},"modified":"2019-05-26T11:00:43","modified_gmt":"2019-05-26T08:00:43","slug":"oma-panos-projektiin","status":"publish","type":"page","link":"https:\/\/blogi.eoppimispalvelut.fi\/mhwordpress2\/oma-panos-projektiin\/","title":{"rendered":"Oma panos projektiin"},"content":{"rendered":"<p>Koen toimineeni er\u00e4\u00e4nlaisena projektin vet\u00e4j\u00e4n\u00e4. Varsinkin projektin alussa t\u00e4m\u00e4 rooli korostui. It-taustani ansiosta ymm\u00e4rr\u00e4n mielest\u00e4ni kokonaisuuksia. Olen my\u00f6s ty\u00f6el\u00e4m\u00e4ss\u00e4 joutunut\/saanut \u00a0kartoittaa erikokoisia ja erilaisia muutostavoitteita ja \u2013vaatimuksia. My\u00f6s monipuolinen ty\u00f6kokemus eri aloilta, erilaisista teht\u00e4vist\u00e4 erilaisilla ty\u00f6nantajilla lis\u00e4\u00e4 tietotaitoa ja ymm\u00e4rryst\u00e4 asioista. Dokumentointi ja sen tarpeellisuus ovat olleet usein osa ty\u00f6t\u00e4 ja vaikka niit\u00e4 ei olisi vaadittukaan, olen tottunut dokumentoimaan asiat. My\u00f6s neuvominen ja opastaminen korostuivat t\u00e4ss\u00e4 teht\u00e4v\u00e4ss\u00e4 joidenkin henkil\u00f6iden osalta. Olen my\u00f6s kouluttanut jonkin verran, joten tarvittaessa opastan ja neuvon mielell\u00e4ni muita.<\/p>\n<p>Asioita, joita tein t\u00e4ss\u00e4 projektissa ovat:<\/p>\n<p>ICT-ymp\u00e4rist\u00f6n nykytila \u00a0\u2013teht\u00e4v\u00e4ss\u00e4 kirjoitin 1 kohdan Esittelyn ja 2 kohdan eli Tavoitteiden ja niihin johtavien toimenpiteiden selitt\u00e4minen ja luokittelu \u2013osan. Lis\u00e4ksi neuvoin 3 kohdan ICT:n hy\u00f6tyodotusten selitt\u00e4minen suhteessa tavoitteisiin ja toimenpiteisiin \u2013osassa ja 4 kohdan ICT-ymp\u00e4rist\u00f6n kuvaaminen ja sen hyvien ja huonojen puolien selitt\u00e4minen suhteessa tavoitteisiin ja toimenpiteisiin \u2013osassa. Ehdotuksestani my\u00f6s 4 kohdassa k\u00e4ytettiin taulukkoa asian havainnollistamiseen. Tein my\u00f6s dokumenttipohjan Opinn\u00e4ytety\u00f6n mallista OneDriveen. Haasteena t\u00e4ss\u00e4 osassa koin sen, ett\u00e4 muut ryhm\u00e4n j\u00e4senet oli vakuutettava siit\u00e4, ett\u00e4 samoja asioita toistettiin ja tarkasteltiin eri n\u00e4k\u00f6kulmista.<\/p>\n<p>ICT-ymp\u00e4rist\u00f6n tavoitetila \u00a0\u2013teht\u00e4v\u00e4 koostui kolmesta JUHTA &#8211; julkisen hallinnon tietohallinnon neuvottelukunnan taulukkopohjasta, joita k\u00e4ytettiin apuna tavoitetilan m\u00e4\u00e4rittelemisess\u00e4. Yhden ryhm\u00e4n j\u00e4senen toivomuksesta teimme kaikki omat versiomme Tarveluettelo-, Mittarit ja hy\u00f6dyt- \u00a0ja Vaatimusluettelo-tauluista. Lopullisiksi pohjiksi otimme laajimmat taulut, joita t\u00e4ydensimme muiden taulujen tiedoilla. K\u00e4vimme yhdess\u00e4 l\u00e4pi taulujen kaikki kohdat ja keskustelimme niist\u00e4.\u00a0Haasteena t\u00e4ss\u00e4 teht\u00e4v\u00e4ss\u00e4 oli se, ett\u00e4 koska jokainen teki kaikki taulut, \u00a0vei se turhaa aikaa.\u00a0Toisaalta jokainen ymm\u00e4rsi asian paremmin ja lopullisen version tekeminen tapahtui ryhm\u00e4ty\u00f6n\u00e4 keskustellen.<\/p>\n<p>ICT-ymp\u00e4rist\u00f6n kehityssuunnitelma \u00a0\u2013teht\u00e4v\u00e4ss\u00e4 tein aluksi dokumenttipohjan ICT-ymp\u00e4rist\u00f6n nykytila -dokumentista OneDriveen. Minun teht\u00e4vi\u00e4ni olivat muokata Esittely\u00e4, joka oli laadittu jo ICT-ymp\u00e4rist\u00f6n nykytila \u00a0\u2013osassa. Laatia yrityksen ICT-tarpeet -osa, jossa k\u00e4ytettiin ICT-ymp\u00e4rist\u00f6n nykytila \u00a0\u2013teht\u00e4v\u00e4n materiaalia.<\/p>\n<p>Yrityksen ICT-ymp\u00e4rist\u00f6n tavoitetila \u2013kohdassa teht\u00e4viini kuului Tavoitetilan esittely, johon kirjoitin tekstin.\u00a0 Tarveluettelo-, Mittarit ja hy\u00f6dyt- ja Vaatimusluettelo-taulut oli laadittu jo ICT-ymp\u00e4rist\u00f6n tavoitetila \u00a0\u2013teht\u00e4v\u00e4ss\u00e4.\u00a0 Neuvoin ja keskustelimme paljon yrityksen ICT-ymp\u00e4rist\u00f6n k\u00e4ytt\u00e4jien toimintaan teht\u00e4v\u00e4t muutokset \u00a0\u2013kappaleesta. Yrityksen ICT-ymp\u00e4rist\u00f6n tavoitetilan tekninen toteutus \u00a0\u00a0\u2013kappaleessa olimme alustavasti sopineet, ett\u00e4 jaamme t\u00e4m\u00e4n osuuden tasapuolisesti ryhm\u00e4n j\u00e4senten kesken, mutta yksi meist\u00e4 olikin tapaamiseen menness\u00e4 kartoittanut suurimman osan eri tarpeiden vaihtoehdoista. T\u00e4m\u00e4 luonnollisesti helpotti meid\u00e4n toisten osuutta ja teht\u00e4v\u00e4ksemme j\u00e4ikin n\u00e4hin valmiisiin vaihtoehtoihin tutustuminen ja parannus- ja lis\u00e4ehdotusten tekeminen. Itse kartoitin nettisivujen tekemiseen liittyv\u00e4t vaihtoehdot ja niist\u00e4 kirjoittaminen j\u00e4i t\u00e4m\u00e4n osuuden kirjoittajan teht\u00e4v\u00e4ksi. Tutustuin my\u00f6s kolmannen henkil\u00f6n kartoittamiin vaihtoehtoihin. Ehdotin my\u00f6s vaihtoehtojen esitt\u00e4mist\u00e4 taulukko-muodossa, koska se auttaa havainnollistamaan vaihtoehdot paremmin.<\/p>\n<p>Kirjoitin yrityksen ICT-ymp\u00e4rist\u00f6n \u00a0kehityspolku \u00a0\u2013osuuden ja laadin Gantt-kaavion. Yrityksen ICT-ymp\u00e4rist\u00f6n IT-yll\u00e4pito \u2013osuudesta keskusteltiin paljon ryhm\u00e4n kesken. Yrityksen ICT-ymp\u00e4rist\u00f6n kehitysty\u00f6n kustannukset ja hy\u00f6dyt \u00a0\u2013kappaleeseen toin hy\u00f6tyn\u00e4k\u00f6kohtia esiin keskustelussamme.<\/p>\n<p>Johtop\u00e4\u00e4t\u00f6kset mietimme ryhm\u00e4ss\u00e4 ja yksi meist\u00e4 kirjoitti ne yl\u00f6s saman tien.<\/p>\n<p>&nbsp;<\/p>\n","protected":false},"excerpt":{"rendered":"<p>Koen toimineeni er\u00e4\u00e4nlaisena projektin vet\u00e4j\u00e4n\u00e4. Varsinkin projektin alussa t\u00e4m\u00e4 rooli korostui. It-taustani ansiosta ymm\u00e4rr\u00e4n mielest\u00e4ni kokonaisuuksia. Olen my\u00f6s ty\u00f6el\u00e4m\u00e4ss\u00e4 joutunut\/saanut \u00a0kartoittaa erikokoisia ja erilaisia muutostavoitteita ja \u2013vaatimuksia. My\u00f6s monipuolinen ty\u00f6kokemus eri aloilta, erilaisista teht\u00e4vist\u00e4 erilaisilla ty\u00f6nantajilla lis\u00e4\u00e4 tietotaitoa ja ymm\u00e4rryst\u00e4 asioista. Dokumentointi ja sen tarpeellisuus ovat olleet usein osa ty\u00f6t\u00e4 ja vaikka niit\u00e4 ei olisi &hellip; <\/p>\n<p><a class=\"more-link btn\" href=\"https:\/\/blogi.eoppimispalvelut.fi\/mhwordpress2\/oma-panos-projektiin\/\">Jatka lukemista<\/a><\/p>\n","protected":false},"author":3705,"featured_media":0,"parent":0,"menu_order":0,"comment_status":"closed","ping_status":"closed","template":"template-onecolumn.php","meta":{"footnotes":""},"class_list":["post-13","page","type-page","status-publish","hentry","nodate","item-wrap"],"_links":{"self":[{"href":"https:\/\/blogi.eoppimispalvelut.fi\/mhwordpress2\/wp-json\/wp\/v2\/pages\/13","targetHints":{"allow":["GET"]}}],"collection":[{"href":"https:\/\/blogi.eoppimispalvelut.fi\/mhwordpress2\/wp-json\/wp\/v2\/pages"}],"about":[{"href":"https:\/\/blogi.eoppimispalvelut.fi\/mhwordpress2\/wp-json\/wp\/v2\/types\/page"}],"author":[{"embeddable":true,"href":"https:\/\/blogi.eoppimispalvelut.fi\/mhwordpress2\/wp-json\/wp\/v2\/users\/3705"}],"replies":[{"embeddable":true,"href":"https:\/\/blogi.eoppimispalvelut.fi\/mhwordpress2\/wp-json\/wp\/v2\/comments?post=13"}],"version-history":[{"count":10,"href":"https:\/\/blogi.eoppimispalvelut.fi\/mhwordpress2\/wp-json\/wp\/v2\/pages\/13\/revisions"}],"predecessor-version":[{"id":40,"href":"https:\/\/blogi.eoppimispalvelut.fi\/mhwordpress2\/wp-json\/wp\/v2\/pages\/13\/revisions\/40"}],"wp:attachment":[{"href":"https:\/\/blogi.eoppimispalvelut.fi\/mhwordpress2\/wp-json\/wp\/v2\/media?parent=13"}],"curies":[{"name":"wp","href":"https:\/\/api.w.org\/{rel}","templated":true}]}}