{"id":15,"date":"2019-05-25T15:52:00","date_gmt":"2019-05-25T12:52:00","guid":{"rendered":"https:\/\/blogi.eoppimispalvelut.fi\/mhwordpress2\/?page_id=15"},"modified":"2019-05-25T15:52:00","modified_gmt":"2019-05-25T12:52:00","slug":"mielipiteeni-projektin-lopputuloksesta","status":"publish","type":"page","link":"https:\/\/blogi.eoppimispalvelut.fi\/mhwordpress2\/oma-panos-projektiin\/mielipiteeni-projektin-lopputuloksesta\/","title":{"rendered":"Mielipiteeni projektin lopputuloksesta"},"content":{"rendered":"<p>Mielest\u00e4ni p\u00e4\u00e4dyimme todella suositeltaviin vaihtoehtoihin. Olen t\u00e4ysin ehdottamiemme vaihtoehtojen takana. Luonnollisesti n\u00e4ist\u00e4 suosituksista on keskusteltu ryhm\u00e4n kesken.<\/p>\n<p>Suosituksissa on otettu huomioon yritt\u00e4j\u00e4 ja h\u00e4nen toimintansa. Palvelut ovat hinnaltaan edullisia yritt\u00e4j\u00e4lle, joka tekee t\u00e4t\u00e4 toimintaa toiminimell\u00e4 varsinaisen ty\u00f6ns\u00e4 ohella. Osa sovelluksista on jopa ilmaisia. Tarvittavat palvelut ovat nopeasti otettavissa k\u00e4ytt\u00f6\u00f6n. Yritt\u00e4j\u00e4n t\u00e4rkeimmiksi priorisoimat tarpeet yhdistyv\u00e4t samassa Slott-sovelluksessa. Ei niin t\u00e4rke\u00e4t j\u00e4rjestelm\u00e4t yritt\u00e4j\u00e4 voi ottaa k\u00e4ytt\u00f6\u00f6ns\u00e4, kun se h\u00e4nelle sopii. Yritt\u00e4j\u00e4n oman it-osaamisen ansiosta uskon, ett\u00e4 uusien ohjelmien omaksuminen ja niiden k\u00e4ytt\u00e4minen on helppoa. My\u00f6s toivottu tietojen varmuuskopiointi toteutuu automaattisesti uusissa sovelluksissa. Lis\u00e4ksi aivan uusina toimintoina olemme ehdottaneet ratkaisuja ihmisen anatomian ohjelmalliseen k\u00e4sittelyyn sek\u00e4 nettisivujen tekemiseen.<\/p>\n<p>My\u00f6s asiakkaiden osalta hoitotoimenpiteiden oheistoiminnot kuten asiakastietojen kirjaaminen ja toimenpiteen maksaminen nopeutuvat ja yksinkertaistuvat digitalisoinnin my\u00f6t\u00e4. Samoin ajanvaraus on joustavampaa ajanvarausj\u00e4rjestelm\u00e4n avulla.<\/p>\n<p>Mielest\u00e4ni l\u00f6ysimme sopivat vaihtoehdot kaikkiin yritt\u00e4j\u00e4n toivomiin tarpeisiin ja vaatimuksiin. Lis\u00e4ksi voimme esitt\u00e4\u00e4 yritt\u00e4j\u00e4lle yksityiskohtaisen ja dokumentoidun ICT-kehityssuunnitelman h\u00e4nen yrityst\u00e4\u00e4n varten.<\/p>\n","protected":false},"excerpt":{"rendered":"<p>Mielest\u00e4ni p\u00e4\u00e4dyimme todella suositeltaviin vaihtoehtoihin. Olen t\u00e4ysin ehdottamiemme vaihtoehtojen takana. Luonnollisesti n\u00e4ist\u00e4 suosituksista on keskusteltu ryhm\u00e4n kesken. Suosituksissa on otettu huomioon yritt\u00e4j\u00e4 ja h\u00e4nen toimintansa. Palvelut ovat hinnaltaan edullisia yritt\u00e4j\u00e4lle, joka tekee t\u00e4t\u00e4 toimintaa toiminimell\u00e4 varsinaisen ty\u00f6ns\u00e4 ohella. Osa sovelluksista on jopa ilmaisia. Tarvittavat palvelut ovat nopeasti otettavissa k\u00e4ytt\u00f6\u00f6n. Yritt\u00e4j\u00e4n t\u00e4rkeimmiksi priorisoimat tarpeet yhdistyv\u00e4t samassa &hellip; <\/p>\n<p><a class=\"more-link btn\" href=\"https:\/\/blogi.eoppimispalvelut.fi\/mhwordpress2\/oma-panos-projektiin\/mielipiteeni-projektin-lopputuloksesta\/\">Jatka lukemista<\/a><\/p>\n","protected":false},"author":3705,"featured_media":0,"parent":13,"menu_order":0,"comment_status":"closed","ping_status":"closed","template":"template-onecolumn.php","meta":{"footnotes":""},"class_list":["post-15","page","type-page","status-publish","hentry","nodate","item-wrap"],"_links":{"self":[{"href":"https:\/\/blogi.eoppimispalvelut.fi\/mhwordpress2\/wp-json\/wp\/v2\/pages\/15","targetHints":{"allow":["GET"]}}],"collection":[{"href":"https:\/\/blogi.eoppimispalvelut.fi\/mhwordpress2\/wp-json\/wp\/v2\/pages"}],"about":[{"href":"https:\/\/blogi.eoppimispalvelut.fi\/mhwordpress2\/wp-json\/wp\/v2\/types\/page"}],"author":[{"embeddable":true,"href":"https:\/\/blogi.eoppimispalvelut.fi\/mhwordpress2\/wp-json\/wp\/v2\/users\/3705"}],"replies":[{"embeddable":true,"href":"https:\/\/blogi.eoppimispalvelut.fi\/mhwordpress2\/wp-json\/wp\/v2\/comments?post=15"}],"version-history":[{"count":1,"href":"https:\/\/blogi.eoppimispalvelut.fi\/mhwordpress2\/wp-json\/wp\/v2\/pages\/15\/revisions"}],"predecessor-version":[{"id":16,"href":"https:\/\/blogi.eoppimispalvelut.fi\/mhwordpress2\/wp-json\/wp\/v2\/pages\/15\/revisions\/16"}],"up":[{"embeddable":true,"href":"https:\/\/blogi.eoppimispalvelut.fi\/mhwordpress2\/wp-json\/wp\/v2\/pages\/13"}],"wp:attachment":[{"href":"https:\/\/blogi.eoppimispalvelut.fi\/mhwordpress2\/wp-json\/wp\/v2\/media?parent=15"}],"curies":[{"name":"wp","href":"https:\/\/api.w.org\/{rel}","templated":true}]}}