{"id":17,"date":"2019-05-25T15:53:23","date_gmt":"2019-05-25T12:53:23","guid":{"rendered":"https:\/\/blogi.eoppimispalvelut.fi\/mhwordpress2\/?page_id=17"},"modified":"2019-05-26T11:39:56","modified_gmt":"2019-05-26T08:39:56","slug":"mita-opin-opintojakson-aikana","status":"publish","type":"page","link":"https:\/\/blogi.eoppimispalvelut.fi\/mhwordpress2\/oma-panos-projektiin\/mita-opin-opintojakson-aikana\/","title":{"rendered":"Mit\u00e4 opin opintojakson aikana"},"content":{"rendered":"<p>ICT-ymp\u00e4rist\u00f6n perustaminen \u00a0\u2013projektin voidaan katsoa koostuneen viidest\u00e4\u00a0 eri osa-alueesta. Ensimm\u00e4isen\u00e4 piti tehd\u00e4 esitys digitalisaatiosta WordPress-sis\u00e4ll\u00f6nhallintaohjelmistolla. \u00a0Varsinaiset Johanna Vuokilan yrityksen ICT-ymp\u00e4rist\u00f6n kehitt\u00e4miseen liittyv\u00e4t osa-alueet olivat ICT-ymp\u00e4rist\u00f6n nykytilan kartoittaminen, ICT-ymp\u00e4rist\u00f6n tavoitetilan konkretisointi ja ICT-ymp\u00e4rist\u00f6n kehityssuunnitelman laatiminen. T\u00e4h\u00e4n yrityksen ICT-ymp\u00e4rist\u00f6n kehitt\u00e4miseen liittyy l\u00e4heisesti my\u00f6s t\u00e4m\u00e4 viimeinen teht\u00e4v\u00e4 eli projektin ja omien kokemusten esitys WordPress-sis\u00e4ll\u00f6nhallintaohjelmistolla.<\/p>\n<p>Digitalisaatio-teht\u00e4v\u00e4n tarkoitus oli hankkia taustatietoa digitalisointiin liittyen. Tietoni karttuivat digitalisaation m\u00e4\u00e4ritelm\u00e4st\u00e4, kehityksest\u00e4 ja historiasta, digitalisaation mukanaan tuomista hy\u00f6dyist\u00e4 yritysten n\u00e4k\u00f6kulmasta ja viel\u00e4 konkreettisina esimerkkitapauksina. ICT-ymp\u00e4rist\u00f6n kehityssuunnitelmanhan on tarkoitus helpottaa yritt\u00e4j\u00e4n toimintaa digitalisointia lis\u00e4\u00e4m\u00e4ll\u00e4. Teht\u00e4v\u00e4n toinen tarkoitus oli oppia k\u00e4ytt\u00e4m\u00e4\u00e4n WordPress-sis\u00e4ll\u00f6nhallintaohjelmaa nettisivujen tekemisess\u00e4. Ja my\u00f6s t\u00e4t\u00e4 opin.<\/p>\n<p>Varsinaisessa ICT-ymp\u00e4rist\u00f6n kehitt\u00e4minen \u2013projektissa yrityksen tilannetta ja tietoja selvitettiin neuvotteluissa yritt\u00e4j\u00e4n kanssa. Yritt\u00e4j\u00e4n kanssa my\u00f6s kommunikoitiin tarvittaessa s\u00e4hk\u00f6postitse. T\u00e4ss\u00e4 piti osata esitt\u00e4\u00e4 oikeita kysymyksi\u00e4 yritt\u00e4j\u00e4lle sek\u00e4 ymm\u00e4rt\u00e4\u00e4 h\u00e4nen vastauksiaan.<\/p>\n<p>Ensimm\u00e4isen\u00e4 teht\u00e4v\u00e4n\u00e4 oli yrityksen ICT-ymp\u00e4rist\u00f6n nykytilan kuvaaminen. Teht\u00e4v\u00e4 koostui nelj\u00e4st\u00e4 osasta. Ensimm\u00e4isen\u00e4 osana oli esittely, jossa piti esitell\u00e4 ty\u00f6ryhm\u00e4 ja kohteena oleva yritys. Yrityksest\u00e4 selvitettiin nykyinen toimintaymp\u00e4rist\u00f6, henkil\u00f6st\u00f6n lukum\u00e4\u00e4r\u00e4 ja ICT-osaaminen. Toisessa osassa kartoitettiin k\u00e4ytt\u00e4jien tavoitteet ja niiden saavuttamiseksi tarvittavat toimenpiteet ja ty\u00f6vaiheet. Apuna k\u00e4ytettiin taulukkomuotoa, johon ko. asiat kirjattiin. Kolmantena asiana selitettiin hy\u00f6tyodotukset suhteessa tavoitteisiin ja toimenpiteisiin. My\u00f6s t\u00e4ss\u00e4 k\u00e4ytettiin apuna asioiden kirjaamista taulukkomuotoon. Viimeisen\u00e4 nelj\u00e4nten\u00e4 vaiheena oli kuvata tavoitteiden saavuttamiseksi tarvittavat komponentit ja kuinka ne vastaavat asetettuihin hy\u00f6tyodotuksiin. My\u00f6s t\u00e4ss\u00e4 tietojen esitt\u00e4minen taulukossa havainnollisti tilannetta hyvin. Lis\u00e4ksi t\u00e4ss\u00e4 osassa viel\u00e4 listattiin ymp\u00e4rist\u00f6ss\u00e4 esiintyv\u00e4t ongelmat ja h\u00e4iri\u00f6t. T\u00e4ss\u00e4 vaiheessa opin, ett\u00e4 yritt\u00e4j\u00e4lle t\u00e4ytyy esitt\u00e4\u00e4 todella tarkat kysymykset, jotta h\u00e4nen toimintaymp\u00e4rist\u00f6ns\u00e4 saadaan selville. My\u00f6s asioiden kirjaamisessa taulukkoon pit\u00e4\u00e4 k\u00e4ytt\u00e4\u00e4 tarkkoja sanamuotoja, jotta kaikki ymm\u00e4rt\u00e4v\u00e4t asian t\u00e4sm\u00e4lleen oikein.<\/p>\n<p>Toisessa teht\u00e4v\u00e4ss\u00e4 hahmoteltiin ICT-ymp\u00e4rist\u00f6n tavoitetila. T\u00e4m\u00e4kin teht\u00e4v\u00e4 koostui useammasta eli kolmesta eri osasta. N\u00e4iss\u00e4 kaikissa kolmessa osassa k\u00e4ytettiin pohjina JUHTA-julkisen hallinnon tietohallinnon neuvottelukunnan JHS-liitteit\u00e4. Vaiheessa 1 listattiin tunnistetut ICT-tarpeet Tarveluetteloon (JHS171_liite1.xls). Vaiheessa 2 m\u00e4\u00e4riteltiin mittaristo Mittarit ja hy\u00f6dyt \u2013taulukkoon (JHS171_liite2.xls). Ja lopuksi vaiheessa 3 m\u00e4\u00e4riteltiin ja listattiin tulevan ymp\u00e4rist\u00f6n vaatimukset Vaatimusluettelo-tauluun (JHS173_liite2.xls). J\u00e4lleen opin, ett\u00e4 yritt\u00e4j\u00e4lle\/asiakkaalle pit\u00e4\u00e4 esitt\u00e4\u00e4 todella tarkat kysymykset, jotta saa tarvitsemansa tiedot selville. T\u00e4ss\u00e4 tarkoituksessa s\u00e4hk\u00f6posti ehk\u00e4 toimi paremmin. Ja, ett\u00e4 asioiden kirjaaminen taulukoihin pit\u00e4\u00e4 tehd\u00e4 mahdollisimman yksiselitteiseksi ja tarkoiksi. My\u00f6s JHS-taulukot olivat minulle uutta mielenkiintoista tietoa.<\/p>\n<p>Kolmannessa t\u00e4rkeimm\u00e4ss\u00e4 teht\u00e4v\u00e4ss\u00e4 laadittiin ICT-ymp\u00e4rist\u00f6n kehityssuunnitelma yritykselle. T\u00e4ss\u00e4 teht\u00e4v\u00e4ss\u00e4 k\u00e4ytet\u00e4\u00e4n teht\u00e4viss\u00e4 1 ja 2 syntyneit\u00e4 dokumentteja osana suunnitelmaa. Kehityssuunnitelmalle on annettu runko, joka koostuu seuraavista kohdista:<\/p>\n<ol>\n<li>Esittely<\/li>\n<li>Yrityksen ICT-tarpeet<\/li>\n<li>Yrityksen ICT-ymp\u00e4rist\u00f6n nykytila<\/li>\n<li>Yrityksen ICT-ymp\u00e4rist\u00f6n tavoitetila\n<ul>\n<li>Tavoitetilan esittely<\/li>\n<li>Yrityksen ICT-ymp\u00e4rist\u00f6n k\u00e4ytt\u00e4jien toimintaan teht\u00e4v\u00e4t muutokset<\/li>\n<li>Yrityksen ICT-ymp\u00e4rist\u00f6n tavoitetilan tekninen toteutus<\/li>\n<\/ul>\n<\/li>\n<li>Yrityksen ICT-ymp\u00e4rist\u00f6n kehityspolku<\/li>\n<li>Yrityksen ICT-ymp\u00e4rist\u00f6n IT-yll\u00e4pito<\/li>\n<li>Yrityksen ICT-ymp\u00e4rist\u00f6n kehitysty\u00f6n kustannukset ja hy\u00f6dyt<\/li>\n<li>Johtop\u00e4\u00e4t\u00f6kset<\/li>\n<\/ol>\n<p>K\u00e4ytt\u00e4jien toimintaan teht\u00e4v\u00e4t muutokset \u2013kohdassa opin, ett\u00e4 toiset ymm\u00e4rt\u00e4v\u00e4t asiat hyvinkin eri tavalla ja ohjeistus ei v\u00e4ltt\u00e4m\u00e4tt\u00e4 anna tarkkaa vastausta siihen miten pit\u00e4\u00e4 tehd\u00e4.<\/p>\n<p>Tavoitetilan tekninen toteutus toi mukanaan paljon tietoa uusista sovelluksista ja niiden ominaisuuksista. My\u00f6s ilmaiset vaihtoehdot olivat iloinen yll\u00e4tys.<\/p>\n<p>Kehityspolku \u2013osassa opin Gantt-kaaviosta.<\/p>\n<p>Kehitysty\u00f6n kustannukset ja hy\u00f6dyt \u2013osiossa opin erilaisista hy\u00f6tyjen ryhmittelyist\u00e4 ja niiden esiintymisest\u00e4 t\u00e4m\u00e4n teht\u00e4v\u00e4n eri j\u00e4rjestelmiss\u00e4.<\/p>\n","protected":false},"excerpt":{"rendered":"<p>ICT-ymp\u00e4rist\u00f6n perustaminen \u00a0\u2013projektin voidaan katsoa koostuneen viidest\u00e4\u00a0 eri osa-alueesta. Ensimm\u00e4isen\u00e4 piti tehd\u00e4 esitys digitalisaatiosta WordPress-sis\u00e4ll\u00f6nhallintaohjelmistolla. \u00a0Varsinaiset Johanna Vuokilan yrityksen ICT-ymp\u00e4rist\u00f6n kehitt\u00e4miseen liittyv\u00e4t osa-alueet olivat ICT-ymp\u00e4rist\u00f6n nykytilan kartoittaminen, ICT-ymp\u00e4rist\u00f6n tavoitetilan konkretisointi ja ICT-ymp\u00e4rist\u00f6n kehityssuunnitelman laatiminen. T\u00e4h\u00e4n yrityksen ICT-ymp\u00e4rist\u00f6n kehitt\u00e4miseen liittyy l\u00e4heisesti my\u00f6s t\u00e4m\u00e4 viimeinen teht\u00e4v\u00e4 eli projektin ja omien kokemusten esitys WordPress-sis\u00e4ll\u00f6nhallintaohjelmistolla. Digitalisaatio-teht\u00e4v\u00e4n tarkoitus oli hankkia &hellip; <\/p>\n<p><a class=\"more-link btn\" href=\"https:\/\/blogi.eoppimispalvelut.fi\/mhwordpress2\/oma-panos-projektiin\/mita-opin-opintojakson-aikana\/\">Jatka lukemista<\/a><\/p>\n","protected":false},"author":3705,"featured_media":0,"parent":13,"menu_order":0,"comment_status":"closed","ping_status":"closed","template":"template-onecolumn.php","meta":{"footnotes":""},"class_list":["post-17","page","type-page","status-publish","hentry","nodate","item-wrap"],"_links":{"self":[{"href":"https:\/\/blogi.eoppimispalvelut.fi\/mhwordpress2\/wp-json\/wp\/v2\/pages\/17","targetHints":{"allow":["GET"]}}],"collection":[{"href":"https:\/\/blogi.eoppimispalvelut.fi\/mhwordpress2\/wp-json\/wp\/v2\/pages"}],"about":[{"href":"https:\/\/blogi.eoppimispalvelut.fi\/mhwordpress2\/wp-json\/wp\/v2\/types\/page"}],"author":[{"embeddable":true,"href":"https:\/\/blogi.eoppimispalvelut.fi\/mhwordpress2\/wp-json\/wp\/v2\/users\/3705"}],"replies":[{"embeddable":true,"href":"https:\/\/blogi.eoppimispalvelut.fi\/mhwordpress2\/wp-json\/wp\/v2\/comments?post=17"}],"version-history":[{"count":7,"href":"https:\/\/blogi.eoppimispalvelut.fi\/mhwordpress2\/wp-json\/wp\/v2\/pages\/17\/revisions"}],"predecessor-version":[{"id":45,"href":"https:\/\/blogi.eoppimispalvelut.fi\/mhwordpress2\/wp-json\/wp\/v2\/pages\/17\/revisions\/45"}],"up":[{"embeddable":true,"href":"https:\/\/blogi.eoppimispalvelut.fi\/mhwordpress2\/wp-json\/wp\/v2\/pages\/13"}],"wp:attachment":[{"href":"https:\/\/blogi.eoppimispalvelut.fi\/mhwordpress2\/wp-json\/wp\/v2\/media?parent=17"}],"curies":[{"name":"wp","href":"https:\/\/api.w.org\/{rel}","templated":true}]}}