{"id":2,"date":"2019-05-25T14:56:47","date_gmt":"2019-05-25T11:56:47","guid":{"rendered":"https:\/\/blogi.eoppimispalvelut.fi\/mhwordpress2\/?page_id=2"},"modified":"2019-05-26T10:36:31","modified_gmt":"2019-05-26T07:36:31","slug":"esimerkkisivu","status":"publish","type":"page","link":"https:\/\/blogi.eoppimispalvelut.fi\/mhwordpress2\/","title":{"rendered":"ICT-ymp\u00e4rist\u00f6n kehityssuunnitelma"},"content":{"rendered":"\r\n<p>Kehityssuunnitelmalle oli annettu seuraavanlainen rakenne:<\/p>\r\n<ol>\r\n<li>Esittely<\/li>\r\n<li>Yrityksen ICT-tarpeet<\/li>\r\n<li>Yrityksen ICT-ymp\u00e4rist\u00f6n nykytila<\/li>\r\n<li>Yrityksen ICT-ymp\u00e4rist\u00f6n tavoitetila\r\n<ol>\r\n<li>Tavoitetilan esittely<\/li>\r\n<li>Yrityksen ICT-ymp\u00e4rist\u00f6n k\u00e4ytt\u00e4jien toimintaan teht\u00e4v\u00e4t muutokset<\/li>\r\n<li>Yrityksen ICT-ymp\u00e4rist\u00f6n tavoitetilan tekninen toteutus<\/li>\r\n<\/ol>\r\n<\/li>\r\n<li>Yrityksen ICT-ymp\u00e4rist\u00f6n kehityspolku<\/li>\r\n<li>Yrityksen ICT-ymp\u00e4rist\u00f6n IT-yll\u00e4pito<\/li>\r\n<li>Yrityksen ICT-ymp\u00e4rist\u00f6n kehitysty\u00f6n kustannukset ja hy\u00f6dyt<\/li>\r\n<li>Johtop\u00e4\u00e4t\u00f6kset<\/li>\r\n<\/ol>\r\n<p>Esittelyss\u00e4 esiteltiin kehityssuunnitelman kohteena oleva yritys. Sen nykyinen toimintaymp\u00e4rist\u00f6, henkil\u00f6st\u00f6n lukum\u00e4\u00e4r\u00e4 ja ICT-osaaminen.<\/p>\r\n<p>Yrityksen ICT-tarpeet \u2013osassa kartoitettiin mihin yrityksess\u00e4 tarvitaan ICT:t\u00e4 ja mink\u00e4 takia. T\u00e4ss\u00e4 k\u00e4ytettiin hyv\u00e4ksi jo aikaisemmassa ICT-ymp\u00e4rist\u00f6n nykytila \u2013teht\u00e4v\u00e4ss\u00e4 selvitettyj\u00e4 asioita. Tarpeita selvitettiin yritt\u00e4j\u00e4n kanssa k\u00e4ydyiss\u00e4 neuvotteluissa ja s\u00e4hk\u00f6postitse l\u00e4hetetyill\u00e4 lis\u00e4kysymyksill\u00e4. T\u00e4ss\u00e4 osassa kartoitettiin k\u00e4ytt\u00e4jien tavoitteet ja niiden saavuttamiseksi tarvittavat toimenpiteet ja ty\u00f6vaiheet. Apuna k\u00e4ytettiin taulukkomuotoa, johon ko. asiat kirjattiin. Seuraavana asiana selitettiin hy\u00f6tyodotukset suhteessa tavoitteisiin ja toimenpiteisiin. My\u00f6s t\u00e4ss\u00e4 k\u00e4ytettiin apuna asioiden kirjaamista taulukkomuotoon.<\/p>\r\n<p>My\u00f6s ICT-ymp\u00e4rist\u00f6n nykytilaa oli jo selvitelty ICT-ymp\u00e4rist\u00f6n nykytila \u00a0\u2013teht\u00e4v\u00e4ss\u00e4. T\u00e4ss\u00e4 vaiheessa kerrottiin nykyisen ICT-ymp\u00e4rist\u00f6n kokoonpanosta kuvaamalla tavoitteiden saavuttamiseksi tarvittavat komponentit ja kuinka ne vastaavat asetettuihin hy\u00f6tyodotuksiin. My\u00f6s t\u00e4ss\u00e4 tietojen esitt\u00e4minen taulukossa havainnollisti tilannetta hyvin. Lis\u00e4ksi t\u00e4ss\u00e4 osassa viel\u00e4 listattiin ymp\u00e4rist\u00f6ss\u00e4 esiintyv\u00e4t ongelmat ja h\u00e4iri\u00f6t.<\/p>\r\n<p>ICT-ymp\u00e4rist\u00f6n tavoitetilan esittelyn laatimisessa k\u00e4ytettiin apuna aikaisemmassa ICT-ymp\u00e4rist\u00f6n tavoitetila \u2013teht\u00e4v\u00e4ss\u00e4 syntyneit\u00e4 taulukoita. N\u00e4m\u00e4 taulukot: Vaatimusluettelo, Tarveluettelo ja Mittarit ja hy\u00f6dyt ovat my\u00f6s mukana kehityssuunnitelmassa. T\u00e4ss\u00e4 m\u00e4\u00e4riteltiin asetettujen vaatimusten avulla tuleva ICT-ymp\u00e4rist\u00f6.<\/p>\r\n<p>Seuraavaksi selvitettiin ICT-ymp\u00e4rist\u00f6n k\u00e4ytt\u00e4jien toimintaan teht\u00e4v\u00e4t muutokset. Nykyisten toimintojen toivottu digitalisoiminen aiheuttaa muutoksia konkreettiseen tekemiseen ja ty\u00f6vaiheisiin. Suurin osa muutoksista luonnollisesti kohdistuu yritt\u00e4j\u00e4n toimenpiteisiin ja ty\u00f6vaiheisiin. Asiakkaita koskevia muutoksia on v\u00e4hemm\u00e4n. Itse valittu ohjelma ja palvelu vaikuttavat olennaisesti muutoksiin, joita on teht\u00e4v\u00e4.<\/p>\r\n<p>ICT-ymp\u00e4rist\u00f6n tavoitetilan tekninen toteutus vaati digitaalisten vaihtoehtojen etsimist\u00e4 jokaiselle tarpeelle ja vaatimukselle. Etsimme v\u00e4hint\u00e4\u00e4n kolme vaihtoehtoa jokaiselle kokonaisuudelle. N\u00e4it\u00e4 kokonaisuuksia olivat asiakastietoj\u00e4rjestelm\u00e4, ajanvarausj\u00e4rjestelm\u00e4, nykyaikaiset maksutavat, kirjanpito-ohjelma, anatomia-ohjelma, nettisivut ja \u00e4lypuhelin. T\u00e4ss\u00e4 my\u00f6s esitet\u00e4\u00e4n suositukset valinnoiksi ja perustelut valinnoille.<\/p>\r\n<p>ICT-ymp\u00e4rist\u00f6n kehityspolussa kartoitettiin suositeltujen ratkaisujen k\u00e4ytt\u00f6\u00f6nottoajankohtia, niiden prioriteettia ja suhdetta toisiinsa. My\u00f6s k\u00e4ytt\u00f6\u00f6nottoihin liittyv\u00e4t vaiheet ja toimenpiteet selvitettiin. Asiaa kuvattiin my\u00f6s Gantt-kaaviolla.<\/p>\r\n<p>ICT-ymp\u00e4rist\u00f6n yll\u00e4pito \u2013osassa kerrotaan miten uutta ICT-ymp\u00e4rist\u00f6\u00e4 tulee yll\u00e4pit\u00e4\u00e4, jotta se pysyy toiminnassa. T\u00e4ss\u00e4 huomioidaan eri sovellusten ja laitteiden sek\u00e4 niihin liittyvien ominaisuuksien k\u00e4ytett\u00e4vyys ja moitteeton toimiminen jatkossa. T\u00e4ss\u00e4 my\u00f6s selvitet\u00e4\u00e4n kuka tekee mit\u00e4kin, jotta t\u00e4m\u00e4 toteutuu.<\/p>\r\n<p>ICT-ymp\u00e4rist\u00f6n kehitysty\u00f6n kustannukset ja hy\u00f6dyt \u00a0\u2013kappaleissa selvitet\u00e4\u00e4n todelliset kulut euroina sek\u00e4 taloudelliset ja toiminnalliset hy\u00f6dyt. Asioita on havainnollistettu taulukossa.<\/p>\r\n<p>Lopuksi olemme tehneet yhteenvedon johtop\u00e4\u00e4t\u00f6ksist\u00e4, joihin olemme projetin aikana ja sen lopuksi p\u00e4\u00e4tyneet.<\/p>\r\n","protected":false},"excerpt":{"rendered":"<p>Kehityssuunnitelmalle oli annettu seuraavanlainen rakenne: Esittely Yrityksen ICT-tarpeet Yrityksen ICT-ymp\u00e4rist\u00f6n nykytila Yrityksen ICT-ymp\u00e4rist\u00f6n tavoitetila Tavoitetilan esittely Yrityksen ICT-ymp\u00e4rist\u00f6n k\u00e4ytt\u00e4jien toimintaan teht\u00e4v\u00e4t muutokset Yrityksen ICT-ymp\u00e4rist\u00f6n tavoitetilan tekninen toteutus Yrityksen ICT-ymp\u00e4rist\u00f6n kehityspolku Yrityksen ICT-ymp\u00e4rist\u00f6n IT-yll\u00e4pito Yrityksen ICT-ymp\u00e4rist\u00f6n kehitysty\u00f6n kustannukset ja hy\u00f6dyt Johtop\u00e4\u00e4t\u00f6kset Esittelyss\u00e4 esiteltiin kehityssuunnitelman kohteena oleva yritys. Sen nykyinen toimintaymp\u00e4rist\u00f6, henkil\u00f6st\u00f6n lukum\u00e4\u00e4r\u00e4 ja ICT-osaaminen. Yrityksen ICT-tarpeet &hellip; <\/p>\n<p><a class=\"more-link btn\" href=\"https:\/\/blogi.eoppimispalvelut.fi\/mhwordpress2\/\">Jatka lukemista<\/a><\/p>\n","protected":false},"author":3705,"featured_media":0,"parent":0,"menu_order":0,"comment_status":"closed","ping_status":"open","template":"template-onecolumn.php","meta":{"footnotes":""},"class_list":["post-2","page","type-page","status-publish","hentry","nodate","item-wrap"],"_links":{"self":[{"href":"https:\/\/blogi.eoppimispalvelut.fi\/mhwordpress2\/wp-json\/wp\/v2\/pages\/2","targetHints":{"allow":["GET"]}}],"collection":[{"href":"https:\/\/blogi.eoppimispalvelut.fi\/mhwordpress2\/wp-json\/wp\/v2\/pages"}],"about":[{"href":"https:\/\/blogi.eoppimispalvelut.fi\/mhwordpress2\/wp-json\/wp\/v2\/types\/page"}],"author":[{"embeddable":true,"href":"https:\/\/blogi.eoppimispalvelut.fi\/mhwordpress2\/wp-json\/wp\/v2\/users\/3705"}],"replies":[{"embeddable":true,"href":"https:\/\/blogi.eoppimispalvelut.fi\/mhwordpress2\/wp-json\/wp\/v2\/comments?post=2"}],"version-history":[{"count":3,"href":"https:\/\/blogi.eoppimispalvelut.fi\/mhwordpress2\/wp-json\/wp\/v2\/pages\/2\/revisions"}],"predecessor-version":[{"id":34,"href":"https:\/\/blogi.eoppimispalvelut.fi\/mhwordpress2\/wp-json\/wp\/v2\/pages\/2\/revisions\/34"}],"wp:attachment":[{"href":"https:\/\/blogi.eoppimispalvelut.fi\/mhwordpress2\/wp-json\/wp\/v2\/media?parent=2"}],"curies":[{"name":"wp","href":"https:\/\/api.w.org\/{rel}","templated":true}]}}