{"id":371,"date":"2021-08-20T11:29:54","date_gmt":"2021-08-20T08:29:54","guid":{"rendered":"https:\/\/blogi.eoppimispalvelut.fi\/mielellaan\/?page_id=371"},"modified":"2021-09-13T15:03:43","modified_gmt":"2021-09-13T12:03:43","slug":"mielenmaisemissa","status":"publish","type":"page","link":"https:\/\/blogi.eoppimispalvelut.fi\/mielellaan\/mielenmaisemissa\/","title":{"rendered":"Mielen maisema"},"content":{"rendered":"<p>Mielimaisema voi olla paikka, jossa olet fyysisesti vieraillut. Se voi my\u00f6s olla mielikuvituksesi tuotoksia. Voipa sellainen l\u00f6yty\u00e4 my\u00f6s virtuaalisestikin. Niin tai n\u00e4in, mielimaisemat ovat paikkoja, jossa voimme lev\u00e4t\u00e4 ja rauhoittua. Ne auttavat meit\u00e4 hellitt\u00e4m\u00e4\u00e4n ja lohduttavatkin. Se on ikioma paikka, sill\u00e4 sinun mielimaisemasi ei ole minun ja p\u00e4invastoin, vaikka voimmekin viihty\u00e4 samankaltaisissa ymp\u00e4rist\u00f6iss\u00e4. Kokemuksemme, muistomme, ajatuksemme ja tunteemme erilaisista tiloista ja paikoista ovat yksil\u00f6llisi\u00e4 ja niin ne saavat ollakin. T\u00e4rkeint\u00e4 on, ett\u00e4 voimme oleilla siell\u00e4 sellaisina kuin olemme ja siten kuin itse haluamme.<\/p>\n<h2>Pys\u00e4hdy omaan maisemaasi<\/h2>\n<p>Millainen oma masemasi on? Paikka, jonne voit menn\u00e4, vai paikka, jonne matkustat mielikuvissasi? Onko se luonnon kohde, vai urbaani ymp\u00e4rist\u00f6? Onko se silmin havaittavissa vai korvin kuultavissa? Tuntuuko iholla tuulen henk\u00e4ys vai helliik\u00f6 l\u00e4mp\u00f6 vartaloa? Mit\u00e4 muuta voit aistia omassa mielipaikassasi? Ent\u00e4, jos l\u00e4htisit, ihan konkreettisesti tai mielikuvissasi, hetkeksi sinne?\u00a0Jos sinne on mahdotonta p\u00e4\u00e4st\u00e4, voit etsi\u00e4 vastaavanlaista maisemaa omasta l\u00e4hiymp\u00e4rist\u00f6st\u00e4si.<\/p>\n<p>&nbsp;<\/p>\n<p><a href=\"https:\/\/blogi.eoppimispalvelut.fi\/mielellaan\/files\/2021\/08\/mielenmaisemissa-1.png\"><img loading=\"lazy\" decoding=\"async\" class=\"aligncenter wp-image-450 size-full\" src=\"https:\/\/blogi.eoppimispalvelut.fi\/mielellaan\/files\/2021\/08\/mielenmaisemissa-1.png\" alt=\"Kuvituskuva. Rentoutunut mies k\u00e4velee mielenmaisemassaan rannalla.\" width=\"730\" height=\"825\" \/><\/a><\/p>\n","protected":false},"excerpt":{"rendered":"<p>Mielimaisema voi olla paikka, jossa olet fyysisesti vieraillut. Se voi my\u00f6s olla mielikuvituksesi tuotoksia. Voipa sellainen l\u00f6yty\u00e4 my\u00f6s virtuaalisestikin. Niin &hellip; <a href=\"https:\/\/blogi.eoppimispalvelut.fi\/mielellaan\/mielenmaisemissa\/\" class=\"more-link\">Continue reading<span class=\"screen-reader-text\"> &#8220;Mielen maisema&#8221;<\/span><\/a><\/p>\n","protected":false},"author":7679,"featured_media":468,"parent":0,"menu_order":0,"comment_status":"closed","ping_status":"closed","template":"","meta":{"footnotes":""},"class_list":["post-371","page","type-page","status-publish","has-post-thumbnail","hentry"],"_links":{"self":[{"href":"https:\/\/blogi.eoppimispalvelut.fi\/mielellaan\/wp-json\/wp\/v2\/pages\/371","targetHints":{"allow":["GET"]}}],"collection":[{"href":"https:\/\/blogi.eoppimispalvelut.fi\/mielellaan\/wp-json\/wp\/v2\/pages"}],"about":[{"href":"https:\/\/blogi.eoppimispalvelut.fi\/mielellaan\/wp-json\/wp\/v2\/types\/page"}],"author":[{"embeddable":true,"href":"https:\/\/blogi.eoppimispalvelut.fi\/mielellaan\/wp-json\/wp\/v2\/users\/7679"}],"replies":[{"embeddable":true,"href":"https:\/\/blogi.eoppimispalvelut.fi\/mielellaan\/wp-json\/wp\/v2\/comments?post=371"}],"version-history":[{"count":13,"href":"https:\/\/blogi.eoppimispalvelut.fi\/mielellaan\/wp-json\/wp\/v2\/pages\/371\/revisions"}],"predecessor-version":[{"id":624,"href":"https:\/\/blogi.eoppimispalvelut.fi\/mielellaan\/wp-json\/wp\/v2\/pages\/371\/revisions\/624"}],"wp:featuredmedia":[{"embeddable":true,"href":"https:\/\/blogi.eoppimispalvelut.fi\/mielellaan\/wp-json\/wp\/v2\/media\/468"}],"wp:attachment":[{"href":"https:\/\/blogi.eoppimispalvelut.fi\/mielellaan\/wp-json\/wp\/v2\/media?parent=371"}],"curies":[{"name":"wp","href":"https:\/\/api.w.org\/{rel}","templated":true}]}}