{"id":378,"date":"2021-08-20T11:29:55","date_gmt":"2021-08-20T08:29:55","guid":{"rendered":"https:\/\/blogi.eoppimispalvelut.fi\/mielellaan\/?page_id=378"},"modified":"2021-09-10T12:14:57","modified_gmt":"2021-09-10T09:14:57","slug":"mina-ja-muut","status":"publish","type":"page","link":"https:\/\/blogi.eoppimispalvelut.fi\/mielellaan\/mina-ja-muut\/","title":{"rendered":"Min\u00e4 ja muut"},"content":{"rendered":"<p>Meill\u00e4 on erilaisia tarpeita ja toiveita ihmissuhteillemme. Toisen ihmissuhdeverkostot voivat olla laajoja ja aktiivisia, toiselle yksi l\u00e4heinen ihminen on sopivasti. Joku nauttii ihmisjoukoista ja toiselle sukujuhlat on mukavampi viett\u00e4\u00e4 k\u00f6\u00f6kin puolella. Jollakulla t\u00e4rke\u00e4t ihmiset l\u00f6ytyv\u00e4t l\u00e4helt\u00e4, toisella toiselta puolelta maailmaa. Voi my\u00f6s olla, ett\u00e4 viihtyy p\u00e4\u00e4s\u00e4\u00e4nt\u00f6isesti yksin tai vaikkapa lemmikin seurassa. On my\u00f6s mahdollista, ett\u00e4 keskustelu t\u00e4ysin ventovieraan kanssa on helpompaa kuin sen oman l\u00e4heisen. T\u00e4rkeint\u00e4 on, t\u00e4ss\u00e4kin, oman n\u00e4k\u00f6inen sosiaalinen ymp\u00e4rist\u00f6. Sellainen, miss\u00e4 on hyv\u00e4 olla. Faktaa on, ett\u00e4 kaikkia el\u00e4m\u00e4\u00e4mme kuuluvia ihmisi\u00e4 emme voi valita, mutta he kyll\u00e4, joiden kanssa vapaa-aikaamme p\u00e4\u00e4s\u00e4\u00e4nt\u00f6isesti viet\u00e4mme. Kuormittavia ihmissuhteita kannattaa l\u00e4hte\u00e4 pohtimaan, joskus jopa jonkun ammattilaisen kanssa. Ja lis\u00e4t\u00e4 sit\u00e4 hyv\u00e4\u00e4 tuottavaa seuraa tai omaa aikaa.<\/p>\n<h2>Kohtaamisia<\/h2>\n<p>K\u00e4yt\u00e4 hetki aikaa oman sosiaalisen yhteis\u00f6n pohtimiseen.<\/p>\n<ul>\n<li>Miten voisit vaalia sinulle t\u00e4rkeit\u00e4 ihmissuhteita?<\/li>\n<li>Tarvitsetko kenties enemm\u00e4n yhdess\u00e4oloa vai yksinoloa?<\/li>\n<li>Miten voisit mahdollistaa muutoksen, jos sellainen on tarpeen?<\/li>\n<\/ul>\n<p>Muista my\u00f6s arjen pienet kohtaamiset, niiden ventovieraidenkin kanssa.<\/p>\n<ul>\n<li>Milt\u00e4 tuntuu, kun vastaantulija hymyilee sinulle?<\/li>\n<li>Ent\u00e4 muutama sana bussipys\u00e4kill\u00e4 odottelijan kanssa?<\/li>\n<li>Puhuisitteko vaihteeksi jostain muusta kuin opiskelusta opiskelutoveriesi kanssa?<\/li>\n<li>Vaihtoisitko sanasen, sen ei niin tutun tyypin kanssa?<\/li>\n<li>Kokeilisitteko porukalla jotain ihan uutta?<\/li>\n<\/ul>\n<p>&nbsp;<\/p>\n<p><a href=\"https:\/\/blogi.eoppimispalvelut.fi\/mielellaan\/mina-ja-muut\/mnajamuut2\/\"><img loading=\"lazy\" decoding=\"async\" class=\"alignnone wp-image-509\" src=\"https:\/\/blogi.eoppimispalvelut.fi\/mielellaan\/files\/2021\/09\/mnajamuut2.png\" alt=\"Vaihtoehtoinen teksti: Kuvituskuva. Nuori mies pohtii mieless\u00e4\u00e4n ryhm\u00e4ss\u00e4 oloa ja itsen\u00e4isyytt\u00e4, sek\u00e4 tilannetta, miss\u00e4 vastaantuleva ohikulkija tervehtii h\u00e4nt\u00e4.\" width=\"805\" height=\"483\" srcset=\"https:\/\/blogi.eoppimispalvelut.fi\/mielellaan\/files\/2021\/09\/mnajamuut2.png 2000w, https:\/\/blogi.eoppimispalvelut.fi\/mielellaan\/files\/2021\/09\/mnajamuut2-900x540.png 900w, https:\/\/blogi.eoppimispalvelut.fi\/mielellaan\/files\/2021\/09\/mnajamuut2-1280x768.png 1280w, https:\/\/blogi.eoppimispalvelut.fi\/mielellaan\/files\/2021\/09\/mnajamuut2-768x461.png 768w, https:\/\/blogi.eoppimispalvelut.fi\/mielellaan\/files\/2021\/09\/mnajamuut2-1536x922.png 1536w\" sizes=\"auto, (max-width: 805px) 100vw, 805px\" \/><\/a><\/p>\n","protected":false},"excerpt":{"rendered":"<p>Meill\u00e4 on erilaisia tarpeita ja toiveita ihmissuhteillemme. Toisen ihmissuhdeverkostot voivat olla laajoja ja aktiivisia, toiselle yksi l\u00e4heinen ihminen on sopivasti. &hellip; <a href=\"https:\/\/blogi.eoppimispalvelut.fi\/mielellaan\/mina-ja-muut\/\" class=\"more-link\">Continue reading<span class=\"screen-reader-text\"> &#8220;Min\u00e4 ja muut&#8221;<\/span><\/a><\/p>\n","protected":false},"author":7679,"featured_media":527,"parent":0,"menu_order":0,"comment_status":"closed","ping_status":"closed","template":"","meta":{"footnotes":""},"class_list":["post-378","page","type-page","status-publish","has-post-thumbnail","hentry"],"_links":{"self":[{"href":"https:\/\/blogi.eoppimispalvelut.fi\/mielellaan\/wp-json\/wp\/v2\/pages\/378","targetHints":{"allow":["GET"]}}],"collection":[{"href":"https:\/\/blogi.eoppimispalvelut.fi\/mielellaan\/wp-json\/wp\/v2\/pages"}],"about":[{"href":"https:\/\/blogi.eoppimispalvelut.fi\/mielellaan\/wp-json\/wp\/v2\/types\/page"}],"author":[{"embeddable":true,"href":"https:\/\/blogi.eoppimispalvelut.fi\/mielellaan\/wp-json\/wp\/v2\/users\/7679"}],"replies":[{"embeddable":true,"href":"https:\/\/blogi.eoppimispalvelut.fi\/mielellaan\/wp-json\/wp\/v2\/comments?post=378"}],"version-history":[{"count":10,"href":"https:\/\/blogi.eoppimispalvelut.fi\/mielellaan\/wp-json\/wp\/v2\/pages\/378\/revisions"}],"predecessor-version":[{"id":607,"href":"https:\/\/blogi.eoppimispalvelut.fi\/mielellaan\/wp-json\/wp\/v2\/pages\/378\/revisions\/607"}],"wp:featuredmedia":[{"embeddable":true,"href":"https:\/\/blogi.eoppimispalvelut.fi\/mielellaan\/wp-json\/wp\/v2\/media\/527"}],"wp:attachment":[{"href":"https:\/\/blogi.eoppimispalvelut.fi\/mielellaan\/wp-json\/wp\/v2\/media?parent=378"}],"curies":[{"name":"wp","href":"https:\/\/api.w.org\/{rel}","templated":true}]}}