{"id":379,"date":"2021-08-20T11:29:55","date_gmt":"2021-08-20T08:29:55","guid":{"rendered":"https:\/\/blogi.eoppimispalvelut.fi\/mielellaan\/?page_id=379"},"modified":"2021-09-13T17:26:03","modified_gmt":"2021-09-13T14:26:03","slug":"tassa-hetkessa","status":"publish","type":"page","link":"https:\/\/blogi.eoppimispalvelut.fi\/mielellaan\/tassa-hetkessa\/","title":{"rendered":"T\u00e4ss\u00e4 hetkess\u00e4"},"content":{"rendered":"<p>Meill\u00e4 on k\u00e4yt\u00f6ss\u00e4mme kolme eri aikaikkunaa; mennyt, nykyinen ja tuleva. Mennyt vaikuttaa meiss\u00e4 monella tapaa, mutta siell\u00e4 ei ole syyt\u00e4 viipyill\u00e4 liikoja. Mukavaa on muistella, mutta jos muisteluun liittyy jos- sana, se ei ole hy\u00f6dyk\u00e4st\u00e4. Tulevaisuus on paikka, jonne emme n\u00e4e. Siell\u00e4 on kuitenkin kiva mielikuvissa silloin t\u00e4ll\u00f6in piipahtaa. Tosin on hyv\u00e4 muistaa, ett\u00e4 sitten kun \u2013 ajatusten kanssa voi my\u00f6s mietti\u00e4 miten ne toteutuisivat jo t\u00e4n\u00e4\u00e4n. Sill\u00e4 t\u00e4n\u00e4\u00e4n, t\u00e4ss\u00e4 ja nyt on se miss\u00e4 el\u00e4mme. Sitku ja mutku voi muuttua nytku:ksi, kunhan vain pys\u00e4hdymme t\u00e4h\u00e4n hetkeen ja sen \u00e4\u00e4relle mit\u00e4 t\u00e4ss\u00e4 ja nyt tarvitsemme ja mit\u00e4 meill\u00e4 jo on. T\u00e4ss\u00e4 hetkess\u00e4 pysytteleminen voi kuitenkin olla haastavaa. Hetkess\u00e4 olemisen ja l\u00e4sn\u00e4olon taitoja voi kuitenkin harjoitella. Lue lis\u00e4\u00e4 hyv\u00e4ksyv\u00e4st\u00e4 tietoisesta l\u00e4sn\u00e4olosta ja kokeile harjoitteita <span style=\"color: #3366ff\"><a style=\"color: #3366ff\" href=\"https:\/\/www.mielenterveystalo.fi\/aikuiset\/itsehoito-ja-oppaat\/itsehoito\/tietoisuustaidot\/Pages\/1_hyvaksyva_tietoinen_lasnaolo.aspx\" target=\"_blank\" rel=\"noopener\">Mielenterveystalon sivuilta<\/a><\/span>.<\/p>\n<h2>Matkaev\u00e4\u00e4ksi<\/h2>\n<p>Vanha tarina kertoo tutkimusmatkailijoista, jotka matkasivat kaukana kohti mielenkiintoista, viel\u00e4 tuntematonta kolkkaa. Heill\u00e4 oli kiire p\u00e4\u00e4st\u00e4 perille. Kaiken aikaa he painostivat oppainaan toimivia paikallisia asukkaita etenem\u00e4\u00e4n yh\u00e4 nopeammin ja nopeammin sanomalla: \u201dKiire, kiire, kiire\u2026\u201d Samaa hokemista jatkui useita p\u00e4ivi\u00e4, kunnes er\u00e4\u00e4n\u00e4 aamuna oppaat istuivat p\u00e4\u00e4tt\u00e4v\u00e4isesti lep\u00e4\u00e4m\u00e4\u00e4n suostumatta jatkamaan matkaa. Mik\u00e4\u00e4n kiirehtiminen ei auttanut. Oppaat vain istuivat rauhallisina paikoillaan. Lopulta he nousivat ja l\u00e4htiv\u00e4t liikkeelle. Oppaiden selitys lepotaukoon oli: \u201d Odotimme, ett\u00e4 sielu ehtii mukaan.\u201d Mukaillen: Kemppinen Pertti. Tarinoiden maailmat<\/p>\n<p>Mitk\u00e4 ovat sinun arkesi paussin paikkoja? Hetki\u00e4 jolloin \u201dsielusi\u201d ehtii mukaan. Tuokiot, jolloin huomaat mit\u00e4 ymp\u00e4rill\u00e4si tapahtuu. Kohdat, joissa on jotain kaunista tai mielenkiintoista katsottavaa, kuultavaa, kosketettavaa. Hitaan katseen maailmaan voi tutustua esimerkiksi Lontoon National Galleryn <span style=\"color: #0000ff\"><a style=\"color: #0000ff\" href=\"https:\/\/www.slowartday.com\/slow-looking-meditations-with-the-national-gallery\/\" target=\"_blank\" rel=\"noopener\">Slow Looking Meditations &#8211; nauhoitteiden<\/a> <\/span>kautta.\u00a0 Niiss\u00e4 p\u00e4\u00e4set ohjatusti tarkastelemaan taideteoksien yksityiskohtia ja havainnoimaan niist\u00e4 her\u00e4\u00e4vi\u00e4 tunnetiloja.<\/p>\n<h1 class=\"entry-title\"><\/h1>\n<p><a href=\"https:\/\/blogi.eoppimispalvelut.fi\/mielellaan\/files\/2021\/09\/tassahetkessa2.png\"><img loading=\"lazy\" decoding=\"async\" class=\"wp-image-522 aligncenter\" src=\"https:\/\/blogi.eoppimispalvelut.fi\/mielellaan\/files\/2021\/09\/tassahetkessa2.png\" alt=\"Vaihtoehtoinen teksti: Kuvituskuva Tutkimusmatkailijat-tarinasta. Tutkimusmatkailijat hoputtavat oppaitaan, jotka p\u00e4\u00e4tt\u00e4v\u00e4t odottaa hoputuksesta huolimatta olemalla liikkumatta.\" width=\"770\" height=\"462\" srcset=\"https:\/\/blogi.eoppimispalvelut.fi\/mielellaan\/files\/2021\/09\/tassahetkessa2.png 2000w, https:\/\/blogi.eoppimispalvelut.fi\/mielellaan\/files\/2021\/09\/tassahetkessa2-900x540.png 900w, https:\/\/blogi.eoppimispalvelut.fi\/mielellaan\/files\/2021\/09\/tassahetkessa2-1280x768.png 1280w, https:\/\/blogi.eoppimispalvelut.fi\/mielellaan\/files\/2021\/09\/tassahetkessa2-768x461.png 768w, https:\/\/blogi.eoppimispalvelut.fi\/mielellaan\/files\/2021\/09\/tassahetkessa2-1536x922.png 1536w\" sizes=\"auto, (max-width: 770px) 100vw, 770px\" \/><\/a><\/p>\n","protected":false},"excerpt":{"rendered":"<p>Meill\u00e4 on k\u00e4yt\u00f6ss\u00e4mme kolme eri aikaikkunaa; mennyt, nykyinen ja tuleva. Mennyt vaikuttaa meiss\u00e4 monella tapaa, mutta siell\u00e4 ei ole syyt\u00e4 &hellip; <a href=\"https:\/\/blogi.eoppimispalvelut.fi\/mielellaan\/tassa-hetkessa\/\" class=\"more-link\">Continue reading<span class=\"screen-reader-text\"> &#8220;T\u00e4ss\u00e4 hetkess\u00e4&#8221;<\/span><\/a><\/p>\n","protected":false},"author":7679,"featured_media":497,"parent":0,"menu_order":0,"comment_status":"closed","ping_status":"closed","template":"","meta":{"footnotes":""},"class_list":["post-379","page","type-page","status-publish","has-post-thumbnail","hentry"],"_links":{"self":[{"href":"https:\/\/blogi.eoppimispalvelut.fi\/mielellaan\/wp-json\/wp\/v2\/pages\/379","targetHints":{"allow":["GET"]}}],"collection":[{"href":"https:\/\/blogi.eoppimispalvelut.fi\/mielellaan\/wp-json\/wp\/v2\/pages"}],"about":[{"href":"https:\/\/blogi.eoppimispalvelut.fi\/mielellaan\/wp-json\/wp\/v2\/types\/page"}],"author":[{"embeddable":true,"href":"https:\/\/blogi.eoppimispalvelut.fi\/mielellaan\/wp-json\/wp\/v2\/users\/7679"}],"replies":[{"embeddable":true,"href":"https:\/\/blogi.eoppimispalvelut.fi\/mielellaan\/wp-json\/wp\/v2\/comments?post=379"}],"version-history":[{"count":12,"href":"https:\/\/blogi.eoppimispalvelut.fi\/mielellaan\/wp-json\/wp\/v2\/pages\/379\/revisions"}],"predecessor-version":[{"id":498,"href":"https:\/\/blogi.eoppimispalvelut.fi\/mielellaan\/wp-json\/wp\/v2\/pages\/379\/revisions\/498"}],"wp:featuredmedia":[{"embeddable":true,"href":"https:\/\/blogi.eoppimispalvelut.fi\/mielellaan\/wp-json\/wp\/v2\/media\/497"}],"wp:attachment":[{"href":"https:\/\/blogi.eoppimispalvelut.fi\/mielellaan\/wp-json\/wp\/v2\/media?parent=379"}],"curies":[{"name":"wp","href":"https:\/\/api.w.org\/{rel}","templated":true}]}}