{"id":380,"date":"2021-08-20T11:29:55","date_gmt":"2021-08-20T08:29:55","guid":{"rendered":"https:\/\/blogi.eoppimispalvelut.fi\/mielellaan\/?page_id=380"},"modified":"2021-09-10T13:44:04","modified_gmt":"2021-09-10T10:44:04","slug":"minne-matka","status":"publish","type":"page","link":"https:\/\/blogi.eoppimispalvelut.fi\/mielellaan\/minne-matka\/","title":{"rendered":"Minne matka?"},"content":{"rendered":"<p>Joku on joskus todennut, ett\u00e4 parhaat ideat syntyv\u00e4t joutilaisuudesta. Niin\u00e4 hetkin\u00e4, kun ei ole kiire minnek\u00e4\u00e4n. Silloin kun mieli ja keho lep\u00e4\u00e4v\u00e4t. Uusien ideoiden ohella unelmointi ja haaveilu ohjaavat meit\u00e4 polullamme eteenp\u00e4in. Unelmat innostavat ja luovat merkityksi\u00e4 itselle t\u00e4rkeille asioille. Haaveilu on my\u00f6s omien tarpeiden kuuntelemista ja joskus niiden avulla on mahdollista l\u00f6yt\u00e4\u00e4 uutta suuntaa omaan el\u00e4m\u00e4\u00e4n. T\u00e4rkeint\u00e4 on, ett\u00e4 unelmat ovat ikiomia. Niin kuin uudet ideatkin, my\u00f6s unelmointi tarvitsee oman kolon arjen keskelt\u00e4. Lis\u00e4ksi tarvitaan ripaus ennakkoluulottomuutta ja lupaa unelmoida mahdottomaltakin tuntuvaa.<\/p>\n<h2>Kartta unelmille<\/h2>\n<p>Unelmien toteutumista voi avittaa visualisoimalla omaa unelmaansa. Piirr\u00e4, maalaa, skr\u00e4pp\u00e4\u00e4, valokuvaa tai sanoita omat haaveet n\u00e4kyviksi ja aseta se n\u00e4kyv\u00e4lle paikalla matkaoppaaksi kohti haaveilemaasi.<\/p>\n<p><a href=\"https:\/\/blogi.eoppimispalvelut.fi\/mielellaan\/files\/2021\/08\/minnematka.png\"><img loading=\"lazy\" decoding=\"async\" class=\"aligncenter wp-image-452 size-full\" src=\"https:\/\/blogi.eoppimispalvelut.fi\/mielellaan\/files\/2021\/08\/minnematka.png\" alt=\"Kuvituskuva. Kuvassa nainen haaveilee unelmistaan ikkunalla. \" width=\"713\" height=\"825\" \/><\/a><\/p>\n","protected":false},"excerpt":{"rendered":"<p>Joku on joskus todennut, ett\u00e4 parhaat ideat syntyv\u00e4t joutilaisuudesta. Niin\u00e4 hetkin\u00e4, kun ei ole kiire minnek\u00e4\u00e4n. Silloin kun mieli ja &hellip; <a href=\"https:\/\/blogi.eoppimispalvelut.fi\/mielellaan\/minne-matka\/\" class=\"more-link\">Continue reading<span class=\"screen-reader-text\"> &#8220;Minne matka?&#8221;<\/span><\/a><\/p>\n","protected":false},"author":7679,"featured_media":499,"parent":0,"menu_order":0,"comment_status":"closed","ping_status":"closed","template":"","meta":{"footnotes":""},"class_list":["post-380","page","type-page","status-publish","has-post-thumbnail","hentry"],"_links":{"self":[{"href":"https:\/\/blogi.eoppimispalvelut.fi\/mielellaan\/wp-json\/wp\/v2\/pages\/380","targetHints":{"allow":["GET"]}}],"collection":[{"href":"https:\/\/blogi.eoppimispalvelut.fi\/mielellaan\/wp-json\/wp\/v2\/pages"}],"about":[{"href":"https:\/\/blogi.eoppimispalvelut.fi\/mielellaan\/wp-json\/wp\/v2\/types\/page"}],"author":[{"embeddable":true,"href":"https:\/\/blogi.eoppimispalvelut.fi\/mielellaan\/wp-json\/wp\/v2\/users\/7679"}],"replies":[{"embeddable":true,"href":"https:\/\/blogi.eoppimispalvelut.fi\/mielellaan\/wp-json\/wp\/v2\/comments?post=380"}],"version-history":[{"count":7,"href":"https:\/\/blogi.eoppimispalvelut.fi\/mielellaan\/wp-json\/wp\/v2\/pages\/380\/revisions"}],"predecessor-version":[{"id":615,"href":"https:\/\/blogi.eoppimispalvelut.fi\/mielellaan\/wp-json\/wp\/v2\/pages\/380\/revisions\/615"}],"wp:featuredmedia":[{"embeddable":true,"href":"https:\/\/blogi.eoppimispalvelut.fi\/mielellaan\/wp-json\/wp\/v2\/media\/499"}],"wp:attachment":[{"href":"https:\/\/blogi.eoppimispalvelut.fi\/mielellaan\/wp-json\/wp\/v2\/media?parent=380"}],"curies":[{"name":"wp","href":"https:\/\/api.w.org\/{rel}","templated":true}]}}