{"id":160,"date":"2019-04-01T17:47:33","date_gmt":"2019-04-01T14:47:33","guid":{"rendered":"https:\/\/blogi.eoppimispalvelut.fi\/mielenrauhaaja\/?page_id=160"},"modified":"2019-04-01T17:47:33","modified_gmt":"2019-04-01T14:47:33","slug":"160-2","status":"publish","type":"page","link":"https:\/\/blogi.eoppimispalvelut.fi\/mielenrauhaaja\/tyokokemukseni\/160-2\/","title":{"rendered":""},"content":{"rendered":"<p>T\u00e4nne lis\u00e4\u00e4n CV:ni.<\/p>\n","protected":false},"excerpt":{"rendered":"<p>T\u00e4nne lis\u00e4\u00e4n CV:ni.<\/p>\n","protected":false},"author":3626,"featured_media":0,"parent":86,"menu_order":0,"comment_status":"closed","ping_status":"closed","template":"","meta":{"footnotes":""},"class_list":["post-160","page","type-page","status-publish","hentry"],"_links":{"self":[{"href":"https:\/\/blogi.eoppimispalvelut.fi\/mielenrauhaaja\/wp-json\/wp\/v2\/pages\/160","targetHints":{"allow":["GET"]}}],"collection":[{"href":"https:\/\/blogi.eoppimispalvelut.fi\/mielenrauhaaja\/wp-json\/wp\/v2\/pages"}],"about":[{"href":"https:\/\/blogi.eoppimispalvelut.fi\/mielenrauhaaja\/wp-json\/wp\/v2\/types\/page"}],"author":[{"embeddable":true,"href":"https:\/\/blogi.eoppimispalvelut.fi\/mielenrauhaaja\/wp-json\/wp\/v2\/users\/3626"}],"replies":[{"embeddable":true,"href":"https:\/\/blogi.eoppimispalvelut.fi\/mielenrauhaaja\/wp-json\/wp\/v2\/comments?post=160"}],"version-history":[{"count":1,"href":"https:\/\/blogi.eoppimispalvelut.fi\/mielenrauhaaja\/wp-json\/wp\/v2\/pages\/160\/revisions"}],"predecessor-version":[{"id":163,"href":"https:\/\/blogi.eoppimispalvelut.fi\/mielenrauhaaja\/wp-json\/wp\/v2\/pages\/160\/revisions\/163"}],"up":[{"embeddable":true,"href":"https:\/\/blogi.eoppimispalvelut.fi\/mielenrauhaaja\/wp-json\/wp\/v2\/pages\/86"}],"wp:attachment":[{"href":"https:\/\/blogi.eoppimispalvelut.fi\/mielenrauhaaja\/wp-json\/wp\/v2\/media?parent=160"}],"curies":[{"name":"wp","href":"https:\/\/api.w.org\/{rel}","templated":true}]}}