{"id":2,"date":"2019-02-05T18:27:38","date_gmt":"2019-02-05T16:27:38","guid":{"rendered":"https:\/\/blogi.eoppimispalvelut.fi\/mielenrauhaaja\/?page_id=2"},"modified":"2019-02-11T13:37:03","modified_gmt":"2019-02-11T11:37:03","slug":"esimerkkisivu","status":"publish","type":"page","link":"https:\/\/blogi.eoppimispalvelut.fi\/mielenrauhaaja\/","title":{"rendered":"Teresa Ilola &#8211; mielenrauhaaja"},"content":{"rendered":"<p style=\"text-align: center\">Olet l\u00f6yt\u00e4nyt tiesi minun sivuilleni. Vau, hienoa!<\/p>\n<p style=\"text-align: center\">Olen intohimoinen reissaaja ja voisin olla jatkuvasti jossakin p\u00e4in maailmaa. T\u00e4ll\u00e4 hetkell\u00e4 olen kuitenkin kotona Suomessa ja retkeni kohdistuu digitalisaatioon. Huippua, ett\u00e4 haluat tulla retkelle kanssani. Retken aikana mahdollisesti etsin hieman vinkkej\u00e4 henkiseen hyvinvointiin ja mielenrauhan saavuttamiseen tai sitten se j\u00e4\u00e4 my\u00f6hemm\u00e4lle. Katsotaan, mit\u00e4 saan aikaiseksi. Kiitos, ett\u00e4 olet mukana!<\/p>\n<p style=\"text-align: center\">Parhaiten retkifiilikseen p\u00e4\u00e4see kuvien avulla. <strong>Nauti<\/strong>.<\/p>\n<p>&nbsp;<\/p>\n<p>&nbsp;<\/p>\n<div id='gallery-1' class='gallery galleryid-2 gallery-columns-2 gallery-size-large'><dl class='gallery-item'>\n\t\t\t<dt class='gallery-icon landscape'>\n\t\t\t\t<a href='https:\/\/blogi.eoppimispalvelut.fi\/mielenrauhaaja\/narvik\/'><img loading=\"lazy\" decoding=\"async\" width=\"768\" height=\"576\" src=\"https:\/\/blogi.eoppimispalvelut.fi\/mielenrauhaaja\/files\/2019\/02\/narvik-1024x768.jpeg\" class=\"attachment-large size-large\" alt=\"\" srcset=\"https:\/\/blogi.eoppimispalvelut.fi\/mielenrauhaaja\/files\/2019\/02\/narvik-1024x768.jpeg 1024w, https:\/\/blogi.eoppimispalvelut.fi\/mielenrauhaaja\/files\/2019\/02\/narvik-300x225.jpeg 300w, https:\/\/blogi.eoppimispalvelut.fi\/mielenrauhaaja\/files\/2019\/02\/narvik-768x576.jpeg 768w\" sizes=\"auto, (max-width: 768px) 100vw, 768px\" \/><\/a>\n\t\t\t<\/dt><\/dl><dl class='gallery-item'>\n\t\t\t<dt class='gallery-icon landscape'>\n\t\t\t\t<a href='https:\/\/blogi.eoppimispalvelut.fi\/mielenrauhaaja\/budapest\/'><img loading=\"lazy\" decoding=\"async\" width=\"768\" height=\"576\" src=\"https:\/\/blogi.eoppimispalvelut.fi\/mielenrauhaaja\/files\/2019\/02\/budapest-1024x768.jpeg\" class=\"attachment-large size-large\" alt=\"\" srcset=\"https:\/\/blogi.eoppimispalvelut.fi\/mielenrauhaaja\/files\/2019\/02\/budapest-1024x768.jpeg 1024w, https:\/\/blogi.eoppimispalvelut.fi\/mielenrauhaaja\/files\/2019\/02\/budapest-300x225.jpeg 300w, https:\/\/blogi.eoppimispalvelut.fi\/mielenrauhaaja\/files\/2019\/02\/budapest-768x576.jpeg 768w\" sizes=\"auto, (max-width: 768px) 100vw, 768px\" \/><\/a>\n\t\t\t<\/dt><\/dl><br style=\"clear: both\" \/>\n\t\t<\/div>\n\n","protected":false},"excerpt":{"rendered":"<p>Olet l\u00f6yt\u00e4nyt tiesi minun sivuilleni. Vau, hienoa! Olen intohimoinen reissaaja ja voisin olla jatkuvasti jossakin p\u00e4in maailmaa. T\u00e4ll\u00e4 hetkell\u00e4 olen kuitenkin kotona Suomessa ja retkeni kohdistuu digitalisaatioon. Huippua, ett\u00e4 haluat tulla retkelle kanssani. Retken aikana mahdollisesti etsin hieman vinkkej\u00e4 henkiseen hyvinvointiin ja mielenrauhan saavuttamiseen tai sitten se j\u00e4\u00e4 my\u00f6hemm\u00e4lle. Katsotaan, mit\u00e4 saan aikaiseksi. Kiitos, ett\u00e4 [&hellip;]<\/p>\n","protected":false},"author":3626,"featured_media":0,"parent":0,"menu_order":0,"comment_status":"closed","ping_status":"closed","template":"","meta":{"footnotes":""},"class_list":["post-2","page","type-page","status-publish","hentry"],"_links":{"self":[{"href":"https:\/\/blogi.eoppimispalvelut.fi\/mielenrauhaaja\/wp-json\/wp\/v2\/pages\/2","targetHints":{"allow":["GET"]}}],"collection":[{"href":"https:\/\/blogi.eoppimispalvelut.fi\/mielenrauhaaja\/wp-json\/wp\/v2\/pages"}],"about":[{"href":"https:\/\/blogi.eoppimispalvelut.fi\/mielenrauhaaja\/wp-json\/wp\/v2\/types\/page"}],"author":[{"embeddable":true,"href":"https:\/\/blogi.eoppimispalvelut.fi\/mielenrauhaaja\/wp-json\/wp\/v2\/users\/3626"}],"replies":[{"embeddable":true,"href":"https:\/\/blogi.eoppimispalvelut.fi\/mielenrauhaaja\/wp-json\/wp\/v2\/comments?post=2"}],"version-history":[{"count":5,"href":"https:\/\/blogi.eoppimispalvelut.fi\/mielenrauhaaja\/wp-json\/wp\/v2\/pages\/2\/revisions"}],"predecessor-version":[{"id":71,"href":"https:\/\/blogi.eoppimispalvelut.fi\/mielenrauhaaja\/wp-json\/wp\/v2\/pages\/2\/revisions\/71"}],"wp:attachment":[{"href":"https:\/\/blogi.eoppimispalvelut.fi\/mielenrauhaaja\/wp-json\/wp\/v2\/media?parent=2"}],"curies":[{"name":"wp","href":"https:\/\/api.w.org\/{rel}","templated":true}]}}