{"id":86,"date":"2019-02-11T15:11:33","date_gmt":"2019-02-11T13:11:33","guid":{"rendered":"https:\/\/blogi.eoppimispalvelut.fi\/mielenrauhaaja\/?page_id=86"},"modified":"2019-03-25T14:18:22","modified_gmt":"2019-03-25T12:18:22","slug":"tyokokemukseni","status":"publish","type":"page","link":"https:\/\/blogi.eoppimispalvelut.fi\/mielenrauhaaja\/tyokokemukseni\/","title":{"rendered":"Ty\u00f6kokemukseni"},"content":{"rendered":"<p>Tervetuloa katsomaan video cv:t\u00e4ni. Jos tykk\u00e4\u00e4t teknisesti toteutuksesta, laitahan kommenttia! Tai jos tulee jotain kehitt\u00e4misideoita, kuulisin nekin mielell\u00e4ni.<\/p>\n<p>&nbsp;<\/p>\n<div style=\"width: 768px;\" class=\"wp-video\"><video class=\"wp-video-shortcode\" id=\"video-86-1\" width=\"768\" height=\"432\" preload=\"metadata\" controls=\"controls\"><source type=\"video\/mp4\" src=\"https:\/\/blogi.eoppimispalvelut.fi\/mielenrauhaaja\/files\/2019\/03\/teresaCV.mp4?_=1\" \/><a href=\"https:\/\/blogi.eoppimispalvelut.fi\/mielenrauhaaja\/files\/2019\/03\/teresaCV.mp4\">https:\/\/blogi.eoppimispalvelut.fi\/mielenrauhaaja\/files\/2019\/03\/teresaCV.mp4<\/a><\/video><\/div>\n","protected":false},"excerpt":{"rendered":"<p>Tervetuloa katsomaan video cv:t\u00e4ni. Jos tykk\u00e4\u00e4t teknisesti toteutuksesta, laitahan kommenttia! Tai jos tulee jotain kehitt\u00e4misideoita, kuulisin nekin mielell\u00e4ni. &nbsp;<\/p>\n","protected":false},"author":3626,"featured_media":0,"parent":0,"menu_order":0,"comment_status":"closed","ping_status":"closed","template":"","meta":{"footnotes":""},"class_list":["post-86","page","type-page","status-publish","hentry"],"_links":{"self":[{"href":"https:\/\/blogi.eoppimispalvelut.fi\/mielenrauhaaja\/wp-json\/wp\/v2\/pages\/86","targetHints":{"allow":["GET"]}}],"collection":[{"href":"https:\/\/blogi.eoppimispalvelut.fi\/mielenrauhaaja\/wp-json\/wp\/v2\/pages"}],"about":[{"href":"https:\/\/blogi.eoppimispalvelut.fi\/mielenrauhaaja\/wp-json\/wp\/v2\/types\/page"}],"author":[{"embeddable":true,"href":"https:\/\/blogi.eoppimispalvelut.fi\/mielenrauhaaja\/wp-json\/wp\/v2\/users\/3626"}],"replies":[{"embeddable":true,"href":"https:\/\/blogi.eoppimispalvelut.fi\/mielenrauhaaja\/wp-json\/wp\/v2\/comments?post=86"}],"version-history":[{"count":3,"href":"https:\/\/blogi.eoppimispalvelut.fi\/mielenrauhaaja\/wp-json\/wp\/v2\/pages\/86\/revisions"}],"predecessor-version":[{"id":144,"href":"https:\/\/blogi.eoppimispalvelut.fi\/mielenrauhaaja\/wp-json\/wp\/v2\/pages\/86\/revisions\/144"}],"wp:attachment":[{"href":"https:\/\/blogi.eoppimispalvelut.fi\/mielenrauhaaja\/wp-json\/wp\/v2\/media?parent=86"}],"curies":[{"name":"wp","href":"https:\/\/api.w.org\/{rel}","templated":true}]}}