{"id":32,"date":"2020-03-02T23:05:37","date_gmt":"2020-03-02T21:05:37","guid":{"rendered":"https:\/\/blogi.eoppimispalvelut.fi\/minna\/?page_id=32"},"modified":"2020-03-06T14:45:39","modified_gmt":"2020-03-06T12:45:39","slug":"kuka-olen","status":"publish","type":"page","link":"https:\/\/blogi.eoppimispalvelut.fi\/minna\/kuka-olen\/","title":{"rendered":"Kuka olen?"},"content":{"rendered":"<p>Olen kemil\u00e4inen Minna Kauppinen. Aloitin digiassari -valmennuksen helmikuussa 2020 ajatuksena kehitt\u00e4\u00e4 taitojani ja osata tunnistaa sek\u00e4 ilmaista paremmin osaamiani taitoja ty\u00f6nhakutilanteessa. Oman osaamisen tunnistaminen paremmin on tuntunut hy\u00f6dylliselle taidolle, ja on ollut mukava tiet\u00e4\u00e4, miten ja mink\u00e4laisena muut ihmiset n\u00e4kev\u00e4t minut.<\/p>\n","protected":false},"excerpt":{"rendered":"<p>Olen kemil\u00e4inen Minna Kauppinen. Aloitin digiassari -valmennuksen helmikuussa 2020 ajatuksena kehitt\u00e4\u00e4 taitojani ja osata tunnistaa sek\u00e4 ilmaista paremmin osaamiani taitoja ty\u00f6nhakutilanteessa. Oman osaamisen tunnistaminen paremmin on tuntunut hy\u00f6dylliselle taidolle, ja on ollut mukava tiet\u00e4\u00e4, miten ja mink\u00e4laisena muut ihmiset n\u00e4kev\u00e4t minut.<\/p>\n","protected":false},"author":4232,"featured_media":0,"parent":0,"menu_order":0,"comment_status":"closed","ping_status":"closed","template":"","meta":{"footnotes":""},"class_list":["post-32","page","type-page","status-publish","hentry"],"_links":{"self":[{"href":"https:\/\/blogi.eoppimispalvelut.fi\/minna\/wp-json\/wp\/v2\/pages\/32","targetHints":{"allow":["GET"]}}],"collection":[{"href":"https:\/\/blogi.eoppimispalvelut.fi\/minna\/wp-json\/wp\/v2\/pages"}],"about":[{"href":"https:\/\/blogi.eoppimispalvelut.fi\/minna\/wp-json\/wp\/v2\/types\/page"}],"author":[{"embeddable":true,"href":"https:\/\/blogi.eoppimispalvelut.fi\/minna\/wp-json\/wp\/v2\/users\/4232"}],"replies":[{"embeddable":true,"href":"https:\/\/blogi.eoppimispalvelut.fi\/minna\/wp-json\/wp\/v2\/comments?post=32"}],"version-history":[{"count":2,"href":"https:\/\/blogi.eoppimispalvelut.fi\/minna\/wp-json\/wp\/v2\/pages\/32\/revisions"}],"predecessor-version":[{"id":48,"href":"https:\/\/blogi.eoppimispalvelut.fi\/minna\/wp-json\/wp\/v2\/pages\/32\/revisions\/48"}],"wp:attachment":[{"href":"https:\/\/blogi.eoppimispalvelut.fi\/minna\/wp-json\/wp\/v2\/media?parent=32"}],"curies":[{"name":"wp","href":"https:\/\/api.w.org\/{rel}","templated":true}]}}