{"id":5,"date":"2019-09-27T11:04:58","date_gmt":"2019-09-27T08:04:58","guid":{"rendered":"https:\/\/blogi.eoppimispalvelut.fi\/mmkeltainen\/?page_id=5"},"modified":"2019-10-06T19:46:51","modified_gmt":"2019-10-06T16:46:51","slug":"etusivu","status":"publish","type":"page","link":"https:\/\/blogi.eoppimispalvelut.fi\/mmkeltainen\/etusivu\/","title":{"rendered":"Keit\u00e4 me ollaan"},"content":{"rendered":"<p style=\"text-align: right\"><strong><img loading=\"lazy\" decoding=\"async\" class=\" wp-image-89 alignleft\" src=\"https:\/\/blogi.eoppimispalvelut.fi\/mmkeltainen\/files\/2019\/10\/Anneli.jpg\" alt=\"\" width=\"189\" height=\"246\" \/>Anneli Kakko<\/strong><\/p>\n<p style=\"text-align: right\"><strong>Moikka! Olen 31- vuotias restonomi- opiskelija ja asun avopuolisoni kanssa Kittil\u00e4ss\u00e4 Sirkan kyl\u00e4ss\u00e4. Olen l\u00e4ht\u00f6isin Keski-Suomesta, mutta Lapin hulluus ja ravintola-alan ty\u00f6t kuljettivat minut pohjoiseen yhdeks\u00e4n vuotta sitten.\u00a0 Talvella vapaa-aikani kuluu laskettelun parissa ja kes\u00e4ll\u00e4 ja syksyll\u00e4 tykk\u00e4\u00e4n samoilla tuntureilla ja luonnossa ja kalastaa. Tarjoilijan koulutuksen ohella olen suorittanut my\u00f6s matkailupalvelujen ammattitutkinnon ja restonomin opinnoiltani toivonkin lis\u00e4\u00e4 oppia ja syvyytt\u00e4 matkailualaan.<\/strong><\/p>\n<p>&nbsp;<\/p>\n<p style=\"text-align: right\"><strong><img loading=\"lazy\" decoding=\"async\" class=\" wp-image-90 alignleft\" src=\"https:\/\/blogi.eoppimispalvelut.fi\/mmkeltainen\/files\/2019\/10\/Annika.jpg\" alt=\"\" width=\"197\" height=\"194\" \/>Annika Kaarela<\/strong><\/p>\n<p style=\"text-align: right\"><strong>Moi! Olen 29 vuotias restonomi opiskelija Sirkasta. Olen asunut Sirkassa koko ik\u00e4ni ja seurannut l\u00e4helt\u00e4 sesonkia, joka onkin tullut tutuksi oman sek\u00e4 l\u00e4him\u00e4isten ty\u00f6n kautta. Olen aikaisemmalta ammatiltani tarjoilija. Minulla on kaksi lasta ja lemmikkin\u00e4 kissa. Harrastan lenkkeily\u00e4 ja ratsastusta. Tavoitteeni olisi jonain p\u00e4iv\u00e4n\u00e4 valmistua restonomiksi.<\/strong><\/p>\n<p>&nbsp;<\/p>\n<p style=\"text-align: right\"><strong><img loading=\"lazy\" decoding=\"async\" class=\" wp-image-91 alignleft\" src=\"https:\/\/blogi.eoppimispalvelut.fi\/mmkeltainen\/files\/2019\/10\/janna.jpg\" alt=\"\" width=\"194\" height=\"243\" \/>Janna Laukkanen<\/strong><\/p>\n<p style=\"text-align: right\"><strong>Terve! Min\u00e4 oon 26 vuotias restonomi opiskelija, Nivalasta. Perheeseeni kuuluu avopuoliso, koira sek\u00e4 afrikkalainen k\u00e4\u00e4pi\u00f6siili Vilho. Minulla on ennest\u00e4\u00e4n tarjoilijan ja kokin p\u00e4tevyyet, ja ravintola-alalla oon toiminu yli kaheksan vuotta. Min\u00e4 tii\u00e4 harrastuksista, mutta kes\u00e4t ajelen moottoripy\u00f6r\u00e4ll\u00e4, tykk\u00e4\u00e4n my\u00f6s lukea, liikkua luonnossa, ja lavis on joka tiistai. Rakastan syksy\u00e4, aktiviteetteja ja tykk\u00e4\u00e4n matkustella. Min\u00e4 en tii\u00e4 mik\u00e4 minusta tulee isona, ett\u00e4 sit\u00e4 j\u00e4nnityksell\u00e4 ootellessa.<\/strong><\/p>\n<p>&nbsp;<\/p>\n<p style=\"text-align: right\"><strong><img loading=\"lazy\" decoding=\"async\" class=\" wp-image-92 alignleft\" src=\"https:\/\/blogi.eoppimispalvelut.fi\/mmkeltainen\/files\/2019\/10\/janne.jpg\" alt=\"\" width=\"197\" height=\"196\" srcset=\"https:\/\/blogi.eoppimispalvelut.fi\/mmkeltainen\/files\/2019\/10\/janne.jpg 200w, https:\/\/blogi.eoppimispalvelut.fi\/mmkeltainen\/files\/2019\/10\/janne-120x120.jpg 120w\" sizes=\"auto, (max-width: 197px) 100vw, 197px\" \/>Janne Posio<\/strong><\/p>\n<p style=\"text-align: right\"><strong>Moi! Olen 37-vuotias oman el\u00e4m\u00e4ni ruorimies Nokialta ja valmistelen opinnoillani el\u00e4m\u00e4npolkuni seuraava uraa matkailualalta. Olen ehtinyt ker\u00e4t\u00e4 jo kokemusta esimerkiksi maanpuolustuksesta ja infrarakennusalalta, jossa ty\u00f6skentelen edelleen rautatiemaailmassa. Harrastelen monipuolisesti liikuntaa, kuten maastohiihtoa ja kahvakuulailua, mutta tulessa on aina jos jonkinlaista rautaa monella muullakin el\u00e4m\u00e4n osa-alueella. Tavoitteenani on perustaa omaa yritystoimintaa, joka mahdollistaisi omien ideoiden t\u00e4ysipainoisen toteuttamisen. Kaiken takana on lopulta nainen, joka t\u00e4ss\u00e4kin tapauksessa pit\u00e4\u00e4 miehen tiell\u00e4 kihlatun ominaisuudessa.<\/strong><\/p>\n<p>&nbsp;<\/p>\n<p style=\"text-align: right\"><strong><img loading=\"lazy\" decoding=\"async\" class=\"wp-image-93 alignleft\" src=\"https:\/\/blogi.eoppimispalvelut.fi\/mmkeltainen\/files\/2019\/10\/Kimmo-900x1205.jpg\" alt=\"\" width=\"199\" height=\"266\" srcset=\"https:\/\/blogi.eoppimispalvelut.fi\/mmkeltainen\/files\/2019\/10\/Kimmo-900x1205.jpg 900w, https:\/\/blogi.eoppimispalvelut.fi\/mmkeltainen\/files\/2019\/10\/Kimmo-768x1028.jpg 768w, https:\/\/blogi.eoppimispalvelut.fi\/mmkeltainen\/files\/2019\/10\/Kimmo-1280x1714.jpg 1280w, https:\/\/blogi.eoppimispalvelut.fi\/mmkeltainen\/files\/2019\/10\/Kimmo.jpg 1936w\" sizes=\"auto, (max-width: 199px) 100vw, 199px\" \/>Kimmo Luokkanen<\/strong><\/p>\n<p style=\"text-align: right\"><strong>Ehtoota! Olen 23v Taivalkoskelta l\u00e4ht\u00f6isin oleva kokki ja asun nyt Rovaniemell\u00e4 restonomi opintojen ajan v\u00e4hint\u00e4\u00e4n. Mielest\u00e4ni ty\u00f6t\u00e4 tehd\u00e4\u00e4n omien harrastuksien rahoittamiseksi ja min\u00e4 harrastankin paljon. Harrastuksiini kuuluu lukeminen, meditointi, musiikin kuuntelu, laulaminen, runoilu\/laulujen sanoittaminen ja sitten ne kalliimmat eli korttien, video- ja lautapelien ker\u00e4ily ja pelaaminen. Tavoitteita on paljon ja unelmani on, ett\u00e4 jokin niist\u00e4 toteutuu.<\/strong><\/p>\n<p>&nbsp;<\/p>\n<p style=\"text-align: right\"><strong><img loading=\"lazy\" decoding=\"async\" class=\"wp-image-94 alignleft\" src=\"https:\/\/blogi.eoppimispalvelut.fi\/mmkeltainen\/files\/2019\/10\/Marjo-riitta.jpg\" alt=\"\" width=\"195\" height=\"195\" \/>Marjo-Riitta Sipil\u00e4<\/strong><\/p>\n<p style=\"text-align: right\"><strong>Hellurei! Min\u00e4 olen 48-vuotias Raahessa asuva restonomi opiskelija. Perheeseeni kuuluu aviomiehen lis\u00e4ksi kolme, jo omillaan asuvaa aikuista lasta ja olen jo kahden tyt\u00f6n mummukin. Ammatiltani olen tarjoilija ja olen ty\u00f6skennellyt noin 15 vuotta hotelli- ja ravintola alalla, useissa eri ymp\u00e4rist\u00f6iss\u00e4 ja teht\u00e4viss\u00e4. Harrastuksiin kuuluu autourheilu, jossa toimin kilpailuissa erilaisissa p\u00e4\u00e4toimitsija teht\u00e4viss\u00e4. Matkustelemme my\u00f6s miehen kanssa sek\u00e4 kotimaassa ett\u00e4 ulkomailla. Kovasti teett\u00e4\u00e4 ty\u00f6t\u00e4 t\u00e4m\u00e4 opiskelu mutta on ilo huomata ett\u00e4 t\u00e4ll\u00e4kin i\u00e4ll\u00e4 viel\u00e4 oppii uutta!<\/strong><\/p>\n<p>&nbsp;<\/p>\n<p style=\"text-align: right\"><strong><img loading=\"lazy\" decoding=\"async\" class=\" wp-image-101 alignleft\" src=\"https:\/\/blogi.eoppimispalvelut.fi\/mmkeltainen\/files\/2019\/10\/mira.jpg\" alt=\"\" width=\"214\" height=\"213\" srcset=\"https:\/\/blogi.eoppimispalvelut.fi\/mmkeltainen\/files\/2019\/10\/mira.jpg 500w, https:\/\/blogi.eoppimispalvelut.fi\/mmkeltainen\/files\/2019\/10\/mira-120x120.jpg 120w\" sizes=\"auto, (max-width: 214px) 100vw, 214px\" \/>Mira Pyy<\/strong><\/p>\n<p style=\"text-align: right\"><strong>Hei kaikille. Olen 35-vuotias restonomi opiskelija. Ammatiltani olen er\u00e4-ja luonto-opas sek\u00e4 tarjoilija. Opinnoilla haenkin syvyytt\u00e4 omaan osaamiseen sek\u00e4 taitoja tulevaisuuden haasteisiin. Syntyj\u00e4ni olen Savosta mutta asun nyky\u00e4\u00e4n Islannissa. Olen ylpe\u00e4 kahden koiran omistaja ja viet\u00e4n vapaa-aikani hevostallilla sek\u00e4 kotosalla pienoismalleja ja saamenk\u00e4sit\u00f6it\u00e4 tehden. Jottei olisi ajank\u00e4ytt\u00f6 ongelmia, harrastan my\u00f6s valokuvausta ja telemark laskettelua.<\/strong><\/p>\n<p>&nbsp;<\/p>\n<p style=\"text-align: right\"><strong><img loading=\"lazy\" decoding=\"async\" class=\"wp-image-95 alignleft\" src=\"https:\/\/blogi.eoppimispalvelut.fi\/mmkeltainen\/files\/2019\/10\/Valtteri.jpg\" alt=\"\" width=\"204\" height=\"272\" \/>Valtteri Koskinen<\/strong><\/p>\n<p style=\"text-align: right\"><strong>Terve! Olen 25 vuotias restonomi opiskelija Rovaniemelt\u00e4. Olen asunut melkein 4 vuotta t\u00e4\u00e4ll\u00e4 ja tehnyt sen ajan laitoshuoltajan t\u00f6it\u00e4. Asun yksin, joten vapaa-aikaa riitt\u00e4\u00e4 v\u00e4lill\u00e4 liikaakin, joten p\u00e4\u00e4tin l\u00e4hte\u00e4 opiskelemaan, kun en muutakaan keksinyt. Harrastuksiin kuuluu itsepuolustuslajit (Combat Hapkido), tietokoneet sek\u00e4 erilaisista aiheista kiinnostuminen ja oppiminen, kuten survivalismi. Jos t\u00e4st\u00e4 koulusta joskus valmistun, niin mahdollisesti pyrin johtoteht\u00e4viin omassa ty\u00f6ss\u00e4ni.<\/strong><\/p>\n<p>&nbsp;<\/p>\n<p>&nbsp;<\/p>\n","protected":false},"excerpt":{"rendered":"<p>Anneli Kakko Moikka! Olen 31- vuotias restonomi- opiskelija ja asun avopuolisoni kanssa Kittil\u00e4ss\u00e4 Sirkan kyl\u00e4ss\u00e4. Olen l\u00e4ht\u00f6isin Keski-Suomesta, mutta Lapin hulluus ja ravintola-alan ty\u00f6t kuljettivat minut pohjoiseen yhdeks\u00e4n vuotta sitten.\u00a0 Talvella vapaa-aikani kuluu laskettelun parissa ja kes\u00e4ll\u00e4 ja syksyll\u00e4 tykk\u00e4\u00e4n samoilla tuntureilla ja luonnossa ja kalastaa. Tarjoilijan koulutuksen ohella olen suorittanut my\u00f6s matkailupalvelujen ammattitutkinnon ja &hellip; <a href=\"https:\/\/blogi.eoppimispalvelut.fi\/mmkeltainen\/etusivu\/\" class=\"more-link\">Jatka artikkeliin <span class=\"screen-reader-text\">Keit\u00e4 me ollaan<\/span><\/a><\/p>\n","protected":false},"author":3838,"featured_media":0,"parent":0,"menu_order":0,"comment_status":"closed","ping_status":"closed","template":"","meta":{"footnotes":""},"class_list":["post-5","page","type-page","status-publish","hentry"],"_links":{"self":[{"href":"https:\/\/blogi.eoppimispalvelut.fi\/mmkeltainen\/wp-json\/wp\/v2\/pages\/5","targetHints":{"allow":["GET"]}}],"collection":[{"href":"https:\/\/blogi.eoppimispalvelut.fi\/mmkeltainen\/wp-json\/wp\/v2\/pages"}],"about":[{"href":"https:\/\/blogi.eoppimispalvelut.fi\/mmkeltainen\/wp-json\/wp\/v2\/types\/page"}],"author":[{"embeddable":true,"href":"https:\/\/blogi.eoppimispalvelut.fi\/mmkeltainen\/wp-json\/wp\/v2\/users\/3838"}],"replies":[{"embeddable":true,"href":"https:\/\/blogi.eoppimispalvelut.fi\/mmkeltainen\/wp-json\/wp\/v2\/comments?post=5"}],"version-history":[{"count":11,"href":"https:\/\/blogi.eoppimispalvelut.fi\/mmkeltainen\/wp-json\/wp\/v2\/pages\/5\/revisions"}],"predecessor-version":[{"id":104,"href":"https:\/\/blogi.eoppimispalvelut.fi\/mmkeltainen\/wp-json\/wp\/v2\/pages\/5\/revisions\/104"}],"wp:attachment":[{"href":"https:\/\/blogi.eoppimispalvelut.fi\/mmkeltainen\/wp-json\/wp\/v2\/media?parent=5"}],"curies":[{"name":"wp","href":"https:\/\/api.w.org\/{rel}","templated":true}]}}