{"id":11,"date":"2019-05-22T12:42:50","date_gmt":"2019-05-22T09:42:50","guid":{"rendered":"https:\/\/blogi.eoppimispalvelut.fi\/monenlaisetoppijat\/?page_id=11"},"modified":"2023-09-11T13:44:23","modified_gmt":"2023-09-11T10:44:23","slug":"aisti-ja-liikuntavammat","status":"publish","type":"page","link":"https:\/\/blogi.eoppimispalvelut.fi\/monenlaisetoppijat\/aisti-ja-liikuntavammat\/","title":{"rendered":"Aisti- ja liikuntavammat"},"content":{"rendered":"\n<p><a href=\"https:\/\/www.luchyvinvointi.fi\/\">\t\t<meta http-equiv=\"refresh\" content=\"0; url=https:\/\/www.luchyvinvointi.fi\/\">\r\n\t\tPlease wait while you are redirected...or <a href=\"https:\/\/www.luchyvinvointi.fi\/\">Click Here<\/a> if you do not want to wait.\r\n<\/a><\/p>\n\n\n<h3>\u00a0<\/h3>\n<h3>Korkeakouluymp\u00e4rist\u00f6n esteett\u00f6myys<\/h3>\n<p>Korkeakoulun tulee ottaa huomioon opetustoiminnan organisoinissa my\u00f6s ymp\u00e4rist\u00f6n esteett\u00f6myys. T\u00e4m\u00e4 tarkoittaa mm.\u00a0<\/p>\n<ul>\n<li>sujuvaa liikkumista piha- ja paikoitusalueella,<\/li>\n<li>helppoa sis\u00e4\u00e4np\u00e4\u00e4sy\u00e4 oppilaitokseen ja sen tiloihin (mm. hissit, esteet\u00f6n wc),<\/li>\n<li>selkeit\u00e4 ohjeita ja opasteita,<\/li>\n<li>aistivammat huomioivaa auditiivista ja visuaalista ymp\u00e4rist\u00f6\u00e4,<\/li>\n<li>ty\u00f6tilojen ja ty\u00f6tilojen materialivalinnat sek\u00e4<\/li>\n<li>tuoksuttomuus<\/li>\n<\/ul>\n<p>Toimintaymp\u00e4rist\u00f6jen esteett\u00f6m\u00e4\u00e4n suunnitteluun l\u00f6ytyy lis\u00e4tietoa mm. Ymp\u00e4rist\u00f6ministeri\u00f6n pdf-oppaasta: <a href=\"https:\/\/ym.fi\/-\/uusi-opas-antaa-valineet-esteettomaan-rakentamiseen\" target=\"_blank\" rel=\"noopener\">Esteet\u00f6n rakennus ja ymp\u00e4rist\u00f6 <\/a>\u00a0(2019). Lis\u00e4tietoja Lapin korkeakoulujen esteett\u00f6myydest\u00e4 voi kysy\u00e4 Lapin AMK:n kiinteist\u00f6mestareilta sek\u00e4 Lapin Yliopiston virastomestareilta.<\/p>\n<\/p>\n<h3>Liikkumisesteisyys<\/h3>\n<p>Erilaiset liikumisen esteet voivat olla synnynn\u00e4isi\u00e4 tai seurausta esimerkiksi tapaturmasta tai sairaudesta. Liikuntaesteisten opiskelijoiden toiminta- ja liikuntakyky ovat yksil\u00f6llisi\u00e4 ja ne voivat olla heikentyneit\u00e4 v\u00e4liaikaisesti tai pysyv\u00e4sti. Opiskelijalla voi olla k\u00e4yt\u00f6ss\u00e4\u00e4n erilaisia liikkumisen ja opiskelun apuv\u00e4lineit\u00e4, henkil\u00f6kohtainen avustaja tai esimerkiksi avustajakoira. Lis\u00e4tietoa liikkumisesteisen opiskelijan opiskelun tukemiseen l\u00f6ytyy ESOK-hankkeen <a href=\"http:\/\/www.esok.fi\/esok-hanke\/julkaisut\/oppaat\/liikkuminen\" target=\"_blank\" rel=\"noopener\">Liikuntavammaisen opiskelijan huomioon ottaminen korkeakouluopiskelussa -oppaasta.<\/a><\/p>\n<\/p>\n<h3>N\u00e4k\u00f6vammat<\/h3>\n\n\n<p><\/p>\n\n\n<p>\u200bN\u00e4k\u00f6vammainen ihminen voi olla heikkon\u00e4k\u00f6inen tai sokea. Heikkon\u00e4k\u00f6isyys voi ilmet\u00e4 monin eri tavoin. Toinen ihminen saattaa esimerkiksi n\u00e4hd\u00e4 lukea mutta ei n\u00e4e ymp\u00e4rist\u00f6\u00e4\u00e4n, kun toinen taas ihminen pystyy liikkumaan ymp\u00e4rist\u00f6ss\u00e4 mutta ei n\u00e4e lukea. T\u00e4ydellinen sokeus on harvinaista. Opiskelija voi k\u00e4ytt\u00e4\u00e4 erilaisia liikkumisen ja opiskelun apuv\u00e4lineit\u00e4 tai h\u00e4nell\u00e4 voi apunaan henkil\u00f6kohtainen avustaja tai opaskoira. N\u00e4k\u00f6vammaisella on oikeus k\u00e4ytt\u00e4\u00e4 opaskoiraa julkisissa tiloissa.&nbsp;N\u00e4k\u00f6vammaisten liiton verkkosivuilta l\u00f6ytyy lis\u00e4tietoa n\u00e4k\u00f6vammoista sek\u00e4 materiaalia n\u00e4k\u00f6vammaisen opiskelijan opiskelun tukemiseen:<\/p>\n<ul>\n<li><a href=\"https:\/\/cms.nkl.fi\/sites\/default\/files\/2021-03\/Mit%C3%A4_ovat_n%C3%A4k%C3%B6vammat.pdf\" target=\"_blank\" rel=\"noopener\">Mit\u00e4 ovat n\u00e4k\u00f6vammat &#8211; pdf opas<\/a><\/li>\n<li><a href=\"https:\/\/cms.nkl.fi\/sites\/default\/files\/2021-03\/Mit%C3%A4_teet_kun_kohtaat_n%C3%A4k%C3%B6vammaisen.pdf\" target=\"_blank\" rel=\"noopener\">Mit\u00e4 teet kun kohtaat n\u00e4k\u00f6vammaisen -pdf opas<\/a><\/li>\n<li><a href=\"https:\/\/www.nkl.fi\/fi\/vinkkeja-opettajalle\" target=\"_blank\" rel=\"noopener\">Vinkkej\u00e4 opettajalle &#8211; verkkosivu<\/a><\/li>\n<\/ul>\n<p>Tutustu my\u00f6s ESOK-hankkeen verkkosivuun: <a href=\"http:\/\/www.esok.fi\/esok-hanke\/julkaisut\/oppaat\/nako\/\" target=\"_blank\" rel=\"noopener\">Heikkon\u00e4k\u00f6isen ja sokean opiskelijan huomioon ottaminen.<\/a><\/p>\n<\/p>\n<h3>\u200bKuulovammat<\/h3>\n<p>\u200bKuulovammaisella ihmisell\u00e4 on jonkinasteinen tai -laatuinen kuulonalennus, liev\u00e4st\u00e4 huonokuuloisuudesta t\u00e4ydelliseen kuurouteen. Kuuro opiskelija k\u00e4ytt\u00e4\u00e4 yleens\u00e4 viittomakielt\u00e4 ja voi k\u00e4ytt\u00e4\u00e4 opiskelussa apuna viittomakielen tulkkausta tai kirjoitustulkkausta. Huonokuuloinen opiskelija kommunikoi yleens\u00e4 puheella ja k\u00e4ytt\u00e4\u00e4 kuulemisen apuv\u00e4lineen\u00e4 kuulokojetta tai sis\u00e4korvaistutetta. Huonokuuloinen opiskelija voi kuulokojeen lis\u00e4ksi k\u00e4ytt\u00e4\u00e4 muita teknisi\u00e4 apuv\u00e4lineit\u00e4 ja esimerkiksi lukea huulilta kuulemisen tueksi. Lue lis\u00e4\u00e4 kuuron ja huonokuuloisen opiskelijan opintojen tukemisesta <a href=\"http:\/\/www.esok.fi\/esok-hanke\/julkaisut\/oppaat\/kuulo\/\" target=\"_blank\" rel=\"noopener\">ESOK-hankkeen verkkosivuilta<\/a>.<\/p>\n<p>Kuulovammaisen opiskelijan opiskelun esteett\u00f6myydest\u00e4 huolehtiminen tarkoittaa mm. hyv\u00e4\u00e4 kuunteluymp\u00e4rist\u00f6\u00e4 ja esteet\u00f6nt\u00e4 viestint\u00e4\u00e4. Lis\u00e4tietoa l\u00f6ytyy Kuuloliiton verkkosivuilta:<\/p>\n<p><a href=\"https:\/\/www.kuuloliitto.fi\/toiminta\/esteettomyys\/\">Esteett\u00f6myys<\/a><\/p>\n<p>Kuulovammaliitolta l\u00f6ytyy my\u00f6s kattava paketti opiskeluun liittyen. Liiton verkkosivuille on ker\u00e4tty tietoa niin opiskelun esteett\u00f6myydest\u00e4 kuin my\u00f6s yksil\u00f6llisist\u00e4 ratkaisuista, kuulovammasta kertomisesta, apuv\u00e4lineist\u00e4 ja tulkkauksesta sek\u00e4 opintojen j\u00e4lkeisest\u00e4 ajasta. Sivustolla on my\u00f6s ohjeita opettajille. Tutustu kuulovammaisen opiskelijan opiskelun tukimuotoihin:<\/p>\n<p><a href=\"https:\/\/www.kuuloliitto.fi\/opiskelu\/yksilolliset-ratkaisut\/\">Kuuloliiton Opiskelu-sivu<\/a><\/p>\n<h3>&nbsp;<\/h3>\n<h3>Aistivammat ja liikuntaesteisyys opiskelussa<\/h3>\n<p>On t\u00e4rke\u00e4\u00e4, ett\u00e4 jokaisen opiskelu on esteet\u00f6nt\u00e4 ja saavutettavaa. Opetus- ja opiskeluk\u00e4yt\u00e4nteit\u00e4 koskeviin tarpeisiin on mahdollista saada tukea korkeakouluopiskelun aikana esimerkiksi erilaisilla tilaj\u00e4rjestelyill\u00e4, apuv\u00e4lineill\u00e4 ja materiaaleilla. Koska tarpeet ovat yksil\u00f6llisi\u00e4, on hyv\u00e4 ottaa yhteytt\u00e4 ammattikorkeakoulun saavuttavuusyhdyshenkil\u00f6\u00f6n tai yliopiston esteett\u00f6myysyhdyshenkil\u00f6\u00f6n. Yhdess\u00e4 miettim\u00e4ll\u00e4 l\u00f6ytyy usein parhaiten soveltuvia ratkaisuja sujuvan opiskelun tueksi. Yhdyshenkil\u00f6iden yhteystiedot l\u00f6yd\u00e4t oheisen linkin kautta: <a href=\"https:\/\/blogi.eoppimispalvelut.fi\/monenlaisetoppijat\/\" target=\"_blank\" rel=\"noopener\">Yhteystiedot<\/a><\/p>\n<\/p>\n<hr>\n<h3>L\u00e4hteet<\/h3>\n<ul>\n<li><a href=\"https:\/\/www.nkl.fi\/fi\" target=\"_blank\" rel=\"noopener\"><span style=\"color: #00ccff\">N\u00e4k\u00f6vammaisten liitto ry<\/span><\/a><\/li>\n<li><a href=\"https:\/\/www.kuuloliitto.fi\/opiskelu\/\" target=\"_blank\" rel=\"noopener\"><span style=\"color: #00ccff\">Kuuloliitto ry<\/span><\/a><\/li>\n<li><span style=\"color: #00ccff\"><a style=\"color: #00ccff\" href=\"https:\/\/www.invalidiliitto.fi\/esteetonfi\" target=\"_blank\" rel=\"noopener noreferrer\">Invalidiliitto<\/a><\/span><\/li>\n<li><a href=\"http:\/\/www.esok.fi\/esok-hanke\/julkaisut\/oppaat\/\" target=\"_blank\" rel=\"noopener noreferrer\"><span style=\"color: #00ccff\">ESOK -hankkeen oppaat<\/span><\/a><\/li>\n<\/ul>","protected":false},"excerpt":{"rendered":"<p>\u00a0 Korkeakouluymp\u00e4rist\u00f6n esteett\u00f6myys Korkeakoulun tulee ottaa huomioon opetustoiminnan organisoinissa my\u00f6s ymp\u00e4rist\u00f6n esteett\u00f6myys. T\u00e4m\u00e4 tarkoittaa mm.\u00a0 sujuvaa liikkumista piha- ja paikoitusalueella, helppoa sis\u00e4\u00e4np\u00e4\u00e4sy\u00e4 oppilaitokseen ja sen tiloihin (mm. hissit, esteet\u00f6n wc), selkeit\u00e4 ohjeita ja opasteita, aistivammat huomioivaa auditiivista ja visuaalista ymp\u00e4rist\u00f6\u00e4, ty\u00f6tilojen ja ty\u00f6tilojen materialivalinnat sek\u00e4 tuoksuttomuus Toimintaymp\u00e4rist\u00f6jen esteett\u00f6m\u00e4\u00e4n suunnitteluun l\u00f6ytyy lis\u00e4tietoa mm. Ymp\u00e4rist\u00f6ministeri\u00f6n pdf-oppaasta: Esteet\u00f6n [&hellip;]<\/p>\n","protected":false},"author":3742,"featured_media":0,"parent":0,"menu_order":5,"comment_status":"closed","ping_status":"closed","template":"","meta":{"site-sidebar-layout":"default","site-content-layout":"default","ast-site-content-layout":"default","site-content-style":"default","site-sidebar-style":"default","ast-global-header-display":"","ast-banner-title-visibility":"","ast-main-header-display":"","ast-hfb-above-header-display":"","ast-hfb-below-header-display":"","ast-hfb-mobile-header-display":"","site-post-title":"","ast-breadcrumbs-content":"","ast-featured-img":"","footer-sml-layout":"","ast-disable-related-posts":"","theme-transparent-header-meta":"default","adv-header-id-meta":"","stick-header-meta":"","header-above-stick-meta":"","header-main-stick-meta":"","header-below-stick-meta":"","astra-migrate-meta-layouts":"set","ast-page-background-enabled":"default","ast-page-background-meta":{"desktop":{"background-color":"var(--ast-global-color-4)","background-image":"","background-repeat":"repeat","background-position":"center center","background-size":"auto","background-attachment":"scroll","background-type":"","background-media":"","overlay-type":"","overlay-color":"","overlay-opacity":"","overlay-gradient":""},"tablet":{"background-color":"","background-image":"","background-repeat":"repeat","background-position":"center center","background-size":"auto","background-attachment":"scroll","background-type":"","background-media":"","overlay-type":"","overlay-color":"","overlay-opacity":"","overlay-gradient":""},"mobile":{"background-color":"","background-image":"","background-repeat":"repeat","background-position":"center center","background-size":"auto","background-attachment":"scroll","background-type":"","background-media":"","overlay-type":"","overlay-color":"","overlay-opacity":"","overlay-gradient":""}},"ast-content-background-meta":{"desktop":{"background-color":"var(--ast-global-color-5)","background-image":"","background-repeat":"repeat","background-position":"center center","background-size":"auto","background-attachment":"scroll","background-type":"","background-media":"","overlay-type":"","overlay-color":"","overlay-opacity":"","overlay-gradient":""},"tablet":{"background-color":"var(--ast-global-color-5)","background-image":"","background-repeat":"repeat","background-position":"center center","background-size":"auto","background-attachment":"scroll","background-type":"","background-media":"","overlay-type":"","overlay-color":"","overlay-opacity":"","overlay-gradient":""},"mobile":{"background-color":"var(--ast-global-color-5)","background-image":"","background-repeat":"repeat","background-position":"center center","background-size":"auto","background-attachment":"scroll","background-type":"","background-media":"","overlay-type":"","overlay-color":"","overlay-opacity":"","overlay-gradient":""}},"footnotes":""},"class_list":["post-11","page","type-page","status-publish","hentry"],"_links":{"self":[{"href":"https:\/\/blogi.eoppimispalvelut.fi\/monenlaisetoppijat\/wp-json\/wp\/v2\/pages\/11","targetHints":{"allow":["GET"]}}],"collection":[{"href":"https:\/\/blogi.eoppimispalvelut.fi\/monenlaisetoppijat\/wp-json\/wp\/v2\/pages"}],"about":[{"href":"https:\/\/blogi.eoppimispalvelut.fi\/monenlaisetoppijat\/wp-json\/wp\/v2\/types\/page"}],"author":[{"embeddable":true,"href":"https:\/\/blogi.eoppimispalvelut.fi\/monenlaisetoppijat\/wp-json\/wp\/v2\/users\/3742"}],"replies":[{"embeddable":true,"href":"https:\/\/blogi.eoppimispalvelut.fi\/monenlaisetoppijat\/wp-json\/wp\/v2\/comments?post=11"}],"version-history":[{"count":27,"href":"https:\/\/blogi.eoppimispalvelut.fi\/monenlaisetoppijat\/wp-json\/wp\/v2\/pages\/11\/revisions"}],"predecessor-version":[{"id":758,"href":"https:\/\/blogi.eoppimispalvelut.fi\/monenlaisetoppijat\/wp-json\/wp\/v2\/pages\/11\/revisions\/758"}],"wp:attachment":[{"href":"https:\/\/blogi.eoppimispalvelut.fi\/monenlaisetoppijat\/wp-json\/wp\/v2\/media?parent=11"}],"curies":[{"name":"wp","href":"https:\/\/api.w.org\/{rel}","templated":true}]}}