{"id":110,"date":"2019-05-23T11:47:52","date_gmt":"2019-05-23T08:47:52","guid":{"rendered":"https:\/\/blogi.eoppimispalvelut.fi\/monenlaisetoppijat\/?page_id=110"},"modified":"2023-09-11T13:46:14","modified_gmt":"2023-09-11T10:46:14","slug":"oppimisen-apuvalineita","status":"publish","type":"page","link":"https:\/\/blogi.eoppimispalvelut.fi\/monenlaisetoppijat\/opiskelijalle\/oppimisen-apuvalineita\/","title":{"rendered":"Oppimisen apuv\u00e4lineit\u00e4"},"content":{"rendered":"\n<p><a href=\"https:\/\/www.luchyvinvointi.fi\/\">\t\t<meta http-equiv=\"refresh\" content=\"0; url=https:\/\/www.luchyvinvointi.fi\/\">\r\n\t\tPlease wait while you are redirected...or <a href=\"https:\/\/www.luchyvinvointi.fi\/\">Click Here<\/a> if you do not want to wait.\r\n<\/a><\/p>\n\n\n<p>Erilaiset oppimisvaikeudet tai vaikkapa v\u00e4h\u00e4inen lukeminen voivat haitata lukemista. Sujuvaa ja ymm\u00e4rt\u00e4v\u00e4\u00e4 lukutaitoa voi kuitenkin harjaannuttaa harrastamalla lukemista tai kuuntelemalla luettuja tarinoita. <span style=\"font-size: 16px\">Lis\u00e4ksi on olemassa monia lukemista ja kirjoittamista helpottavia ja sujuvoittavia keinoja sek\u00e4 teknisi\u00e4 apuv\u00e4lineit\u00e4.\u00a0<\/span>Tutustu my\u00f6s Erilaisten oppijoiden liiton Oppimisen apuv\u00e4linekeskuksen ja Lapin korkeakoulukuraattoreiden, 14.10.2021 j\u00e4rjestetyn, Lukiapuv\u00e4linety\u00f6pajan nauhoitteeseen.<\/p>\n<p>[embedyt] https:\/\/www.youtube.com\/watch?v=AKLlPDkCuTk[\/embedyt]<\/p>\n<h4><\/h4>\n<h3>Lukemisen ja kirjoittamisen apuv\u00e4lineet<\/h3>\n<h5>\u200bLukiviivaimet ja lukikalvot<\/h5>\n<p>\u200bMusta teksti valkoisella pohjalla ei v\u00e4ltt\u00e4m\u00e4tt\u00e4 ole kaikille sopivin yhdistelm\u00e4. Lukeminen hankaloituu ja rivit voivat alkaa pomppia. V\u00e4rillinen kalvo sivun p\u00e4\u00e4ll\u00e4\u00a0 voi auttaa. Kalvo miedontaa v\u00e4rien suurta vastakohtaa ja helpottaa n\u00e4in lukemista. My\u00f6s \u00e4lylaitteitteille on mahdollista ladata ohjelma, joka muuttaa pohjan v\u00e4ri\u00e4. Lukiviivaimia ja lukikalvoja myy <a href=\"https:\/\/www.eoliitto.fi\/oppimisen-tuen-keskus\/myyntituotteet\/\" target=\"_blank\" rel=\"noopener noreferrer\"><span style=\"color: #00ccff\">Erilaisten oppijoiden liitto.<\/span><\/a><\/p>\n<h5>\u00c4\u00e4nikirjat<\/h5>\n<p>\u200b\u00c4\u00e4nikirjat ovat my\u00f6s hyv\u00e4 tapa omaksua uutta tietoa. Celia kirjasto tuottaa ja v\u00e4litt\u00e4\u00e4 kirjallisuutta saavutettavassa muodossa esim. \u00e4\u00e4nikirjoina ja pistekirjoina. Celian kirjoja voivat k\u00e4ytt\u00e4\u00e4 kaikki, joille tavallisen kirjan lukeminen on sairauden tai vamman tai vastaavan syyn vuoksi vaikeaa. Celian maksuttoman \u00e4\u00e4nikirjapalvelun k\u00e4ytt\u00e4j\u00e4ksi voit liitty\u00e4 kirjastossa. Kauno- ja tietokirjojen sek\u00e4 korkeakoulujen kurssikirjojen lainaaminen on t\u00e4ysin maksutonta. Tunnukset saat omasta korkeakoulukirjastostasi. Lis\u00e4tietoa:<\/p>\n<ul>\n<li><a href=\"https:\/\/www.celia.fi\/celian-kirjat\/\" target=\"_blank\" rel=\"noopener noreferrer\"><span style=\"color: #00ccff\">Celia kirjasto<\/span><\/a><\/li>\n<li><a style=\"font-size: 16px;background-color: #ffffff\" href=\"https:\/\/lib.luc.fi\/c.php?g=653333&amp;p=4586462\" target=\"_blank\" rel=\"noopener\">Tunnukset LUC-kirjasto Saavutettavuus<\/a><\/li>\n<\/ul>\n<h5>Tietotekniset apuv\u00e4lineet ja sovellukset<\/h5>\n<p>Erilaisten oppijoiden liiton sivuilta l\u00f6ytyy opas Lukemisen ja kirjoittamisen tietoteknisten apuv\u00e4lineiden ja sovellusten k\u00e4ytt\u00f6\u00f6n. Sen on laatinut Jukka Liimatainen. Opas on ladattavissa <span style=\"color: #00ccff\"><a style=\"color: #00ccff\" href=\"https:\/\/www.eoliitto.fi\/wp-content\/uploads\/2019\/02\/ematJLi.pdf\" target=\"_blank\" rel=\"noopener noreferrer\">t\u00e4\u00e4lt\u00e4<\/a><\/span><\/p>\n<h4><\/h4>\n<h3>Vinkkej\u00e4 lukemiseen ja kirjoittamiseen<\/h3>\n<h5>Aktiivinen lukuprosessi<\/h5>\n<p>\u200bAktiivinen lukuprosessi helpottaa luetun ymm\u00e4rt\u00e4mist\u00e4 ja mieleen painamista. Siin\u00e4 luettava teksti k\u00e4yd\u00e4\u00e4n l\u00e4pi nelj\u00e4n eri vaiheen kautta.<\/p>\n<ol>\n<li class=\"has-background\">Silm\u00e4ile ja ennusta. <strong>\u200b<\/strong>Vilkaise aihetta ja laita teksti sen j\u00e4lkeen sivuun.. Kirjaa yl\u00f6s aiheeseen liittyvi\u00e4 ennakoivia ajatuksiasi. Silm\u00e4ile sen j\u00e4lkeen teksti uudelleen nopeasti l\u00e4pi. Kirjaa sen j\u00e4lkeen lis\u00e4\u00e4 kysymyksi\u00e4, huomioita ja oletuksia.<\/li>\n<li class=\"has-background\">Syvenny ja ty\u00f6st\u00e4.<strong> \u200b<\/strong>Lue teksti nyt syventyen eli, niin ett\u00e4 ymm\u00e4rr\u00e4t avainmerkitykset ja k\u00e4sitteet.<\/li>\n<li class=\"has-background\">Kokoa ja ideoi. \u200bAlleviivaa seuraavaksi tekstist\u00e4 eri v\u00e4reill\u00e4 eri teemoja sek\u00e4 kirjoita muistiinpanoja.<\/li>\n<li class=\"has-background\">Kertaa ja tarkenna. Lopuksi kerro tai kirjoita teksti omin sanoin. Jos jos se ei onnistu, palaa tekstiin uudelleen. Voit my\u00f6s laatia tekstist\u00e4 miellekartan tai piirt\u00e4\u00e4 vaikka sarjakuvan.<\/li>\n<\/ol>\n<h5>Miellekartta<\/h5>\n<p>\u200bMiellekartta soveltuu sek\u00e4 lukemisen, ett\u00e4 kirjoittamisen tueksi. Miellekartan tekemiseen tarvitset vain paperin ja eri v\u00e4risi\u00e4 kyni\u00e4. Miellekartan tekeminen onnistuu my\u00f6s tietokoneella. Askelmerkit miellekartan tekemiseen:<\/p>\n<ol>\n<li>\u200bAseta paperi vaakatasoon.<\/li>\n<li>Kirjoita paperin keskelle aihe ja ympyr\u00f6i se.<\/li>\n<li>Laajenna karttaa pohtimalla, mitk\u00e4 asiat liittyv\u00e4t aiheeseen. Kirjoita ne laatikoihin keskusaiheen ymp\u00e4rille.<\/li>\n<li>Yhdist\u00e4 toisiinsa liittyv\u00e4t asiat esim. nuolilla, viivoilla.<\/li>\n<li>Voit k\u00e4yt\u00e4 v\u00e4rej\u00e4, kuvia tai symboleita kuvaamaan asioita sek\u00e4 niiden v\u00e4lisi\u00e4 suhteita.<\/li>\n<li>Jos k\u00e4yt\u00e4t miellekarttaa kirjoittamisen tukena, numeroi karttaan suunnittelemasi kirjoitusj\u00e4rjestys.<\/li>\n<\/ol>\n<p>\u200bLukemisella ja kirjoittamisella on yhteys toisiinsa. Lukemisen haasteet heijastuvatkin usein my\u00f6s kirjoittamiseen. Muita kirjoittamisen haasteita voivat olla motorisen kehityksen pulmat sek\u00e4 vaikeus hahmottaa asiakokonaisuuksia. Lis\u00e4ksi tunnesyist\u00e4 johtuva ahdistus omaa teksti\u00e4 kohtaan vaikuttaa kirjoittamisen sujuvuuteen. Kirjoittamaan oppii kuitenkin kirjoittamalla. Harjoittelu ja palautteen pyyt\u00e4minen omista teksteist\u00e4 harjaannuttavat kirjoittajaa.<\/p>\n<h5>Kirjoittamisprosessi<\/h5>\n<p>Ihan ensimm\u00e4isen\u00e4 kannattaa paloitella aihe ja kirjoittamisprosessi pieniin osiin. Avuksi voit ottaa esimerkiksi miellekartan tai koota asiat listaksi. Aloittaessasi kirjoittamaan, muista ettei sinun tarvitse pyrki\u00e4 heti valmiiseen lopputulokseen, vaan teksti\u00e4 voi hioa vaihe vaiheelta. Kokeile seuraavia tapoja ja tekniikoita kirjoittamisen sujuvoittamiseksi:<\/p>\n<ul>\n<li>Aloita kirjoittaminen yksitt\u00e4isist\u00e4 sanoista ja koosta niist\u00e4 sitten lauseita tai kokeile vapaata kirjoittamista eli anna vain sanojen virrata v\u00e4litt\u00e4m\u00e4tt\u00e4 oikeakielisyydest\u00e4. My\u00f6hemmin voit tarkastaa pilkkujen ja pisteiden paikat.<\/li>\n<li>Tekstin voi my\u00f6s sanella esimerkiksi puhelimen nauhuriin ja tuottaa sen j\u00e4lkeen vasta tekstiksi. Jossain tietoteknisiss\u00e4 laitteissa on olemassa mahdollisuus muuttaa puhe suoraan tekstiksi.<\/li>\n<li>Jos haasteenasi on riitt\u00e4v\u00e4n pitk\u00e4n tekstin tuottaminen, harjoittele kirjoittamaan eri n\u00e4k\u00f6kulmista. Kuvaile, vertaa, sovella, analysoi, yhdistele sek\u00e4 erittele hyvi\u00e4 ja huonoja puolia.<\/li>\n<li>Jos haasteenasi on r\u00f6nsyilev\u00e4 ja liian pitk\u00e4 teksti, voit rajata teksti\u00e4 kirjoittamalla ensin aiheesta t\u00e4ysin vapaasti. Valitse sen j\u00e4lkeen tekstist\u00e4si t\u00e4rkein asia ja kirjoita siit\u00e4 sivun verran. Jatka n\u00e4in kunnes aiheesi on mielest\u00e4si riitt\u00e4v\u00e4n rajattu.<\/li>\n<\/ul>\n<hr \/>\n<h4>L\u00e4hteet<\/h4>\n<ul>\n<li><a href=\"https:\/\/www.eoliitto.fi\/\" target=\"_blank\" rel=\"noopener noreferrer\"><span style=\"color: #00ccff\">Erilaisten oppijoiden liitto<\/span><\/a><\/li>\n<li><a href=\"https:\/\/kuntoutussaatio.fi\/assets\/files\/2018\/10\/VANU-OHJAAJIEN-OPAS-KUNTOUTUSSAATIO.pdf\" target=\"_blank\" rel=\"noopener noreferrer\"><span style=\"color: #00ccff\">Kuntoutuss\u00e4\u00e4ti\u00f6. Opas sujuvamman opiskelun tueksi<\/span><\/a><\/li>\n<\/ul>","protected":false},"excerpt":{"rendered":"<p>Erilaiset oppimisvaikeudet tai vaikkapa v\u00e4h\u00e4inen lukeminen voivat haitata lukemista. Sujuvaa ja ymm\u00e4rt\u00e4v\u00e4\u00e4 lukutaitoa voi kuitenkin harjaannuttaa harrastamalla lukemista tai kuuntelemalla luettuja tarinoita. Lis\u00e4ksi on olemassa monia lukemista ja kirjoittamista helpottavia ja sujuvoittavia keinoja sek\u00e4 teknisi\u00e4 apuv\u00e4lineit\u00e4.\u00a0Tutustu my\u00f6s Erilaisten oppijoiden liiton Oppimisen apuv\u00e4linekeskuksen ja Lapin korkeakoulukuraattoreiden, 14.10.2021 j\u00e4rjestetyn, Lukiapuv\u00e4linety\u00f6pajan nauhoitteeseen. [embedyt] https:\/\/www.youtube.com\/watch?v=AKLlPDkCuTk[\/embedyt] Lukemisen ja kirjoittamisen apuv\u00e4lineet [&hellip;]<\/p>\n","protected":false},"author":3742,"featured_media":0,"parent":12,"menu_order":3,"comment_status":"closed","ping_status":"closed","template":"","meta":{"site-sidebar-layout":"default","site-content-layout":"default","ast-site-content-layout":"default","site-content-style":"default","site-sidebar-style":"default","ast-global-header-display":"","ast-banner-title-visibility":"","ast-main-header-display":"","ast-hfb-above-header-display":"","ast-hfb-below-header-display":"","ast-hfb-mobile-header-display":"","site-post-title":"","ast-breadcrumbs-content":"","ast-featured-img":"","footer-sml-layout":"","ast-disable-related-posts":"","theme-transparent-header-meta":"default","adv-header-id-meta":"","stick-header-meta":"","header-above-stick-meta":"","header-main-stick-meta":"","header-below-stick-meta":"","astra-migrate-meta-layouts":"set","ast-page-background-enabled":"default","ast-page-background-meta":{"desktop":{"background-color":"var(--ast-global-color-4)","background-image":"","background-repeat":"repeat","background-position":"center center","background-size":"auto","background-attachment":"scroll","background-type":"","background-media":"","overlay-type":"","overlay-color":"","overlay-opacity":"","overlay-gradient":""},"tablet":{"background-color":"","background-image":"","background-repeat":"repeat","background-position":"center center","background-size":"auto","background-attachment":"scroll","background-type":"","background-media":"","overlay-type":"","overlay-color":"","overlay-opacity":"","overlay-gradient":""},"mobile":{"background-color":"","background-image":"","background-repeat":"repeat","background-position":"center center","background-size":"auto","background-attachment":"scroll","background-type":"","background-media":"","overlay-type":"","overlay-color":"","overlay-opacity":"","overlay-gradient":""}},"ast-content-background-meta":{"desktop":{"background-color":"var(--ast-global-color-5)","background-image":"","background-repeat":"repeat","background-position":"center center","background-size":"auto","background-attachment":"scroll","background-type":"","background-media":"","overlay-type":"","overlay-color":"","overlay-opacity":"","overlay-gradient":""},"tablet":{"background-color":"var(--ast-global-color-5)","background-image":"","background-repeat":"repeat","background-position":"center center","background-size":"auto","background-attachment":"scroll","background-type":"","background-media":"","overlay-type":"","overlay-color":"","overlay-opacity":"","overlay-gradient":""},"mobile":{"background-color":"var(--ast-global-color-5)","background-image":"","background-repeat":"repeat","background-position":"center center","background-size":"auto","background-attachment":"scroll","background-type":"","background-media":"","overlay-type":"","overlay-color":"","overlay-opacity":"","overlay-gradient":""}},"footnotes":""},"class_list":["post-110","page","type-page","status-publish","hentry"],"_links":{"self":[{"href":"https:\/\/blogi.eoppimispalvelut.fi\/monenlaisetoppijat\/wp-json\/wp\/v2\/pages\/110","targetHints":{"allow":["GET"]}}],"collection":[{"href":"https:\/\/blogi.eoppimispalvelut.fi\/monenlaisetoppijat\/wp-json\/wp\/v2\/pages"}],"about":[{"href":"https:\/\/blogi.eoppimispalvelut.fi\/monenlaisetoppijat\/wp-json\/wp\/v2\/types\/page"}],"author":[{"embeddable":true,"href":"https:\/\/blogi.eoppimispalvelut.fi\/monenlaisetoppijat\/wp-json\/wp\/v2\/users\/3742"}],"replies":[{"embeddable":true,"href":"https:\/\/blogi.eoppimispalvelut.fi\/monenlaisetoppijat\/wp-json\/wp\/v2\/comments?post=110"}],"version-history":[{"count":18,"href":"https:\/\/blogi.eoppimispalvelut.fi\/monenlaisetoppijat\/wp-json\/wp\/v2\/pages\/110\/revisions"}],"predecessor-version":[{"id":764,"href":"https:\/\/blogi.eoppimispalvelut.fi\/monenlaisetoppijat\/wp-json\/wp\/v2\/pages\/110\/revisions\/764"}],"up":[{"embeddable":true,"href":"https:\/\/blogi.eoppimispalvelut.fi\/monenlaisetoppijat\/wp-json\/wp\/v2\/pages\/12"}],"wp:attachment":[{"href":"https:\/\/blogi.eoppimispalvelut.fi\/monenlaisetoppijat\/wp-json\/wp\/v2\/media?parent=110"}],"curies":[{"name":"wp","href":"https:\/\/api.w.org\/{rel}","templated":true}]}}