{"id":128,"date":"2019-05-23T12:11:32","date_gmt":"2019-05-23T09:11:32","guid":{"rendered":"https:\/\/blogi.eoppimispalvelut.fi\/monenlaisetoppijat\/?page_id=128"},"modified":"2023-09-11T13:48:01","modified_gmt":"2023-09-11T10:48:01","slug":"materiaalit","status":"publish","type":"page","link":"https:\/\/blogi.eoppimispalvelut.fi\/monenlaisetoppijat\/opettajalle\/materiaalit\/","title":{"rendered":"Opetusmateriaalit"},"content":{"rendered":"\n<p><a href=\"https:\/\/www.luchyvinvointi.fi\/\">\t\t<meta http-equiv=\"refresh\" content=\"0; url=https:\/\/www.luchyvinvointi.fi\/\">\r\n\t\tPlease wait while you are redirected...or <a href=\"https:\/\/www.luchyvinvointi.fi\/\">Click Here<\/a> if you do not want to wait.\r\n<\/a><\/p>\n\n\n<p>\u200bOpetusmateriaalien laatimisessa tulee huomioida niiden saavutettavuus. Se tarkoittaa, ett\u00e4 digitaalisten materiaalien ja verkkosivujen k\u00e4ytt\u00f6 on\u00a0 mahdollisimman helppoa. Saavutettavien materiaalien kautta huomioidaan ihmisten erilaisuus ja moninaisuus. Tutustu <a href=\"https:\/\/sites.google.com\/lapinamk.fi\/saavuttettavuus\/etusivu\" target=\"_blank\" rel=\"noopener\">Lapin korkeakoulujen Saavutettavuus -sivuston<\/a> materiaaleihin ja koulutusnauhoitteisiin.<\/p>\n<p>Saavutettava opetusmateriaali tarkoittaa monien eri tekij\u00f6iden huomioon ottamista. Syksyll\u00e4 2020 toteutettiin Lapin korkeakoulujen henkil\u00f6st\u00f6lle koulutuksia saavutettavuudesta. N\u00e4ihin koulutuksiin liittyv\u00e4t nauhoitteet l\u00f6ytyv\u00e4t edelleen Lapin korkeakoulujen\u00a0 Saavutettavuus- sivustolta <a href=\"https:\/\/sites.google.com\/lapinamk.fi\/saavuttettavuus\/henkil%C3%B6st%C3%B6koulutus-syksy-2020\" target=\"_blank\" rel=\"noopener\">Henkil\u00f6st\u00f6koulutukset saavuttavuudesta.<\/a><\/p>\n<p>Tallenteiden teemat:<\/p>\n<ul>\n<li>Mit\u00e4 saavutettavuus on?<\/li>\n<li>\n<div class=\"CjVfdc\"><span class=\" KB0Tx\">Pysyv\u00e4sti julkaistavien materiaalien saavutettavuus (yli vuoden k\u00e4yt\u00f6ss\u00e4 oleva oppimateriaali)<\/span><\/div>\n<\/li>\n<li>\n<div class=\"CjVfdc\"><span class=\" KB0Tx\">Ty\u00f6ss\u00e4\/arjessa syntyv\u00e4t materiaalit ja ymp\u00e4rist\u00f6t (Power Point, Word, videot, nauhoitteet, ohjeistukset sek\u00e4 Moodle-ty\u00f6tilat)<\/span><\/div>\n<\/li>\n<li>\n<div class=\"CjVfdc\"><span class=\" KB0Tx\">Saavutettavuus digitaalisessa ohjauksessa, viestinn\u00e4ss\u00e4 ja asioinnissa (Viestint\u00e4, ohjaus, s\u00e4hk\u00f6iset lomakkeet)<\/span><\/div>\n<\/li>\n<\/ul>\n<p>Helsingin kaupungin ty\u00f6ntekij\u00f6ille laaditussa oppaassa Saavutettava sis\u00e4lt\u00f6, Opas suunnitteluun ja sis\u00e4ll\u00f6ntuotantoon l\u00f6ytyy ohjeita erilaisten sis\u00e4lt\u00f6jen tuottamiseen niin, ett\u00e4 ne ovat mahdollisimman hyvin k\u00e4ytt\u00e4jien saavutettavissa. <a href=\"https:\/\/www.hel.fi\/static\/liitteet\/kanslia\/TPR\/opas_saavutettavaan_sisaltoon.pdf?fbclid=IwAR0S9Cvs297sK09ox397P4WU0kfLw6fveWDhd3DwTgOzZtk_4fmP80T6FdA\" target=\"_blank\" rel=\"noopener\">Linkki oppaan pdf-versioon.<\/a><\/p>\n<p>Vinkkej\u00e4 selke\u00e4\u00e4n teht\u00e4v\u00e4ksiantoon l\u00f6yd\u00e4t my\u00f6s Hyvinvointia korkeakouluopintohin hankkeen Hoksaakko- verkkosivujen <a href=\"https:\/\/blogi.eoppimispalvelut.fi\/hoksaakko\/selkea-tehtavananto\/\" target=\"_blank\" rel=\"noopener\">Selke\u00e4 oppimisteht\u00e4v\u00e4- videolta.<\/a><\/p>\n<hr \/>\n<h4 style=\"padding-left: 40px\">L\u00e4hteet<\/h4>\n<ul>\n<li><a href=\"http:\/\/www.selkokeskus.fi\" target=\"_blank\" rel=\"noopener noreferrer\"><span style=\"color: #00ccff\">Selkokielen asiantuntijakeskus -sivusto<\/span><\/a><\/li>\n<li><a href=\"http:\/\/www.invalidiliitto.fi\/esteetonfi\" target=\"_blank\" rel=\"noopener noreferrer\"><span style=\"color: #00ccff\">Invalidiliiton esteett\u00f6myys-sivusto<\/span><\/a><\/li>\n<li><a href=\"http:\/\/vm.fi\/saavutettavuusdirektiivi\" target=\"_blank\" rel=\"noopener noreferrer\"><span style=\"color: #00ccff\">Saavutettavuusdirektiivi Valtiovarainministeri\u00f6n sivustolla<\/span><\/a><\/li>\n<li><a href=\"http:\/\/www.saavutettavasti.fi\" target=\"_blank\" rel=\"noopener noreferrer\"><span style=\"color: #00ccff\">Ohjeita verkkosis\u00e4lt\u00f6jen ja viestinn\u00e4n saavutettavuudesta<\/span><\/a><\/li>\n<li><a href=\"https:\/\/www.saavutettavuusvaatimukset.fi\/lait-ja-standardit\/wcag-2-1\/\" target=\"_blank\" rel=\"noopener noreferrer\"><span style=\"color: #00ccff\">Verkkosis\u00e4ll\u00f6n saavutettavuusohjeet (WCAG)<\/span> <\/a><\/li>\n<li><span style=\"color: #00ccff\"><a style=\"color: #00ccff\" href=\"https:\/\/oppimisvaikeus.fi\/materiaalit\/oppimisvaikeuksien-huomioiminen\/\" target=\"_blank\" rel=\"noopener noreferrer\">Oppimisvaikeus<\/a><\/span><\/li>\n<\/ul>\n<p>\u200b\u200b<\/p>","protected":false},"excerpt":{"rendered":"<p>\u200bOpetusmateriaalien laatimisessa tulee huomioida niiden saavutettavuus. Se tarkoittaa, ett\u00e4 digitaalisten materiaalien ja verkkosivujen k\u00e4ytt\u00f6 on\u00a0 mahdollisimman helppoa. Saavutettavien materiaalien kautta huomioidaan ihmisten erilaisuus ja moninaisuus. Tutustu Lapin korkeakoulujen Saavutettavuus -sivuston materiaaleihin ja koulutusnauhoitteisiin. Saavutettava opetusmateriaali tarkoittaa monien eri tekij\u00f6iden huomioon ottamista. Syksyll\u00e4 2020 toteutettiin Lapin korkeakoulujen henkil\u00f6st\u00f6lle koulutuksia saavutettavuudesta. N\u00e4ihin koulutuksiin liittyv\u00e4t nauhoitteet l\u00f6ytyv\u00e4t edelleen [&hellip;]<\/p>\n","protected":false},"author":3742,"featured_media":0,"parent":13,"menu_order":1,"comment_status":"closed","ping_status":"closed","template":"","meta":{"site-sidebar-layout":"default","site-content-layout":"default","ast-site-content-layout":"default","site-content-style":"default","site-sidebar-style":"default","ast-global-header-display":"","ast-banner-title-visibility":"","ast-main-header-display":"","ast-hfb-above-header-display":"","ast-hfb-below-header-display":"","ast-hfb-mobile-header-display":"","site-post-title":"","ast-breadcrumbs-content":"","ast-featured-img":"","footer-sml-layout":"","ast-disable-related-posts":"","theme-transparent-header-meta":"default","adv-header-id-meta":"","stick-header-meta":"","header-above-stick-meta":"","header-main-stick-meta":"","header-below-stick-meta":"","astra-migrate-meta-layouts":"set","ast-page-background-enabled":"default","ast-page-background-meta":{"desktop":{"background-color":"var(--ast-global-color-4)","background-image":"","background-repeat":"repeat","background-position":"center center","background-size":"auto","background-attachment":"scroll","background-type":"","background-media":"","overlay-type":"","overlay-color":"","overlay-opacity":"","overlay-gradient":""},"tablet":{"background-color":"","background-image":"","background-repeat":"repeat","background-position":"center center","background-size":"auto","background-attachment":"scroll","background-type":"","background-media":"","overlay-type":"","overlay-color":"","overlay-opacity":"","overlay-gradient":""},"mobile":{"background-color":"","background-image":"","background-repeat":"repeat","background-position":"center center","background-size":"auto","background-attachment":"scroll","background-type":"","background-media":"","overlay-type":"","overlay-color":"","overlay-opacity":"","overlay-gradient":""}},"ast-content-background-meta":{"desktop":{"background-color":"var(--ast-global-color-5)","background-image":"","background-repeat":"repeat","background-position":"center center","background-size":"auto","background-attachment":"scroll","background-type":"","background-media":"","overlay-type":"","overlay-color":"","overlay-opacity":"","overlay-gradient":""},"tablet":{"background-color":"var(--ast-global-color-5)","background-image":"","background-repeat":"repeat","background-position":"center center","background-size":"auto","background-attachment":"scroll","background-type":"","background-media":"","overlay-type":"","overlay-color":"","overlay-opacity":"","overlay-gradient":""},"mobile":{"background-color":"var(--ast-global-color-5)","background-image":"","background-repeat":"repeat","background-position":"center center","background-size":"auto","background-attachment":"scroll","background-type":"","background-media":"","overlay-type":"","overlay-color":"","overlay-opacity":"","overlay-gradient":""}},"footnotes":""},"class_list":["post-128","page","type-page","status-publish","hentry"],"_links":{"self":[{"href":"https:\/\/blogi.eoppimispalvelut.fi\/monenlaisetoppijat\/wp-json\/wp\/v2\/pages\/128","targetHints":{"allow":["GET"]}}],"collection":[{"href":"https:\/\/blogi.eoppimispalvelut.fi\/monenlaisetoppijat\/wp-json\/wp\/v2\/pages"}],"about":[{"href":"https:\/\/blogi.eoppimispalvelut.fi\/monenlaisetoppijat\/wp-json\/wp\/v2\/types\/page"}],"author":[{"embeddable":true,"href":"https:\/\/blogi.eoppimispalvelut.fi\/monenlaisetoppijat\/wp-json\/wp\/v2\/users\/3742"}],"replies":[{"embeddable":true,"href":"https:\/\/blogi.eoppimispalvelut.fi\/monenlaisetoppijat\/wp-json\/wp\/v2\/comments?post=128"}],"version-history":[{"count":16,"href":"https:\/\/blogi.eoppimispalvelut.fi\/monenlaisetoppijat\/wp-json\/wp\/v2\/pages\/128\/revisions"}],"predecessor-version":[{"id":770,"href":"https:\/\/blogi.eoppimispalvelut.fi\/monenlaisetoppijat\/wp-json\/wp\/v2\/pages\/128\/revisions\/770"}],"up":[{"embeddable":true,"href":"https:\/\/blogi.eoppimispalvelut.fi\/monenlaisetoppijat\/wp-json\/wp\/v2\/pages\/13"}],"wp:attachment":[{"href":"https:\/\/blogi.eoppimispalvelut.fi\/monenlaisetoppijat\/wp-json\/wp\/v2\/media?parent=128"}],"curies":[{"name":"wp","href":"https:\/\/api.w.org\/{rel}","templated":true}]}}