{"id":132,"date":"2019-05-23T12:14:23","date_gmt":"2019-05-23T09:14:23","guid":{"rendered":"https:\/\/blogi.eoppimispalvelut.fi\/monenlaisetoppijat\/?page_id=132"},"modified":"2023-09-11T13:48:21","modified_gmt":"2023-09-11T10:48:21","slug":"erityisjarjestelyt","status":"publish","type":"page","link":"https:\/\/blogi.eoppimispalvelut.fi\/monenlaisetoppijat\/opettajalle\/erityisjarjestelyt\/","title":{"rendered":"Opintojen yksil\u00f6lliset j\u00e4rjestelyt Lapin AMK"},"content":{"rendered":"\n<p><a href=\"https:\/\/www.luchyvinvointi.fi\/\">\t\t<meta http-equiv=\"refresh\" content=\"0; url=https:\/\/www.luchyvinvointi.fi\/\">\r\n\t\tPlease wait while you are redirected...or <a href=\"https:\/\/www.luchyvinvointi.fi\/\">Click Here<\/a> if you do not want to wait.\r\n<\/a><\/p>\n\n\n<p>Lapin ammattikorkeakoulussa on mahdollista hakea yksil\u00f6llisi\u00e4 j\u00e4rjestelyit\u00e4 opiskelun tueksi.\u00a0\u00a0Yksil\u00f6lliset j\u00e4rjestelyt voidaan my\u00f6nt\u00e4\u00e4 koko opintojen ajalle tai niin kauan kuin tarvetta on. Niiss\u00e4 huomioidaan opiskelijan tarpeet sek\u00e4 opiskelu- ja el\u00e4m\u00e4ntilanne.<\/p>\n<p>Opiskelun yksil\u00f6llisten j\u00e4rjestelyiden my\u00f6nt\u00e4misen taustalla ovat kunkin opiskelijan erilaiset tarpeet, kuten fyysinen tai psyykkinen sairaus, vamma, j\u00e4nnitt\u00e4misongelmat, neuropsykiatriset haasteet, oppimisvaikeus, el\u00e4m\u00e4nhallinnan haasteet, erilaiset kriisitilanteet ym. Opiskelija voi kartoittaa tarvetta yksil\u00f6llisille j\u00e4rjestelyille opon, kuraattorin tai saavutettavuuvyhdyshenkil\u00f6n kanssa.<\/p>\n<p>Yksil\u00f6lliset j\u00e4rjestelyt voivat liitty\u00e4 esimerkiksi <span style=\"font-size: 16px\">opetus- ja ohjaustilanteisiin, <\/span><span style=\"font-size: 16px\">oppimisymp\u00e4rist\u00f6n j\u00e4rjestelyihin tai <\/span><span style=\"font-size: 16px\">tenttitilanteisiin. Ja n<\/span>e voivat esimerkiksi olla <span style=\"font-size: 16px\">yksil\u00f6llisi\u00e4 opetusj\u00e4rjestelyj\u00e4, <\/span><span style=\"font-size: 16px\">erilaisia opetusmateriaaleja tai\u00a0<\/span><span style=\"font-size: 16px\">apuv\u00e4lineiden k\u00e4ytt\u00f6mahdollisuutta.<\/span><\/p>\n<p>P\u00e4\u00e4t\u00f6ksen yksil\u00f6llisist\u00e4 j\u00e4rjestelyist\u00e4 tekee opetusp\u00e4\u00e4llikk\u00f6. My\u00f6nnetyt j\u00e4rjestelyt tulee ottaa huomioon opetuksessa.\u00a0 Ohjeet j\u00e4rjestelyiden hakemiseen l\u00f6ytyv\u00e4t <a href=\"https:\/\/www.lapinamk.fi\/fi\/Hakijalle\/Hakeminen-tutkinto-opiskelijaksi\/Usein-kysytyt-kysymykset\/Esteettomyys#opiskelijalle\" target=\"_blank\" rel=\"noopener noreferrer\"><span style=\"color: #00ccff\">Lapin ammattikorkeakoulun Saavutettavuus verkkosivulta.<\/span><\/a><\/p>","protected":false},"excerpt":{"rendered":"<p>Lapin ammattikorkeakoulussa on mahdollista hakea yksil\u00f6llisi\u00e4 j\u00e4rjestelyit\u00e4 opiskelun tueksi.\u00a0\u00a0Yksil\u00f6lliset j\u00e4rjestelyt voidaan my\u00f6nt\u00e4\u00e4 koko opintojen ajalle tai niin kauan kuin tarvetta on. Niiss\u00e4 huomioidaan opiskelijan tarpeet sek\u00e4 opiskelu- ja el\u00e4m\u00e4ntilanne. Opiskelun yksil\u00f6llisten j\u00e4rjestelyiden my\u00f6nt\u00e4misen taustalla ovat kunkin opiskelijan erilaiset tarpeet, kuten fyysinen tai psyykkinen sairaus, vamma, j\u00e4nnitt\u00e4misongelmat, neuropsykiatriset haasteet, oppimisvaikeus, el\u00e4m\u00e4nhallinnan haasteet, erilaiset kriisitilanteet ym. Opiskelija [&hellip;]<\/p>\n","protected":false},"author":3742,"featured_media":0,"parent":13,"menu_order":2,"comment_status":"closed","ping_status":"closed","template":"","meta":{"site-sidebar-layout":"default","site-content-layout":"default","ast-site-content-layout":"default","site-content-style":"default","site-sidebar-style":"default","ast-global-header-display":"","ast-banner-title-visibility":"","ast-main-header-display":"","ast-hfb-above-header-display":"","ast-hfb-below-header-display":"","ast-hfb-mobile-header-display":"","site-post-title":"","ast-breadcrumbs-content":"","ast-featured-img":"","footer-sml-layout":"","ast-disable-related-posts":"","theme-transparent-header-meta":"default","adv-header-id-meta":"","stick-header-meta":"","header-above-stick-meta":"","header-main-stick-meta":"","header-below-stick-meta":"","astra-migrate-meta-layouts":"set","ast-page-background-enabled":"default","ast-page-background-meta":{"desktop":{"background-color":"var(--ast-global-color-4)","background-image":"","background-repeat":"repeat","background-position":"center center","background-size":"auto","background-attachment":"scroll","background-type":"","background-media":"","overlay-type":"","overlay-color":"","overlay-opacity":"","overlay-gradient":""},"tablet":{"background-color":"","background-image":"","background-repeat":"repeat","background-position":"center center","background-size":"auto","background-attachment":"scroll","background-type":"","background-media":"","overlay-type":"","overlay-color":"","overlay-opacity":"","overlay-gradient":""},"mobile":{"background-color":"","background-image":"","background-repeat":"repeat","background-position":"center center","background-size":"auto","background-attachment":"scroll","background-type":"","background-media":"","overlay-type":"","overlay-color":"","overlay-opacity":"","overlay-gradient":""}},"ast-content-background-meta":{"desktop":{"background-color":"var(--ast-global-color-5)","background-image":"","background-repeat":"repeat","background-position":"center center","background-size":"auto","background-attachment":"scroll","background-type":"","background-media":"","overlay-type":"","overlay-color":"","overlay-opacity":"","overlay-gradient":""},"tablet":{"background-color":"var(--ast-global-color-5)","background-image":"","background-repeat":"repeat","background-position":"center center","background-size":"auto","background-attachment":"scroll","background-type":"","background-media":"","overlay-type":"","overlay-color":"","overlay-opacity":"","overlay-gradient":""},"mobile":{"background-color":"var(--ast-global-color-5)","background-image":"","background-repeat":"repeat","background-position":"center center","background-size":"auto","background-attachment":"scroll","background-type":"","background-media":"","overlay-type":"","overlay-color":"","overlay-opacity":"","overlay-gradient":""}},"footnotes":""},"class_list":["post-132","page","type-page","status-publish","hentry"],"_links":{"self":[{"href":"https:\/\/blogi.eoppimispalvelut.fi\/monenlaisetoppijat\/wp-json\/wp\/v2\/pages\/132","targetHints":{"allow":["GET"]}}],"collection":[{"href":"https:\/\/blogi.eoppimispalvelut.fi\/monenlaisetoppijat\/wp-json\/wp\/v2\/pages"}],"about":[{"href":"https:\/\/blogi.eoppimispalvelut.fi\/monenlaisetoppijat\/wp-json\/wp\/v2\/types\/page"}],"author":[{"embeddable":true,"href":"https:\/\/blogi.eoppimispalvelut.fi\/monenlaisetoppijat\/wp-json\/wp\/v2\/users\/3742"}],"replies":[{"embeddable":true,"href":"https:\/\/blogi.eoppimispalvelut.fi\/monenlaisetoppijat\/wp-json\/wp\/v2\/comments?post=132"}],"version-history":[{"count":12,"href":"https:\/\/blogi.eoppimispalvelut.fi\/monenlaisetoppijat\/wp-json\/wp\/v2\/pages\/132\/revisions"}],"predecessor-version":[{"id":771,"href":"https:\/\/blogi.eoppimispalvelut.fi\/monenlaisetoppijat\/wp-json\/wp\/v2\/pages\/132\/revisions\/771"}],"up":[{"embeddable":true,"href":"https:\/\/blogi.eoppimispalvelut.fi\/monenlaisetoppijat\/wp-json\/wp\/v2\/pages\/13"}],"wp:attachment":[{"href":"https:\/\/blogi.eoppimispalvelut.fi\/monenlaisetoppijat\/wp-json\/wp\/v2\/media?parent=132"}],"curies":[{"name":"wp","href":"https:\/\/api.w.org\/{rel}","templated":true}]}}