{"id":185,"date":"2019-05-29T12:06:51","date_gmt":"2019-05-29T09:06:51","guid":{"rendered":"https:\/\/blogi.eoppimispalvelut.fi\/monenlaisetoppijat\/?page_id=185"},"modified":"2023-09-11T13:43:35","modified_gmt":"2023-09-11T10:43:35","slug":"opiskelijan-tarina","status":"publish","type":"page","link":"https:\/\/blogi.eoppimispalvelut.fi\/monenlaisetoppijat\/neuropsykiatriset\/aktiivisuus-ja-tarkkaavaisuus\/opiskelijan-tarina\/","title":{"rendered":"Opiskelijan tarina"},"content":{"rendered":"\n<p><a href=\"https:\/\/www.luchyvinvointi.fi\/\">\t\t<meta http-equiv=\"refresh\" content=\"0; url=https:\/\/www.luchyvinvointi.fi\/\">\r\n\t\tPlease wait while you are redirected...or <a href=\"https:\/\/www.luchyvinvointi.fi\/\">Click Here<\/a> if you do not want to wait.\r\n<\/a><\/p>\n\n\n<p>Minulla on ADHD, se versio siit\u00e4, joka ei n\u00e4y yliaktiivisuutena ulosp\u00e4in.\u00a0Ne lukemattomat hamsterin juoksupy\u00f6r\u00e4t rullaavat taukoamatta p\u00e4\u00e4n\u00a0sis\u00e4ll\u00e4. Olen siis tyypillinen hiljainen haaveilijatytt\u00f6, joka ei h\u00e4irik\u00f6i\u00a0tunnilla ja suoriutuu kaikesta siten, ettei se her\u00e4t\u00e4 huomiota.\u00a0Diagnoosin sain kuitenkin, tai juuri tuosta syyst\u00e4, vasta reilusti opiskelujeni j\u00e4lkeen.<\/p>\n<p>\u200bOpiskelijan polkuni on siis melko keskiverto, peruskoulussa ei\u00a0huipputuloksia, mutta ei heikoimmastakaan p\u00e4\u00e4st\u00e4. Kirjoja en\u00a0juurikaan viitsinyt lukea, l\u00e4ksytkin tuli tehty\u00e4 koulumatkalla.\u00a0Sen j\u00e4lkeinen ammattioppilaitoksessa k\u00e4yty tietotekniikan\u00a0mekaanikon linja meni l\u00e4pi mukavasti k\u00e4yt\u00e4nn\u00f6n kautta.\u00a0Muutaman ty\u00f6vuoden j\u00e4lkeen p\u00e4\u00e4tinkin l\u00e4hte\u00e4\u00a0ammattikorkeakouluun,\u00a0koska oli tyls\u00e4\u00e4 eik\u00e4 ty\u00f6markkinoilta\u00a0tahtonut l\u00f6yty\u00e4 mit\u00e4\u00e4n\u00a0mielenkiintoista. P\u00e4\u00e4sin tietojenk\u00e4sittelyn\u00a0tradenomilinjalle\u00a0aikuisopiskelijana. Iltaopiskelu sopi minulle\u00a0t\u00e4ydellisesti, koska\u00a0olen iltaihminen ja vireystaso on parhaimmillaan\u00a0vasta pikkutunneilla.\u00a0Opiskelun aloitus kyll\u00e4 pelotti; pystynk\u00f6\u00a0sitoutumaan t\u00e4h\u00e4n 3,5 vuodeksi, mit\u00e4 jos kyll\u00e4styn, olenko liian tyhm\u00e4\u00a0opiskelemaan korkeasti koulutettavalla tasolla, ent\u00e4 jos en ymm\u00e4rr\u00e4 yht\u00e4\u00e4n mist\u00e4\u00e4n mit\u00e4\u00e4n?!<\/p>\n<p>\u200bOpiskelu kuitenkin l\u00e4hti yll\u00e4tt\u00e4v\u00e4nkin hyvin k\u00e4yntiin. Kaikki \u201dhallinnolliset\u201d paperity\u00f6t (joita kammoan, koska en vain osaa t\u00e4ytt\u00e4\u00e4 lomakkeita) sujuivat hyvin opinto-ohjaajani avulla. Ylip\u00e4\u00e4ns\u00e4 kaikkeen ep\u00e4selv\u00e4\u00e4n sai aina lopulta joltain opettajalta apua, sopivia opintokokonaisuuksia mietittiin ja opintoja seurattiin. Olin pel\u00e4nnyt turhaan. Lis\u00e4haasteen opintoihin kuitenkin aiheuttivat 3,5 vuoden aikana syntyneet kolme lasta. J\u00e4lkeenp\u00e4in ajateltuna tilanne oli j\u00e4rjet\u00f6n, mutta toisaalta arvelen, ett\u00e4 en ehtinyt kyll\u00e4sty\u00e4 tai turhautua opintoihin ja pysyin j\u00e4rjiss\u00e4ni, koska ajatusty\u00f6n vastapainona kotona oli t\u00e4ysi vauvakaaos. Toista kertaa en samaan tilanteeseen kyll\u00e4 en\u00e4\u00e4 ajaudu. Mutta koulu sujui hyvin, ainakin niiden opintojen osalta jotka kiinnostivat (ohjelmointi ym.). Ne v\u00e4hemm\u00e4n kiinnostavat (talouspuolen asiat) meniv\u00e4t rimaa hipoen, mutta minulle t\u00e4rkeint\u00e4 oli, ett\u00e4 kiinnostavista aineista tuli kiitett\u00e4vi\u00e4. Olisin halunnut opiskella niit\u00e4 jopa yli opintopisteiden! Yht\u00e4\u00e4n kirjaa en silti tainnut koko aikana lukea, luotin oppimiseen k\u00e4yt\u00e4nn\u00f6n kautta. Ja se kannatti. Valmistuin l\u00e4hes ajallaan, vain kuukauden yliajalla. T\u00f6ihin p\u00e4\u00e4sin heti kun viimeisin \u00e4itiyslomani oli loppusuoralla ja sill\u00e4 tiell\u00e4 olen edelleen, it-alalla, joka motivoi minua p\u00e4iv\u00e4st\u00e4 toiseen.<\/p>\n<p>Voin siis sanoa, ett\u00e4 olen aika onnekas ADHD, koska l\u00f6ysin jo varhain sen minua kiinnostavan alan. T\u00e4ll\u00e4 ominaisuudella varustettuna on todella helppo lipsahtaa turhautumisen ja ep\u00e4onnistumisen kierteeseen. Siksi oli \u00e4\u00e4rimm\u00e4isen t\u00e4rke\u00e4\u00e4 saada aidosti rakentavaa palautetta heti suorituksen j\u00e4lkeen ja v\u00e4lill\u00e4 jopa \u201dholhoavaa\u201d tukea ja valvontaa osalta opettajista, vaikka kuinka olinkin jo aikuinen ja opiskelumuoto itsen\u00e4ist\u00e4.<\/p>\n<p>\u200bJos olisin tiennyt diagnoosista jo tuolloin, olisin ehk\u00e4 osannut k\u00e4sitell\u00e4 my\u00f6s ep\u00e4mieluisat ja vaikeat teht\u00e4v\u00e4t paremmin. Silloin osa opinnoista (varsinkin ryhm\u00e4ty\u00f6t ja esiintymiset) aiheuttivat suoranaista pakokauhua ja k\u00e4ytin jopa valkoisia valheita p\u00e4\u00e4st\u00e4kseni luistamaan niist\u00e4. Nyt j\u00e4lkeenp\u00e4in tied\u00e4n, ett\u00e4 my\u00f6s ep\u00e4miellytt\u00e4v\u00e4t asiat voi hoitaa kunnialla, kun niist\u00e4 reilusti juttelee etuk\u00e4teen ja ymm\u00e4rt\u00e4\u00e4 miksi ne ovat ep\u00e4miellytt\u00e4vi\u00e4. ADHD:sta tiet\u00e4minen olisi varmasti auttanut itseni lis\u00e4ksi my\u00f6s opettajia ymm\u00e4rt\u00e4m\u00e4\u00e4n minua oppijana paremmin ja miksi osa opinnoista oli minulle \u00e4\u00e4rimm\u00e4isen hankalia, kun taas osa meni kuin vett\u00e4 vain. Olisin my\u00f6s osannut reilusti kysy\u00e4 enemm\u00e4n enk\u00e4 olisi tuhlannut aikaa turhaan miettimiseen. Ja nyt tied\u00e4n senkin, ett\u00e4 vaikka ns. \u201dtavalliset\u201d perusasiat voivat olla todella haastavia ADHD:sta johtuen, kun taas monimutkaiset ja vaikeat aiheet voivat olla p\u00e4iv\u00e4nselvi\u00e4, minun t\u00e4ytyy kysy\u00e4 my\u00f6s \u201dtyhmi\u00e4\u201d kysymyksi\u00e4 eik\u00e4 h\u00e4vet\u00e4 ja pel\u00e4t\u00e4 n\u00e4ytt\u00e4v\u00e4ni idiootilta.<\/p>\n<p>\u200bSanoisinkin erilaisille oppijoille tai opiskeluja harkitsevalle (diagnoosilla tai ilman), ett\u00e4 uskalla opiskella siten kuin sinulle parhaiten sopii; jos esimerkiksi et sis\u00e4ist\u00e4 asioita lukemalla tai kalvosulkeisilla, \u00e4l\u00e4 tuhlaa aikaa kirjoihin tai tunnilla nukkumiseen. Etsi ja kokeile muita kanavia, luotettavaa tietoa kyll\u00e4 l\u00f6ytyy muillakin tavoin. Tai jos koet jonkun oppimistavan vaikeaksi, keskustele asiasta opinto-ohjaajasi kanssa ja etsik\u00e4\u00e4 toimivampia, sinulle sopivia tapoja. Vaihtoehtoisten tapojen ja apuv\u00e4lineiden k\u00e4ytt\u00e4minen ei ole \u201dv\u00e4\u00e4r\u00e4 tapa\u201d eik\u00e4 \u201dhelpolla p\u00e4\u00e4semist\u00e4\u201d tai ep\u00e4tasa-arvoista muita opiskelijoita kohtaan, vaan t\u00e4rkeint\u00e4 on, ett\u00e4 sin\u00e4 itse sis\u00e4ist\u00e4t opiskeltavat asiat, jolloin motivaatiokin s\u00e4ilyy. Ja uskalla kysy\u00e4. Kysy niin monta kertaa, ett\u00e4 varmasti ymm\u00e4rr\u00e4t teht\u00e4v\u00e4nannot, siin\u00e4 ei oikeasti ole mit\u00e4\u00e4n h\u00e4vett\u00e4v\u00e4\u00e4, vaikka se silt\u00e4 monesti tuntuukin.<\/p>\n<p>\u200bOnnea ja loputonta motivaatiota opintoihin\u00a0\ud83d\ude42<\/p>","protected":false},"excerpt":{"rendered":"<p>Minulla on ADHD, se versio siit\u00e4, joka ei n\u00e4y yliaktiivisuutena ulosp\u00e4in.\u00a0Ne lukemattomat hamsterin juoksupy\u00f6r\u00e4t rullaavat taukoamatta p\u00e4\u00e4n\u00a0sis\u00e4ll\u00e4. Olen siis tyypillinen hiljainen haaveilijatytt\u00f6, joka ei h\u00e4irik\u00f6i\u00a0tunnilla ja suoriutuu kaikesta siten, ettei se her\u00e4t\u00e4 huomiota.\u00a0Diagnoosin sain kuitenkin, tai juuri tuosta syyst\u00e4, vasta reilusti opiskelujeni j\u00e4lkeen. \u200bOpiskelijan polkuni on siis melko keskiverto, peruskoulussa ei\u00a0huipputuloksia, mutta ei heikoimmastakaan p\u00e4\u00e4st\u00e4. [&hellip;]<\/p>\n","protected":false},"author":3742,"featured_media":0,"parent":82,"menu_order":0,"comment_status":"closed","ping_status":"closed","template":"","meta":{"site-sidebar-layout":"default","site-content-layout":"default","ast-site-content-layout":"default","site-content-style":"default","site-sidebar-style":"default","ast-global-header-display":"","ast-banner-title-visibility":"","ast-main-header-display":"","ast-hfb-above-header-display":"","ast-hfb-below-header-display":"","ast-hfb-mobile-header-display":"","site-post-title":"","ast-breadcrumbs-content":"","ast-featured-img":"","footer-sml-layout":"","ast-disable-related-posts":"","theme-transparent-header-meta":"default","adv-header-id-meta":"","stick-header-meta":"","header-above-stick-meta":"","header-main-stick-meta":"","header-below-stick-meta":"","astra-migrate-meta-layouts":"set","ast-page-background-enabled":"default","ast-page-background-meta":{"desktop":{"background-color":"var(--ast-global-color-4)","background-image":"","background-repeat":"repeat","background-position":"center center","background-size":"auto","background-attachment":"scroll","background-type":"","background-media":"","overlay-type":"","overlay-color":"","overlay-opacity":"","overlay-gradient":""},"tablet":{"background-color":"","background-image":"","background-repeat":"repeat","background-position":"center center","background-size":"auto","background-attachment":"scroll","background-type":"","background-media":"","overlay-type":"","overlay-color":"","overlay-opacity":"","overlay-gradient":""},"mobile":{"background-color":"","background-image":"","background-repeat":"repeat","background-position":"center center","background-size":"auto","background-attachment":"scroll","background-type":"","background-media":"","overlay-type":"","overlay-color":"","overlay-opacity":"","overlay-gradient":""}},"ast-content-background-meta":{"desktop":{"background-color":"var(--ast-global-color-5)","background-image":"","background-repeat":"repeat","background-position":"center center","background-size":"auto","background-attachment":"scroll","background-type":"","background-media":"","overlay-type":"","overlay-color":"","overlay-opacity":"","overlay-gradient":""},"tablet":{"background-color":"var(--ast-global-color-5)","background-image":"","background-repeat":"repeat","background-position":"center center","background-size":"auto","background-attachment":"scroll","background-type":"","background-media":"","overlay-type":"","overlay-color":"","overlay-opacity":"","overlay-gradient":""},"mobile":{"background-color":"var(--ast-global-color-5)","background-image":"","background-repeat":"repeat","background-position":"center center","background-size":"auto","background-attachment":"scroll","background-type":"","background-media":"","overlay-type":"","overlay-color":"","overlay-opacity":"","overlay-gradient":""}},"footnotes":""},"class_list":["post-185","page","type-page","status-publish","hentry"],"_links":{"self":[{"href":"https:\/\/blogi.eoppimispalvelut.fi\/monenlaisetoppijat\/wp-json\/wp\/v2\/pages\/185","targetHints":{"allow":["GET"]}}],"collection":[{"href":"https:\/\/blogi.eoppimispalvelut.fi\/monenlaisetoppijat\/wp-json\/wp\/v2\/pages"}],"about":[{"href":"https:\/\/blogi.eoppimispalvelut.fi\/monenlaisetoppijat\/wp-json\/wp\/v2\/types\/page"}],"author":[{"embeddable":true,"href":"https:\/\/blogi.eoppimispalvelut.fi\/monenlaisetoppijat\/wp-json\/wp\/v2\/users\/3742"}],"replies":[{"embeddable":true,"href":"https:\/\/blogi.eoppimispalvelut.fi\/monenlaisetoppijat\/wp-json\/wp\/v2\/comments?post=185"}],"version-history":[{"count":6,"href":"https:\/\/blogi.eoppimispalvelut.fi\/monenlaisetoppijat\/wp-json\/wp\/v2\/pages\/185\/revisions"}],"predecessor-version":[{"id":756,"href":"https:\/\/blogi.eoppimispalvelut.fi\/monenlaisetoppijat\/wp-json\/wp\/v2\/pages\/185\/revisions\/756"}],"up":[{"embeddable":true,"href":"https:\/\/blogi.eoppimispalvelut.fi\/monenlaisetoppijat\/wp-json\/wp\/v2\/pages\/82"}],"wp:attachment":[{"href":"https:\/\/blogi.eoppimispalvelut.fi\/monenlaisetoppijat\/wp-json\/wp\/v2\/media?parent=185"}],"curies":[{"name":"wp","href":"https:\/\/api.w.org\/{rel}","templated":true}]}}