{"id":36,"date":"2019-05-22T12:47:58","date_gmt":"2019-05-22T09:47:58","guid":{"rendered":"https:\/\/blogi.eoppimispalvelut.fi\/monenlaisetoppijat\/?page_id=36"},"modified":"2023-09-11T13:41:05","modified_gmt":"2023-09-11T10:41:05","slug":"lukivaikeudet","status":"publish","type":"page","link":"https:\/\/blogi.eoppimispalvelut.fi\/monenlaisetoppijat\/opiskeluvaikeudet\/lukivaikeudet\/","title":{"rendered":"Lukivaikeus"},"content":{"rendered":"\n<p><a href=\"https:\/\/www.luchyvinvointi.fi\/\">\t\t<meta http-equiv=\"refresh\" content=\"0; url=https:\/\/www.luchyvinvointi.fi\/\">\r\n\t\tPlease wait while you are redirected...or <a href=\"https:\/\/www.luchyvinvointi.fi\/\">Click Here<\/a> if you do not want to wait.\r\n<\/a><\/p>\n\n\n<p>Lukivaikeus voi ilmet\u00e4 monella eri tavalla. Lukivaikeudella on neurobiologinen tausta ja se on usein perinn\u00f6llinen. Toiselle opiskelijalle voi olla haasteellista lukeminen, kun taas toiselle kirjoittaminen. Keskeisen\u00e4 piirteen\u00e4 lukivaikeudessa pidet\u00e4\u00e4n vaikeutta hahmottaa ja k\u00e4sitell\u00e4 \u00e4\u00e4nteisiin liittyv\u00e4\u00e4 tietoa. Kyse ei siis ole ymm\u00e4rt\u00e4misen vaikeudesta. Lukivaikeus voi n\u00e4ytt\u00e4yty\u00e4 esimerkiksi:<\/p>\n<ul>\n<li>\u200blukemisen hitautena tai vaikeutena,<\/li>\n<li>luetun ymm\u00e4rt\u00e4misen haasteina,<\/li>\n<li>oikeinkuulemisen vaikeutena,<\/li>\n<li>kirjainten tai numeroiden sekoittumisena,<\/li>\n<li>kirjoittamisen hitautena,<\/li>\n<li>liiallisina tai liian v\u00e4h\u00e4isin\u00e4 kirjaimina tai sanojen puuttumisena.<\/li>\n<\/ul>\n<p>Lukivaikeuteen voi liitty\u00e4 lyhytkestoisen muistin haasteita ja lukivaikeuden yht\u00e4aikainen esiintyminen muiden erityisvaikeuksien, kuten matematiikan tai tarkkaavuuden ongelmien kanssa, voi olla mahdollista. Kielellisen muistin vaikeudet voivat lis\u00e4t\u00e4 osaltaan vieraiden kielten oppimisen vaikeuksia. Lukivaikeus voi n\u00e4ky\u00e4 opiskelussa esimerkiksi lukemisen ja kirjoittamisen hitautena, jolloin teht\u00e4vien tekoon saattaa kulua enemm\u00e4n aikaa. My\u00f6s mahdolliset ty\u00f6muistin haasteet voivat n\u00e4ytt\u00e4yty\u00e4 vaikeuksina ongelmanratkaisussa tai haasteena luetun ymm\u00e4rt\u00e4misess\u00e4, kun yksitt\u00e4isen sanan ymm\u00e4rt\u00e4misen ohella tulisi pit\u00e4\u00e4 mieless\u00e4 luetun tekstin sis\u00e4lt\u00f6. Jos haluat saada ymm\u00e4rryst\u00e4 lukivaikeudesta Ylen verkkosivuilla on artikkeli, jossa voit testata miten itse p\u00e4rj\u00e4isit lukivaikeuden kanssa: <a href=\"https:\/\/yle.fi\/uutiset\/3-10276747\" target=\"_blank\" rel=\"noopener\">Testaa miten p\u00e4rj\u00e4isit lukivaikeuden kanssa -artikkeli<\/a><\/p>\n<p>Jos ep\u00e4ilet lukivaikeutta, voit pohtia asiaa Kuntotuss\u00e4\u00e4ti\u00f6n Lukivaikeuden tunnistuslistan avulla. Listassa on 22 kysymyst\u00e4, jotka liittyv\u00e4t lukivaikeuteen tai yleisemmin oppimisvaikeuksiin. Muistathan, ett\u00e4 kysymyslista on suuntaa-antava ja sen tarkoituksena on helpottaa oppimisvaikeuden tunnistamista. Tutustu: <a href=\"https:\/\/kuntoutussaatio.fi\/assets\/files\/2019\/02\/Lukivaikeuden-tunnistuslista.pdf\" target=\"_blank\" rel=\"noopener\">Lukivaikeuden tunnistuslista. <\/a><\/p>\n<p>Lukivaikeus todetaan lukitestill\u00e4 ja korkeakouluopiskelijat voivat k\u00e4\u00e4nty\u00e4 testausasiassa YTHS:n puoleen: <a href=\"https:\/\/www.yths.fi\/\" target=\"_blank\" rel=\"noopener\">YTHS:n Yhteystiedot<\/a><\/p>\n<h3>Lukivaikeus ja opiskelu<span style=\"font-size: 35.36px\">\u00a0<\/span><\/h3>\n<p>Oppimista ja opiskelua voi tukea erilaisilla lukutavoilla, luetun j\u00e4sent\u00e4misen tekniikoilla sek\u00e4 erilaisilla muistiinpanotekniikoilla ja kertaamisella. Kirjoittamista voi tukea erilaisilla tavoilla j\u00e4sent\u00e4\u00e4 teksti\u00e4 sek\u00e4 erilaisilla apuv\u00e4lineill\u00e4. Erilaisten oppijoiden liiton Oppimisen apuv\u00e4linekeskuksen sivuilla on tietoa <span style=\"font-size: 16px\">erilaisista lukemista, kirjoittamista, keskittymist\u00e4 ja oppimista tukevista apuv\u00e4lineist\u00e4 ja menetelmist\u00e4. Sivuilta l\u00f6ytyy erilaisia oppimisen tueksi saatavia perinteisi\u00e4 sek\u00e4 digitaalia oppimisv\u00e4lineit\u00e4 ja erilaisia oppimisen strategioita ja keinoja. Lis\u00e4tietoa: <a href=\"https:\/\/www.eoliitto.fi\/oppimisen-apuvalinekeskus\/\" target=\"_blank\" rel=\"noopener\">Apuv\u00e4linekeskuksen sivut<\/a><\/span><\/p>\n<p>Tutustu my\u00f6s Celia-kirjaston \u00e4\u00e4nikirjoihin. Celian kautta korkeakouluopiskelija, jolla on todettu jokin oppimisvaikeus, kuten lukivaikeus, voi lainata saavutettavia kurssikirjoja ilmaiseksi. Celian \u00e4\u00e4nikirjapalvelun k\u00e4ytt\u00e4j\u00e4ksi voit liitty\u00e4 omassa korkeakoulukirjastossasi. Korkeakoulukirjastosi neuvoo sinua my\u00f6s lainaamiseen, kirjojen kuunteluun ja laitteiden k\u00e4ytt\u00f6\u00f6n liittyviss\u00e4 asioissa. Lis\u00e4tietoa<\/p>\n<ul>\n<li><a href=\"https:\/\/www.celia.fi\/tietoa-celiasta\/\" target=\"_blank\" rel=\"noopener\">Celia -kirjasto<\/a><\/li>\n<li>Celia \u00e4\u00e4nikirjapalvelun <a href=\"https:\/\/lib.luc.fi\/c.php?g=652810&amp;p=4751920\" target=\"_blank\" rel=\"noopener\">yhteyshenkil\u00f6t LUC Kirjastossa<\/a><\/li>\n<\/ul>\n<p>Tenttitilanteissa ja oppimisteht\u00e4viss\u00e4 voi opiskelun sujuvuutta tukea esimerkiksi lis\u00e4aika, oma rauhallinen tila, erilaiset opiskelumateriaalit ja apuv\u00e4lineet. Lukivaikeus kannattaakin ottaa puheeksi ja mietti\u00e4 opiskelun yksil\u00f6llisi\u00e4 j\u00e4rjestelyit\u00e4. Lis\u00e4tietoa l\u00f6yd\u00e4t korkeakoulujen verkkosivuilta:<\/p>\n<ul>\n<li><a href=\"https:\/\/www.lapinamk.fi\/fi\/Opiskelijalle\/Saavutettavuus#opiskelijalle\" target=\"_blank\" rel=\"noopener\">Saavutettavuus Lapin ammattikorkeakoulussa<\/a><\/li>\n<li><a href=\"https:\/\/www.ulapland.fi\/FI\/Opiskelu\/Opintojen-aikana\/Opiskelun-kaytannot#esteettomyys\" target=\"_blank\" rel=\"noopener\">Esteett\u00f6myys Lapin Yliopistossa<\/a><\/li>\n<\/ul>\n<h3>Neuvoa ja tukea<\/h3>\n<p>Erilaisten oppijoiden liiton kautta on mahdollista saada lis\u00e4\u00e4 tietoa oppimisvaikeuksista, oppimista ja ty\u00f6t\u00e4 tukevista v\u00e4lineist\u00e4 tai muista mielt\u00e4 askarruttavista kysymyksist\u00e4 liittyen erilaiseen oppijuuteen. Yhteistiedot ja palveluajat Neuvontapuhelimeen, <span style=\"font-size: 16px\">Erityisopettajan neuvontapuhelimeen, <\/span><span style=\"font-size: 16px\">Oppimisen apuv\u00e4linekeskuksen neuvontapalveluun sek\u00e4 <\/span><span style=\"font-size: 16px\">Nettineuvojaan l\u00f6yd\u00e4t Erilaisten oppijoiden <a href=\"https:\/\/www.eoliitto.fi\/neuvontapuhelin\/\" target=\"_blank\" rel=\"noopener\">Neuvontapuhelin &#8211; verkkosivun<\/a> kautta.<\/span><\/p>\n<p>My\u00f6s Kuntotuss\u00e4\u00e4ti\u00f6n oppimisen tuen keskus tarjoaa ohjausta ja tukea oppimisvaikeuksiin liittyen.\u00a0Heid\u00e4n chatissa voi jutella vapaamuotoisesti oppimisvaikeuksiin perehtyneen asiantuntijan kanssa. Voit kysy\u00e4 oppimisvaikeuksista ja saada tukea ja ohjausta oppimisen hankaluuksiin. Kuntoutuss\u00e4\u00e4ti\u00f6 tarjoaa my\u00f6s et\u00e4valmennusta sek\u00e4 ryhm\u00e4muotoista tukea. Tutustu Kuntoutuss\u00e4\u00e4ti\u00f6n palveluihin Oppimisen tuen keskuksen <a href=\"https:\/\/kuntoutussaatio.fi\/oppimisentuki\/tukea\/\" target=\"_blank\" rel=\"noopener\">Tukea-sivulta<\/a>.<\/p>\n<hr \/>\n<h3>L\u00e4hteet<\/h3>\n<ul>\n<li><a href=\"https:\/\/www.nmi.fi\/niilo-maki-instituutti\/tietoa-oppimisesta-ja-oppimisvaikeuksista\/lukeminen\/\" target=\"_blank\" rel=\"noopener noreferrer\"><span style=\"color: #00ccff\">Niilo M\u00e4ki instituutti<\/span><\/a><\/li>\n<li><span style=\"color: #00ccff\"><a style=\"color: #00ccff\" href=\"https:\/\/oppimisvaikeus.fi\/tietoa\/lukihairio\/\" target=\"_blank\" rel=\"noopener noreferrer\">Oppimisvaikeus<\/a><\/span><\/li>\n<li><a href=\"https:\/\/www.eoliitto.fi\/tukea-ja-neuvontaa\/tietoa-oppimisvaikeuksista\/luku-ja-kirjoitusvaikeudet\/\" target=\"_blank\" rel=\"noopener noreferrer\"><span style=\"color: #00ccff\">Erilaisten oppijoiden liitto<\/span><\/a><\/li>\n<li>Kuntoutuss\u00e4\u00e4ti\u00f6n <a href=\"https:\/\/kuntoutussaatio.fi\/oppimisentuki\/\" target=\"_blank\" rel=\"noopener\">Oppimisen tuen keskus<\/a><\/li>\n<\/ul>","protected":false},"excerpt":{"rendered":"<p>Lukivaikeus voi ilmet\u00e4 monella eri tavalla. Lukivaikeudella on neurobiologinen tausta ja se on usein perinn\u00f6llinen. Toiselle opiskelijalle voi olla haasteellista lukeminen, kun taas toiselle kirjoittaminen. Keskeisen\u00e4 piirteen\u00e4 lukivaikeudessa pidet\u00e4\u00e4n vaikeutta hahmottaa ja k\u00e4sitell\u00e4 \u00e4\u00e4nteisiin liittyv\u00e4\u00e4 tietoa. Kyse ei siis ole ymm\u00e4rt\u00e4misen vaikeudesta. Lukivaikeus voi n\u00e4ytt\u00e4yty\u00e4 esimerkiksi: \u200blukemisen hitautena tai vaikeutena, luetun ymm\u00e4rt\u00e4misen haasteina, oikeinkuulemisen vaikeutena, [&hellip;]<\/p>\n","protected":false},"author":3742,"featured_media":0,"parent":8,"menu_order":0,"comment_status":"closed","ping_status":"closed","template":"","meta":{"site-sidebar-layout":"default","site-content-layout":"default","ast-site-content-layout":"default","site-content-style":"default","site-sidebar-style":"default","ast-global-header-display":"","ast-banner-title-visibility":"","ast-main-header-display":"","ast-hfb-above-header-display":"","ast-hfb-below-header-display":"","ast-hfb-mobile-header-display":"","site-post-title":"","ast-breadcrumbs-content":"","ast-featured-img":"","footer-sml-layout":"","ast-disable-related-posts":"","theme-transparent-header-meta":"default","adv-header-id-meta":"","stick-header-meta":"","header-above-stick-meta":"","header-main-stick-meta":"","header-below-stick-meta":"","astra-migrate-meta-layouts":"set","ast-page-background-enabled":"default","ast-page-background-meta":{"desktop":{"background-color":"var(--ast-global-color-4)","background-image":"","background-repeat":"repeat","background-position":"center center","background-size":"auto","background-attachment":"scroll","background-type":"","background-media":"","overlay-type":"","overlay-color":"","overlay-opacity":"","overlay-gradient":""},"tablet":{"background-color":"","background-image":"","background-repeat":"repeat","background-position":"center center","background-size":"auto","background-attachment":"scroll","background-type":"","background-media":"","overlay-type":"","overlay-color":"","overlay-opacity":"","overlay-gradient":""},"mobile":{"background-color":"","background-image":"","background-repeat":"repeat","background-position":"center center","background-size":"auto","background-attachment":"scroll","background-type":"","background-media":"","overlay-type":"","overlay-color":"","overlay-opacity":"","overlay-gradient":""}},"ast-content-background-meta":{"desktop":{"background-color":"var(--ast-global-color-5)","background-image":"","background-repeat":"repeat","background-position":"center center","background-size":"auto","background-attachment":"scroll","background-type":"","background-media":"","overlay-type":"","overlay-color":"","overlay-opacity":"","overlay-gradient":""},"tablet":{"background-color":"var(--ast-global-color-5)","background-image":"","background-repeat":"repeat","background-position":"center center","background-size":"auto","background-attachment":"scroll","background-type":"","background-media":"","overlay-type":"","overlay-color":"","overlay-opacity":"","overlay-gradient":""},"mobile":{"background-color":"var(--ast-global-color-5)","background-image":"","background-repeat":"repeat","background-position":"center center","background-size":"auto","background-attachment":"scroll","background-type":"","background-media":"","overlay-type":"","overlay-color":"","overlay-opacity":"","overlay-gradient":""}},"footnotes":""},"class_list":["post-36","page","type-page","status-publish","hentry"],"_links":{"self":[{"href":"https:\/\/blogi.eoppimispalvelut.fi\/monenlaisetoppijat\/wp-json\/wp\/v2\/pages\/36","targetHints":{"allow":["GET"]}}],"collection":[{"href":"https:\/\/blogi.eoppimispalvelut.fi\/monenlaisetoppijat\/wp-json\/wp\/v2\/pages"}],"about":[{"href":"https:\/\/blogi.eoppimispalvelut.fi\/monenlaisetoppijat\/wp-json\/wp\/v2\/types\/page"}],"author":[{"embeddable":true,"href":"https:\/\/blogi.eoppimispalvelut.fi\/monenlaisetoppijat\/wp-json\/wp\/v2\/users\/3742"}],"replies":[{"embeddable":true,"href":"https:\/\/blogi.eoppimispalvelut.fi\/monenlaisetoppijat\/wp-json\/wp\/v2\/comments?post=36"}],"version-history":[{"count":27,"href":"https:\/\/blogi.eoppimispalvelut.fi\/monenlaisetoppijat\/wp-json\/wp\/v2\/pages\/36\/revisions"}],"predecessor-version":[{"id":748,"href":"https:\/\/blogi.eoppimispalvelut.fi\/monenlaisetoppijat\/wp-json\/wp\/v2\/pages\/36\/revisions\/748"}],"up":[{"embeddable":true,"href":"https:\/\/blogi.eoppimispalvelut.fi\/monenlaisetoppijat\/wp-json\/wp\/v2\/pages\/8"}],"wp:attachment":[{"href":"https:\/\/blogi.eoppimispalvelut.fi\/monenlaisetoppijat\/wp-json\/wp\/v2\/media?parent=36"}],"curies":[{"name":"wp","href":"https:\/\/api.w.org\/{rel}","templated":true}]}}