{"id":42,"date":"2019-05-22T12:58:40","date_gmt":"2019-05-22T09:58:40","guid":{"rendered":"https:\/\/blogi.eoppimispalvelut.fi\/monenlaisetoppijat\/?page_id=42"},"modified":"2023-09-11T13:40:13","modified_gmt":"2023-09-11T10:40:13","slug":"koti","status":"publish","type":"page","link":"https:\/\/blogi.eoppimispalvelut.fi\/monenlaisetoppijat\/","title":{"rendered":"Tervetuloa!"},"content":{"rendered":"\n<p><a href=\"https:\/\/www.luchyvinvointi.fi\/\">\t\t<meta http-equiv=\"refresh\" content=\"0; url=https:\/\/www.luchyvinvointi.fi\/\">\r\n\t\tPlease wait while you are redirected...or <a href=\"https:\/\/www.luchyvinvointi.fi\/\">Click Here<\/a> if you do not want to wait.\r\n<\/a><\/p>\n\n\n<p>On t\u00e4rke\u00e4\u00e4, ett\u00e4 jokainen voi opiskella ja oppia itselle omimmalla ja vahvimmalla tavalla sek\u00e4 l\u00f6yt\u00e4\u00e4 v\u00e4lineit\u00e4 sujuvan opiskelun tueksi. My\u00f6s ohjauksessa ja opetuksessa on t\u00e4rke\u00e4\u00e4 huomioida opiskelun moninaisuus ja tarjota tarvittaessa tukea erilaisiin opiskelun kysymyksiin. Oppimisen ja opiskelun monenlaisuudessa on kyse erilaisten tapojen n\u00e4kemisest\u00e4 voimavarana sek\u00e4 opiskeluyhteis\u00f6\u00e4 ja -kulttuuria rikastuttavina asioina. Ajatusaihioita monenlaisuuden pohtimiseen voi l\u00f6yt\u00e4\u00e4 Nyyti ry:n <a href=\"https:\/\/youtu.be\/ePFQstXzZn4\" target=\"_blank\" rel=\"noopener\">Erityisyyden kohtaaminen korkeakouluissa<\/a> -videosta. Videolla mukana my\u00f6s opiskelijoiden tarinoita.<\/p>\n<p>Monenlaiset oppijat \u2013 verkkosivulle on koottu tietoa ja vinkkej\u00e4 Lapin korkeakouluissa opiskeleville ja ty\u00f6skenteleville:<\/p>\n<ul>\n<li>Verkkosivulta l\u00f6yd\u00e4t tietoa oppimisvaikeuksista, neuropsykiatrisista h\u00e4iri\u00f6ist\u00e4, aisti- ja liikuntavammoista sek\u00e4 mielialaan ja j\u00e4nnitt\u00e4miseen liittyvist\u00e4 asioista. Lis\u00e4ksi voit tutustua opiskelijatarinoihin. Tarinoissa opiskelijat kertovat, mill\u00e4 tavalla he ovat rakentaneet opiskelupolkuaan omien voimavarojen ja vahvuuksien kautta.<\/li>\n<li>\u200bTukea opiskeluun -osioon olemme koonneet vinkkej\u00e4 esimerkiksi omien opintojen suunnitteluun ja sujuvuuden lis\u00e4\u00e4miseen, lukemiseen ja kirjoittamiseen sek\u00e4 muistin ja keskittymisen tueksi.<\/li>\n<li>\u200bOpettajalle -osioon olemme koonneet materiaalia niin opetuksen kuin ohjauksenkin tueksi. Ohjaus- ja opetusarjessa on monia asioita, joita huomioon ottamalla voi tukea opiskelun moninaisuutta ja edist\u00e4\u00e4 kaikkien esteet\u00f6nt\u00e4 opiskelua. Osiosta l\u00f6ytyy my\u00f6s saavutettavuusvinkkej\u00e4, joita on hyv\u00e4 ottaa huomioon materiaalin laadinnassa.<\/li>\n<\/ul>","protected":false},"excerpt":{"rendered":"<p>On t\u00e4rke\u00e4\u00e4, ett\u00e4 jokainen voi opiskella ja oppia itselle omimmalla ja vahvimmalla tavalla sek\u00e4 l\u00f6yt\u00e4\u00e4 v\u00e4lineit\u00e4 sujuvan opiskelun tueksi. My\u00f6s ohjauksessa ja opetuksessa on t\u00e4rke\u00e4\u00e4 huomioida opiskelun moninaisuus ja tarjota tarvittaessa tukea erilaisiin opiskelun kysymyksiin. Oppimisen ja opiskelun monenlaisuudessa on kyse erilaisten tapojen n\u00e4kemisest\u00e4 voimavarana sek\u00e4 opiskeluyhteis\u00f6\u00e4 ja -kulttuuria rikastuttavina asioina. Ajatusaihioita monenlaisuuden pohtimiseen voi [&hellip;]<\/p>\n","protected":false},"author":3742,"featured_media":0,"parent":0,"menu_order":0,"comment_status":"closed","ping_status":"closed","template":"","meta":{"site-sidebar-layout":"default","site-content-layout":"default","ast-site-content-layout":"default","site-content-style":"default","site-sidebar-style":"default","ast-global-header-display":"","ast-banner-title-visibility":"","ast-main-header-display":"","ast-hfb-above-header-display":"","ast-hfb-below-header-display":"","ast-hfb-mobile-header-display":"","site-post-title":"","ast-breadcrumbs-content":"","ast-featured-img":"","footer-sml-layout":"","ast-disable-related-posts":"","theme-transparent-header-meta":"default","adv-header-id-meta":"","stick-header-meta":"","header-above-stick-meta":"","header-main-stick-meta":"","header-below-stick-meta":"","astra-migrate-meta-layouts":"set","ast-page-background-enabled":"default","ast-page-background-meta":{"desktop":{"background-color":"var(--ast-global-color-4)","background-image":"","background-repeat":"repeat","background-position":"center center","background-size":"auto","background-attachment":"scroll","background-type":"","background-media":"","overlay-type":"","overlay-color":"","overlay-opacity":"","overlay-gradient":""},"tablet":{"background-color":"","background-image":"","background-repeat":"repeat","background-position":"center center","background-size":"auto","background-attachment":"scroll","background-type":"","background-media":"","overlay-type":"","overlay-color":"","overlay-opacity":"","overlay-gradient":""},"mobile":{"background-color":"","background-image":"","background-repeat":"repeat","background-position":"center center","background-size":"auto","background-attachment":"scroll","background-type":"","background-media":"","overlay-type":"","overlay-color":"","overlay-opacity":"","overlay-gradient":""}},"ast-content-background-meta":{"desktop":{"background-color":"var(--ast-global-color-5)","background-image":"","background-repeat":"repeat","background-position":"center center","background-size":"auto","background-attachment":"scroll","background-type":"","background-media":"","overlay-type":"","overlay-color":"","overlay-opacity":"","overlay-gradient":""},"tablet":{"background-color":"var(--ast-global-color-5)","background-image":"","background-repeat":"repeat","background-position":"center center","background-size":"auto","background-attachment":"scroll","background-type":"","background-media":"","overlay-type":"","overlay-color":"","overlay-opacity":"","overlay-gradient":""},"mobile":{"background-color":"var(--ast-global-color-5)","background-image":"","background-repeat":"repeat","background-position":"center center","background-size":"auto","background-attachment":"scroll","background-type":"","background-media":"","overlay-type":"","overlay-color":"","overlay-opacity":"","overlay-gradient":""}},"footnotes":""},"class_list":["post-42","page","type-page","status-publish","hentry"],"_links":{"self":[{"href":"https:\/\/blogi.eoppimispalvelut.fi\/monenlaisetoppijat\/wp-json\/wp\/v2\/pages\/42","targetHints":{"allow":["GET"]}}],"collection":[{"href":"https:\/\/blogi.eoppimispalvelut.fi\/monenlaisetoppijat\/wp-json\/wp\/v2\/pages"}],"about":[{"href":"https:\/\/blogi.eoppimispalvelut.fi\/monenlaisetoppijat\/wp-json\/wp\/v2\/types\/page"}],"author":[{"embeddable":true,"href":"https:\/\/blogi.eoppimispalvelut.fi\/monenlaisetoppijat\/wp-json\/wp\/v2\/users\/3742"}],"replies":[{"embeddable":true,"href":"https:\/\/blogi.eoppimispalvelut.fi\/monenlaisetoppijat\/wp-json\/wp\/v2\/comments?post=42"}],"version-history":[{"count":31,"href":"https:\/\/blogi.eoppimispalvelut.fi\/monenlaisetoppijat\/wp-json\/wp\/v2\/pages\/42\/revisions"}],"predecessor-version":[{"id":746,"href":"https:\/\/blogi.eoppimispalvelut.fi\/monenlaisetoppijat\/wp-json\/wp\/v2\/pages\/42\/revisions\/746"}],"wp:attachment":[{"href":"https:\/\/blogi.eoppimispalvelut.fi\/monenlaisetoppijat\/wp-json\/wp\/v2\/media?parent=42"}],"curies":[{"name":"wp","href":"https:\/\/api.w.org\/{rel}","templated":true}]}}