{"id":433,"date":"2019-06-17T13:17:41","date_gmt":"2019-06-17T10:17:41","guid":{"rendered":"https:\/\/blogi.eoppimispalvelut.fi\/monenlaisetoppijat\/?page_id=433"},"modified":"2023-09-11T13:46:53","modified_gmt":"2023-09-11T10:46:53","slug":"erityisjarjestelyt-lapin-amk","status":"publish","type":"page","link":"https:\/\/blogi.eoppimispalvelut.fi\/monenlaisetoppijat\/opiskelijalle\/erityisjarjestelyt-lapin-amk\/","title":{"rendered":"Opintojen yksil\u00f6lliset j\u00e4rjestelyt Lapin AMK"},"content":{"rendered":"\n<p><a href=\"https:\/\/www.luchyvinvointi.fi\/\">\t\t<meta http-equiv=\"refresh\" content=\"0; url=https:\/\/www.luchyvinvointi.fi\/\">\n\t\t\t\tPlease wait while you are redirected...or <a href=\"https:\/\/www.luchyvinvointi.fi\/\">Click Here<\/a> if you do not want to wait.\n\t\t\t\t<\/a><\/p>\n\n\n<div class=\"entry-content clearfix\">\n<p>Opiskelun yksil\u00f6llisten j\u00e4rjestelyiden taustalla ovat yksil\u00f6lliset ja erilaiset tarpeet, kuten fyysinen tai psyykkinen sairaus, vamma, j\u00e4nnitt\u00e4misongelmat, neuropsykiatriset haasteet, oppimisvaikeus, el\u00e4m\u00e4nhallinnan haasteet, erilaiset kriisitilanteet ym. Opiskelija voi kartoittaa tarvetta yksil\u00f6llisille j\u00e4rjestelyille opinto-ohjaajan, kuraattorin tai saavutettavuusyhdyshenkil\u00f6n kanssa.<\/p>\n<p>J\u00e4rjestelyiss\u00e4 on t\u00e4rke\u00e4\u00e4 opiskelijan kokemusten ja mahdollisten asiantuntijalausuntojen huomiointi. Hakemuksen hyv\u00e4ksyy osaamisp\u00e4\u00e4llikk\u00f6.\u00a0 P\u00e4\u00e4t\u00f6ksen my\u00f6t\u00e4 opiskelija saa saavutettavuuspassin, jonka mukaiset toimet huomioidaan opetuksessa. N\u00e4it\u00e4 voivat olla esim. lis\u00e4aika, erillinen tila tai tietokoneen k\u00e4ytt\u00f6mahdollisuus tentiss\u00e4, apuv\u00e4lineiden k\u00e4ytt\u00f6mahdollisuus, mahdollisuus tentin suulliseen t\u00e4ydent\u00e4miseen. Ohjeet yksil\u00f6llisten j\u00e4rjestelyiden hakemiseen l\u00f6ytyv\u00e4t <span style=\"color: #33cccc\"><a style=\"color: #33cccc\" href=\"https:\/\/www.lapinamk.fi\/fi\/Hakijalle\/Hakeminen-tutkinto-opiskelijaksi\/Usein-kysytyt-kysymykset\/Esteettomyys#opiskelijalle\" target=\"_blank\" rel=\"noopener noreferrer\">Lapin ammattikorkeakoulun verkkosivuilta.<\/a><\/span><\/p>\n<\/div>","protected":false},"excerpt":{"rendered":"<p>Opiskelun yksil\u00f6llisten j\u00e4rjestelyiden taustalla ovat yksil\u00f6lliset ja erilaiset tarpeet, kuten fyysinen tai psyykkinen sairaus, vamma, j\u00e4nnitt\u00e4misongelmat, neuropsykiatriset haasteet, oppimisvaikeus, el\u00e4m\u00e4nhallinnan haasteet, erilaiset kriisitilanteet ym. Opiskelija voi kartoittaa tarvetta yksil\u00f6llisille j\u00e4rjestelyille opinto-ohjaajan, kuraattorin tai saavutettavuusyhdyshenkil\u00f6n kanssa. J\u00e4rjestelyiss\u00e4 on t\u00e4rke\u00e4\u00e4 opiskelijan kokemusten ja mahdollisten asiantuntijalausuntojen huomiointi. Hakemuksen hyv\u00e4ksyy osaamisp\u00e4\u00e4llikk\u00f6.\u00a0 P\u00e4\u00e4t\u00f6ksen my\u00f6t\u00e4 opiskelija saa saavutettavuuspassin, jonka mukaiset toimet [&hellip;]<\/p>\n","protected":false},"author":1612,"featured_media":0,"parent":12,"menu_order":7,"comment_status":"closed","ping_status":"closed","template":"","meta":{"site-sidebar-layout":"default","site-content-layout":"default","ast-site-content-layout":"default","site-content-style":"default","site-sidebar-style":"default","ast-global-header-display":"","ast-banner-title-visibility":"","ast-main-header-display":"","ast-hfb-above-header-display":"","ast-hfb-below-header-display":"","ast-hfb-mobile-header-display":"","site-post-title":"","ast-breadcrumbs-content":"","ast-featured-img":"","footer-sml-layout":"","ast-disable-related-posts":"","theme-transparent-header-meta":"default","adv-header-id-meta":"","stick-header-meta":"","header-above-stick-meta":"","header-main-stick-meta":"","header-below-stick-meta":"","astra-migrate-meta-layouts":"set","ast-page-background-enabled":"default","ast-page-background-meta":{"desktop":{"background-color":"var(--ast-global-color-4)","background-image":"","background-repeat":"repeat","background-position":"center center","background-size":"auto","background-attachment":"scroll","background-type":"","background-media":"","overlay-type":"","overlay-color":"","overlay-opacity":"","overlay-gradient":""},"tablet":{"background-color":"","background-image":"","background-repeat":"repeat","background-position":"center center","background-size":"auto","background-attachment":"scroll","background-type":"","background-media":"","overlay-type":"","overlay-color":"","overlay-opacity":"","overlay-gradient":""},"mobile":{"background-color":"","background-image":"","background-repeat":"repeat","background-position":"center center","background-size":"auto","background-attachment":"scroll","background-type":"","background-media":"","overlay-type":"","overlay-color":"","overlay-opacity":"","overlay-gradient":""}},"ast-content-background-meta":{"desktop":{"background-color":"var(--ast-global-color-5)","background-image":"","background-repeat":"repeat","background-position":"center center","background-size":"auto","background-attachment":"scroll","background-type":"","background-media":"","overlay-type":"","overlay-color":"","overlay-opacity":"","overlay-gradient":""},"tablet":{"background-color":"var(--ast-global-color-5)","background-image":"","background-repeat":"repeat","background-position":"center center","background-size":"auto","background-attachment":"scroll","background-type":"","background-media":"","overlay-type":"","overlay-color":"","overlay-opacity":"","overlay-gradient":""},"mobile":{"background-color":"var(--ast-global-color-5)","background-image":"","background-repeat":"repeat","background-position":"center center","background-size":"auto","background-attachment":"scroll","background-type":"","background-media":"","overlay-type":"","overlay-color":"","overlay-opacity":"","overlay-gradient":""}},"footnotes":""},"class_list":["post-433","page","type-page","status-publish","hentry"],"_links":{"self":[{"href":"https:\/\/blogi.eoppimispalvelut.fi\/monenlaisetoppijat\/wp-json\/wp\/v2\/pages\/433","targetHints":{"allow":["GET"]}}],"collection":[{"href":"https:\/\/blogi.eoppimispalvelut.fi\/monenlaisetoppijat\/wp-json\/wp\/v2\/pages"}],"about":[{"href":"https:\/\/blogi.eoppimispalvelut.fi\/monenlaisetoppijat\/wp-json\/wp\/v2\/types\/page"}],"author":[{"embeddable":true,"href":"https:\/\/blogi.eoppimispalvelut.fi\/monenlaisetoppijat\/wp-json\/wp\/v2\/users\/1612"}],"replies":[{"embeddable":true,"href":"https:\/\/blogi.eoppimispalvelut.fi\/monenlaisetoppijat\/wp-json\/wp\/v2\/comments?post=433"}],"version-history":[{"count":8,"href":"https:\/\/blogi.eoppimispalvelut.fi\/monenlaisetoppijat\/wp-json\/wp\/v2\/pages\/433\/revisions"}],"predecessor-version":[{"id":766,"href":"https:\/\/blogi.eoppimispalvelut.fi\/monenlaisetoppijat\/wp-json\/wp\/v2\/pages\/433\/revisions\/766"}],"up":[{"embeddable":true,"href":"https:\/\/blogi.eoppimispalvelut.fi\/monenlaisetoppijat\/wp-json\/wp\/v2\/pages\/12"}],"wp:attachment":[{"href":"https:\/\/blogi.eoppimispalvelut.fi\/monenlaisetoppijat\/wp-json\/wp\/v2\/media?parent=433"}],"curies":[{"name":"wp","href":"https:\/\/api.w.org\/{rel}","templated":true}]}}