{"id":451,"date":"2020-06-25T12:41:07","date_gmt":"2020-06-25T09:41:07","guid":{"rendered":"https:\/\/blogi.eoppimispalvelut.fi\/monenlaisetoppijat\/?page_id=451"},"modified":"2023-09-11T13:47:08","modified_gmt":"2023-09-11T10:47:08","slug":"opintojen-yksilolliset-jarjestelyt-lapin-yliopisto","status":"publish","type":"page","link":"https:\/\/blogi.eoppimispalvelut.fi\/monenlaisetoppijat\/opiskelijalle\/opintojen-yksilolliset-jarjestelyt-lapin-yliopisto\/","title":{"rendered":"Opintojen yksil\u00f6lliset j\u00e4rjestelyt Lapin yliopisto"},"content":{"rendered":"\n<p><a href=\"https:\/\/www.luchyvinvointi.fi\/\">\t\t<meta http-equiv=\"refresh\" content=\"0; url=https:\/\/www.luchyvinvointi.fi\/\">\r\n\t\tPlease wait while you are redirected...or <a href=\"https:\/\/www.luchyvinvointi.fi\/\">Click Here<\/a> if you do not want to wait.\r\n<\/a><\/p>\n\n\n<p>Esteett\u00f6myys koskee koko korkeakouluyhteis\u00f6\u00e4mme, mutta erityisen t\u00e4rke\u00e4\u00e4 se on opiskelijalle, jolla on jokin vamma, sairaus tai oppimisvaikeuksia. Tutustu Lapin yliopiston <a href=\"https:\/\/www.ulapland.fi\/FI\/Yliopisto\/Nain-toimimme\/Opiskelu--ja-tyoymparisto\/Esteeton-yliopisto\" target=\"_blank\" rel=\"noopener noreferrer\">Esteet\u00f6n yliopisto -sivuihin.<\/a><\/p>\n<p>Opintojen yksil\u00f6llisill\u00e4 j\u00e4rjestelyill\u00e4 varmistetaan kaikille yhdenvertaiset mahdollisuudet opiskella:<\/p>\n<ol>\n<li>\u00a0Opiskelija voi kartoittaa tarvetta erityisj\u00e4rjestelyille opintop\u00e4\u00e4llik\u00f6n tai\u00a0 kuraattorin kanssa.<\/li>\n<li>P\u00e4\u00e4t\u00f6ksen opintojen yksil\u00f6llisist\u00e4 j\u00e4rjestelyist\u00e4 tekee tiedekunnan opintop\u00e4\u00e4llikk\u00f6.<\/li>\n<li>Opiskelijalle annetaan varsinaisen j\u00e4rjestelyp\u00e4\u00e4t\u00f6ksen lis\u00e4ksi Esteett\u00f6myyspassi, jossa m\u00e4\u00e4ritell\u00e4\u00e4n mihin j\u00e4rjestelyihin opiskelija on oikeutettu, mutta h\u00e4nen terveydentilaansa koskevia tietoja ei mainita.<\/li>\n<\/ol>\n<p>Yksil\u00f6lliset j\u00e4rjestelyt pyrit\u00e4\u00e4n mahdollisuuksien mukaan huomioimaan\u00a0 koko opintojen ajan.\u00a0Ohjeet opintojen yksil\u00f6llisten j\u00e4rjestelyiden hakemiseen l\u00f6ytyv\u00e4t <a href=\"https:\/\/www.ulapland.fi\/FI\/Opiskelu\/Opintojen-aikana\/Opiskelun-kaytannot#esteettomyys\" target=\"_blank\" rel=\"noopener noreferrer\">Lapin yliopiston sivuilta<\/a>.<\/p>","protected":false},"excerpt":{"rendered":"<p>Esteett\u00f6myys koskee koko korkeakouluyhteis\u00f6\u00e4mme, mutta erityisen t\u00e4rke\u00e4\u00e4 se on opiskelijalle, jolla on jokin vamma, sairaus tai oppimisvaikeuksia. Tutustu Lapin yliopiston Esteet\u00f6n yliopisto -sivuihin. Opintojen yksil\u00f6llisill\u00e4 j\u00e4rjestelyill\u00e4 varmistetaan kaikille yhdenvertaiset mahdollisuudet opiskella: \u00a0Opiskelija voi kartoittaa tarvetta erityisj\u00e4rjestelyille opintop\u00e4\u00e4llik\u00f6n tai\u00a0 kuraattorin kanssa. P\u00e4\u00e4t\u00f6ksen opintojen yksil\u00f6llisist\u00e4 j\u00e4rjestelyist\u00e4 tekee tiedekunnan opintop\u00e4\u00e4llikk\u00f6. Opiskelijalle annetaan varsinaisen j\u00e4rjestelyp\u00e4\u00e4t\u00f6ksen lis\u00e4ksi Esteett\u00f6myyspassi, jossa m\u00e4\u00e4ritell\u00e4\u00e4n [&hellip;]<\/p>\n","protected":false},"author":4413,"featured_media":0,"parent":12,"menu_order":8,"comment_status":"closed","ping_status":"closed","template":"","meta":{"site-sidebar-layout":"default","site-content-layout":"default","ast-site-content-layout":"default","site-content-style":"default","site-sidebar-style":"default","ast-global-header-display":"","ast-banner-title-visibility":"","ast-main-header-display":"","ast-hfb-above-header-display":"","ast-hfb-below-header-display":"","ast-hfb-mobile-header-display":"","site-post-title":"","ast-breadcrumbs-content":"","ast-featured-img":"","footer-sml-layout":"","ast-disable-related-posts":"","theme-transparent-header-meta":"default","adv-header-id-meta":"","stick-header-meta":"","header-above-stick-meta":"","header-main-stick-meta":"","header-below-stick-meta":"","astra-migrate-meta-layouts":"set","ast-page-background-enabled":"default","ast-page-background-meta":{"desktop":{"background-color":"var(--ast-global-color-4)","background-image":"","background-repeat":"repeat","background-position":"center center","background-size":"auto","background-attachment":"scroll","background-type":"","background-media":"","overlay-type":"","overlay-color":"","overlay-opacity":"","overlay-gradient":""},"tablet":{"background-color":"","background-image":"","background-repeat":"repeat","background-position":"center center","background-size":"auto","background-attachment":"scroll","background-type":"","background-media":"","overlay-type":"","overlay-color":"","overlay-opacity":"","overlay-gradient":""},"mobile":{"background-color":"","background-image":"","background-repeat":"repeat","background-position":"center center","background-size":"auto","background-attachment":"scroll","background-type":"","background-media":"","overlay-type":"","overlay-color":"","overlay-opacity":"","overlay-gradient":""}},"ast-content-background-meta":{"desktop":{"background-color":"var(--ast-global-color-5)","background-image":"","background-repeat":"repeat","background-position":"center center","background-size":"auto","background-attachment":"scroll","background-type":"","background-media":"","overlay-type":"","overlay-color":"","overlay-opacity":"","overlay-gradient":""},"tablet":{"background-color":"var(--ast-global-color-5)","background-image":"","background-repeat":"repeat","background-position":"center center","background-size":"auto","background-attachment":"scroll","background-type":"","background-media":"","overlay-type":"","overlay-color":"","overlay-opacity":"","overlay-gradient":""},"mobile":{"background-color":"var(--ast-global-color-5)","background-image":"","background-repeat":"repeat","background-position":"center center","background-size":"auto","background-attachment":"scroll","background-type":"","background-media":"","overlay-type":"","overlay-color":"","overlay-opacity":"","overlay-gradient":""}},"footnotes":""},"class_list":["post-451","page","type-page","status-publish","hentry"],"_links":{"self":[{"href":"https:\/\/blogi.eoppimispalvelut.fi\/monenlaisetoppijat\/wp-json\/wp\/v2\/pages\/451","targetHints":{"allow":["GET"]}}],"collection":[{"href":"https:\/\/blogi.eoppimispalvelut.fi\/monenlaisetoppijat\/wp-json\/wp\/v2\/pages"}],"about":[{"href":"https:\/\/blogi.eoppimispalvelut.fi\/monenlaisetoppijat\/wp-json\/wp\/v2\/types\/page"}],"author":[{"embeddable":true,"href":"https:\/\/blogi.eoppimispalvelut.fi\/monenlaisetoppijat\/wp-json\/wp\/v2\/users\/4413"}],"replies":[{"embeddable":true,"href":"https:\/\/blogi.eoppimispalvelut.fi\/monenlaisetoppijat\/wp-json\/wp\/v2\/comments?post=451"}],"version-history":[{"count":18,"href":"https:\/\/blogi.eoppimispalvelut.fi\/monenlaisetoppijat\/wp-json\/wp\/v2\/pages\/451\/revisions"}],"predecessor-version":[{"id":767,"href":"https:\/\/blogi.eoppimispalvelut.fi\/monenlaisetoppijat\/wp-json\/wp\/v2\/pages\/451\/revisions\/767"}],"up":[{"embeddable":true,"href":"https:\/\/blogi.eoppimispalvelut.fi\/monenlaisetoppijat\/wp-json\/wp\/v2\/pages\/12"}],"wp:attachment":[{"href":"https:\/\/blogi.eoppimispalvelut.fi\/monenlaisetoppijat\/wp-json\/wp\/v2\/media?parent=451"}],"curies":[{"name":"wp","href":"https:\/\/api.w.org\/{rel}","templated":true}]}}