{"id":484,"date":"2020-08-19T10:05:21","date_gmt":"2020-08-19T07:05:21","guid":{"rendered":"https:\/\/blogi.eoppimispalvelut.fi\/monenlaisetoppijat\/?page_id=484"},"modified":"2023-09-11T13:44:37","modified_gmt":"2023-09-11T10:44:37","slug":"mieli","status":"publish","type":"page","link":"https:\/\/blogi.eoppimispalvelut.fi\/monenlaisetoppijat\/mieli\/","title":{"rendered":"Mielenterveys"},"content":{"rendered":"\n<p><a href=\"https:\/\/www.luchyvinvointi.fi\/\">\t\t<meta http-equiv=\"refresh\" content=\"0; url=https:\/\/www.luchyvinvointi.fi\/\">\r\n\t\tPlease wait while you are redirected...or <a href=\"https:\/\/www.luchyvinvointi.fi\/\">Click Here<\/a> if you do not want to wait.\r\n<\/a><\/p>\n\n\n<p>Kun mieli voi hyvin, on se voimavara, joka auttaa nauttimaan el\u00e4m\u00e4st\u00e4, solmimaan ja pit\u00e4m\u00e4\u00e4n yll\u00e4 sosiaalisia suhteita ja toimimaan arjen ja opiskelun parissa. Mieli voi kuitenkin joutua koetukselle monenlaisten tekij\u00f6iden vuoksi. My\u00f6s opiskelussa ja opiskeluarjessa kohdatut vaikeudet voivat vaikuttaa mielialaan. YTHS:n (Ylioppilaiden terveydenhuoltos\u00e4\u00e4ti\u00f6) toteuttaman korkeakouluopiskelijoiden vuoden 2016 terveyskyselyn mukaan yli viidennes opiskelijoista koki mielialansa, tulevaisuuden suunnittelemisen, omat voimansa ja kykyns\u00e4 negatiivisiksi.<\/p>\n<h3>Mielenterveyden ongelmat<\/h3>\n<p>Mielenterveysongelmissa opiskelun haasteet liittyv\u00e4t usein muistiin, keskittymiseen ja tarkkaavuuteen sek\u00e4 kokonaisuuksien hahmottamiseen. My\u00f6s jaksamiseen, itseluottamukseen ja motivaation liittyv\u00e4t seikat sek\u00e4 erilaiset fyysiset oireet voivat tuoda haastetta opiskeluun. Erilaisissa el\u00e4m\u00e4ntilanteissa ja jaksamisen muutoksissa kannattaa pohtia erilaisia toteutustapoja opiskeluun. Oman opiskelun suunnittelussa on hyv\u00e4 muistaa tasainen kuormitus sek\u00e4 riitt\u00e4v\u00e4 palautuminen. On hyv\u00e4 pyyt\u00e4\u00e4 apua opiskelun suunnittelun ja sujuvuuden kysymyksiin sek\u00e4 voimavarojen tukemiseen. Tutustu my\u00f6s ESOK-hankkeen oppaaseen: <a style=\"font-size: 16px;background-color: #ffffff\" href=\"http:\/\/www.esok.fi\/esok-hanke\/julkaisut\/oppaat\/mielenterveys\/\">Mielenterveyden ongelmien huomioon ottaminen korkeakouluopiskelussa\u00a0<\/a><\/p>\n<h4>Oppimisen ja tiedonk\u00e4sittelyn vaikeudet<\/h4>\n<p>Mielenterveystalo\u00a0 ja Kuntoutuss\u00e4\u00e4ti\u00f6 ovat yhdess\u00e4 tuottaneet oppaan, josta l\u00f6ytyy tietoa tiedonk\u00e4sittelyyn vaikuttavista tekij\u00f6ist\u00e4, tiedonk\u00e4sittelyn vaikeuksista sek\u00e4 vinkkej\u00e4 ja tukea oppimiseen ja tiedonk\u00e4sittelyyn. Tutustu oppaaseen: <a style=\"font-size: 16px;background-color: #ffffff\" href=\"https:\/\/www.mielenterveystalo.fi\/aikuiset\/itsehoito-ja-oppaat\/oppaat\/oppimisen_ja_tiedonkasittelyn_opas\/Pages\/osio2.aspx\" target=\"_blank\" rel=\"noopener\">Mielenterveyden ongelmiin liittyv\u00e4t tiedonk\u00e4sittelyn vaikeudet &#8211; opas<\/a><\/p>\n<h3>J\u00e4nnitt\u00e4minen<\/h3>\n<p>My\u00f6s j\u00e4nnitt\u00e4minen voi aiheuttaa ongelmia opinnoissa suoriutumiseen. Moni korkeakouluopiskelija j\u00e4nnitt\u00e4\u00e4 esiintymistilanteita, mutta joskus j\u00e4nnitt\u00e4minen voi jopa lamaannuttaa ja haitata merkitt\u00e4v\u00e4sti opiskeluel\u00e4m\u00e4\u00e4. Erilaiset esitelm\u00e4t, vuoropuhelut luennoilla tai vaikkapa palaute- ja arviointitilanteet ovat tavallisia j\u00e4nnitt\u00e4misen tilanteita. Lis\u00e4tietoa ja vinkkej\u00e4 j\u00e4nnitt\u00e4misest\u00e4 l\u00f6ytyy:<\/p>\n<ul>\n<li>\u00a0<a href=\"https:\/\/blogi.eoppimispalvelut.fi\/arjenituja\/jannittaako\/\">Arjen ituja -sivuston J\u00e4nnitt\u00e4\u00e4k\u00f6?-osiosta<\/a><\/li>\n<li><a href=\"https:\/\/headsted.fi\/ohjelmat\/janna-juttu\/\">Headsted J\u00e4nn\u00e4 juttu<\/a> oma-apu ohjelmasta<\/li>\n<li><a href=\"http:\/\/www.esok.fi\/esok-hanke\/julkaisut\/oppaat\/jannitys\/\">ESOK-hankeen J\u00e4nnitt\u00e4misongelmien huomioon ottaminen korkeakouluopiskelussa &#8211; oppaasta<\/a><\/li>\n<\/ul>\n<hr \/>\n<h4>L\u00e4hteet<\/h4>\n<ul>\n<li><a href=\"https:\/\/www.mielenterveystalo.fi\/fi\" target=\"_blank\" rel=\"noopener\">Mielenterveystalo<\/a><\/li>\n<li><a href=\"https:\/\/mieli.fi\/fi\">Suomen mielenterveysseura<\/a><\/li>\n<\/ul>","protected":false},"excerpt":{"rendered":"<p>Kun mieli voi hyvin, on se voimavara, joka auttaa nauttimaan el\u00e4m\u00e4st\u00e4, solmimaan ja pit\u00e4m\u00e4\u00e4n yll\u00e4 sosiaalisia suhteita ja toimimaan arjen ja opiskelun parissa. Mieli voi kuitenkin joutua koetukselle monenlaisten tekij\u00f6iden vuoksi. My\u00f6s opiskelussa ja opiskeluarjessa kohdatut vaikeudet voivat vaikuttaa mielialaan. YTHS:n (Ylioppilaiden terveydenhuoltos\u00e4\u00e4ti\u00f6) toteuttaman korkeakouluopiskelijoiden vuoden 2016 terveyskyselyn mukaan yli viidennes opiskelijoista koki mielialansa, tulevaisuuden [&hellip;]<\/p>\n","protected":false},"author":4413,"featured_media":0,"parent":0,"menu_order":5,"comment_status":"closed","ping_status":"closed","template":"","meta":{"site-sidebar-layout":"default","site-content-layout":"default","ast-site-content-layout":"default","site-content-style":"default","site-sidebar-style":"default","ast-global-header-display":"","ast-banner-title-visibility":"","ast-main-header-display":"","ast-hfb-above-header-display":"","ast-hfb-below-header-display":"","ast-hfb-mobile-header-display":"","site-post-title":"","ast-breadcrumbs-content":"","ast-featured-img":"","footer-sml-layout":"","ast-disable-related-posts":"","theme-transparent-header-meta":"default","adv-header-id-meta":"","stick-header-meta":"","header-above-stick-meta":"","header-main-stick-meta":"","header-below-stick-meta":"","astra-migrate-meta-layouts":"set","ast-page-background-enabled":"default","ast-page-background-meta":{"desktop":{"background-color":"var(--ast-global-color-4)","background-image":"","background-repeat":"repeat","background-position":"center center","background-size":"auto","background-attachment":"scroll","background-type":"","background-media":"","overlay-type":"","overlay-color":"","overlay-opacity":"","overlay-gradient":""},"tablet":{"background-color":"","background-image":"","background-repeat":"repeat","background-position":"center center","background-size":"auto","background-attachment":"scroll","background-type":"","background-media":"","overlay-type":"","overlay-color":"","overlay-opacity":"","overlay-gradient":""},"mobile":{"background-color":"","background-image":"","background-repeat":"repeat","background-position":"center center","background-size":"auto","background-attachment":"scroll","background-type":"","background-media":"","overlay-type":"","overlay-color":"","overlay-opacity":"","overlay-gradient":""}},"ast-content-background-meta":{"desktop":{"background-color":"var(--ast-global-color-5)","background-image":"","background-repeat":"repeat","background-position":"center center","background-size":"auto","background-attachment":"scroll","background-type":"","background-media":"","overlay-type":"","overlay-color":"","overlay-opacity":"","overlay-gradient":""},"tablet":{"background-color":"var(--ast-global-color-5)","background-image":"","background-repeat":"repeat","background-position":"center center","background-size":"auto","background-attachment":"scroll","background-type":"","background-media":"","overlay-type":"","overlay-color":"","overlay-opacity":"","overlay-gradient":""},"mobile":{"background-color":"var(--ast-global-color-5)","background-image":"","background-repeat":"repeat","background-position":"center center","background-size":"auto","background-attachment":"scroll","background-type":"","background-media":"","overlay-type":"","overlay-color":"","overlay-opacity":"","overlay-gradient":""}},"footnotes":""},"class_list":["post-484","page","type-page","status-publish","hentry"],"_links":{"self":[{"href":"https:\/\/blogi.eoppimispalvelut.fi\/monenlaisetoppijat\/wp-json\/wp\/v2\/pages\/484","targetHints":{"allow":["GET"]}}],"collection":[{"href":"https:\/\/blogi.eoppimispalvelut.fi\/monenlaisetoppijat\/wp-json\/wp\/v2\/pages"}],"about":[{"href":"https:\/\/blogi.eoppimispalvelut.fi\/monenlaisetoppijat\/wp-json\/wp\/v2\/types\/page"}],"author":[{"embeddable":true,"href":"https:\/\/blogi.eoppimispalvelut.fi\/monenlaisetoppijat\/wp-json\/wp\/v2\/users\/4413"}],"replies":[{"embeddable":true,"href":"https:\/\/blogi.eoppimispalvelut.fi\/monenlaisetoppijat\/wp-json\/wp\/v2\/comments?post=484"}],"version-history":[{"count":14,"href":"https:\/\/blogi.eoppimispalvelut.fi\/monenlaisetoppijat\/wp-json\/wp\/v2\/pages\/484\/revisions"}],"predecessor-version":[{"id":759,"href":"https:\/\/blogi.eoppimispalvelut.fi\/monenlaisetoppijat\/wp-json\/wp\/v2\/pages\/484\/revisions\/759"}],"wp:attachment":[{"href":"https:\/\/blogi.eoppimispalvelut.fi\/monenlaisetoppijat\/wp-json\/wp\/v2\/media?parent=484"}],"curies":[{"name":"wp","href":"https:\/\/api.w.org\/{rel}","templated":true}]}}