{"id":659,"date":"2021-12-22T17:34:57","date_gmt":"2021-12-22T15:34:57","guid":{"rendered":"https:\/\/blogi.eoppimispalvelut.fi\/monenlaisetoppijat\/?page_id=659"},"modified":"2023-09-11T13:45:20","modified_gmt":"2023-09-11T10:45:20","slug":"kuntoutus","status":"publish","type":"page","link":"https:\/\/blogi.eoppimispalvelut.fi\/monenlaisetoppijat\/opiskelijalle\/kuntoutus\/","title":{"rendered":"Kuntoutus"},"content":{"rendered":"\n<p><a href=\"https:\/\/www.luchyvinvointi.fi\/\">\t\t<meta http-equiv=\"refresh\" content=\"0; url=https:\/\/www.luchyvinvointi.fi\/\">\r\n\t\tPlease wait while you are redirected...or <a href=\"https:\/\/www.luchyvinvointi.fi\/\">Click Here<\/a> if you do not want to wait.\r\n<\/a><\/p>\n\n\n<p>Kuntoutus voi auttaa, jos sairaus tai vamma vaikeuttaa opiskeluasi tai itsen\u00e4ist\u00e4 selviytymist\u00e4si. Kuntoutusta j\u00e4rjes\u00e4v\u00e4t Kela tai esimerkiksi julkinen terveydenhuolto, kunnan sosiaalipalvelut ja vammaisj\u00e4rjest\u00f6t. Kuntoutuksen tavoitteena voi olla mm. toimintakyvyn yll\u00e4pit\u00e4minen tai palauttaminen, opintojen loppuunsaattaminen tai sopeutuminen el\u00e4m\u00e4\u00e4n sairauden tai vamman kanssa. Itse kuntoutus voi olla vaikkapa kuntoutuspsykoterapiaa, koulutusta, kuntoutus- ja sopeutumisvalmennuskursseja tai erilaisia terapioita. Lis\u00e4tietoa: <a style=\"font-size: 16px;background-color: #ffffff\" href=\"https:\/\/www.kela.fi\/kuntoutus-pikaopas#1\" target=\"_blank\" rel=\"noopener\">Kelan kuntoutuksen pikaoppaasta<\/a><\/p>\n<p>Lis\u00e4tietoa erilaisista Kelan tukimuodoista opiskeluun, sairauden tai vamman kanssa el\u00e4miseen sek\u00e4 taloudelliseen tukeen l\u00f6yd\u00e4t:<\/p>\n<ul>\n<li>Kelan <a href=\"https:\/\/www.kela.fi\/kuntoutus\" target=\"_blank\" rel=\"noopener\">Kuntoutus-sivulta<\/a><\/li>\n<li>Kelan <a href=\"https:\/\/www.kela.fi\/asiakaspalvelu\" target=\"_blank\" rel=\"noopener\">asiakaspalvelusta<\/a><\/li>\n<\/ul>\n<p>&nbsp;<\/p>\n<p>&nbsp;<\/p>","protected":false},"excerpt":{"rendered":"<p>Kuntoutus voi auttaa, jos sairaus tai vamma vaikeuttaa opiskeluasi tai itsen\u00e4ist\u00e4 selviytymist\u00e4si. Kuntoutusta j\u00e4rjes\u00e4v\u00e4t Kela tai esimerkiksi julkinen terveydenhuolto, kunnan sosiaalipalvelut ja vammaisj\u00e4rjest\u00f6t. Kuntoutuksen tavoitteena voi olla mm. toimintakyvyn yll\u00e4pit\u00e4minen tai palauttaminen, opintojen loppuunsaattaminen tai sopeutuminen el\u00e4m\u00e4\u00e4n sairauden tai vamman kanssa. Itse kuntoutus voi olla vaikkapa kuntoutuspsykoterapiaa, koulutusta, kuntoutus- ja sopeutumisvalmennuskursseja tai erilaisia terapioita. Lis\u00e4tietoa: [&hellip;]<\/p>\n","protected":false},"author":1612,"featured_media":0,"parent":12,"menu_order":0,"comment_status":"closed","ping_status":"closed","template":"","meta":{"site-sidebar-layout":"default","site-content-layout":"default","ast-site-content-layout":"default","site-content-style":"default","site-sidebar-style":"default","ast-global-header-display":"","ast-banner-title-visibility":"","ast-main-header-display":"","ast-hfb-above-header-display":"","ast-hfb-below-header-display":"","ast-hfb-mobile-header-display":"","site-post-title":"","ast-breadcrumbs-content":"","ast-featured-img":"","footer-sml-layout":"","ast-disable-related-posts":"","theme-transparent-header-meta":"default","adv-header-id-meta":"","stick-header-meta":"","header-above-stick-meta":"","header-main-stick-meta":"","header-below-stick-meta":"","astra-migrate-meta-layouts":"set","ast-page-background-enabled":"default","ast-page-background-meta":{"desktop":{"background-color":"var(--ast-global-color-4)","background-image":"","background-repeat":"repeat","background-position":"center center","background-size":"auto","background-attachment":"scroll","background-type":"","background-media":"","overlay-type":"","overlay-color":"","overlay-opacity":"","overlay-gradient":""},"tablet":{"background-color":"","background-image":"","background-repeat":"repeat","background-position":"center center","background-size":"auto","background-attachment":"scroll","background-type":"","background-media":"","overlay-type":"","overlay-color":"","overlay-opacity":"","overlay-gradient":""},"mobile":{"background-color":"","background-image":"","background-repeat":"repeat","background-position":"center center","background-size":"auto","background-attachment":"scroll","background-type":"","background-media":"","overlay-type":"","overlay-color":"","overlay-opacity":"","overlay-gradient":""}},"ast-content-background-meta":{"desktop":{"background-color":"var(--ast-global-color-5)","background-image":"","background-repeat":"repeat","background-position":"center center","background-size":"auto","background-attachment":"scroll","background-type":"","background-media":"","overlay-type":"","overlay-color":"","overlay-opacity":"","overlay-gradient":""},"tablet":{"background-color":"var(--ast-global-color-5)","background-image":"","background-repeat":"repeat","background-position":"center center","background-size":"auto","background-attachment":"scroll","background-type":"","background-media":"","overlay-type":"","overlay-color":"","overlay-opacity":"","overlay-gradient":""},"mobile":{"background-color":"var(--ast-global-color-5)","background-image":"","background-repeat":"repeat","background-position":"center center","background-size":"auto","background-attachment":"scroll","background-type":"","background-media":"","overlay-type":"","overlay-color":"","overlay-opacity":"","overlay-gradient":""}},"footnotes":""},"class_list":["post-659","page","type-page","status-publish","hentry"],"_links":{"self":[{"href":"https:\/\/blogi.eoppimispalvelut.fi\/monenlaisetoppijat\/wp-json\/wp\/v2\/pages\/659","targetHints":{"allow":["GET"]}}],"collection":[{"href":"https:\/\/blogi.eoppimispalvelut.fi\/monenlaisetoppijat\/wp-json\/wp\/v2\/pages"}],"about":[{"href":"https:\/\/blogi.eoppimispalvelut.fi\/monenlaisetoppijat\/wp-json\/wp\/v2\/types\/page"}],"author":[{"embeddable":true,"href":"https:\/\/blogi.eoppimispalvelut.fi\/monenlaisetoppijat\/wp-json\/wp\/v2\/users\/1612"}],"replies":[{"embeddable":true,"href":"https:\/\/blogi.eoppimispalvelut.fi\/monenlaisetoppijat\/wp-json\/wp\/v2\/comments?post=659"}],"version-history":[{"count":3,"href":"https:\/\/blogi.eoppimispalvelut.fi\/monenlaisetoppijat\/wp-json\/wp\/v2\/pages\/659\/revisions"}],"predecessor-version":[{"id":761,"href":"https:\/\/blogi.eoppimispalvelut.fi\/monenlaisetoppijat\/wp-json\/wp\/v2\/pages\/659\/revisions\/761"}],"up":[{"embeddable":true,"href":"https:\/\/blogi.eoppimispalvelut.fi\/monenlaisetoppijat\/wp-json\/wp\/v2\/pages\/12"}],"wp:attachment":[{"href":"https:\/\/blogi.eoppimispalvelut.fi\/monenlaisetoppijat\/wp-json\/wp\/v2\/media?parent=659"}],"curies":[{"name":"wp","href":"https:\/\/api.w.org\/{rel}","templated":true}]}}