{"id":85,"date":"2019-05-23T11:19:56","date_gmt":"2019-05-23T08:19:56","guid":{"rendered":"https:\/\/blogi.eoppimispalvelut.fi\/monenlaisetoppijat\/?page_id=85"},"modified":"2023-09-11T13:42:20","modified_gmt":"2023-09-11T10:42:20","slug":"autismin-kirjo","status":"publish","type":"page","link":"https:\/\/blogi.eoppimispalvelut.fi\/monenlaisetoppijat\/neuropsykiatriset\/autismin-kirjo\/","title":{"rendered":"Autismikirjo"},"content":{"rendered":"\n<p><a href=\"https:\/\/www.luchyvinvointi.fi\/\">\t\t<meta http-equiv=\"refresh\" content=\"0; url=https:\/\/www.luchyvinvointi.fi\/\">\n\t\t\t\tPlease wait while you are redirected...or <a href=\"https:\/\/www.luchyvinvointi.fi\/\">Click Here<\/a> if you do not want to wait.\n\t\t\t\t<\/a><\/p>\n\n\n<p>Autismi tarkoittaa yhdistelm\u00e4\u00e4 synnynn\u00e4isi\u00e4 ominaisuuksia, jotka vaikuttavat siihen, miten ihminen viestii ja on vuorovaikutuksessa muiden kanssa, sek\u00e4 my\u00f6s siihen, miten h\u00e4n aistii ja kokee ymp\u00e4r\u00f6iv\u00e4n maailman. Autismikirjon oireyhtym\u00e4n ilmeneminen on hyvin yksil\u00f6llist\u00e4. My\u00f6s sen aiheuttamat toimintarajoitteet ovat yksil\u00f6llisi\u00e4 ja vaihtelevia. Jotkut pystyv\u00e4t el\u00e4m\u00e4\u00e4n hyvin itsen\u00e4isesti. Toiset taas voivat tarvita vahvaa tukea l\u00e4pi el\u00e4m\u00e4ns\u00e4. Autismikirjon henkil\u00f6iden k\u00e4ytt\u00e4ytymisess\u00e4 on kuitenkin n\u00e4ht\u00e4viss\u00e4 yhteisi\u00e4 piirteit\u00e4:<\/p>\n<ul>\n<li>aistis\u00e4\u00e4telyyn liittyvi\u00e4 erityispiirteit\u00e4, kuten yli- ja aliherkkyyksi\u00e4 \u00e4\u00e4niin, valoon, kosketukseen, hajuihin, makuihin ja v\u00e4reihin,<\/li>\n<li>ajattelua tai k\u00e4yt\u00f6st\u00e4, joka vaikuttaa j\u00e4yk\u00e4lt\u00e4 tai toistavalta,<\/li>\n<li>vaikeutta ymm\u00e4rt\u00e4\u00e4 sosiaalista vuorovaikutusta,<\/li>\n<li>keskittymisvaikeuksia,<\/li>\n<li>ep\u00e4tavallista tiedonk\u00e4sittely\u00e4 sek\u00e4<\/li>\n<li>erityist\u00e4 stressiherkkyytt\u00e4.<\/li>\n<\/ul>\n<p class=\"has-background\">Autismikirjon henkil\u00f6iden vahvuuksia ovat mm.<\/p>\n<ul>\n<li>\u200bhyv\u00e4 yksityiskohtien havaitseminen,<\/li>\n<li>keskittymiskyky erityisiin mielenkiinnon kohteisiin,<\/li>\n<li>keinoja ep\u00e4tavalliseen ongelmaratkaisuun,<\/li>\n<li>taitoa huomata virheit\u00e4, jotka voivat j\u00e4\u00e4d\u00e4 muilta huomaamatta sek\u00e4<\/li>\n<li>hyv\u00e4 oikeudentaju<\/li>\n<\/ul>\n<h3>Autismikirjo ja opiskelu<\/h3>\n<p>Moni autismikirjoinen opiskelija voi tarvita tukea sek\u00e4 arjen perusasioissa, ett\u00e4 opiskelussa. On kuitenkin muistettava, ett\u00e4 tuen tarve on yksil\u00f6llist\u00e4. T\u00e4m\u00e4n vuoksi on t\u00e4rke\u00e4\u00e4 kuulla opiskelijan toiveet ja kartoittaa h\u00e4nen tarpeensa yhdess\u00e4 opiskelijan kanssa.<\/p>\n<p>Useimmilla liittyminen opiskeluyhteis\u00f6\u00f6n ja uusien yst\u00e4vien saaminen voi olla haastavaa, joten t\u00e4h\u00e4n olisi syyt\u00e4 panostaa. Koska ajattelun ja toiminnan joustavuus voi olla rajallista s\u00e4\u00e4nt\u00f6jen ja rutiinien tarve korostuu. My\u00f6s muutoksiin sopeutuminen on vaikeaa ja kynnys teht\u00e4vien aloittamiseen, mutta my\u00f6s lopettamiseen voi olla korkea. T\u00e4ll\u00f6in korostuvat mm. opiskelusuunnitelman t\u00e4rkeys sek\u00e4 tuki teht\u00e4vien aloittamisessa, mutta my\u00f6s palauttamisessa. Autismikirjon opiskelija tarvitsee siis erityisesti tukea opintojensa alussa, uusissa ymp\u00e4rist\u00f6iss\u00e4 sek\u00e4 muuttuneissa el\u00e4m\u00e4ntilanteissa.<\/p>\n<p>Autismikirjon henkil\u00f6t kokevat usein enemm\u00e4n stressi\u00e4. Jopa pieni muutos aikatauluissa tai j\u00e4rjestelyiss\u00e4 voi lis\u00e4t\u00e4 stressi\u00e4 huomattavasti.\u00a0\u00a0Selke\u00e4 rakenne, lukuj\u00e4rjestys ja suoritusvaatimukset auttavat opiskelussa. Aistiyliherkkyys taas voi vaikeuttaa keskittymist\u00e4 ja kuullun ymm\u00e4rt\u00e4mist\u00e4. Esimerkiksi meluisat ja kaikuvat tilat sek\u00e4 kirkkaat valot ja voimakkaat tuoksut h\u00e4iritsev\u00e4t herk\u00e4sti keskittymist\u00e4.<\/p>\n<p>Lis\u00e4tietoa:<\/p>\n<ul>\n<li><a href=\"https:\/\/www.autismiliitto.fi\/\" target=\"_blank\" rel=\"noopener\">Autismiliitto<\/a><\/li>\n<li>Autism&amp;Uni. <a href=\"https:\/\/www.autismiliitto.fi\/files\/2034\/AutismUni_Finnish_Best_Practice_Guide_02.pdf\" target=\"_blank\" rel=\"noopener\">Hyvien k\u00e4yt\u00e4nt\u00f6jen opas opettajille<\/a><\/li>\n<li>ESOK-hanke. <a href=\"http:\/\/www.esok.fi\/esok-hanke\/julkaisut\/oppaat\/asperger\/\" target=\"_blank\" rel=\"noopener\">Aspergerin oireyhtym\u00e4n huomioon ottaminen korkeakouluopiskelussa<\/a><\/li>\n<\/ul>\n<h3>Askel aikuisuuteen -projekti<\/h3>\n<p style=\"font-weight: 400\">Jatko-opintoihin siirtyminen toisen asteen opintojen j\u00e4lkeen voi olla haasteellisita autismikirjon nuorille. T\u00e4h\u00e4n muutoksen kohtaan liittyy usein my\u00f6s muutto omaan asuntoon ja vastuun ottaminen omasta arjesta. <span style=\"font-size: 16px;font-weight: 400\">Nuoret tarvitsevatkin erilaisia taitoja ja valmiuksia, kun he itsen\u00e4istyv\u00e4t ja hakevat jatko-opintoihin. Autismiliiton Askel aikuisuuteen projekti on tehnyt <\/span>verkkosivuston, joka sis\u00e4lt\u00e4\u00e4 tietoa ja materiaalia autismikirjon nuorille, heid\u00e4n vanhemmilleen ja ammattilaisille. Lue lis\u00e4\u00e4: <a href=\"https:\/\/askelaikuisuuteen.fi\/\" target=\"_blank\" rel=\"noopener\">Askel aikuisuuteen verkkosivut<\/a><\/p>\n<hr \/>\n<h3>L\u00e4hteet<\/h3>\n<ul>\n<li><span style=\"color: #00ccff\"><a style=\"color: #00ccff\" href=\"https:\/\/www.autismiliitto.fi\/autismikirjo\" target=\"_blank\" rel=\"noopener noreferrer\">Autismiliitto<\/a><\/span><\/li>\n<li><a href=\"https:\/\/www.autismiliitto.fi\/files\/2034\/AutismUni_Finnish_Best_Practice_Guide_02.pdf\" target=\"_blank\" rel=\"noopener noreferrer\"><span style=\"color: #00ccff\">Autism&amp;uni<\/span> \u2013 <span style=\"color: #00ccff\">Hyvi\u00e4 k\u00e4yt\u00e4nt\u00f6j\u00e4 opiskelijoita tukeville ammattilaisille korkeakouluissa<\/span><\/a><\/li>\n<\/ul>","protected":false},"excerpt":{"rendered":"<p>Autismi tarkoittaa yhdistelm\u00e4\u00e4 synnynn\u00e4isi\u00e4 ominaisuuksia, jotka vaikuttavat siihen, miten ihminen viestii ja on vuorovaikutuksessa muiden kanssa, sek\u00e4 my\u00f6s siihen, miten h\u00e4n aistii ja kokee ymp\u00e4r\u00f6iv\u00e4n maailman. Autismikirjon oireyhtym\u00e4n ilmeneminen on hyvin yksil\u00f6llist\u00e4. My\u00f6s sen aiheuttamat toimintarajoitteet ovat yksil\u00f6llisi\u00e4 ja vaihtelevia. Jotkut pystyv\u00e4t el\u00e4m\u00e4\u00e4n hyvin itsen\u00e4isesti. Toiset taas voivat tarvita vahvaa tukea l\u00e4pi el\u00e4m\u00e4ns\u00e4. Autismikirjon henkil\u00f6iden [&hellip;]<\/p>\n","protected":false},"author":3742,"featured_media":0,"parent":9,"menu_order":0,"comment_status":"closed","ping_status":"closed","template":"","meta":{"site-sidebar-layout":"default","site-content-layout":"default","ast-site-content-layout":"default","site-content-style":"default","site-sidebar-style":"default","ast-global-header-display":"","ast-banner-title-visibility":"","ast-main-header-display":"","ast-hfb-above-header-display":"","ast-hfb-below-header-display":"","ast-hfb-mobile-header-display":"","site-post-title":"","ast-breadcrumbs-content":"","ast-featured-img":"","footer-sml-layout":"","ast-disable-related-posts":"","theme-transparent-header-meta":"default","adv-header-id-meta":"","stick-header-meta":"","header-above-stick-meta":"","header-main-stick-meta":"","header-below-stick-meta":"","astra-migrate-meta-layouts":"set","ast-page-background-enabled":"default","ast-page-background-meta":{"desktop":{"background-color":"var(--ast-global-color-4)","background-image":"","background-repeat":"repeat","background-position":"center center","background-size":"auto","background-attachment":"scroll","background-type":"","background-media":"","overlay-type":"","overlay-color":"","overlay-opacity":"","overlay-gradient":""},"tablet":{"background-color":"","background-image":"","background-repeat":"repeat","background-position":"center center","background-size":"auto","background-attachment":"scroll","background-type":"","background-media":"","overlay-type":"","overlay-color":"","overlay-opacity":"","overlay-gradient":""},"mobile":{"background-color":"","background-image":"","background-repeat":"repeat","background-position":"center center","background-size":"auto","background-attachment":"scroll","background-type":"","background-media":"","overlay-type":"","overlay-color":"","overlay-opacity":"","overlay-gradient":""}},"ast-content-background-meta":{"desktop":{"background-color":"var(--ast-global-color-5)","background-image":"","background-repeat":"repeat","background-position":"center center","background-size":"auto","background-attachment":"scroll","background-type":"","background-media":"","overlay-type":"","overlay-color":"","overlay-opacity":"","overlay-gradient":""},"tablet":{"background-color":"var(--ast-global-color-5)","background-image":"","background-repeat":"repeat","background-position":"center center","background-size":"auto","background-attachment":"scroll","background-type":"","background-media":"","overlay-type":"","overlay-color":"","overlay-opacity":"","overlay-gradient":""},"mobile":{"background-color":"var(--ast-global-color-5)","background-image":"","background-repeat":"repeat","background-position":"center center","background-size":"auto","background-attachment":"scroll","background-type":"","background-media":"","overlay-type":"","overlay-color":"","overlay-opacity":"","overlay-gradient":""}},"footnotes":""},"class_list":["post-85","page","type-page","status-publish","hentry"],"_links":{"self":[{"href":"https:\/\/blogi.eoppimispalvelut.fi\/monenlaisetoppijat\/wp-json\/wp\/v2\/pages\/85","targetHints":{"allow":["GET"]}}],"collection":[{"href":"https:\/\/blogi.eoppimispalvelut.fi\/monenlaisetoppijat\/wp-json\/wp\/v2\/pages"}],"about":[{"href":"https:\/\/blogi.eoppimispalvelut.fi\/monenlaisetoppijat\/wp-json\/wp\/v2\/types\/page"}],"author":[{"embeddable":true,"href":"https:\/\/blogi.eoppimispalvelut.fi\/monenlaisetoppijat\/wp-json\/wp\/v2\/users\/3742"}],"replies":[{"embeddable":true,"href":"https:\/\/blogi.eoppimispalvelut.fi\/monenlaisetoppijat\/wp-json\/wp\/v2\/comments?post=85"}],"version-history":[{"count":12,"href":"https:\/\/blogi.eoppimispalvelut.fi\/monenlaisetoppijat\/wp-json\/wp\/v2\/pages\/85\/revisions"}],"predecessor-version":[{"id":752,"href":"https:\/\/blogi.eoppimispalvelut.fi\/monenlaisetoppijat\/wp-json\/wp\/v2\/pages\/85\/revisions\/752"}],"up":[{"embeddable":true,"href":"https:\/\/blogi.eoppimispalvelut.fi\/monenlaisetoppijat\/wp-json\/wp\/v2\/pages\/9"}],"wp:attachment":[{"href":"https:\/\/blogi.eoppimispalvelut.fi\/monenlaisetoppijat\/wp-json\/wp\/v2\/media?parent=85"}],"curies":[{"name":"wp","href":"https:\/\/api.w.org\/{rel}","templated":true}]}}