{"id":89,"date":"2019-05-23T11:21:19","date_gmt":"2019-05-23T08:21:19","guid":{"rendered":"https:\/\/blogi.eoppimispalvelut.fi\/monenlaisetoppijat\/?page_id=89"},"modified":"2023-09-11T13:42:38","modified_gmt":"2023-09-11T10:42:38","slug":"tourette","status":"publish","type":"page","link":"https:\/\/blogi.eoppimispalvelut.fi\/monenlaisetoppijat\/neuropsykiatriset\/tourette\/","title":{"rendered":"Tourette"},"content":{"rendered":"\n<p><a href=\"https:\/\/www.luchyvinvointi.fi\/\">\t\t<meta http-equiv=\"refresh\" content=\"0; url=https:\/\/www.luchyvinvointi.fi\/\">\r\n\t\tPlease wait while you are redirected...or <a href=\"https:\/\/www.luchyvinvointi.fi\/\">Click Here<\/a> if you do not want to wait.\r\n<\/a><\/p>\n\n\n<p>Touretten oireyhtym\u00e4 on useimmiten lapsuudessa tai nuoruudessa alkava neuropsykiatrinen oireyhtym\u00e4. Sen tunnusomainen piirre ovat ns. tic-oireet. Oireissa voi olla kuitenkin suurta vaihtelua ja valtaosalla oireet lievenev\u00e4t aikuisi\u00e4ll\u00e4. Tahdottomat lihasnyk\u00e4ykset ja \u00e4\u00e4nn\u00e4hdykset perustuvat liikkeit\u00e4 s\u00e4\u00e4televien hermoverkkojen toiminnan h\u00e4iri\u00f6\u00f6n, eik\u00e4 kyseess\u00e4 ole psykiatrinen tai psyykkisiin ongelmiin perustuva h\u00e4iri\u00f6. Stressi ja j\u00e4nnittyneisyys voivat kuitenkin lis\u00e4t\u00e4 oireiden voimakkuutta. Motorisia tic-oireita voivat olla esimerkiksi silm\u00e4n r\u00e4psytykset, olkap\u00e4iden nykiminen, sormien liikkeet tai ilmeily. \u00c4\u00e4nelliset tic-oireet voivat olla luonteeltaan hyvinkin erilaisia, tahdottomia sanoja, naksahduksia, maiskutuksia tai esimerkiksi ysk\u00e4hdyksi\u00e4.<\/p>\n<p>Lis\u00e4tietoa: <a href=\"https:\/\/tourette.fi\/\" target=\"_blank\" rel=\"noopener\">Suomen Tourette- ja ocd-yhdistys<\/a><\/p>\n<h3>Tourette ja opiskelu<\/h3>\n<p>Sujuvan opiskelun n\u00e4k\u00f6kulmasta on merkitt\u00e4v\u00e4\u00e4, ett\u00e4 jokainen saa olla oma itsens\u00e4 ja oppia itselle mielekk\u00e4\u00e4ll\u00e4 tavalla. Opiskelun suunnitteluun ja opiskelun sujuvuuteen liittyviin kysymyksiin on mahdollista saada my\u00f6s tarvittaessa tukea. Tutustu my\u00f6s <a href=\"https:\/\/blogi.eoppimispalvelut.fi\/monenlaisetoppijat\/neuropsykiatriset\/tourette\/?preview_id=89&amp;preview_nonce=e72ec71409&amp;_thumbnail_id=-1&amp;preview=true\" target=\"_blank\" rel=\"noopener\">opiskelijan tarinaan<\/a>.<\/p>\n<hr \/>\n<h3>L\u00e4hteet<\/h3>\n<ul>\n<li><a href=\"https:\/\/www.terveyskirjasto.fi\/terveyskirjasto\/tk.koti?p_artikkeli=dlk00524\" target=\"_blank\" rel=\"noopener noreferrer\"><span style=\"color: #00ccff\">Nykimish\u00e4iri\u00f6t (Touretten oireyhtym\u00e4), L\u00e4\u00e4k\u00e4rikirja Duodecim<\/span><\/a><\/li>\n<\/ul>\n<p>&nbsp;<\/p>","protected":false},"excerpt":{"rendered":"<p>Touretten oireyhtym\u00e4 on useimmiten lapsuudessa tai nuoruudessa alkava neuropsykiatrinen oireyhtym\u00e4. Sen tunnusomainen piirre ovat ns. tic-oireet. Oireissa voi olla kuitenkin suurta vaihtelua ja valtaosalla oireet lievenev\u00e4t aikuisi\u00e4ll\u00e4. Tahdottomat lihasnyk\u00e4ykset ja \u00e4\u00e4nn\u00e4hdykset perustuvat liikkeit\u00e4 s\u00e4\u00e4televien hermoverkkojen toiminnan h\u00e4iri\u00f6\u00f6n, eik\u00e4 kyseess\u00e4 ole psykiatrinen tai psyykkisiin ongelmiin perustuva h\u00e4iri\u00f6. Stressi ja j\u00e4nnittyneisyys voivat kuitenkin lis\u00e4t\u00e4 oireiden voimakkuutta. Motorisia [&hellip;]<\/p>\n","protected":false},"author":3742,"featured_media":0,"parent":9,"menu_order":0,"comment_status":"closed","ping_status":"closed","template":"","meta":{"site-sidebar-layout":"default","site-content-layout":"default","ast-site-content-layout":"default","site-content-style":"default","site-sidebar-style":"default","ast-global-header-display":"","ast-banner-title-visibility":"","ast-main-header-display":"","ast-hfb-above-header-display":"","ast-hfb-below-header-display":"","ast-hfb-mobile-header-display":"","site-post-title":"","ast-breadcrumbs-content":"","ast-featured-img":"","footer-sml-layout":"","ast-disable-related-posts":"","theme-transparent-header-meta":"default","adv-header-id-meta":"","stick-header-meta":"","header-above-stick-meta":"","header-main-stick-meta":"","header-below-stick-meta":"","astra-migrate-meta-layouts":"set","ast-page-background-enabled":"default","ast-page-background-meta":{"desktop":{"background-color":"var(--ast-global-color-4)","background-image":"","background-repeat":"repeat","background-position":"center center","background-size":"auto","background-attachment":"scroll","background-type":"","background-media":"","overlay-type":"","overlay-color":"","overlay-opacity":"","overlay-gradient":""},"tablet":{"background-color":"","background-image":"","background-repeat":"repeat","background-position":"center center","background-size":"auto","background-attachment":"scroll","background-type":"","background-media":"","overlay-type":"","overlay-color":"","overlay-opacity":"","overlay-gradient":""},"mobile":{"background-color":"","background-image":"","background-repeat":"repeat","background-position":"center center","background-size":"auto","background-attachment":"scroll","background-type":"","background-media":"","overlay-type":"","overlay-color":"","overlay-opacity":"","overlay-gradient":""}},"ast-content-background-meta":{"desktop":{"background-color":"var(--ast-global-color-5)","background-image":"","background-repeat":"repeat","background-position":"center center","background-size":"auto","background-attachment":"scroll","background-type":"","background-media":"","overlay-type":"","overlay-color":"","overlay-opacity":"","overlay-gradient":""},"tablet":{"background-color":"var(--ast-global-color-5)","background-image":"","background-repeat":"repeat","background-position":"center center","background-size":"auto","background-attachment":"scroll","background-type":"","background-media":"","overlay-type":"","overlay-color":"","overlay-opacity":"","overlay-gradient":""},"mobile":{"background-color":"var(--ast-global-color-5)","background-image":"","background-repeat":"repeat","background-position":"center center","background-size":"auto","background-attachment":"scroll","background-type":"","background-media":"","overlay-type":"","overlay-color":"","overlay-opacity":"","overlay-gradient":""}},"footnotes":""},"class_list":["post-89","page","type-page","status-publish","hentry"],"_links":{"self":[{"href":"https:\/\/blogi.eoppimispalvelut.fi\/monenlaisetoppijat\/wp-json\/wp\/v2\/pages\/89","targetHints":{"allow":["GET"]}}],"collection":[{"href":"https:\/\/blogi.eoppimispalvelut.fi\/monenlaisetoppijat\/wp-json\/wp\/v2\/pages"}],"about":[{"href":"https:\/\/blogi.eoppimispalvelut.fi\/monenlaisetoppijat\/wp-json\/wp\/v2\/types\/page"}],"author":[{"embeddable":true,"href":"https:\/\/blogi.eoppimispalvelut.fi\/monenlaisetoppijat\/wp-json\/wp\/v2\/users\/3742"}],"replies":[{"embeddable":true,"href":"https:\/\/blogi.eoppimispalvelut.fi\/monenlaisetoppijat\/wp-json\/wp\/v2\/comments?post=89"}],"version-history":[{"count":11,"href":"https:\/\/blogi.eoppimispalvelut.fi\/monenlaisetoppijat\/wp-json\/wp\/v2\/pages\/89\/revisions"}],"predecessor-version":[{"id":753,"href":"https:\/\/blogi.eoppimispalvelut.fi\/monenlaisetoppijat\/wp-json\/wp\/v2\/pages\/89\/revisions\/753"}],"up":[{"embeddable":true,"href":"https:\/\/blogi.eoppimispalvelut.fi\/monenlaisetoppijat\/wp-json\/wp\/v2\/pages\/9"}],"wp:attachment":[{"href":"https:\/\/blogi.eoppimispalvelut.fi\/monenlaisetoppijat\/wp-json\/wp\/v2\/media?parent=89"}],"curies":[{"name":"wp","href":"https:\/\/api.w.org\/{rel}","templated":true}]}}