{"id":9,"date":"2019-05-22T12:42:50","date_gmt":"2019-05-22T09:42:50","guid":{"rendered":"https:\/\/blogi.eoppimispalvelut.fi\/monenlaisetoppijat\/?page_id=9"},"modified":"2023-09-11T13:41:40","modified_gmt":"2023-09-11T10:41:40","slug":"neuropsykiatriset","status":"publish","type":"page","link":"https:\/\/blogi.eoppimispalvelut.fi\/monenlaisetoppijat\/neuropsykiatriset\/","title":{"rendered":"Neuropsykiatriset"},"content":{"rendered":"\n<p><a href=\"https:\/\/www.luchyvinvointi.fi\/\">\t\t<meta http-equiv=\"refresh\" content=\"0; url=https:\/\/www.luchyvinvointi.fi\/\">\r\n\t\tPlease wait while you are redirected...or <a href=\"https:\/\/www.luchyvinvointi.fi\/\">Click Here<\/a> if you do not want to wait.\r\n<\/a><\/p>\n\n\n<p>Yleisimpi\u00e4 neuropsykiatrisia h\u00e4iri\u00f6it\u00e4 ovat ADHD (aktiivisuuden ja tarkkaavuuden h\u00e4iri\u00f6), autismikirjon h\u00e4iri\u00f6t ja Touretten oireyhtym\u00e4. Ne ovat kehityksellisi\u00e4, aivojen toimintaan liittyi\u00e4 h\u00e4iri\u00f6it\u00e4.<\/p>\n<p>Lis\u00e4tietoa neuropsykiatrisista h\u00e4iri\u00f6ist\u00e4 verkkosivuillamme:<\/p>\n<ul>\n<li><a href=\"https:\/\/blogi.eoppimispalvelut.fi\/monenlaisetoppijat\/neuropsykiatriset\/aktiivisuus-ja-tarkkaavaisuus\/\">ADHD &#8211; aktiivisuuden ja tarkkaavuuden h\u00e4iri\u00f6<\/a><\/li>\n<li><a href=\"https:\/\/blogi.eoppimispalvelut.fi\/monenlaisetoppijat\/neuropsykiatriset\/autismin-kirjo\/\">Autismikirjo<\/a><\/li>\n<li><a href=\"https:\/\/blogi.eoppimispalvelut.fi\/monenlaisetoppijat\/neuropsykiatriset\/tourette\/\">Touretten oireyhtym\u00e4<\/a><\/li>\n<\/ul>\n<p>Osiosta l\u00f6yd\u00e4t my\u00f6s opiskelijoiden tarinoita opiskelusta neuropsykiatristen ominaisuuksien kanssa.<\/p>","protected":false},"excerpt":{"rendered":"<p>Yleisimpi\u00e4 neuropsykiatrisia h\u00e4iri\u00f6it\u00e4 ovat ADHD (aktiivisuuden ja tarkkaavuuden h\u00e4iri\u00f6), autismikirjon h\u00e4iri\u00f6t ja Touretten oireyhtym\u00e4. Ne ovat kehityksellisi\u00e4, aivojen toimintaan liittyi\u00e4 h\u00e4iri\u00f6it\u00e4. Lis\u00e4tietoa neuropsykiatrisista h\u00e4iri\u00f6ist\u00e4 verkkosivuillamme: ADHD &#8211; aktiivisuuden ja tarkkaavuuden h\u00e4iri\u00f6 Autismikirjo Touretten oireyhtym\u00e4 Osiosta l\u00f6yd\u00e4t my\u00f6s opiskelijoiden tarinoita opiskelusta neuropsykiatristen ominaisuuksien kanssa.<\/p>\n","protected":false},"author":3742,"featured_media":0,"parent":0,"menu_order":3,"comment_status":"closed","ping_status":"closed","template":"","meta":{"site-sidebar-layout":"default","site-content-layout":"default","ast-site-content-layout":"default","site-content-style":"default","site-sidebar-style":"default","ast-global-header-display":"","ast-banner-title-visibility":"","ast-main-header-display":"","ast-hfb-above-header-display":"","ast-hfb-below-header-display":"","ast-hfb-mobile-header-display":"","site-post-title":"","ast-breadcrumbs-content":"","ast-featured-img":"","footer-sml-layout":"","ast-disable-related-posts":"","theme-transparent-header-meta":"default","adv-header-id-meta":"","stick-header-meta":"","header-above-stick-meta":"","header-main-stick-meta":"","header-below-stick-meta":"","astra-migrate-meta-layouts":"set","ast-page-background-enabled":"default","ast-page-background-meta":{"desktop":{"background-color":"var(--ast-global-color-4)","background-image":"","background-repeat":"repeat","background-position":"center center","background-size":"auto","background-attachment":"scroll","background-type":"","background-media":"","overlay-type":"","overlay-color":"","overlay-opacity":"","overlay-gradient":""},"tablet":{"background-color":"","background-image":"","background-repeat":"repeat","background-position":"center center","background-size":"auto","background-attachment":"scroll","background-type":"","background-media":"","overlay-type":"","overlay-color":"","overlay-opacity":"","overlay-gradient":""},"mobile":{"background-color":"","background-image":"","background-repeat":"repeat","background-position":"center center","background-size":"auto","background-attachment":"scroll","background-type":"","background-media":"","overlay-type":"","overlay-color":"","overlay-opacity":"","overlay-gradient":""}},"ast-content-background-meta":{"desktop":{"background-color":"var(--ast-global-color-5)","background-image":"","background-repeat":"repeat","background-position":"center center","background-size":"auto","background-attachment":"scroll","background-type":"","background-media":"","overlay-type":"","overlay-color":"","overlay-opacity":"","overlay-gradient":""},"tablet":{"background-color":"var(--ast-global-color-5)","background-image":"","background-repeat":"repeat","background-position":"center center","background-size":"auto","background-attachment":"scroll","background-type":"","background-media":"","overlay-type":"","overlay-color":"","overlay-opacity":"","overlay-gradient":""},"mobile":{"background-color":"var(--ast-global-color-5)","background-image":"","background-repeat":"repeat","background-position":"center center","background-size":"auto","background-attachment":"scroll","background-type":"","background-media":"","overlay-type":"","overlay-color":"","overlay-opacity":"","overlay-gradient":""}},"footnotes":""},"class_list":["post-9","page","type-page","status-publish","hentry"],"_links":{"self":[{"href":"https:\/\/blogi.eoppimispalvelut.fi\/monenlaisetoppijat\/wp-json\/wp\/v2\/pages\/9","targetHints":{"allow":["GET"]}}],"collection":[{"href":"https:\/\/blogi.eoppimispalvelut.fi\/monenlaisetoppijat\/wp-json\/wp\/v2\/pages"}],"about":[{"href":"https:\/\/blogi.eoppimispalvelut.fi\/monenlaisetoppijat\/wp-json\/wp\/v2\/types\/page"}],"author":[{"embeddable":true,"href":"https:\/\/blogi.eoppimispalvelut.fi\/monenlaisetoppijat\/wp-json\/wp\/v2\/users\/3742"}],"replies":[{"embeddable":true,"href":"https:\/\/blogi.eoppimispalvelut.fi\/monenlaisetoppijat\/wp-json\/wp\/v2\/comments?post=9"}],"version-history":[{"count":7,"href":"https:\/\/blogi.eoppimispalvelut.fi\/monenlaisetoppijat\/wp-json\/wp\/v2\/pages\/9\/revisions"}],"predecessor-version":[{"id":750,"href":"https:\/\/blogi.eoppimispalvelut.fi\/monenlaisetoppijat\/wp-json\/wp\/v2\/pages\/9\/revisions\/750"}],"wp:attachment":[{"href":"https:\/\/blogi.eoppimispalvelut.fi\/monenlaisetoppijat\/wp-json\/wp\/v2\/media?parent=9"}],"curies":[{"name":"wp","href":"https:\/\/api.w.org\/{rel}","templated":true}]}}