{"id":2,"date":"2018-05-02T14:57:34","date_gmt":"2018-05-02T11:57:34","guid":{"rendered":"https:\/\/blogi.eoppimispalvelut.fi\/monikulttuurisuusjavuorovaikutus\/?page_id=2"},"modified":"2018-05-14T11:18:45","modified_gmt":"2018-05-14T08:18:45","slug":"esimerkkisivu","status":"publish","type":"page","link":"https:\/\/blogi.eoppimispalvelut.fi\/monikulttuurisuusjavuorovaikutus\/","title":{"rendered":"Tietoja"},"content":{"rendered":"<p>T\u00e4t\u00e4 ryhm\u00e4blogia kirjoittavat sairaanhoitajaopiskelijat Lapin ammattikorkeakoulusta, KA72H18K ryhm\u00e4st\u00e4. Blogiryhm\u00e4\u00e4mme kuuluvat Laura Pokka, Tinja Pesonen, Titta S\u00e4il\u00e4pohja sek\u00e4 Salme Pyykk\u00f6nen. Blogin aiheemme oli monikulttuurisuus ja vuorovaikutus hoitoty\u00f6ss\u00e4. <\/p>\n","protected":false},"excerpt":{"rendered":"<p>T\u00e4t\u00e4 ryhm\u00e4blogia kirjoittavat sairaanhoitajaopiskelijat Lapin ammattikorkeakoulusta, KA72H18K ryhm\u00e4st\u00e4. Blogiryhm\u00e4\u00e4mme kuuluvat Laura Pokka, Tinja Pesonen, Titta S\u00e4il\u00e4pohja sek\u00e4 Salme Pyykk\u00f6nen. Blogin aiheemme oli monikulttuurisuus ja vuorovaikutus hoitoty\u00f6ss\u00e4.<\/p>\n","protected":false},"author":2946,"featured_media":0,"parent":0,"menu_order":0,"comment_status":"closed","ping_status":"open","template":"","meta":{"footnotes":""},"class_list":["post-2","page","type-page","status-publish","hentry","nodate","item-wrap"],"_links":{"self":[{"href":"https:\/\/blogi.eoppimispalvelut.fi\/monikulttuurisuusjavuorovaikutus\/wp-json\/wp\/v2\/pages\/2","targetHints":{"allow":["GET"]}}],"collection":[{"href":"https:\/\/blogi.eoppimispalvelut.fi\/monikulttuurisuusjavuorovaikutus\/wp-json\/wp\/v2\/pages"}],"about":[{"href":"https:\/\/blogi.eoppimispalvelut.fi\/monikulttuurisuusjavuorovaikutus\/wp-json\/wp\/v2\/types\/page"}],"author":[{"embeddable":true,"href":"https:\/\/blogi.eoppimispalvelut.fi\/monikulttuurisuusjavuorovaikutus\/wp-json\/wp\/v2\/users\/2946"}],"replies":[{"embeddable":true,"href":"https:\/\/blogi.eoppimispalvelut.fi\/monikulttuurisuusjavuorovaikutus\/wp-json\/wp\/v2\/comments?post=2"}],"version-history":[{"count":2,"href":"https:\/\/blogi.eoppimispalvelut.fi\/monikulttuurisuusjavuorovaikutus\/wp-json\/wp\/v2\/pages\/2\/revisions"}],"predecessor-version":[{"id":24,"href":"https:\/\/blogi.eoppimispalvelut.fi\/monikulttuurisuusjavuorovaikutus\/wp-json\/wp\/v2\/pages\/2\/revisions\/24"}],"wp:attachment":[{"href":"https:\/\/blogi.eoppimispalvelut.fi\/monikulttuurisuusjavuorovaikutus\/wp-json\/wp\/v2\/media?parent=2"}],"curies":[{"name":"wp","href":"https:\/\/api.w.org\/{rel}","templated":true}]}}