{"id":104,"date":"2018-02-08T16:16:42","date_gmt":"2018-02-08T14:16:42","guid":{"rendered":"https:\/\/blogi.eoppimispalvelut.fi\/monimuoto2018\/?page_id=104"},"modified":"2018-12-10T21:13:22","modified_gmt":"2018-12-10T19:13:22","slug":"digipedagogisten-valmiuksien-kehittamisohjelma","status":"publish","type":"page","link":"https:\/\/blogi.eoppimispalvelut.fi\/monimuoto2018\/digipedagogisten-valmiuksien-kehittamisohjelma\/","title":{"rendered":"Digipedagogisten valmiuksien kehitt\u00e4misohjelma"},"content":{"rendered":"<p>Alasivuille olen ker\u00e4nnyt tietoa vuoden 2018 aikana toteutetusta digipedagogisten valmiuksien kehitt\u00e4misohjelmasta. Voit tutustua mm.<\/p>\n<ul>\n<li>projektin toteutussuunnitelmaan<\/li>\n<li>projektin etenemiseen<\/li>\n<li>projektimuistioihin.<\/li>\n<\/ul>\n","protected":false},"excerpt":{"rendered":"<p>Alasivuille olen ker\u00e4nnyt tietoa vuoden 2018 aikana toteutetusta digipedagogisten valmiuksien kehitt\u00e4misohjelmasta. Voit tutustua mm. projektin toteutussuunnitelmaan projektin etenemiseen projektimuistioihin.<\/p>\n","protected":false},"author":95,"featured_media":0,"parent":0,"menu_order":3,"comment_status":"closed","ping_status":"closed","template":"","meta":{"footnotes":""},"class_list":["post-104","page","type-page","status-publish","hentry"],"_links":{"self":[{"href":"https:\/\/blogi.eoppimispalvelut.fi\/monimuoto2018\/wp-json\/wp\/v2\/pages\/104","targetHints":{"allow":["GET"]}}],"collection":[{"href":"https:\/\/blogi.eoppimispalvelut.fi\/monimuoto2018\/wp-json\/wp\/v2\/pages"}],"about":[{"href":"https:\/\/blogi.eoppimispalvelut.fi\/monimuoto2018\/wp-json\/wp\/v2\/types\/page"}],"author":[{"embeddable":true,"href":"https:\/\/blogi.eoppimispalvelut.fi\/monimuoto2018\/wp-json\/wp\/v2\/users\/95"}],"replies":[{"embeddable":true,"href":"https:\/\/blogi.eoppimispalvelut.fi\/monimuoto2018\/wp-json\/wp\/v2\/comments?post=104"}],"version-history":[{"count":4,"href":"https:\/\/blogi.eoppimispalvelut.fi\/monimuoto2018\/wp-json\/wp\/v2\/pages\/104\/revisions"}],"predecessor-version":[{"id":373,"href":"https:\/\/blogi.eoppimispalvelut.fi\/monimuoto2018\/wp-json\/wp\/v2\/pages\/104\/revisions\/373"}],"wp:attachment":[{"href":"https:\/\/blogi.eoppimispalvelut.fi\/monimuoto2018\/wp-json\/wp\/v2\/media?parent=104"}],"curies":[{"name":"wp","href":"https:\/\/api.w.org\/{rel}","templated":true}]}}