{"id":106,"date":"2018-02-08T16:17:13","date_gmt":"2018-02-08T14:17:13","guid":{"rendered":"https:\/\/blogi.eoppimispalvelut.fi\/monimuoto2018\/?page_id=106"},"modified":"2018-12-10T21:12:04","modified_gmt":"2018-12-10T19:12:04","slug":"monimuoto-opetuksen-kehittaminen","status":"publish","type":"page","link":"https:\/\/blogi.eoppimispalvelut.fi\/monimuoto2018\/monimuoto-opetuksen-kehittaminen\/","title":{"rendered":"Monimuoto-opetuksen kehitt\u00e4minen"},"content":{"rendered":"<p>Alasivuilta l\u00f6ytyy tietoa:<\/p>\n<ul>\n<li>kev\u00e4\u00e4n 2018 aikana tekemist\u00e4ni tiimipalaverivierailuista<\/li>\n<li>kev\u00e4\u00e4n 2018 monimuoto-opetuksen nykytilakartoituksesta<\/li>\n<li>tiimien hyvist\u00e4 k\u00e4yt\u00e4nteist\u00e4<\/li>\n<li>tiimien esiin tuomista kehitt\u00e4misideoista.<\/li>\n<\/ul>\n","protected":false},"excerpt":{"rendered":"<p>Alasivuilta l\u00f6ytyy tietoa: kev\u00e4\u00e4n 2018 aikana tekemist\u00e4ni tiimipalaverivierailuista kev\u00e4\u00e4n 2018 monimuoto-opetuksen nykytilakartoituksesta tiimien hyvist\u00e4 k\u00e4yt\u00e4nteist\u00e4 tiimien esiin tuomista kehitt\u00e4misideoista.<\/p>\n","protected":false},"author":95,"featured_media":0,"parent":0,"menu_order":2,"comment_status":"closed","ping_status":"closed","template":"","meta":{"footnotes":""},"class_list":["post-106","page","type-page","status-publish","hentry"],"_links":{"self":[{"href":"https:\/\/blogi.eoppimispalvelut.fi\/monimuoto2018\/wp-json\/wp\/v2\/pages\/106","targetHints":{"allow":["GET"]}}],"collection":[{"href":"https:\/\/blogi.eoppimispalvelut.fi\/monimuoto2018\/wp-json\/wp\/v2\/pages"}],"about":[{"href":"https:\/\/blogi.eoppimispalvelut.fi\/monimuoto2018\/wp-json\/wp\/v2\/types\/page"}],"author":[{"embeddable":true,"href":"https:\/\/blogi.eoppimispalvelut.fi\/monimuoto2018\/wp-json\/wp\/v2\/users\/95"}],"replies":[{"embeddable":true,"href":"https:\/\/blogi.eoppimispalvelut.fi\/monimuoto2018\/wp-json\/wp\/v2\/comments?post=106"}],"version-history":[{"count":4,"href":"https:\/\/blogi.eoppimispalvelut.fi\/monimuoto2018\/wp-json\/wp\/v2\/pages\/106\/revisions"}],"predecessor-version":[{"id":372,"href":"https:\/\/blogi.eoppimispalvelut.fi\/monimuoto2018\/wp-json\/wp\/v2\/pages\/106\/revisions\/372"}],"wp:attachment":[{"href":"https:\/\/blogi.eoppimispalvelut.fi\/monimuoto2018\/wp-json\/wp\/v2\/media?parent=106"}],"curies":[{"name":"wp","href":"https:\/\/api.w.org\/{rel}","templated":true}]}}