{"id":191,"date":"2018-02-16T19:35:24","date_gmt":"2018-02-16T17:35:24","guid":{"rendered":"https:\/\/blogi.eoppimispalvelut.fi\/monimuoto2018\/?page_id=191"},"modified":"2018-02-17T15:56:32","modified_gmt":"2018-02-17T13:56:32","slug":"kaanteinen-opetus","status":"publish","type":"page","link":"https:\/\/blogi.eoppimispalvelut.fi\/monimuoto2018\/materiaaleja\/kaanteinen-opetus\/","title":{"rendered":"K\u00e4\u00e4nteinen opetus"},"content":{"rendered":"<h2>Markku Saarelainen (It\u00e4-Suomen yliopisto)<\/h2>\n<ul>\n<li><a href=\"https:\/\/media.uef.fi\/View.aspx?id=4416~4p~QezyunJu&amp;code=UX~LdjSsm8kd3fQdDHxiCOJKU9oSOcgYsxFz98N9FOUmgfJMSoCgmHQmAtNkLMihbvqKKAlrMG8fTnXNTQfEETmPwwGpksowYTcADmUTuV88rN0AN&amp;ax=6S~KbPV6kVKOvsO\">Flippauksen ABC<\/a><\/li>\n<li><a href=\"https:\/\/www.youtube.com\/watch?v=1qUByIJpDJU\">Flipped classroom &#8211; mist\u00e4 k\u00e4\u00e4nteisess\u00e4 opetuksessa on kyse?<\/a><\/li>\n<li><a href=\"https:\/\/www.youtube.com\/watch?v=AfbbHpaS5C4\">Flipped Classroom &#8211; Menetelm\u00e4st\u00e4 uudet ev\u00e4\u00e4t oppimisymp\u00e4rist\u00f6ihin<\/a><\/li>\n<li><a href=\"https:\/\/yle.fi\/uutiset\/3-9529446\">Opettaja luopui luennoista &#8211; yht\u00e4kki\u00e4 l\u00e4hes kaikki&#8230;<\/a><\/li>\n<li><a href=\"https:\/\/www.uef.fi\/web\/saima\/flipparit\">Flipparit &#8211; opetuksen muutosagentit<\/a><\/li>\n<li><a href=\"https:\/\/www.youtube.com\/watch?v=L_PPuIWCqdY\">Tilaa oppimiselle<\/a><\/li>\n<\/ul>\n<h2>Muita linkkej\u00e4<\/h2>\n<ul>\n<li><a href=\"https:\/\/www.youtube.com\/watch?v=Cz3H8L_AaCo\">K\u00e4\u00e4nteinen opetus p\u00e4hkin\u00e4nkuoressa<\/a><\/li>\n<li><a href=\"http:\/\/www.flippedlearning.fi\/p\/julkaisuja.html\">Flipped learning in Finland, julkaisuja suomeksi<\/a><\/li>\n<li><a href=\"http:\/\/www.flippedlearning.fi\/\">Flipped learning in Finland \/ Marika Toivola<\/a><\/li>\n<li><a href=\"http:\/\/koydenpunoja.blogspot.fi\/2014\/10\/bloom-dale-kukkalaakso.html\">K\u00f6ydenpunojan portaaloblogi &#8211; Bloom + Dale = Kukkalaakso<\/a><\/li>\n<li><a href=\"https:\/\/www.ted.com\/talks\/ken_robinson_changing_education_paradigms\">Changing education paradigms, Ken Robinson<\/a><\/li>\n<li><a href=\"https:\/\/scholar.google.fi\/scholar?hl=fi&amp;as_sdt=0%2C5&amp;as_vis=1&amp;q=eric+mazur+flipped+learning&amp;oq=eric+mazur\">Google Scholar+ Eric Mazur, julkaisuja flippaamisesta<\/a><\/li>\n<li><a href=\"https:\/\/www.youtube.com\/watch?v=Y3b9tCmUmA4\">Flipping the classroom &#8211; my journey to the other side<\/a><\/li>\n<li><a href=\"https:\/\/flippedlearning.org\/\">Flipped Learning Network<\/a><\/li>\n<li><a href=\"https:\/\/www.edutopia.org\/blogs\/tag\/flipped-classroom\">Edutopia, flipped classroom<\/a><\/li>\n<li><a href=\"https:\/\/www.youtube.com\/watch?v=GCvwtiOH0co\">Michael Fullan: Technology, the new pedagogy and flipped teaching<\/a><\/li>\n<\/ul>\n","protected":false},"excerpt":{"rendered":"<p>Markku Saarelainen (It\u00e4-Suomen yliopisto) Flippauksen ABC Flipped classroom &#8211; mist\u00e4 k\u00e4\u00e4nteisess\u00e4 opetuksessa on kyse? Flipped Classroom &#8211; Menetelm\u00e4st\u00e4 uudet ev\u00e4\u00e4t oppimisymp\u00e4rist\u00f6ihin Opettaja luopui luennoista &#8211; yht\u00e4kki\u00e4 l\u00e4hes kaikki&#8230; Flipparit &#8211; opetuksen muutosagentit Tilaa oppimiselle Muita linkkej\u00e4 K\u00e4\u00e4nteinen opetus p\u00e4hkin\u00e4nkuoressa Flipped learning in Finland, julkaisuja suomeksi Flipped learning in Finland \/ Marika Toivola K\u00f6ydenpunojan portaaloblogi &#8211; [&hellip;]<\/p>\n","protected":false},"author":95,"featured_media":0,"parent":171,"menu_order":0,"comment_status":"closed","ping_status":"closed","template":"","meta":{"footnotes":""},"class_list":["post-191","page","type-page","status-publish","hentry"],"_links":{"self":[{"href":"https:\/\/blogi.eoppimispalvelut.fi\/monimuoto2018\/wp-json\/wp\/v2\/pages\/191","targetHints":{"allow":["GET"]}}],"collection":[{"href":"https:\/\/blogi.eoppimispalvelut.fi\/monimuoto2018\/wp-json\/wp\/v2\/pages"}],"about":[{"href":"https:\/\/blogi.eoppimispalvelut.fi\/monimuoto2018\/wp-json\/wp\/v2\/types\/page"}],"author":[{"embeddable":true,"href":"https:\/\/blogi.eoppimispalvelut.fi\/monimuoto2018\/wp-json\/wp\/v2\/users\/95"}],"replies":[{"embeddable":true,"href":"https:\/\/blogi.eoppimispalvelut.fi\/monimuoto2018\/wp-json\/wp\/v2\/comments?post=191"}],"version-history":[{"count":3,"href":"https:\/\/blogi.eoppimispalvelut.fi\/monimuoto2018\/wp-json\/wp\/v2\/pages\/191\/revisions"}],"predecessor-version":[{"id":195,"href":"https:\/\/blogi.eoppimispalvelut.fi\/monimuoto2018\/wp-json\/wp\/v2\/pages\/191\/revisions\/195"}],"up":[{"embeddable":true,"href":"https:\/\/blogi.eoppimispalvelut.fi\/monimuoto2018\/wp-json\/wp\/v2\/pages\/171"}],"wp:attachment":[{"href":"https:\/\/blogi.eoppimispalvelut.fi\/monimuoto2018\/wp-json\/wp\/v2\/media?parent=191"}],"curies":[{"name":"wp","href":"https:\/\/api.w.org\/{rel}","templated":true}]}}