{"id":207,"date":"2018-02-16T20:04:06","date_gmt":"2018-02-16T18:04:06","guid":{"rendered":"https:\/\/blogi.eoppimispalvelut.fi\/monimuoto2018\/?page_id=207"},"modified":"2018-02-26T15:49:11","modified_gmt":"2018-02-26T13:49:11","slug":"arviointi-ja-palautteen-anto","status":"publish","type":"page","link":"https:\/\/blogi.eoppimispalvelut.fi\/monimuoto2018\/materiaaleja\/arviointi-ja-palautteen-anto\/","title":{"rendered":"Arviointi ja palautteen anto"},"content":{"rendered":"<p><iframe loading=\"lazy\" title=\"Arviointika\u0308yta\u0308nto\u0308jen kehitta\u0308minen ammattikorkeakoulussa\" src=\"https:\/\/www.slideshare.net\/slideshow\/embed_code\/key\/pzfp6WmKZkwjl8\" width=\"427\" height=\"356\" frameborder=\"0\" marginwidth=\"0\" marginheight=\"0\" scrolling=\"no\" style=\"border:1px solid #CCC; border-width:1px; margin-bottom:5px; max-width: 100%;\" allowfullscreen> <\/iframe> <\/p>\n<div style=\"margin-bottom:5px\"> <strong> <a href=\"https:\/\/www.slideshare.net\/KirsiViitanen\/arviointikaytantojen-kehittaminen-ammattikorkeakoulussa\" title=\"Arviointika\u0308yta\u0308nto\u0308jen kehitta\u0308minen ammattikorkeakoulussa\" target=\"_blank\">Arviointika\u0308yta\u0308nto\u0308jen kehitta\u0308minen ammattikorkeakoulussa<\/a> <\/strong> from <strong><a href=\"https:\/\/www.slideshare.net\/KirsiViitanen\" target=\"_blank\">KirsiViitanen<\/a><\/strong> <\/div>\n<p><iframe loading=\"lazy\" title=\"Palaute oppimisessa ja ohjaamisessa\" src=\"https:\/\/www.slideshare.net\/slideshow\/embed_code\/key\/JlfKcfptDVQKq4\" width=\"427\" height=\"356\" frameborder=\"0\" marginwidth=\"0\" marginheight=\"0\" scrolling=\"no\" style=\"border:1px solid #CCC; border-width:1px; margin-bottom:5px; max-width: 100%;\" allowfullscreen> <\/iframe> <\/p>\n<div style=\"margin-bottom:5px\"> <strong> <a href=\"https:\/\/www.slideshare.net\/slideshow\/palaute-oppimisessa-ja-ohjaamisessa\/55383101\" title=\"Palaute oppimisessa ja ohjaamisessa\" target=\"_blank\">Palaute oppimisessa ja ohjaamisessa<\/a> <\/strong> from <strong><a href=\"https:\/\/www.slideshare.net\/KirsiViitanen\" target=\"_blank\">KirsiViitanen<\/a><\/strong> <\/div>\n<p><iframe loading=\"lazy\" title=\"S\u00e4hk\u00f6iset ty\u00f6kalut oppimisen ja osaamisen arvioinnissa\" src=\"https:\/\/www.slideshare.net\/slideshow\/embed_code\/key\/cYiQjFFW4P8mEu\" width=\"427\" height=\"356\" frameborder=\"0\" marginwidth=\"0\" marginheight=\"0\" scrolling=\"no\" style=\"border:1px solid #CCC; border-width:1px; margin-bottom:5px; max-width: 100%;\" allowfullscreen> <\/iframe> <\/p>\n<div style=\"margin-bottom:5px\"> <strong> <a href=\"https:\/\/www.slideshare.net\/MatleenaLaakso\/shkiset-tykalut-oppimisen-ja-osaamisen-arvioinnissa\" title=\"S\u00e4hk\u00f6iset ty\u00f6kalut oppimisen ja osaamisen arvioinnissa\" target=\"_blank\">S\u00e4hk\u00f6iset ty\u00f6kalut oppimisen ja osaamisen arvioinnissa<\/a> <\/strong> from <strong><a href=\"https:\/\/www.slideshare.net\/MatleenaLaakso\" target=\"_blank\">Matleena Laakso<\/a><\/strong> <\/div>\n<p>&nbsp;<\/p>\n<p>&nbsp;<\/p>\n<p>&nbsp;<\/p>\n","protected":false},"excerpt":{"rendered":"<p>Arviointika\u0308yta\u0308nto\u0308jen kehitta\u0308minen ammattikorkeakoulussa from KirsiViitanen Palaute oppimisessa ja ohjaamisessa from KirsiViitanen S\u00e4hk\u00f6iset ty\u00f6kalut oppimisen ja osaamisen arvioinnissa from Matleena Laakso &nbsp; &nbsp; &nbsp;<\/p>\n","protected":false},"author":95,"featured_media":0,"parent":171,"menu_order":0,"comment_status":"closed","ping_status":"closed","template":"","meta":{"footnotes":""},"class_list":["post-207","page","type-page","status-publish","hentry"],"_links":{"self":[{"href":"https:\/\/blogi.eoppimispalvelut.fi\/monimuoto2018\/wp-json\/wp\/v2\/pages\/207","targetHints":{"allow":["GET"]}}],"collection":[{"href":"https:\/\/blogi.eoppimispalvelut.fi\/monimuoto2018\/wp-json\/wp\/v2\/pages"}],"about":[{"href":"https:\/\/blogi.eoppimispalvelut.fi\/monimuoto2018\/wp-json\/wp\/v2\/types\/page"}],"author":[{"embeddable":true,"href":"https:\/\/blogi.eoppimispalvelut.fi\/monimuoto2018\/wp-json\/wp\/v2\/users\/95"}],"replies":[{"embeddable":true,"href":"https:\/\/blogi.eoppimispalvelut.fi\/monimuoto2018\/wp-json\/wp\/v2\/comments?post=207"}],"version-history":[{"count":4,"href":"https:\/\/blogi.eoppimispalvelut.fi\/monimuoto2018\/wp-json\/wp\/v2\/pages\/207\/revisions"}],"predecessor-version":[{"id":280,"href":"https:\/\/blogi.eoppimispalvelut.fi\/monimuoto2018\/wp-json\/wp\/v2\/pages\/207\/revisions\/280"}],"up":[{"embeddable":true,"href":"https:\/\/blogi.eoppimispalvelut.fi\/monimuoto2018\/wp-json\/wp\/v2\/pages\/171"}],"wp:attachment":[{"href":"https:\/\/blogi.eoppimispalvelut.fi\/monimuoto2018\/wp-json\/wp\/v2\/media?parent=207"}],"curies":[{"name":"wp","href":"https:\/\/api.w.org\/{rel}","templated":true}]}}