{"id":212,"date":"2018-02-16T20:06:37","date_gmt":"2018-02-16T18:06:37","guid":{"rendered":"https:\/\/blogi.eoppimispalvelut.fi\/monimuoto2018\/?page_id=212"},"modified":"2018-02-26T15:48:28","modified_gmt":"2018-02-26T13:48:28","slug":"yhteisolliset-tyoskentelytavat","status":"publish","type":"page","link":"https:\/\/blogi.eoppimispalvelut.fi\/monimuoto2018\/materiaaleja\/yhteisolliset-tyoskentelytavat\/","title":{"rendered":"Yhteis\u00f6lliset ty\u00f6skentelytavat"},"content":{"rendered":"<p><iframe loading=\"lazy\" title=\"Vuorovaikutuksellisuuden edist\u00e4minen verkossa\" src=\"https:\/\/www.slideshare.net\/slideshow\/embed_code\/key\/iMfBvmMmLqgIG9\" width=\"427\" height=\"356\" frameborder=\"0\" marginwidth=\"0\" marginheight=\"0\" scrolling=\"no\" style=\"border:1px solid #CCC; border-width:1px; margin-bottom:5px; max-width: 100%;\" allowfullscreen> <\/iframe> <\/p>\n<div style=\"margin-bottom:5px\"> <strong> <a href=\"https:\/\/www.slideshare.net\/KirsiViitanen\/vuorovaikutuksellisuuden-edistminen-verkossa\" title=\"Vuorovaikutuksellisuuden edist\u00e4minen verkossa\" target=\"_blank\">Vuorovaikutuksellisuuden edist\u00e4minen verkossa<\/a> <\/strong> from <strong><a href=\"https:\/\/www.slideshare.net\/KirsiViitanen\" target=\"_blank\">KirsiViitanen<\/a><\/strong> <\/div>\n<p><iframe loading=\"lazy\" title=\"Padlet opetuksessa (KATSO KUVAUKSESTA UUDEN VERSION LINKKI)\" src=\"https:\/\/www.slideshare.net\/slideshow\/embed_code\/key\/znNvFSmc39FD21\" width=\"427\" height=\"356\" frameborder=\"0\" marginwidth=\"0\" marginheight=\"0\" scrolling=\"no\" style=\"border:1px solid #CCC; border-width:1px; margin-bottom:5px; max-width: 100%;\" allowfullscreen> <\/iframe> <\/p>\n<div style=\"margin-bottom:5px\"> <strong> <a href=\"https:\/\/www.slideshare.net\/slideshow\/padlet-opetuksessa-helmi18\/87796121\" title=\"Padlet opetuksessa (KATSO KUVAUKSESTA UUDEN VERSION LINKKI)\" target=\"_blank\">Padlet opetuksessa (KATSO KUVAUKSESTA UUDEN VERSION LINKKI)<\/a> <\/strong> from <strong><a href=\"https:\/\/www.slideshare.net\/MatleenaLaakso\" target=\"_blank\">Matleena Laakso<\/a><\/strong> <\/div>\n<p><iframe loading=\"lazy\" title=\"Miten j\u00e4rjest\u00e4\u00e4 webinaari, osa 1\" src=\"https:\/\/www.slideshare.net\/slideshow\/embed_code\/key\/2cvfBldans2CRX\" width=\"427\" height=\"356\" frameborder=\"0\" marginwidth=\"0\" marginheight=\"0\" scrolling=\"no\" style=\"border:1px solid #CCC; border-width:1px; margin-bottom:5px; max-width: 100%;\" allowfullscreen> <\/iframe> <\/p>\n<div style=\"margin-bottom:5px\"> <strong> <a href=\"https:\/\/www.slideshare.net\/MatleenaLaakso\/miten-jrjest-webinaari-osa-1\" title=\"Miten j\u00e4rjest\u00e4\u00e4 webinaari, osa 1\" target=\"_blank\">Miten j\u00e4rjest\u00e4\u00e4 webinaari, osa 1<\/a> <\/strong> from <strong><a href=\"https:\/\/www.slideshare.net\/MatleenaLaakso\" target=\"_blank\">Matleena Laakso<\/a><\/strong> <\/div>\n<p><iframe loading=\"lazy\" title=\"Miten j\u00e4rjest\u00e4\u00e4 webinaari, osa 2\" src=\"https:\/\/www.slideshare.net\/slideshow\/embed_code\/key\/I8LrcxtYQ7zy4k\" width=\"427\" height=\"356\" frameborder=\"0\" marginwidth=\"0\" marginheight=\"0\" scrolling=\"no\" style=\"border:1px solid #CCC; border-width:1px; margin-bottom:5px; max-width: 100%;\" allowfullscreen> <\/iframe> <\/p>\n<div style=\"margin-bottom:5px\"> <strong> <a href=\"https:\/\/www.slideshare.net\/MatleenaLaakso\/miten-jrjest-webinaari-osa-2\" title=\"Miten j\u00e4rjest\u00e4\u00e4 webinaari, osa 2\" target=\"_blank\">Miten j\u00e4rjest\u00e4\u00e4 webinaari, osa 2<\/a> <\/strong> from <strong><a href=\"https:\/\/www.slideshare.net\/MatleenaLaakso\" target=\"_blank\">Matleena Laakso<\/a><\/strong> <\/div>\n<p><iframe loading=\"lazy\" title=\"Miten j\u00e4rjest\u00e4\u00e4 webinaari, osa 3\" src=\"https:\/\/www.slideshare.net\/slideshow\/embed_code\/key\/1KDqUbcqGGR5zB\" width=\"427\" height=\"356\" frameborder=\"0\" marginwidth=\"0\" marginheight=\"0\" scrolling=\"no\" style=\"border:1px solid #CCC; border-width:1px; margin-bottom:5px; max-width: 100%;\" allowfullscreen> <\/iframe> <\/p>\n<div style=\"margin-bottom:5px\"> <strong> <a href=\"https:\/\/www.slideshare.net\/MatleenaLaakso\/miten-jrjest-webinaari-osa-3\" title=\"Miten j\u00e4rjest\u00e4\u00e4 webinaari, osa 3\" target=\"_blank\">Miten j\u00e4rjest\u00e4\u00e4 webinaari, osa 3<\/a> <\/strong> from <strong><a href=\"https:\/\/www.slideshare.net\/MatleenaLaakso\" target=\"_blank\">Matleena Laakso<\/a><\/strong> <\/div>\n<p><iframe loading=\"lazy\" title=\"Digitarinoita Adebe Sparkilla\" src=\"https:\/\/www.slideshare.net\/slideshow\/embed_code\/key\/821YJuIbW258FX\" width=\"427\" height=\"356\" frameborder=\"0\" marginwidth=\"0\" marginheight=\"0\" scrolling=\"no\" style=\"border:1px solid #CCC; border-width:1px; margin-bottom:5px; max-width: 100%;\" allowfullscreen> <\/iframe> <\/p>\n<div style=\"margin-bottom:5px\"> <strong> <a href=\"https:\/\/www.slideshare.net\/MatleenaLaakso\/digitarinoita-adebe-sparkilla\" title=\"Digitarinoita Adebe Sparkilla\" target=\"_blank\">Digitarinoita Adebe Sparkilla<\/a> <\/strong> from <strong><a href=\"https:\/\/www.slideshare.net\/MatleenaLaakso\" target=\"_blank\">Matleena Laakso<\/a><\/strong> <\/div>\n<p><iframe loading=\"lazy\" title=\"Somettelua ilman kirjautumista (KATSO KUVAUKSESTA UUDEN VERSION LINKKI)\" src=\"https:\/\/www.slideshare.net\/slideshow\/embed_code\/key\/fnNbW2nhCrgoyh\" width=\"427\" height=\"356\" frameborder=\"0\" marginwidth=\"0\" marginheight=\"0\" scrolling=\"no\" style=\"border:1px solid #CCC; border-width:1px; margin-bottom:5px; max-width: 100%;\" allowfullscreen> <\/iframe> <\/p>\n<div style=\"margin-bottom:5px\"> <strong> <a href=\"https:\/\/www.slideshare.net\/MatleenaLaakso\/somettelua-ilman-kirjautumista\" title=\"Somettelua ilman kirjautumista (KATSO KUVAUKSESTA UUDEN VERSION LINKKI)\" target=\"_blank\">Somettelua ilman kirjautumista (KATSO KUVAUKSESTA UUDEN VERSION LINKKI)<\/a> <\/strong> from <strong><a href=\"https:\/\/www.slideshare.net\/MatleenaLaakso\" target=\"_blank\">Matleena Laakso<\/a><\/strong> <\/div>\n<p><iframe loading=\"lazy\" title=\"Digitarinat opetuksessa 2017 (KATSO KUVAUKSESTA UUDEN VERSION LINKKI)\" src=\"https:\/\/www.slideshare.net\/slideshow\/embed_code\/key\/v5KZnwDdvNBYIY\" width=\"427\" height=\"356\" frameborder=\"0\" marginwidth=\"0\" marginheight=\"0\" scrolling=\"no\" style=\"border:1px solid #CCC; border-width:1px; margin-bottom:5px; max-width: 100%;\" allowfullscreen> <\/iframe> <\/p>\n<div style=\"margin-bottom:5px\"> <strong> <a href=\"https:\/\/www.slideshare.net\/MatleenaLaakso\/digitarinat-opetuksessa-2017\" title=\"Digitarinat opetuksessa 2017 (KATSO KUVAUKSESTA UUDEN VERSION LINKKI)\" target=\"_blank\">Digitarinat opetuksessa 2017 (KATSO KUVAUKSESTA UUDEN VERSION LINKKI)<\/a> <\/strong> from <strong><a href=\"https:\/\/www.slideshare.net\/MatleenaLaakso\" target=\"_blank\">Matleena Laakso<\/a><\/strong> <\/div>\n<p><iframe loading=\"lazy\" title=\"Blogit opetuksessa (KATSO KUVAUKSESTA UUDEN VERSION LINKKI)\" src=\"https:\/\/www.slideshare.net\/slideshow\/embed_code\/key\/plbVC5yDdm0KlY\" width=\"427\" height=\"356\" frameborder=\"0\" marginwidth=\"0\" marginheight=\"0\" scrolling=\"no\" style=\"border:1px solid #CCC; border-width:1px; margin-bottom:5px; max-width: 100%;\" allowfullscreen> <\/iframe> <\/p>\n<div style=\"margin-bottom:5px\"> <strong> <a href=\"https:\/\/www.slideshare.net\/MatleenaLaakso\/blogit-opetuksessa-16428249\" title=\"Blogit opetuksessa (KATSO KUVAUKSESTA UUDEN VERSION LINKKI)\" target=\"_blank\">Blogit opetuksessa (KATSO KUVAUKSESTA UUDEN VERSION LINKKI)<\/a> <\/strong> from <strong><a href=\"https:\/\/www.slideshare.net\/MatleenaLaakso\" target=\"_blank\">Matleena Laakso<\/a><\/strong> <\/div>\n<p><iframe loading=\"lazy\" title=\"Twitter opetuksessa ja verkostoitumisen v\u00e4lineen\u00e4 (KATSO KUVAUKSESTA UUDEN VERSION LINKKI)\" src=\"https:\/\/www.slideshare.net\/slideshow\/embed_code\/key\/qOSvXHeNAPjqRn\" width=\"427\" height=\"356\" frameborder=\"0\" marginwidth=\"0\" marginheight=\"0\" scrolling=\"no\" style=\"border:1px solid #CCC; border-width:1px; margin-bottom:5px; max-width: 100%;\" allowfullscreen> <\/iframe> <\/p>\n<div style=\"margin-bottom:5px\"> <strong> <a href=\"https:\/\/www.slideshare.net\/MatleenaLaakso\/twitter-opetuksessa-ja-verkostoitumisen-vlineen\" title=\"Twitter opetuksessa ja verkostoitumisen v\u00e4lineen\u00e4 (KATSO KUVAUKSESTA UUDEN VERSION LINKKI)\" target=\"_blank\">Twitter opetuksessa ja verkostoitumisen v\u00e4lineen\u00e4 (KATSO KUVAUKSESTA UUDEN VERSION LINKKI)<\/a> <\/strong> from <strong><a href=\"https:\/\/www.slideshare.net\/MatleenaLaakso\" target=\"_blank\">Matleena Laakso<\/a><\/strong> <\/div>\n<p>&nbsp;<\/p>\n<p>&nbsp;<\/p>\n<p>&nbsp;<\/p>\n<p>&nbsp;<\/p>\n<p>&nbsp;<\/p>\n<p>&nbsp;<\/p>\n<p>&nbsp;<\/p>\n","protected":false},"excerpt":{"rendered":"<p>Vuorovaikutuksellisuuden edist\u00e4minen verkossa from KirsiViitanen Padlet opetuksessa (KATSO KUVAUKSESTA UUDEN VERSION LINKKI) from Matleena Laakso Miten j\u00e4rjest\u00e4\u00e4 webinaari, osa 1 from Matleena Laakso Miten j\u00e4rjest\u00e4\u00e4 webinaari, osa 2 from Matleena Laakso Miten j\u00e4rjest\u00e4\u00e4 webinaari, osa 3 from Matleena Laakso Digitarinoita Adebe Sparkilla from Matleena Laakso Somettelua ilman kirjautumista (KATSO KUVAUKSESTA UUDEN VERSION LINKKI) from Matleena [&hellip;]<\/p>\n","protected":false},"author":95,"featured_media":0,"parent":171,"menu_order":0,"comment_status":"closed","ping_status":"closed","template":"","meta":{"footnotes":""},"class_list":["post-212","page","type-page","status-publish","hentry"],"_links":{"self":[{"href":"https:\/\/blogi.eoppimispalvelut.fi\/monimuoto2018\/wp-json\/wp\/v2\/pages\/212","targetHints":{"allow":["GET"]}}],"collection":[{"href":"https:\/\/blogi.eoppimispalvelut.fi\/monimuoto2018\/wp-json\/wp\/v2\/pages"}],"about":[{"href":"https:\/\/blogi.eoppimispalvelut.fi\/monimuoto2018\/wp-json\/wp\/v2\/types\/page"}],"author":[{"embeddable":true,"href":"https:\/\/blogi.eoppimispalvelut.fi\/monimuoto2018\/wp-json\/wp\/v2\/users\/95"}],"replies":[{"embeddable":true,"href":"https:\/\/blogi.eoppimispalvelut.fi\/monimuoto2018\/wp-json\/wp\/v2\/comments?post=212"}],"version-history":[{"count":12,"href":"https:\/\/blogi.eoppimispalvelut.fi\/monimuoto2018\/wp-json\/wp\/v2\/pages\/212\/revisions"}],"predecessor-version":[{"id":278,"href":"https:\/\/blogi.eoppimispalvelut.fi\/monimuoto2018\/wp-json\/wp\/v2\/pages\/212\/revisions\/278"}],"up":[{"embeddable":true,"href":"https:\/\/blogi.eoppimispalvelut.fi\/monimuoto2018\/wp-json\/wp\/v2\/pages\/171"}],"wp:attachment":[{"href":"https:\/\/blogi.eoppimispalvelut.fi\/monimuoto2018\/wp-json\/wp\/v2\/media?parent=212"}],"curies":[{"name":"wp","href":"https:\/\/api.w.org\/{rel}","templated":true}]}}