{"id":217,"date":"2018-02-17T16:00:11","date_gmt":"2018-02-17T14:00:11","guid":{"rendered":"https:\/\/blogi.eoppimispalvelut.fi\/monimuoto2018\/?page_id=217"},"modified":"2018-02-22T11:15:11","modified_gmt":"2018-02-22T09:15:11","slug":"hyvia-kaytanteita","status":"publish","type":"page","link":"https:\/\/blogi.eoppimispalvelut.fi\/monimuoto2018\/monimuoto-opetuksen-kehittaminen\/hyvia-kaytanteita\/","title":{"rendered":"Hyvi\u00e4 k\u00e4yt\u00e4nteit\u00e4"},"content":{"rendered":"<p>Hyvi\u00e4 k\u00e4yt\u00e4nteit\u00e4, joita voisi jakaa muille osaamisaloille.<\/p>\n\n<table id=\"tablepress-4\" class=\"tablepress tablepress-id-4\">\n<thead>\n<tr class=\"row-1\">\n\t<th class=\"column-1\">Tiimi<\/th><th class=\"column-2\">Hyvi\u00e4 k\u00e4yt\u00e4nteit\u00e4<\/th>\n<\/tr>\n<\/thead>\n<tbody class=\"row-striping row-hover\">\n<tr class=\"row-2\">\n\t<td class=\"column-1\">Fysioterapia, Rovaniemi<\/td><td class=\"column-2\">Harjoittelun verkossa ohjaamisen k\u00e4yt\u00e4nn\u00f6t.<\/td>\n<\/tr>\n<tr class=\"row-3\">\n\t<td class=\"column-1\">Hoitoty\u00f6, Kemi<\/td><td class=\"column-2\">simulaatio-opetuksen k\u00e4ytt\u00f6 (simul.ymp\u00e4rist\u00f6t ja sim.n\u00e4yttelij\u00e4t), ohjaajakoulutus (ty\u00f6el\u00e4m\u00e4), \u00e4\u00e4ninauhapalautteet<\/td>\n<\/tr>\n<tr class=\"row-4\">\n\t<td class=\"column-1\">Hoitoty\u00f6, Rovaniemi<\/td><td class=\"column-2\">Opiskelijoiden aktivointi tutoriaaleissa tai projektiryhmiss\u00e4.<\/td>\n<\/tr>\n<tr class=\"row-5\">\n\t<td class=\"column-1\">Kuvataide, Tornio<\/td><td class=\"column-2\">Ty\u00f6kaluosaaminen, Sis\u00e4lt\u00f6muotoilu (tekninen, tuotannollinen, taiteellinen, sis\u00e4ll\u00f6llinen, tarinallistaminen)<\/td>\n<\/tr>\n<tr class=\"row-6\">\n\t<td class=\"column-1\">MTI, Rovaniemi<\/td><td class=\"column-2\">Ty\u00f6el\u00e4m\u00e4yhteisty\u00f6 ja kumppanuudet<br \/>\nKehitt\u00e4v\u00e4n arvioinnin prosessi<\/td>\n<\/tr>\n<tr class=\"row-7\">\n\t<td class=\"column-1\">Liiketalous, Rovaniemi<\/td><td class=\"column-2\">Opettajien roolitus ja tiimik\u00e4yt\u00e4nteet<\/td>\n<\/tr>\n<tr class=\"row-8\">\n\t<td class=\"column-1\">Liiketalous, Tornio<\/td><td class=\"column-2\">Orientoivien opintojen itseopiskelupaketti ja Ota haltuun -sivusto<br \/>\nYhteissuunnittelu<\/td>\n<\/tr>\n<tr class=\"row-9\">\n\t<td class=\"column-1\">Liikunta- vapaa-aika-ala, Rovaniemi<\/td><td class=\"column-2\">Opiskelijoiden osallistaminen sis\u00e4ll\u00f6ntuotantoon. Kehitt\u00e4v\u00e4n arvioinnin v\u00e4lineet.<\/td>\n<\/tr>\n<tr class=\"row-10\">\n\t<td class=\"column-1\">Sosiaali, Kemi<\/td><td class=\"column-2\">Vuorovaikutus, osallistaminen (monimuodossa)<\/td>\n<\/tr>\n<tr class=\"row-11\">\n\t<td class=\"column-1\">TeLu, Kemi<\/td><td class=\"column-2\"><\/td>\n<\/tr>\n<tr class=\"row-12\">\n\t<td class=\"column-1\">TeLu, Rovaniemi<\/td><td class=\"column-2\">Opinn\u00e4ytety\u00f6n ohjaus (Maanmittaus),<br \/>\nSlack opetiimin suunnitteluun, AC-nauhoitukset (Tieto- ja viestint\u00e4tekniikka),<br \/>\nMonimuoto-opetuksen toteuttaminen toisen korkeakoulun kanssa (Rakennus- ja yhdyskuntatekniikka),<br \/>\nMonimuoto-opetuksen toteuttaminen toisen korkeakoulun kanssa (Mets\u00e4talous)<\/td>\n<\/tr>\n<tr class=\"row-13\">\n\t<td class=\"column-1\">Tietojenk\u00e4sittely, Tornio<\/td><td class=\"column-2\">Orientoivien opintojen itseopiskelupaketti ja Ota haltuun -sivusto<\/td>\n<\/tr>\n<tr class=\"row-14\">\n\t<td class=\"column-1\">Vanhusty\u00f6, Kemi<\/td><td class=\"column-2\">Ohjausosaaminen<\/td>\n<\/tr>\n<tr class=\"row-15\">\n\t<td class=\"column-1\">YAMK, Kemi &amp; Rovaniemi<\/td><td class=\"column-2\">MONT ja monialainen toiminta<\/td>\n<\/tr>\n<tr class=\"row-16\">\n\t<td class=\"column-1\"><\/td><td class=\"column-2\"><\/td>\n<\/tr>\n<\/tbody>\n<\/table>\n<!-- #tablepress-4 from cache -->\n","protected":false},"excerpt":{"rendered":"<p>Hyvi\u00e4 k\u00e4yt\u00e4nteit\u00e4, joita voisi jakaa muille osaamisaloille.<\/p>\n","protected":false},"author":95,"featured_media":0,"parent":106,"menu_order":0,"comment_status":"closed","ping_status":"closed","template":"","meta":{"footnotes":""},"class_list":["post-217","page","type-page","status-publish","hentry"],"_links":{"self":[{"href":"https:\/\/blogi.eoppimispalvelut.fi\/monimuoto2018\/wp-json\/wp\/v2\/pages\/217","targetHints":{"allow":["GET"]}}],"collection":[{"href":"https:\/\/blogi.eoppimispalvelut.fi\/monimuoto2018\/wp-json\/wp\/v2\/pages"}],"about":[{"href":"https:\/\/blogi.eoppimispalvelut.fi\/monimuoto2018\/wp-json\/wp\/v2\/types\/page"}],"author":[{"embeddable":true,"href":"https:\/\/blogi.eoppimispalvelut.fi\/monimuoto2018\/wp-json\/wp\/v2\/users\/95"}],"replies":[{"embeddable":true,"href":"https:\/\/blogi.eoppimispalvelut.fi\/monimuoto2018\/wp-json\/wp\/v2\/comments?post=217"}],"version-history":[{"count":3,"href":"https:\/\/blogi.eoppimispalvelut.fi\/monimuoto2018\/wp-json\/wp\/v2\/pages\/217\/revisions"}],"predecessor-version":[{"id":276,"href":"https:\/\/blogi.eoppimispalvelut.fi\/monimuoto2018\/wp-json\/wp\/v2\/pages\/217\/revisions\/276"}],"up":[{"embeddable":true,"href":"https:\/\/blogi.eoppimispalvelut.fi\/monimuoto2018\/wp-json\/wp\/v2\/pages\/106"}],"wp:attachment":[{"href":"https:\/\/blogi.eoppimispalvelut.fi\/monimuoto2018\/wp-json\/wp\/v2\/media?parent=217"}],"curies":[{"name":"wp","href":"https:\/\/api.w.org\/{rel}","templated":true}]}}