{"id":220,"date":"2018-02-17T16:05:21","date_gmt":"2018-02-17T14:05:21","guid":{"rendered":"https:\/\/blogi.eoppimispalvelut.fi\/monimuoto2018\/?page_id=220"},"modified":"2018-06-08T10:30:50","modified_gmt":"2018-06-08T07:30:50","slug":"nykytilan-kartoitus","status":"publish","type":"page","link":"https:\/\/blogi.eoppimispalvelut.fi\/monimuoto2018\/monimuoto-opetuksen-kehittaminen\/nykytilan-kartoitus\/","title":{"rendered":"Nykytilan kartoitus"},"content":{"rendered":"<h2><span style=\"color: #333399\">Kysymyksi\u00e4 tiimeille:<\/span><\/h2>\n<ul>\n<li>Mik\u00e4 on verkko-opetuksenne nykytila:<br \/>\n* Millaisia pedagogisia ratkaisuja k\u00e4yt\u00e4tte?<br \/>\n* Miten hy\u00f6dynn\u00e4tte erilaisia v\u00e4lineit\u00e4?<br \/>\n* Miten kehit\u00e4tte toimintaanne?<\/li>\n<li>Miss\u00e4 verkko-opetuksen asioissa haluaisitte kehitty\u00e4?<\/li>\n<li>Mitk\u00e4 kehitt\u00e4miskohteet ovat akuuteimmat (pari teemaa)?<\/li>\n<li>Mit\u00e4 osaamista voisitte jakaa toisille osaamisaloille?<\/li>\n<\/ul>\n<p>Linkki kyselyyn: <a href=\"https:\/\/docs.google.com\/forms\/d\/e\/1FAIpQLSctBNc_cX_yFppptxOZRLOP_j-U_8zLOnnTn5XskS43TPAT6Q\/viewform\" target=\"_blank\" rel=\"noopener\">Nykytilakartoitus<\/a><\/p>\n","protected":false},"excerpt":{"rendered":"<p>Kysymyksi\u00e4 tiimeille: Mik\u00e4 on verkko-opetuksenne nykytila: * Millaisia pedagogisia ratkaisuja k\u00e4yt\u00e4tte? * Miten hy\u00f6dynn\u00e4tte erilaisia v\u00e4lineit\u00e4? * Miten kehit\u00e4tte toimintaanne? Miss\u00e4 verkko-opetuksen asioissa haluaisitte kehitty\u00e4? Mitk\u00e4 kehitt\u00e4miskohteet ovat akuuteimmat (pari teemaa)? Mit\u00e4 osaamista voisitte jakaa toisille osaamisaloille? Linkki kyselyyn: Nykytilakartoitus<\/p>\n","protected":false},"author":95,"featured_media":0,"parent":106,"menu_order":0,"comment_status":"closed","ping_status":"closed","template":"","meta":{"footnotes":""},"class_list":["post-220","page","type-page","status-publish","hentry"],"_links":{"self":[{"href":"https:\/\/blogi.eoppimispalvelut.fi\/monimuoto2018\/wp-json\/wp\/v2\/pages\/220","targetHints":{"allow":["GET"]}}],"collection":[{"href":"https:\/\/blogi.eoppimispalvelut.fi\/monimuoto2018\/wp-json\/wp\/v2\/pages"}],"about":[{"href":"https:\/\/blogi.eoppimispalvelut.fi\/monimuoto2018\/wp-json\/wp\/v2\/types\/page"}],"author":[{"embeddable":true,"href":"https:\/\/blogi.eoppimispalvelut.fi\/monimuoto2018\/wp-json\/wp\/v2\/users\/95"}],"replies":[{"embeddable":true,"href":"https:\/\/blogi.eoppimispalvelut.fi\/monimuoto2018\/wp-json\/wp\/v2\/comments?post=220"}],"version-history":[{"count":8,"href":"https:\/\/blogi.eoppimispalvelut.fi\/monimuoto2018\/wp-json\/wp\/v2\/pages\/220\/revisions"}],"predecessor-version":[{"id":335,"href":"https:\/\/blogi.eoppimispalvelut.fi\/monimuoto2018\/wp-json\/wp\/v2\/pages\/220\/revisions\/335"}],"up":[{"embeddable":true,"href":"https:\/\/blogi.eoppimispalvelut.fi\/monimuoto2018\/wp-json\/wp\/v2\/pages\/106"}],"wp:attachment":[{"href":"https:\/\/blogi.eoppimispalvelut.fi\/monimuoto2018\/wp-json\/wp\/v2\/media?parent=220"}],"curies":[{"name":"wp","href":"https:\/\/api.w.org\/{rel}","templated":true}]}}