{"id":93,"date":"2018-02-08T16:07:41","date_gmt":"2018-02-08T14:07:41","guid":{"rendered":"https:\/\/blogi.eoppimispalvelut.fi\/monimuoto2018\/?page_id=93"},"modified":"2018-12-10T21:11:15","modified_gmt":"2018-12-10T19:11:15","slug":"esittely","status":"publish","type":"page","link":"https:\/\/blogi.eoppimispalvelut.fi\/monimuoto2018\/","title":{"rendered":"Toiminnan esittely"},"content":{"rendered":"<p>Toimin vuoden 2018 Lapin AMK:n monimuoto-\/verkko-opetuksen kehitt\u00e4misteht\u00e4v\u00e4ss\u00e4. Ker\u00e4\u00e4n ja linkit\u00e4n sivustolle vuoden aikana syntyneit\u00e4 ideoita ja tuotettuja materilaaleja.<\/p>\n<p>Tavoitteena on:<\/p>\n<ul>\n<li>selvitt\u00e4\u00e4 eri osaamisalojen koulutusten monimuoto-\/verkko-opetuksen nykytila<\/li>\n<li>l\u00f6yt\u00e4\u00e4 yhdess\u00e4 osaamisalojen henkil\u00f6st\u00f6n kanssa kehitt\u00e4miskohteita, joita voidaan alkaa toteuttaa vuoden aikana<\/li>\n<li>tuoda esiin osaamista, jota voidaan jakaa eri osaamisaloille<\/li>\n<li>k\u00e4ynnist\u00e4\u00e4 Digipedagogisten valmiuksien kehitt\u00e4misohjelma.<\/li>\n<\/ul>\n","protected":false},"excerpt":{"rendered":"<p>Toimin vuoden 2018 Lapin AMK:n monimuoto-\/verkko-opetuksen kehitt\u00e4misteht\u00e4v\u00e4ss\u00e4. Ker\u00e4\u00e4n ja linkit\u00e4n sivustolle vuoden aikana syntyneit\u00e4 ideoita ja tuotettuja materilaaleja. Tavoitteena on: selvitt\u00e4\u00e4 eri osaamisalojen koulutusten monimuoto-\/verkko-opetuksen nykytila l\u00f6yt\u00e4\u00e4 yhdess\u00e4 osaamisalojen henkil\u00f6st\u00f6n kanssa kehitt\u00e4miskohteita, joita voidaan alkaa toteuttaa vuoden aikana tuoda esiin osaamista, jota voidaan jakaa eri osaamisaloille k\u00e4ynnist\u00e4\u00e4 Digipedagogisten valmiuksien kehitt\u00e4misohjelma.<\/p>\n","protected":false},"author":95,"featured_media":0,"parent":0,"menu_order":0,"comment_status":"closed","ping_status":"closed","template":"","meta":{"footnotes":""},"class_list":["post-93","page","type-page","status-publish","hentry"],"_links":{"self":[{"href":"https:\/\/blogi.eoppimispalvelut.fi\/monimuoto2018\/wp-json\/wp\/v2\/pages\/93","targetHints":{"allow":["GET"]}}],"collection":[{"href":"https:\/\/blogi.eoppimispalvelut.fi\/monimuoto2018\/wp-json\/wp\/v2\/pages"}],"about":[{"href":"https:\/\/blogi.eoppimispalvelut.fi\/monimuoto2018\/wp-json\/wp\/v2\/types\/page"}],"author":[{"embeddable":true,"href":"https:\/\/blogi.eoppimispalvelut.fi\/monimuoto2018\/wp-json\/wp\/v2\/users\/95"}],"replies":[{"embeddable":true,"href":"https:\/\/blogi.eoppimispalvelut.fi\/monimuoto2018\/wp-json\/wp\/v2\/comments?post=93"}],"version-history":[{"count":9,"href":"https:\/\/blogi.eoppimispalvelut.fi\/monimuoto2018\/wp-json\/wp\/v2\/pages\/93\/revisions"}],"predecessor-version":[{"id":371,"href":"https:\/\/blogi.eoppimispalvelut.fi\/monimuoto2018\/wp-json\/wp\/v2\/pages\/93\/revisions\/371"}],"wp:attachment":[{"href":"https:\/\/blogi.eoppimispalvelut.fi\/monimuoto2018\/wp-json\/wp\/v2\/media?parent=93"}],"curies":[{"name":"wp","href":"https:\/\/api.w.org\/{rel}","templated":true}]}}