{"id":133,"date":"2018-04-05T13:09:09","date_gmt":"2018-04-05T10:09:09","guid":{"rendered":"https:\/\/blogi.eoppimispalvelut.fi\/napadamas\/?page_id=133"},"modified":"2018-04-05T13:36:48","modified_gmt":"2018-04-05T10:36:48","slug":"myynti","status":"publish","type":"page","link":"https:\/\/blogi.eoppimispalvelut.fi\/napadamas\/palvelut\/myynti\/","title":{"rendered":"Myynti"},"content":{"rendered":"<p>Yrityksemme myy toimistokalusteita- ja tarvikkeita, atk-laitteita\u00a0 sek\u00e4 <em>avaimet k\u00e4teen<\/em>&#8211; periaatteella toteutettuja toimistopaketteja, jotka sis\u00e4lt\u00e4v\u00e4t toimistokalusteet, -tarvikkeet ja atk-laitteet. Lis\u00e4tietoja tuotteista l\u00f6yd\u00e4tte\u00a0<em>Tuotteet<\/em>-valikosta.<\/p>\n","protected":false},"excerpt":{"rendered":"<p>Yrityksemme myy toimistokalusteita- ja tarvikkeita, atk-laitteita\u00a0 sek\u00e4 avaimet k\u00e4teen&#8211; periaatteella toteutettuja toimistopaketteja, jotka sis\u00e4lt\u00e4v\u00e4t toimistokalusteet, -tarvikkeet ja atk-laitteet. Lis\u00e4tietoja tuotteista l\u00f6yd\u00e4tte\u00a0Tuotteet-valikosta.<\/p>\n","protected":false},"author":2979,"featured_media":0,"parent":16,"menu_order":0,"comment_status":"closed","ping_status":"closed","template":"","meta":{"footnotes":""},"class_list":["post-133","page","type-page","status-publish","hentry"],"_links":{"self":[{"href":"https:\/\/blogi.eoppimispalvelut.fi\/napadamas\/wp-json\/wp\/v2\/pages\/133","targetHints":{"allow":["GET"]}}],"collection":[{"href":"https:\/\/blogi.eoppimispalvelut.fi\/napadamas\/wp-json\/wp\/v2\/pages"}],"about":[{"href":"https:\/\/blogi.eoppimispalvelut.fi\/napadamas\/wp-json\/wp\/v2\/types\/page"}],"author":[{"embeddable":true,"href":"https:\/\/blogi.eoppimispalvelut.fi\/napadamas\/wp-json\/wp\/v2\/users\/2979"}],"replies":[{"embeddable":true,"href":"https:\/\/blogi.eoppimispalvelut.fi\/napadamas\/wp-json\/wp\/v2\/comments?post=133"}],"version-history":[{"count":3,"href":"https:\/\/blogi.eoppimispalvelut.fi\/napadamas\/wp-json\/wp\/v2\/pages\/133\/revisions"}],"predecessor-version":[{"id":205,"href":"https:\/\/blogi.eoppimispalvelut.fi\/napadamas\/wp-json\/wp\/v2\/pages\/133\/revisions\/205"}],"up":[{"embeddable":true,"href":"https:\/\/blogi.eoppimispalvelut.fi\/napadamas\/wp-json\/wp\/v2\/pages\/16"}],"wp:attachment":[{"href":"https:\/\/blogi.eoppimispalvelut.fi\/napadamas\/wp-json\/wp\/v2\/media?parent=133"}],"curies":[{"name":"wp","href":"https:\/\/api.w.org\/{rel}","templated":true}]}}