{"id":226,"date":"2018-04-05T13:52:05","date_gmt":"2018-04-05T10:52:05","guid":{"rendered":"https:\/\/blogi.eoppimispalvelut.fi\/napadamas\/?page_id=226"},"modified":"2018-09-20T13:10:15","modified_gmt":"2018-09-20T10:10:15","slug":"toimistokalusteet","status":"publish","type":"page","link":"https:\/\/blogi.eoppimispalvelut.fi\/napadamas\/tuotteet\/toimisto\/toimistokalusteet\/","title":{"rendered":"Toimistokalusteet"},"content":{"rendered":"<p><img loading=\"lazy\" decoding=\"async\" class=\"alignnone wp-image-283\" src=\"https:\/\/blogi.eoppimispalvelut.fi\/napadamas\/files\/2018\/09\/velvet-frezza-executive_12213-MAIN-900x438.jpg\" alt=\"\" width=\"257\" height=\"125\" srcset=\"https:\/\/blogi.eoppimispalvelut.fi\/napadamas\/files\/2018\/09\/velvet-frezza-executive_12213-MAIN-900x438.jpg 900w, https:\/\/blogi.eoppimispalvelut.fi\/napadamas\/files\/2018\/09\/velvet-frezza-executive_12213-MAIN-768x374.jpg 768w, https:\/\/blogi.eoppimispalvelut.fi\/napadamas\/files\/2018\/09\/velvet-frezza-executive_12213-MAIN.jpg 930w\" sizes=\"auto, (max-width: 257px) 100vw, 257px\" \/>Ty\u00f6p\u00f6yd\u00e4t<\/p>\n<p>&nbsp;<\/p>\n<p><img loading=\"lazy\" decoding=\"async\" class=\"alignnone wp-image-284\" src=\"https:\/\/blogi.eoppimispalvelut.fi\/napadamas\/files\/2018\/09\/3604453020_6ee8328662.jpg\" alt=\"\" width=\"126\" height=\"205\" \/>Toimistouolit<\/p>\n<p>&nbsp;<\/p>\n<p><img loading=\"lazy\" decoding=\"async\" class=\"alignnone wp-image-285\" src=\"https:\/\/blogi.eoppimispalvelut.fi\/napadamas\/files\/2018\/09\/e0e962790598500dd879829e93df2d5a.jpg\" alt=\"\" width=\"120\" height=\"225\" \/>\u00a0Hyllyt<\/p>\n<p>&nbsp;<\/p>\n<p>&nbsp;<\/p>\n","protected":false},"excerpt":{"rendered":"<p>Ty\u00f6p\u00f6yd\u00e4t &nbsp; Toimistouolit &nbsp; \u00a0Hyllyt &nbsp; &nbsp;<\/p>\n","protected":false},"author":2988,"featured_media":0,"parent":25,"menu_order":0,"comment_status":"closed","ping_status":"closed","template":"","meta":{"footnotes":""},"class_list":["post-226","page","type-page","status-publish","hentry"],"_links":{"self":[{"href":"https:\/\/blogi.eoppimispalvelut.fi\/napadamas\/wp-json\/wp\/v2\/pages\/226","targetHints":{"allow":["GET"]}}],"collection":[{"href":"https:\/\/blogi.eoppimispalvelut.fi\/napadamas\/wp-json\/wp\/v2\/pages"}],"about":[{"href":"https:\/\/blogi.eoppimispalvelut.fi\/napadamas\/wp-json\/wp\/v2\/types\/page"}],"author":[{"embeddable":true,"href":"https:\/\/blogi.eoppimispalvelut.fi\/napadamas\/wp-json\/wp\/v2\/users\/2988"}],"replies":[{"embeddable":true,"href":"https:\/\/blogi.eoppimispalvelut.fi\/napadamas\/wp-json\/wp\/v2\/comments?post=226"}],"version-history":[{"count":4,"href":"https:\/\/blogi.eoppimispalvelut.fi\/napadamas\/wp-json\/wp\/v2\/pages\/226\/revisions"}],"predecessor-version":[{"id":286,"href":"https:\/\/blogi.eoppimispalvelut.fi\/napadamas\/wp-json\/wp\/v2\/pages\/226\/revisions\/286"}],"up":[{"embeddable":true,"href":"https:\/\/blogi.eoppimispalvelut.fi\/napadamas\/wp-json\/wp\/v2\/pages\/25"}],"wp:attachment":[{"href":"https:\/\/blogi.eoppimispalvelut.fi\/napadamas\/wp-json\/wp\/v2\/media?parent=226"}],"curies":[{"name":"wp","href":"https:\/\/api.w.org\/{rel}","templated":true}]}}