{"id":23,"date":"2018-03-19T13:13:11","date_gmt":"2018-03-19T11:13:11","guid":{"rendered":"https:\/\/blogi.eoppimispalvelut.fi\/napadamas\/?page_id=23"},"modified":"2018-04-05T13:49:10","modified_gmt":"2018-04-05T10:49:10","slug":"tietoa-meista","status":"publish","type":"page","link":"https:\/\/blogi.eoppimispalvelut.fi\/napadamas\/tietoa-meista\/","title":{"rendered":"Tietoa meist\u00e4"},"content":{"rendered":"<p>Napadamas Opy on yksi kev\u00e4\u00e4ll\u00e4 2018 aloittaneiden liiketalouden opiskelijoiden perustamista oppiyrityksist\u00e4, Lapin ammattikorkeakoulun virtuaaliymp\u00e4rist\u00f6ss\u00e4.<\/p>\n<p>Napadamas tarjoaa yritysasiakkailleen atk-laitteiden myynti- ja leasing-\/vuokrauspalveluita sek\u00e4 toimistolaitteiden ja -kalusteiden myynti\u00e4.<\/p>\n<p>Meid\u00e4t l\u00f6yt\u00e4\u00e4 my\u00f6s <a href=\"https:\/\/www.facebook.com\/napadamas\/\">facebookista<\/a> ja <a href=\"https:\/\/www.instagram.com\/napadamas\/\">instagramista<\/a>.<\/p>\n","protected":false},"excerpt":{"rendered":"<p>Napadamas Opy on yksi kev\u00e4\u00e4ll\u00e4 2018 aloittaneiden liiketalouden opiskelijoiden perustamista oppiyrityksist\u00e4, Lapin ammattikorkeakoulun virtuaaliymp\u00e4rist\u00f6ss\u00e4. Napadamas tarjoaa yritysasiakkailleen atk-laitteiden myynti- ja leasing-\/vuokrauspalveluita sek\u00e4 toimistolaitteiden ja -kalusteiden myynti\u00e4. Meid\u00e4t l\u00f6yt\u00e4\u00e4 my\u00f6s facebookista ja instagramista.<\/p>\n","protected":false},"author":2979,"featured_media":0,"parent":0,"menu_order":0,"comment_status":"closed","ping_status":"closed","template":"","meta":{"footnotes":""},"class_list":["post-23","page","type-page","status-publish","hentry"],"_links":{"self":[{"href":"https:\/\/blogi.eoppimispalvelut.fi\/napadamas\/wp-json\/wp\/v2\/pages\/23","targetHints":{"allow":["GET"]}}],"collection":[{"href":"https:\/\/blogi.eoppimispalvelut.fi\/napadamas\/wp-json\/wp\/v2\/pages"}],"about":[{"href":"https:\/\/blogi.eoppimispalvelut.fi\/napadamas\/wp-json\/wp\/v2\/types\/page"}],"author":[{"embeddable":true,"href":"https:\/\/blogi.eoppimispalvelut.fi\/napadamas\/wp-json\/wp\/v2\/users\/2979"}],"replies":[{"embeddable":true,"href":"https:\/\/blogi.eoppimispalvelut.fi\/napadamas\/wp-json\/wp\/v2\/comments?post=23"}],"version-history":[{"count":5,"href":"https:\/\/blogi.eoppimispalvelut.fi\/napadamas\/wp-json\/wp\/v2\/pages\/23\/revisions"}],"predecessor-version":[{"id":216,"href":"https:\/\/blogi.eoppimispalvelut.fi\/napadamas\/wp-json\/wp\/v2\/pages\/23\/revisions\/216"}],"wp:attachment":[{"href":"https:\/\/blogi.eoppimispalvelut.fi\/napadamas\/wp-json\/wp\/v2\/media?parent=23"}],"curies":[{"name":"wp","href":"https:\/\/api.w.org\/{rel}","templated":true}]}}