{"id":311,"date":"2018-09-25T13:22:50","date_gmt":"2018-09-25T10:22:50","guid":{"rendered":"https:\/\/blogi.eoppimispalvelut.fi\/napadamas\/?page_id=311"},"modified":"2018-09-25T13:22:50","modified_gmt":"2018-09-25T10:22:50","slug":"atk-laitteet","status":"publish","type":"page","link":"https:\/\/blogi.eoppimispalvelut.fi\/napadamas\/atk-laitteet\/","title":{"rendered":"ATK-laitteet"},"content":{"rendered":"<p><img loading=\"lazy\" decoding=\"async\" class=\"alignnone  wp-image-246\" src=\"https:\/\/blogi.eoppimispalvelut.fi\/napadamas\/files\/2018\/04\/notebook-1361981_1280-1.jpg\" alt=\"\" width=\"211\" height=\"140\" srcset=\"https:\/\/blogi.eoppimispalvelut.fi\/napadamas\/files\/2018\/04\/notebook-1361981_1280-1.jpg 859w, https:\/\/blogi.eoppimispalvelut.fi\/napadamas\/files\/2018\/04\/notebook-1361981_1280-1-768x512.jpg 768w\" sizes=\"auto, (max-width: 211px) 100vw, 211px\" \/>Tietokoneet<\/p>\n<p>&nbsp;<\/p>\n<p><img loading=\"lazy\" decoding=\"async\" class=\"alignnone  wp-image-303\" src=\"https:\/\/blogi.eoppimispalvelut.fi\/napadamas\/files\/2018\/09\/2_108365-500x350.jpeg\" alt=\"\" width=\"180\" height=\"126\" \/>\u00a0 \u00a0Hiiret<\/p>\n<p>&nbsp;<\/p>\n<p>&nbsp;<\/p>\n<p><img loading=\"lazy\" decoding=\"async\" class=\"alignnone  wp-image-304\" src=\"https:\/\/blogi.eoppimispalvelut.fi\/napadamas\/files\/2018\/09\/2_358585-1717x686.jpg\" alt=\"\" width=\"183\" height=\"73\" \/>\u00a0 \u00a0N\u00e4pp\u00e4imist\u00f6t<\/p>\n<p>&nbsp;<\/p>\n<p><img loading=\"lazy\" decoding=\"async\" class=\"alignnone  wp-image-281\" src=\"https:\/\/blogi.eoppimispalvelut.fi\/napadamas\/files\/2018\/09\/printer-159612_960_720-900x578.png\" alt=\"\" width=\"187\" height=\"120\" srcset=\"https:\/\/blogi.eoppimispalvelut.fi\/napadamas\/files\/2018\/09\/printer-159612_960_720-900x578.png 900w, https:\/\/blogi.eoppimispalvelut.fi\/napadamas\/files\/2018\/09\/printer-159612_960_720-768x494.png 768w, https:\/\/blogi.eoppimispalvelut.fi\/napadamas\/files\/2018\/09\/printer-159612_960_720.png 960w\" sizes=\"auto, (max-width: 187px) 100vw, 187px\" \/>\u00a0 Tulostimet<\/p>\n","protected":false},"excerpt":{"rendered":"<p>Tietokoneet &nbsp; \u00a0 \u00a0Hiiret &nbsp; &nbsp; \u00a0 \u00a0N\u00e4pp\u00e4imist\u00f6t &nbsp; \u00a0 Tulostimet<\/p>\n","protected":false},"author":2987,"featured_media":0,"parent":0,"menu_order":0,"comment_status":"closed","ping_status":"closed","template":"","meta":{"footnotes":""},"class_list":["post-311","page","type-page","status-publish","hentry"],"_links":{"self":[{"href":"https:\/\/blogi.eoppimispalvelut.fi\/napadamas\/wp-json\/wp\/v2\/pages\/311","targetHints":{"allow":["GET"]}}],"collection":[{"href":"https:\/\/blogi.eoppimispalvelut.fi\/napadamas\/wp-json\/wp\/v2\/pages"}],"about":[{"href":"https:\/\/blogi.eoppimispalvelut.fi\/napadamas\/wp-json\/wp\/v2\/types\/page"}],"author":[{"embeddable":true,"href":"https:\/\/blogi.eoppimispalvelut.fi\/napadamas\/wp-json\/wp\/v2\/users\/2987"}],"replies":[{"embeddable":true,"href":"https:\/\/blogi.eoppimispalvelut.fi\/napadamas\/wp-json\/wp\/v2\/comments?post=311"}],"version-history":[{"count":1,"href":"https:\/\/blogi.eoppimispalvelut.fi\/napadamas\/wp-json\/wp\/v2\/pages\/311\/revisions"}],"predecessor-version":[{"id":313,"href":"https:\/\/blogi.eoppimispalvelut.fi\/napadamas\/wp-json\/wp\/v2\/pages\/311\/revisions\/313"}],"wp:attachment":[{"href":"https:\/\/blogi.eoppimispalvelut.fi\/napadamas\/wp-json\/wp\/v2\/media?parent=311"}],"curies":[{"name":"wp","href":"https:\/\/api.w.org\/{rel}","templated":true}]}}