{"id":56,"date":"2018-03-19T13:48:41","date_gmt":"2018-03-19T11:48:41","guid":{"rendered":"https:\/\/blogi.eoppimispalvelut.fi\/napadamas\/?page_id=56"},"modified":"2018-09-20T13:46:36","modified_gmt":"2018-09-20T10:46:36","slug":"huolto","status":"publish","type":"page","link":"https:\/\/blogi.eoppimispalvelut.fi\/napadamas\/palvelut\/huolto\/","title":{"rendered":"Huolto"},"content":{"rendered":"<p>Yrityksemme tarjoaa atk-laitteiden, sek\u00e4 toimistokalusteiden huoltoa. Meihin saatte tarvittaessa yhteyden sivuiltamme l\u00f6ytyv\u00e4ll\u00e4 yhteydenottolomakkeella,\u00a0 rohkeasti vain viesti\u00e4 tulemaan tarpeen tullen!<\/p>\n<p><img loading=\"lazy\" decoding=\"async\" class=\"alignnone wp-image-297\" src=\"https:\/\/blogi.eoppimispalvelut.fi\/napadamas\/files\/2018\/09\/2_67-1181x1181-900x900.png\" alt=\"\" width=\"201\" height=\"201\" srcset=\"https:\/\/blogi.eoppimispalvelut.fi\/napadamas\/files\/2018\/09\/2_67-1181x1181-900x900.png 900w, https:\/\/blogi.eoppimispalvelut.fi\/napadamas\/files\/2018\/09\/2_67-1181x1181-120x120.png 120w, https:\/\/blogi.eoppimispalvelut.fi\/napadamas\/files\/2018\/09\/2_67-1181x1181-768x768.png 768w, https:\/\/blogi.eoppimispalvelut.fi\/napadamas\/files\/2018\/09\/2_67-1181x1181.png 1181w\" sizes=\"auto, (max-width: 201px) 100vw, 201px\" \/><\/p>\n","protected":false},"excerpt":{"rendered":"<p>Yrityksemme tarjoaa atk-laitteiden, sek\u00e4 toimistokalusteiden huoltoa. Meihin saatte tarvittaessa yhteyden sivuiltamme l\u00f6ytyv\u00e4ll\u00e4 yhteydenottolomakkeella,\u00a0 rohkeasti vain viesti\u00e4 tulemaan tarpeen tullen!<\/p>\n","protected":false},"author":2979,"featured_media":0,"parent":16,"menu_order":0,"comment_status":"closed","ping_status":"closed","template":"","meta":{"footnotes":""},"class_list":["post-56","page","type-page","status-publish","hentry"],"_links":{"self":[{"href":"https:\/\/blogi.eoppimispalvelut.fi\/napadamas\/wp-json\/wp\/v2\/pages\/56","targetHints":{"allow":["GET"]}}],"collection":[{"href":"https:\/\/blogi.eoppimispalvelut.fi\/napadamas\/wp-json\/wp\/v2\/pages"}],"about":[{"href":"https:\/\/blogi.eoppimispalvelut.fi\/napadamas\/wp-json\/wp\/v2\/types\/page"}],"author":[{"embeddable":true,"href":"https:\/\/blogi.eoppimispalvelut.fi\/napadamas\/wp-json\/wp\/v2\/users\/2979"}],"replies":[{"embeddable":true,"href":"https:\/\/blogi.eoppimispalvelut.fi\/napadamas\/wp-json\/wp\/v2\/comments?post=56"}],"version-history":[{"count":5,"href":"https:\/\/blogi.eoppimispalvelut.fi\/napadamas\/wp-json\/wp\/v2\/pages\/56\/revisions"}],"predecessor-version":[{"id":298,"href":"https:\/\/blogi.eoppimispalvelut.fi\/napadamas\/wp-json\/wp\/v2\/pages\/56\/revisions\/298"}],"up":[{"embeddable":true,"href":"https:\/\/blogi.eoppimispalvelut.fi\/napadamas\/wp-json\/wp\/v2\/pages\/16"}],"wp:attachment":[{"href":"https:\/\/blogi.eoppimispalvelut.fi\/napadamas\/wp-json\/wp\/v2\/media?parent=56"}],"curies":[{"name":"wp","href":"https:\/\/api.w.org\/{rel}","templated":true}]}}